{"id":9519,"date":"2026-01-16T03:52:00","date_gmt":"2026-01-15T19:52:00","guid":{"rendered":"https:\/\/www.balderpower.com\/?post_type=product&#038;p=9519"},"modified":"2026-01-16T03:52:05","modified_gmt":"2026-01-15T19:52:05","slug":"caixa-transparente-para-bateria-lifepo4-de-24v-200ah","status":"publish","type":"product","link":"https:\/\/www.balderpower.com\/pt_br\/24v-200ah-lifepo4-battery-transparent-case\/","title":{"rendered":"Bateria LiFePO4 de 24V 200Ah com caixa transparente \u2013 Sistema de armazenamento de energia de ciclo profundo de 5,12kWh"},"content":{"rendered":"<h2 data-path-to-node=\"17\">Por que escolher a bateria transparente LiFePO4 de 24V 200Ah da Balder Power?<\/h2>\n<p data-path-to-node=\"18\">No mundo das energias renov\u00e1veis e da energia industrial, <b data-path-to-node=\"18\" data-index-in-node=\"55\">A confian\u00e7a \u00e9 tudo.<\/b>. Na Balder Power, acreditamos que a fabrica\u00e7\u00e3o de alta qualidade n\u00e3o deve ficar escondida atr\u00e1s de uma caixa preta. \u00c9 por isso que apresentamos nosso produto principal. <b data-path-to-node=\"18\" data-index-in-node=\"215\">Bateria LiFePO4 de 24V 200Ah<\/b> com qualidade industrial <b data-path-to-node=\"18\" data-index-in-node=\"266\">Capa transparente<\/b>.<\/p>\n<p data-path-to-node=\"19\">Esta n\u00e3o \u00e9 apenas uma bateria; \u00e9 uma declara\u00e7\u00e3o de qualidade. Projetada para compradores B2B exigentes, integradores de sistemas solares e instaladores profissionais, esta bateria combina a pot\u00eancia bruta da tecnologia de fosfato de ferro-l\u00edtio com a transpar\u00eancia que somente um fabricante de primeira linha pode oferecer.<\/p>\n<p data-path-to-node=\"19\"><img fetchpriority=\"high\" decoding=\"async\" class=\"alignleft size-full wp-image-9478\" src=\"https:\/\/balderpower.com\/wp-content\/uploads\/2026\/01\/transparent-shell-12v-100ah-lifepo4-battery-internal-assembly-views.webp\" alt=\"\" width=\"1584\" height=\"605\" srcset=\"https:\/\/www.balderpower.com\/wp-content\/uploads\/2026\/01\/transparent-shell-12v-100ah-lifepo4-battery-internal-assembly-views.webp 1584w, https:\/\/www.balderpower.com\/wp-content\/uploads\/2026\/01\/transparent-shell-12v-100ah-lifepo4-battery-internal-assembly-views-1000x382.webp 1000w, https:\/\/www.balderpower.com\/wp-content\/uploads\/2026\/01\/transparent-shell-12v-100ah-lifepo4-battery-internal-assembly-views-1024x391.webp 1024w, https:\/\/www.balderpower.com\/wp-content\/uploads\/2026\/01\/transparent-shell-12v-100ah-lifepo4-battery-internal-assembly-views-768x293.webp 768w, https:\/\/www.balderpower.com\/wp-content\/uploads\/2026\/01\/transparent-shell-12v-100ah-lifepo4-battery-internal-assembly-views-1536x587.webp 1536w, https:\/\/www.balderpower.com\/wp-content\/uploads\/2026\/01\/transparent-shell-12v-100ah-lifepo4-battery-internal-assembly-views-18x7.webp 18w, https:\/\/www.balderpower.com\/wp-content\/uploads\/2026\/01\/transparent-shell-12v-100ah-lifepo4-battery-internal-assembly-views-600x229.webp 600w, https:\/\/www.balderpower.com\/wp-content\/uploads\/2026\/01\/transparent-shell-12v-100ah-lifepo4-battery-internal-assembly-views-64x24.webp 64w\" sizes=\"(max-width: 1584px) 100vw, 1584px\" data-no-translation=\"\" \/><\/p>\n<h3 data-path-to-node=\"20\">1. Visibilidade incompar\u00e1vel: a vantagem da transpar\u00eancia<\/h3>\n<p data-path-to-node=\"21\">A maioria das baterias de l\u00edtio dispon\u00edveis no mercado s\u00e3o seladas em caixas pretas opacas. Voc\u00ea nunca sabe se as c\u00e9lulas internas est\u00e3o soldadas corretamente ou se a fia\u00e7\u00e3o est\u00e1 organizada at\u00e9 que a bateria falhe. Nossas baterias de l\u00edtio s\u00e3o mais resistentes e f\u00e1ceis de usar. <b data-path-to-node=\"21\" data-index-in-node=\"180\">Bateria de l\u00edtio com carca\u00e7a transparente<\/b> Muda o jogo.<\/p>\n<ul data-path-to-node=\"22\">\n<li>\n<p data-path-to-node=\"22,0,0\"><b data-path-to-node=\"22,0,0\" data-index-in-node=\"0\">Controle de qualidade visual:<\/b> Voc\u00ea pode verificar instantaneamente a qualidade da soldagem a laser nas barras de distribui\u00e7\u00e3o.<\/p>\n<\/li>\n<li>\n<p data-path-to-node=\"22,1,0\"><b data-path-to-node=\"22,1,0\" data-index-in-node=\"0\">Monitoramento celular:<\/b> Inspecione facilmente o estado f\u00edsico das c\u00e9lulas prism\u00e1ticas sem invalidar a garantia.<\/p>\n<\/li>\n<li>\n<p data-path-to-node=\"22,2,0\"><b data-path-to-node=\"22,2,0\" data-index-in-node=\"0\">Pronto para exibi\u00e7\u00e3o:<\/b> Para instaladores e construtores de ve\u00edculos recreativos, esta bateria serve como uma pe\u00e7a central tecnol\u00f3gica impressionante em qualquer instala\u00e7\u00e3o.<\/p>\n<\/li>\n<\/ul>\n<h3 data-path-to-node=\"23\">2. Excel\u00eancia em Engenharia: Por Dentro da Besta de 24V 200Ah<\/h3>\n<p data-path-to-node=\"24\">No cora\u00e7\u00e3o desta bateria reside 5,12 kWh de energia utiliz\u00e1vel. Ao contr\u00e1rio das baterias de chumbo-\u00e1cido, que s\u00f3 devem ser descarregadas at\u00e9 50%, a nossa bateria... <b data-path-to-node=\"24\" data-index-in-node=\"130\">Bateria LiFePO4 de 24V 200Ah<\/b> Suporta a profundidade de descarga (DOD) 100%.<\/p>\n<ul data-path-to-node=\"25\">\n<li>\n<p data-path-to-node=\"25,0,0\"><b data-path-to-node=\"25,0,0\" data-index-in-node=\"0\">C\u00e9lulas prism\u00e1ticas de grau A:<\/b> Utilizamos exclusivamente c\u00e9lulas de grau automotivo. Isso garante consist\u00eancia na voltagem e na resist\u00eancia interna, o que \u00e9 fundamental para a longevidade da bateria.<\/p>\n<\/li>\n<li>\n<p data-path-to-node=\"25,1,0\"><b data-path-to-node=\"25,1,0\" data-index-in-node=\"0\">BMS de precis\u00e3o:<\/b> O Sistema de Gerenciamento de Bateria (BMS) integrado \u00e9 o c\u00e9rebro da bateria. Ele equilibra ativamente as c\u00e9lulas durante o carregamento e fornece prote\u00e7\u00e3o essencial contra curtos-circuitos e fuga t\u00e9rmica.<\/p>\n<\/li>\n<\/ul>\n<h3 data-path-to-node=\"26\">3. An\u00e1lise de Custo-Benef\u00edcio: Retorno sobre o Investimento (ROI) para Clientes B2B<\/h3>\n<p data-path-to-node=\"27\">Para nossos parceiros atacadistas e distribuidores, a mudan\u00e7a para as solu\u00e7\u00f5es LiFePO4 da Balder Power oferece um excelente retorno sobre o investimento (ROI).<\/p>\n<ul data-path-to-node=\"28\">\n<li>\n<p data-path-to-node=\"28,0,0\"><b data-path-to-node=\"28,0,0\" data-index-in-node=\"0\">Vida \u00fatil:<\/b> Com mais de 6000 ciclos a 80% DOD, esta bateria dura de 8 a 10 vezes mais do que as baterias AGM.<\/p>\n<\/li>\n<li>\n<p data-path-to-node=\"28,1,0\"><b data-path-to-node=\"28,1,0\" data-index-in-node=\"0\">Sem necessidade de manuten\u00e7\u00e3o:<\/b> Sem rega, sem derrames de \u00e1cido e sem verifica\u00e7\u00f5es de corros\u00e3o.<\/p>\n<\/li>\n<li>\n<p data-path-to-node=\"28,2,0\"><b data-path-to-node=\"28,2,0\" data-index-in-node=\"0\">Efici\u00eancia no envio:<\/b> Pesando apenas cerca de 38 kg, \u00e9 50% mais leve do que bancos de baterias de chumbo-\u00e1cido equivalentes, reduzindo significativamente seus custos de log\u00edstica e frete.<\/p>\n<\/li>\n<\/ul>\n<h3 data-path-to-node=\"29\">4. Otimizado para aplica\u00e7\u00f5es de alta demanda<\/h3>\n<p data-path-to-node=\"30\">Nosso <b data-path-to-node=\"30\" data-index-in-node=\"4\">Armazenamento de bateria solar de 24V<\/b> A solu\u00e7\u00e3o foi projetada para ser vers\u00e1til.<\/p>\n<ul data-path-to-node=\"31\">\n<li>\n<p data-path-to-node=\"31,0,0\"><b data-path-to-node=\"31,0,0\" data-index-in-node=\"0\">Marinha e N\u00e1utica:<\/b> Como um <b data-path-to-node=\"31,0,0\" data-index-in-node=\"23\">Bateria mar\u00edtima de ciclo profundo de 24 V<\/b>, A caixa transparente e selada (com classifica\u00e7\u00e3o IP65) resiste \u00e0 vibra\u00e7\u00e3o e \u00e0 umidade, tornando-a perfeita para motores de pesca e para uso em casas de iates.<\/p>\n<\/li>\n<li>\n<p data-path-to-node=\"31,1,0\"><b data-path-to-node=\"31,1,0\" data-index-in-node=\"0\">Energia solar fora da rede:<\/b> Suporta conex\u00f5es em paralelo e em s\u00e9rie (consulte nossos engenheiros para configura\u00e7\u00f5es espec\u00edficas de 48V) para expandir a capacidade em resid\u00eancias e cabanas.<\/p>\n<\/li>\n<li>\n<p data-path-to-node=\"31,2,0\"><b data-path-to-node=\"31,2,0\" data-index-in-node=\"0\">Ve\u00edculos recreativos e autocaravanas:<\/b> A alta densidade de energia compacta permite maior pot\u00eancia em compartimentos pequenos.<\/p>\n<\/li>\n<\/ul>\n<h3 data-path-to-node=\"32\">5. Balder Power: Seu Parceiro de Fabrica\u00e7\u00e3o<\/h3>\n<p data-path-to-node=\"33\">N\u00e3o vendemos apenas baterias; oferecemos solu\u00e7\u00f5es de energia.<\/p>\n<ul data-path-to-node=\"34\">\n<li>\n<p data-path-to-node=\"34,0,0\"><b data-path-to-node=\"34,0,0\" data-index-in-node=\"0\">Servi\u00e7os OEM\/ODM:<\/b> Podemos imprimir seu logotipo na caixa transparente ou personalizar os par\u00e2metros do BMS de acordo com as necessidades espec\u00edficas do seu projeto.<\/p>\n<\/li>\n<li>\n<p data-path-to-node=\"34,1,0\"><b data-path-to-node=\"34,1,0\" data-index-in-node=\"0\">Testes rigorosos:<\/b> Todas as baterias passam por testes de envelhecimento, testes de vibra\u00e7\u00e3o e classifica\u00e7\u00e3o de capacidade antes de sa\u00edrem de nossa f\u00e1brica.<\/p>\n<\/li>\n<li>\n<p data-path-to-node=\"34,2,0\"><b data-path-to-node=\"34,2,0\" data-index-in-node=\"0\">Conformidade global:<\/b> Nossos produtos atendem aos padr\u00f5es de envio UN38.3, garantindo a entrega segura para os EUA, Europa e Austr\u00e1lia.<\/p>\n<\/li>\n<\/ul>","protected":false},"excerpt":{"rendered":"<ul>\n<li>\n<p data-path-to-node=\"13,0,0\"><b data-path-to-node=\"13,0,0\" data-index-in-node=\"0\">Veja o Poder:<\/b> Exclusivo <b data-path-to-node=\"13,0,0\" data-index-in-node=\"25\">Bateria LiFePO4 com caixa transparente<\/b> Design que permite a inspe\u00e7\u00e3o visual instant\u00e2nea da qualidade de constru\u00e7\u00e3o interna e da fia\u00e7\u00e3o.<\/p>\n<\/li>\n<li>\n<p data-path-to-node=\"13,1,0\"><b data-path-to-node=\"13,1,0\" data-index-in-node=\"0\">Capacidade massiva:<\/b> Classifica\u00e7\u00e3o energ\u00e9tica real de 5,12 kWh, substituta ideal para baterias de chumbo-\u00e1cido em sistemas de 24 V.<\/p>\n<\/li>\n<li>\n<p data-path-to-node=\"13,2,0\"><b data-path-to-node=\"13,2,0\" data-index-in-node=\"0\">C\u00e9lulas de grau automotivo:<\/b> Constru\u00eddo com c\u00e9lulas prism\u00e1ticas de grau A, garantindo <b data-path-to-node=\"13,2,0\" data-index-in-node=\"68\">Vida \u00fatil de mais de 6000 ciclos<\/b> (Expectativa de vida de mais de 10 anos).<\/p>\n<\/li>\n<li>\n<p data-path-to-node=\"13,3,0\"><b data-path-to-node=\"13,3,0\" data-index-in-node=\"0\">Prote\u00e7\u00e3o Inteligente:<\/b> Sistema de gerenciamento de bateria (BMS) integrado de 100A\/200A com prote\u00e7\u00e3o contra sobrecarga, descarga excessiva e temperaturas extremas.<\/p>\n<\/li>\n<li>\n<p data-path-to-node=\"13,4,0\"><b data-path-to-node=\"13,4,0\" data-index-in-node=\"0\">Direto da f\u00e1brica:<\/b> Oferecemos suporte para personaliza\u00e7\u00e3o da marca (OEM), dimens\u00f5es sob medida e pre\u00e7os de atacado para pedidos em grande quantidade.<\/p>\n<\/li>\n<li>\n<p data-path-to-node=\"13,5,0\"><b data-path-to-node=\"13,5,0\" data-index-in-node=\"0\">Aplica\u00e7\u00f5es:<\/b> Ideal para <b data-path-to-node=\"13,5,0\" data-index-in-node=\"24\">Bateria mar\u00edtima de ciclo profundo de 24 V<\/b> Bancos, energia solar fora da rede, ve\u00edculos recreativos e energia de reserva industrial.<\/p>\n<\/li>\n<\/ul>","protected":false},"featured_media":9524,"template":"","meta":{"_acf_changed":false,"nf_dc_page":"","site-sidebar-layout":"default","site-content-layout":"","ast-site-content-layout":"default","site-content-style":"default","site-sidebar-style":"default","ast-global-header-display":"","ast-banner-title-visibility":"","ast-main-header-display":"","ast-hfb-above-header-display":"","ast-hfb-below-header-display":"","ast-hfb-mobile-header-display":"","site-post-title":"","ast-breadcrumbs-content":"","ast-featured-img":"","footer-sml-layout":"","ast-disable-related-posts":"","theme-transparent-header-meta":"default","adv-header-id-meta":"","stick-header-meta":"default","header-above-stick-meta":"","header-main-stick-meta":"","header-below-stick-meta":"","astra-migrate-meta-layouts":"set","ast-page-background-enabled":"default","ast-page-background-meta":{"desktop":{"background-color":"","background-image":"","background-repeat":"repeat","background-position":"center center","background-size":"auto","background-attachment":"scroll","background-type":"","background-media":"","overlay-type":"","overlay-color":"","overlay-opacity":"","overlay-gradient":""},"tablet":{"background-color":"","background-image":"","background-repeat":"repeat","background-position":"center center","background-size":"auto","background-attachment":"scroll","background-type":"","background-media":"","overlay-type":"","overlay-color":"","overlay-opacity":"","overlay-gradient":""},"mobile":{"background-color":"","background-image":"","background-repeat":"repeat","background-position":"center center","background-size":"auto","background-attachment":"scroll","background-type":"","background-media":"","overlay-type":"","overlay-color":"","overlay-opacity":"","overlay-gradient":""}},"ast-content-background-meta":{"desktop":{"background-color":"var(--ast-global-color-5)","background-image":"","background-repeat":"repeat","background-position":"center center","background-size":"auto","background-attachment":"scroll","background-type":"","background-media":"","overlay-type":"","overlay-color":"","overlay-opacity":"","overlay-gradient":""},"tablet":{"background-color":"var(--ast-global-color-5)","background-image":"","background-repeat":"repeat","background-position":"center center","background-size":"auto","background-attachment":"scroll","background-type":"","background-media":"","overlay-type":"","overlay-color":"","overlay-opacity":"","overlay-gradient":""},"mobile":{"background-color":"var(--ast-global-color-5)","background-image":"","background-repeat":"repeat","background-position":"center center","background-size":"auto","background-attachment":"scroll","background-type":"","background-media":"","overlay-type":"","overlay-color":"","overlay-opacity":"","overlay-gradient":""}},"_joinchat":[]},"product_brand":[],"product_cat":[781],"product_tag":[939,788,949,943,948,942,950,928,945,855,817,940,919,944,787,941,946,947],"class_list":{"0":"post-9519","1":"product","2":"type-product","3":"status-publish","4":"has-post-thumbnail","6":"product_cat-lead-acid-replacement-battery","7":"product_tag-24v-200ah","8":"product_tag-5kwh-battery","9":"product_tag-balder-power","10":"product_tag-built-in-bms","11":"product_tag-china-factory","12":"product_tag-clear-housing","13":"product_tag-deep-cycle-marine-battery","14":"product_tag-lifepo4-deep-cycle","15":"product_tag-marine-battery","16":"product_tag-oem-battery","17":"product_tag-off-grid-system","18":"product_tag-prismatic-cells","19":"product_tag-rv-battery","20":"product_tag-smart-battery","21":"product_tag-solar-energy-storage","22":"product_tag-transparent-case","23":"product_tag-trolling-motor","24":"product_tag-wholesale-lithium-battery","25":"desktop-align-left","26":"tablet-align-left","27":"mobile-align-left","28":"ast-product-gallery-layout-horizontal-slider","29":"ast-product-tabs-layout-horizontal","31":"first","32":"instock","33":"shipping-taxable","34":"product-type-simple"},"acf":[],"_links":{"self":[{"href":"https:\/\/www.balderpower.com\/pt_br\/wp-json\/wp\/v2\/product\/9519","targetHints":{"allow":["GET"]}}],"collection":[{"href":"https:\/\/www.balderpower.com\/pt_br\/wp-json\/wp\/v2\/product"}],"about":[{"href":"https:\/\/www.balderpower.com\/pt_br\/wp-json\/wp\/v2\/types\/product"}],"version-history":[{"count":0,"href":"https:\/\/www.balderpower.com\/pt_br\/wp-json\/wp\/v2\/product\/9519\/revisions"}],"wp:featuredmedia":[{"embeddable":true,"href":"https:\/\/www.balderpower.com\/pt_br\/wp-json\/wp\/v2\/media\/9524"}],"wp:attachment":[{"href":"https:\/\/www.balderpower.com\/pt_br\/wp-json\/wp\/v2\/media?parent=9519"}],"wp:term":[{"taxonomy":"product_brand","embeddable":true,"href":"https:\/\/www.balderpower.com\/pt_br\/wp-json\/wp\/v2\/product_brand?post=9519"},{"taxonomy":"product_cat","embeddable":true,"href":"https:\/\/www.balderpower.com\/pt_br\/wp-json\/wp\/v2\/product_cat?post=9519"},{"taxonomy":"product_tag","embeddable":true,"href":"https:\/\/www.balderpower.com\/pt_br\/wp-json\/wp\/v2\/product_tag?post=9519"}],"curies":[{"name":"wp","href":"https:\/\/api.w.org\/{rel}","templated":true}]}}