{"id":9482,"date":"2026-01-15T01:37:27","date_gmt":"2026-01-14T17:37:27","guid":{"rendered":"https:\/\/www.balderpower.com\/?post_type=product&#038;p=9482"},"modified":"2026-01-22T02:49:05","modified_gmt":"2026-01-21T18:49:05","slug":"bateria-de-chumbo-acido-lifepo4-de-12v-300ah-com-carcaca-transparente-para-substituicao","status":"publish","type":"product","link":"https:\/\/www.balderpower.com\/pt_br\/transparent-shell-12v-300ah-lifepo4-battery-lead-acid-replacement\/","title":{"rendered":"Bateria de ciclo profundo LiFePO4 de 12V 300Ah com carca\u00e7a transparente \u2013 Substituta de bateria de chumbo-\u00e1cido."},"content":{"rendered":"<p dir=\"auto\">A Balder Power apresenta a bateria de ciclo profundo LiFePO4 de 12V 300Ah com revestimento transparente, uma bateria de ponta para substituir as baterias de chumbo-\u00e1cido, projetada para oferecer confiabilidade e efici\u00eancia em solu\u00e7\u00f5es de energia B2B. Como um dos principais fabricantes de baterias de fosfato de ferro-l\u00edtio com revestimento transparente na China, aproveitamos mais de 12 anos de experi\u00eancia no setor para produzir esta bateria LiFePO4 transparente e \u00e0 prova d&#039;\u00e1gua (OEM China), que apresenta um design transparente que permite a visualiza\u00e7\u00e3o em tempo real das c\u00e9lulas e da fia\u00e7\u00e3o da bateria. Essa inova\u00e7\u00e3o n\u00e3o apenas aumenta a confian\u00e7a do usu\u00e1rio, mas tamb\u00e9m est\u00e1 alinhada com nossa expertise na cria\u00e7\u00e3o de baterias de l\u00edtio com revestimento transparente dur\u00e1veis e de alto desempenho para mercados globais.<\/p>\n<figure id=\"attachment_9476\" aria-describedby=\"caption-attachment-9476\" style=\"width: 1584px\" class=\"wp-caption aligncenter\"><img fetchpriority=\"high\" decoding=\"async\" class=\"size-full wp-image-9476\" src=\"https:\/\/balderpower.com\/wp-content\/uploads\/2026\/01\/transparent-shell-12v-100ah-lifepo4-battery-assembly-process-collage.webp\" alt=\"Assembly line and worker assembling clear case lifepo4 battery transparent shell 12v 100ah lifepo4 battery at Balder Power China factory\" width=\"1584\" height=\"605\" srcset=\"https:\/\/www.balderpower.com\/wp-content\/uploads\/2026\/01\/transparent-shell-12v-100ah-lifepo4-battery-assembly-process-collage.webp 1584w, https:\/\/www.balderpower.com\/wp-content\/uploads\/2026\/01\/transparent-shell-12v-100ah-lifepo4-battery-assembly-process-collage-1000x382.webp 1000w, https:\/\/www.balderpower.com\/wp-content\/uploads\/2026\/01\/transparent-shell-12v-100ah-lifepo4-battery-assembly-process-collage-1024x391.webp 1024w, https:\/\/www.balderpower.com\/wp-content\/uploads\/2026\/01\/transparent-shell-12v-100ah-lifepo4-battery-assembly-process-collage-768x293.webp 768w, https:\/\/www.balderpower.com\/wp-content\/uploads\/2026\/01\/transparent-shell-12v-100ah-lifepo4-battery-assembly-process-collage-1536x587.webp 1536w, https:\/\/www.balderpower.com\/wp-content\/uploads\/2026\/01\/transparent-shell-12v-100ah-lifepo4-battery-assembly-process-collage-18x7.webp 18w, https:\/\/www.balderpower.com\/wp-content\/uploads\/2026\/01\/transparent-shell-12v-100ah-lifepo4-battery-assembly-process-collage-600x229.webp 600w, https:\/\/www.balderpower.com\/wp-content\/uploads\/2026\/01\/transparent-shell-12v-100ah-lifepo4-battery-assembly-process-collage-64x24.webp 64w\" sizes=\"(max-width: 1584px) 100vw, 1584px\" data-no-translation=\"\" \/><figcaption id=\"caption-attachment-9476\" class=\"wp-caption-text\">Montagem de f\u00e1brica para bateria LiFePO4 com caixa transparente<\/figcaption><\/figure>\n<p dir=\"auto\">Perfeita para compradores no atacado, esta bateria LiFePO4 de 12V com inv\u00f3lucro transparente e BMS oferece pre\u00e7os de f\u00e1brica e aceita pedidos em pequenos lotes, tornando-a acess\u00edvel tanto para startups quanto para empresas consolidadas. Ela se destaca como substituta direta para baterias de chumbo-\u00e1cido em aplica\u00e7\u00f5es mar\u00edtimas, como em ve\u00edculos recreativos, sistemas de armazenamento solar, carrinhos de golfe e para necessidades de energia fora da rede. Com um inv\u00f3lucro robusto em ABS, Sistema de Gerenciamento de Bateria (BMS) avan\u00e7ado para prote\u00e7\u00e3o contra sobrecarga\/descarga excessiva e integra\u00e7\u00e3o com aplicativo Bluetooth para monitoramento remoto, esta bateria oferece um valor excepcional. A produ\u00e7\u00e3o da Balder Power em f\u00e1bricas com certifica\u00e7\u00e3o ISO 9001 em Dongguan e Huizhou garante confiabilidade, com exporta\u00e7\u00f5es para mais de 80 pa\u00edses e testes rigorosos para atender aos padr\u00f5es RoHS, PSE e MSDS. Escolha esta bateria LiFePO4 transparente para energia sustent\u00e1vel que supera as op\u00e7\u00f5es tradicionais em vida \u00fatil, peso (aproximadamente 32 kg) e impacto ambiental.<\/p>","protected":false},"excerpt":{"rendered":"<ul>\n<li>Bateria LiFePO4 transparente de alta capacidade (12V 300Ah) projetada como uma substituta superior para baterias de chumbo-\u00e1cido em aplica\u00e7\u00f5es exigentes.<\/li>\n<li>Apresenta uma caixa transparente para a bateria LiFePO4, permitindo f\u00e1cil inspe\u00e7\u00e3o visual dos componentes internos, o que facilita a manuten\u00e7\u00e3o e aumenta a seguran\u00e7a.<\/li>\n<li>Constru\u00e7\u00e3o transparente e \u00e0 prova d&#039;\u00e1gua em LiFePO4 com classifica\u00e7\u00e3o IP65, ideal para ambientes externos e agressivos, como instala\u00e7\u00f5es mar\u00edtimas ou solares.<\/li>\n<li>Sistema de gerenciamento predial (BMS) inteligente integrado para prote\u00e7\u00e3o, conectividade Bluetooth para monitoramento e design escal\u00e1vel que suporta conex\u00f5es em s\u00e9rie\/paralelo.<\/li>\n<li>Pre\u00e7os de atacado direto da f\u00e1brica da Balder Power China, aceitando pedidos de pequenos lotes para clientes B2B que buscam personaliza\u00e7\u00e3o OEM\/ODM.<\/li>\n<li>Bateria de l\u00edtio-ferro transparente e ecol\u00f3gica com mais de 5000 ciclos, constru\u00e7\u00e3o leve e certifica\u00e7\u00f5es como CE, UL e UN38.3.<\/li>\n<\/ul>","protected":false},"featured_media":9487,"template":"","meta":{"_acf_changed":false,"nf_dc_page":"","site-sidebar-layout":"default","site-content-layout":"","ast-site-content-layout":"default","site-content-style":"default","site-sidebar-style":"default","ast-global-header-display":"","ast-banner-title-visibility":"","ast-main-header-display":"","ast-hfb-above-header-display":"","ast-hfb-below-header-display":"","ast-hfb-mobile-header-display":"","site-post-title":"","ast-breadcrumbs-content":"","ast-featured-img":"","footer-sml-layout":"","ast-disable-related-posts":"","theme-transparent-header-meta":"default","adv-header-id-meta":"","stick-header-meta":"default","header-above-stick-meta":"","header-main-stick-meta":"","header-below-stick-meta":"","astra-migrate-meta-layouts":"set","ast-page-background-enabled":"default","ast-page-background-meta":{"desktop":{"background-color":"","background-image":"","background-repeat":"repeat","background-position":"center center","background-size":"auto","background-attachment":"scroll","background-type":"","background-media":"","overlay-type":"","overlay-color":"","overlay-opacity":"","overlay-gradient":""},"tablet":{"background-color":"","background-image":"","background-repeat":"repeat","background-position":"center center","background-size":"auto","background-attachment":"scroll","background-type":"","background-media":"","overlay-type":"","overlay-color":"","overlay-opacity":"","overlay-gradient":""},"mobile":{"background-color":"","background-image":"","background-repeat":"repeat","background-position":"center center","background-size":"auto","background-attachment":"scroll","background-type":"","background-media":"","overlay-type":"","overlay-color":"","overlay-opacity":"","overlay-gradient":""}},"ast-content-background-meta":{"desktop":{"background-color":"var(--ast-global-color-5)","background-image":"","background-repeat":"repeat","background-position":"center center","background-size":"auto","background-attachment":"scroll","background-type":"","background-media":"","overlay-type":"","overlay-color":"","overlay-opacity":"","overlay-gradient":""},"tablet":{"background-color":"var(--ast-global-color-5)","background-image":"","background-repeat":"repeat","background-position":"center center","background-size":"auto","background-attachment":"scroll","background-type":"","background-media":"","overlay-type":"","overlay-color":"","overlay-opacity":"","overlay-gradient":""},"mobile":{"background-color":"var(--ast-global-color-5)","background-image":"","background-repeat":"repeat","background-position":"center center","background-size":"auto","background-attachment":"scroll","background-type":"","background-media":"","overlay-type":"","overlay-color":"","overlay-opacity":"","overlay-gradient":""}},"_joinchat":[]},"product_brand":[],"product_cat":[781],"product_tag":[936,924,933,937,880,928,935,938,930,926,934,929,923,927,925],"class_list":{"0":"post-9482","1":"product","2":"type-product","3":"status-publish","4":"has-post-thumbnail","6":"product_cat-lead-acid-replacement-battery","7":"product_tag-b2b-lithium-battery-supplier","8":"product_tag-clear-case-lifepo4-battery","9":"product_tag-factory-price-wholesale","10":"product_tag-golf-cart-battery","11":"product_tag-lead-acid-replacement","12":"product_tag-lifepo4-deep-cycle","13":"product_tag-oem-odm-customization","14":"product_tag-off-grid-power-solution","15":"product_tag-rv-marine-battery","16":"product_tag-see-through-lithium-iron-battery","17":"product_tag-small-batch-orders-accepted","18":"product_tag-solar-storage-battery","19":"product_tag-transparent-lifepo4-battery","20":"product_tag-transparent-shell-lithium-battery","21":"product_tag-waterproof-transparent-lifepo4","22":"desktop-align-left","23":"tablet-align-left","24":"mobile-align-left","25":"ast-product-gallery-layout-horizontal-slider","26":"ast-product-tabs-layout-horizontal","28":"first","29":"instock","30":"shipping-taxable","31":"product-type-simple"},"acf":[],"_links":{"self":[{"href":"https:\/\/www.balderpower.com\/pt_br\/wp-json\/wp\/v2\/product\/9482","targetHints":{"allow":["GET"]}}],"collection":[{"href":"https:\/\/www.balderpower.com\/pt_br\/wp-json\/wp\/v2\/product"}],"about":[{"href":"https:\/\/www.balderpower.com\/pt_br\/wp-json\/wp\/v2\/types\/product"}],"version-history":[{"count":0,"href":"https:\/\/www.balderpower.com\/pt_br\/wp-json\/wp\/v2\/product\/9482\/revisions"}],"wp:featuredmedia":[{"embeddable":true,"href":"https:\/\/www.balderpower.com\/pt_br\/wp-json\/wp\/v2\/media\/9487"}],"wp:attachment":[{"href":"https:\/\/www.balderpower.com\/pt_br\/wp-json\/wp\/v2\/media?parent=9482"}],"wp:term":[{"taxonomy":"product_brand","embeddable":true,"href":"https:\/\/www.balderpower.com\/pt_br\/wp-json\/wp\/v2\/product_brand?post=9482"},{"taxonomy":"product_cat","embeddable":true,"href":"https:\/\/www.balderpower.com\/pt_br\/wp-json\/wp\/v2\/product_cat?post=9482"},{"taxonomy":"product_tag","embeddable":true,"href":"https:\/\/www.balderpower.com\/pt_br\/wp-json\/wp\/v2\/product_tag?post=9482"}],"curies":[{"name":"wp","href":"https:\/\/api.w.org\/{rel}","templated":true}]}}