{"id":9480,"date":"2026-01-15T00:54:13","date_gmt":"2026-01-14T16:54:13","guid":{"rendered":"https:\/\/www.balderpower.com\/?post_type=product&#038;p=9480"},"modified":"2026-01-22T02:38:14","modified_gmt":"2026-01-21T18:38:14","slug":"bateria-de-chumbo-acido-lifepo4-de-12v-100ah-com-carcaca-transparente-para-substituicao","status":"publish","type":"product","link":"https:\/\/www.balderpower.com\/pt_br\/transparent-shell-12v-100ah-lifepo4-battery-lead-acid-replacement\/","title":{"rendered":"Bateria de ciclo profundo LiFePO4 de 12V 100Ah com carca\u00e7a transparente \u2013 Substituta de bateria de chumbo-\u00e1cido."},"content":{"rendered":"<p dir=\"auto\">Descubra a inovadora bateria de ciclo profundo LiFePO4 de 12V 100Ah com inv\u00f3lucro transparente da Balder Power, fabricante l\u00edder de baterias de fosfato de ferro-l\u00edtio com inv\u00f3lucro transparente na China. Esta bateria LiFePO4 transparente e \u00e0 prova d&#039;\u00e1gua, fabricada na China, foi projetada como uma substituta eficiente para baterias de chumbo-\u00e1cido, oferecendo at\u00e9 6.000 ciclos com profundidade de descarga (DOD) de 100% para confiabilidade de longa dura\u00e7\u00e3o. O design transparente da bateria de ciclo profundo LiFePO4 permite a inspe\u00e7\u00e3o visual dos componentes internos, aumentando a seguran\u00e7a e facilitando a manuten\u00e7\u00e3o em ambientes exigentes, como em instala\u00e7\u00f5es mar\u00edtimas e em sistemas de armazenamento de energia solar.<\/p>\n<p><img fetchpriority=\"high\" decoding=\"async\" class=\"size-full wp-image-9476\" src=\"https:\/\/balderpower.com\/wp-content\/uploads\/2026\/01\/transparent-shell-12v-100ah-lifepo4-battery-assembly-process-collage.webp\" alt=\"Assembly line and worker assembling clear case lifepo4 battery transparent shell 12v 100ah lifepo4 battery at Balder Power China factory\" width=\"1584\" height=\"605\" srcset=\"https:\/\/www.balderpower.com\/wp-content\/uploads\/2026\/01\/transparent-shell-12v-100ah-lifepo4-battery-assembly-process-collage.webp 1584w, https:\/\/www.balderpower.com\/wp-content\/uploads\/2026\/01\/transparent-shell-12v-100ah-lifepo4-battery-assembly-process-collage-1000x382.webp 1000w, https:\/\/www.balderpower.com\/wp-content\/uploads\/2026\/01\/transparent-shell-12v-100ah-lifepo4-battery-assembly-process-collage-1024x391.webp 1024w, https:\/\/www.balderpower.com\/wp-content\/uploads\/2026\/01\/transparent-shell-12v-100ah-lifepo4-battery-assembly-process-collage-768x293.webp 768w, https:\/\/www.balderpower.com\/wp-content\/uploads\/2026\/01\/transparent-shell-12v-100ah-lifepo4-battery-assembly-process-collage-1536x587.webp 1536w, https:\/\/www.balderpower.com\/wp-content\/uploads\/2026\/01\/transparent-shell-12v-100ah-lifepo4-battery-assembly-process-collage-18x7.webp 18w, https:\/\/www.balderpower.com\/wp-content\/uploads\/2026\/01\/transparent-shell-12v-100ah-lifepo4-battery-assembly-process-collage-600x229.webp 600w, https:\/\/www.balderpower.com\/wp-content\/uploads\/2026\/01\/transparent-shell-12v-100ah-lifepo4-battery-assembly-process-collage-64x24.webp 64w\" sizes=\"(max-width: 1584px) 100vw, 1584px\" data-no-translation=\"\" \/><\/p>\n<p dir=\"auto\">Como substituta direta das baterias de chumbo-\u00e1cido tradicionais, esta bateria LiFePO4 transparente possui uma robusta caixa de pl\u00e1stico ABS com resist\u00eancia \u00e0 \u00e1gua e poeira IP65, tornando-a ideal para uso externo e em condi\u00e7\u00f5es adversas. Equipada com um Sistema de Gerenciamento de Bateria (BMS) inteligente, a bateria LiFePO4 de 12V com caixa transparente protege contra sobrecarga, descarga excessiva e curto-circuito, garantindo desempenho ideal. A Balder Power, com mais de uma d\u00e9cada de experi\u00eancia em produ\u00e7\u00e3o OEM\/ODM, exporta essas baterias de l\u00edtio de alta qualidade com caixa transparente para mais de 80 pa\u00edses, com certifica\u00e7\u00f5es como CE, UL, UN38.3 e RoHS.<\/p>\n<p dir=\"auto\">Seja para armazenamento de energia solar residencial, carrinhos de golfe, barcos ou aplica\u00e7\u00f5es fora da rede, esta bateria de l\u00edtio-ferro transparente oferece descarga cont\u00ednua de 100 A e suporta conex\u00f5es em s\u00e9rie\/paralelo para pot\u00eancia escal\u00e1vel. Escolha a Balder Power para uma alternativa sustent\u00e1vel e leve (13,5 kg) que supera as baterias de chumbo-\u00e1cido em efici\u00eancia, vida \u00fatil e impacto ambiental.<\/p>\n<div id=\"gtx-trans\" style=\"position: absolute; left: 809px; top: 752.359px;\">\n<div class=\"gtx-trans-icon\"><\/div>\n<\/div>","protected":false},"excerpt":{"rendered":"<p dir=\"auto\">Aprimore seu sistema de energia com a bateria LiFePO4 de 12V 100Ah com carca\u00e7a transparente da Balder Power, uma solu\u00e7\u00e3o \u00e0 prova d&#039;\u00e1gua e transparente de ciclo profundo, projetada como substituta direta das baterias de chumbo-\u00e1cido. Esta bateria LiFePO4 com carca\u00e7a transparente oferece desempenho superior para aplica\u00e7\u00f5es em ve\u00edculos recreativos, embarca\u00e7\u00f5es e sistemas solares, apresentando um sistema de gerenciamento de bateria (BMS) avan\u00e7ado e visibilidade total da bateria de l\u00edtio-ferro para facilitar a inspe\u00e7\u00e3o.<\/p>","protected":false},"featured_media":9466,"template":"","meta":{"_acf_changed":false,"nf_dc_page":"","site-sidebar-layout":"default","site-content-layout":"","ast-site-content-layout":"default","site-content-style":"default","site-sidebar-style":"default","ast-global-header-display":"","ast-banner-title-visibility":"","ast-main-header-display":"","ast-hfb-above-header-display":"","ast-hfb-below-header-display":"","ast-hfb-mobile-header-display":"","site-post-title":"","ast-breadcrumbs-content":"","ast-featured-img":"","footer-sml-layout":"","ast-disable-related-posts":"","theme-transparent-header-meta":"default","adv-header-id-meta":"","stick-header-meta":"default","header-above-stick-meta":"","header-main-stick-meta":"","header-below-stick-meta":"","astra-migrate-meta-layouts":"set","ast-page-background-enabled":"default","ast-page-background-meta":{"desktop":{"background-color":"","background-image":"","background-repeat":"repeat","background-position":"center center","background-size":"auto","background-attachment":"scroll","background-type":"","background-media":"","overlay-type":"","overlay-color":"","overlay-opacity":"","overlay-gradient":""},"tablet":{"background-color":"","background-image":"","background-repeat":"repeat","background-position":"center center","background-size":"auto","background-attachment":"scroll","background-type":"","background-media":"","overlay-type":"","overlay-color":"","overlay-opacity":"","overlay-gradient":""},"mobile":{"background-color":"","background-image":"","background-repeat":"repeat","background-position":"center center","background-size":"auto","background-attachment":"scroll","background-type":"","background-media":"","overlay-type":"","overlay-color":"","overlay-opacity":"","overlay-gradient":""}},"ast-content-background-meta":{"desktop":{"background-color":"var(--ast-global-color-5)","background-image":"","background-repeat":"repeat","background-position":"center center","background-size":"auto","background-attachment":"scroll","background-type":"","background-media":"","overlay-type":"","overlay-color":"","overlay-opacity":"","overlay-gradient":""},"tablet":{"background-color":"var(--ast-global-color-5)","background-image":"","background-repeat":"repeat","background-position":"center center","background-size":"auto","background-attachment":"scroll","background-type":"","background-media":"","overlay-type":"","overlay-color":"","overlay-opacity":"","overlay-gradient":""},"mobile":{"background-color":"var(--ast-global-color-5)","background-image":"","background-repeat":"repeat","background-position":"center center","background-size":"auto","background-attachment":"scroll","background-type":"","background-media":"","overlay-type":"","overlay-color":"","overlay-opacity":"","overlay-gradient":""}},"_joinchat":[]},"product_brand":[],"product_cat":[781],"product_tag":[932,924,880,928,931,930,926,929,923,927,925],"class_list":{"0":"post-9480","1":"product","2":"type-product","3":"status-publish","4":"has-post-thumbnail","6":"product_cat-lead-acid-replacement-battery","7":"product_tag-bms-protected-battery","8":"product_tag-clear-case-lifepo4-battery","9":"product_tag-lead-acid-replacement","10":"product_tag-lifepo4-deep-cycle","11":"product_tag-oem-china-battery","12":"product_tag-rv-marine-battery","13":"product_tag-see-through-lithium-iron-battery","14":"product_tag-solar-storage-battery","15":"product_tag-transparent-lifepo4-battery","16":"product_tag-transparent-shell-lithium-battery","17":"product_tag-waterproof-transparent-lifepo4","18":"desktop-align-left","19":"tablet-align-left","20":"mobile-align-left","21":"ast-product-gallery-layout-horizontal-slider","22":"ast-product-tabs-layout-horizontal","24":"first","25":"instock","26":"shipping-taxable","27":"purchasable","28":"product-type-simple"},"acf":[],"_links":{"self":[{"href":"https:\/\/www.balderpower.com\/pt_br\/wp-json\/wp\/v2\/product\/9480","targetHints":{"allow":["GET"]}}],"collection":[{"href":"https:\/\/www.balderpower.com\/pt_br\/wp-json\/wp\/v2\/product"}],"about":[{"href":"https:\/\/www.balderpower.com\/pt_br\/wp-json\/wp\/v2\/types\/product"}],"version-history":[{"count":0,"href":"https:\/\/www.balderpower.com\/pt_br\/wp-json\/wp\/v2\/product\/9480\/revisions"}],"wp:featuredmedia":[{"embeddable":true,"href":"https:\/\/www.balderpower.com\/pt_br\/wp-json\/wp\/v2\/media\/9466"}],"wp:attachment":[{"href":"https:\/\/www.balderpower.com\/pt_br\/wp-json\/wp\/v2\/media?parent=9480"}],"wp:term":[{"taxonomy":"product_brand","embeddable":true,"href":"https:\/\/www.balderpower.com\/pt_br\/wp-json\/wp\/v2\/product_brand?post=9480"},{"taxonomy":"product_cat","embeddable":true,"href":"https:\/\/www.balderpower.com\/pt_br\/wp-json\/wp\/v2\/product_cat?post=9480"},{"taxonomy":"product_tag","embeddable":true,"href":"https:\/\/www.balderpower.com\/pt_br\/wp-json\/wp\/v2\/product_tag?post=9480"}],"curies":[{"name":"wp","href":"https:\/\/api.w.org\/{rel}","templated":true}]}}