{"id":9446,"date":"2026-01-13T23:55:16","date_gmt":"2026-01-13T15:55:16","guid":{"rendered":"https:\/\/www.balderpower.com\/?post_type=product&#038;p=9446"},"modified":"2026-01-13T23:55:22","modified_gmt":"2026-01-13T15:55:22","slug":"bms-inteligente-bluetooth-com-bateria-lifepo4-de-12v-300ah","status":"publish","type":"product","link":"https:\/\/www.balderpower.com\/pt_br\/12v-300ah-lifepo4-battery-bluetooth-smart-bms\/","title":{"rendered":"Bateria LiFePO4 de 12V 300Ah para ciclo profundo | BMS inteligente com Bluetooth | 3840Wh para ve\u00edculos recreativos, embarca\u00e7\u00f5es e energia solar | Venda por atacado direto da f\u00e1brica"},"content":{"rendered":"<h4 data-path-to-node=\"13\"><b data-path-to-node=\"13\" data-index-in-node=\"0\">Energia de \u00faltima gera\u00e7\u00e3o: a solu\u00e7\u00e3o definitiva em baterias de l\u00edtio de 12V e 300Ah.<\/b><\/h4>\n<p data-path-to-node=\"14\">Aprimore seu sistema de energia com a bateria LiFePO4 de 12V 300Ah da Balder Power. Projetada para aplica\u00e7\u00f5es exigentes fora da rede el\u00e9trica, esta bateria... <b data-path-to-node=\"14\" data-index-in-node=\"141\">3,84 kWh de energia<\/b> em uma caixa ABS padr\u00e3o do Grupo 8D. Ao contr\u00e1rio das baterias de chumbo-\u00e1cido tradicionais, nossa solu\u00e7\u00e3o de l\u00edtio oferece zero manuten\u00e7\u00e3o, 1\/3 do peso e fornecimento de energia consistente.<\/p>\n<h4 data-path-to-node=\"15\"><b data-path-to-node=\"15\" data-index-in-node=\"0\">Projetado para gest\u00e3o inteligente de energia.<\/b><\/h4>\n<p data-path-to-node=\"16\">Pare de tentar adivinhar o n\u00edvel da bateria. Este modelo possui um sistema de monitoramento duplo:<\/p>\n<ol start=\"1\" data-path-to-node=\"17\">\n<li>\n<p data-path-to-node=\"17,0,0\"><b data-path-to-node=\"17,0,0\" data-index-in-node=\"0\">Visor LCD integrado:<\/b> Verifique instantaneamente a voltagem e a capacidade na parte superior da bateria.<\/p>\n<\/li>\n<li>\n<p data-path-to-node=\"17,1,0\"><b data-path-to-node=\"17,1,0\" data-index-in-node=\"0\">Conectividade do aplicativo via Bluetooth:<\/b> Conecte-se atrav\u00e9s do aplicativo para iOS\/Android para monitorar com precis\u00e3o o estado de carga (SOC), a temperatura e a corrente a partir do seu smartphone. Perfeito para instala\u00e7\u00e3o em \u00e1reas de dif\u00edcil acesso, como compartimentos sob os assentos de trailers ou cascos de embarca\u00e7\u00f5es.<\/p>\n<\/li>\n<\/ol>\n<h4 data-path-to-node=\"18\"><b data-path-to-node=\"18\" data-index-in-node=\"0\">Seguran\u00e7a e confiabilidade de n\u00edvel industrial<\/b><\/h4>\n<p data-path-to-node=\"19\">A seguran\u00e7a \u00e9 a nossa prioridade. O sistema inteligente <b data-path-to-node=\"19\" data-index-in-node=\"40\">Sistema de gerenciamento de bateria (BMS)<\/b> Protege contra sobrecarga, descarga excessiva, curto-circuito e temperaturas extremas. Com uma carca\u00e7a robusta em ABS e al\u00e7as de corda refor\u00e7adas, foi projetado para suportar vibra\u00e7\u00f5es em aplica\u00e7\u00f5es m\u00f3veis, como ve\u00edculos recreativos de luxo e lavadoras de piso.<\/p>","protected":false},"excerpt":{"rendered":"<ul>\n<li>\n<p data-path-to-node=\"9,0,0\"><b data-path-to-node=\"9,0,0\" data-index-in-node=\"0\">Energia Massiva:<\/b> Bateria de 12,8V com capacidade real de 300Ah (3840Wh de energia total) \u2013 Substitui\u00e7\u00e3o direta para 4 baterias de chumbo-\u00e1cido de 12V 100Ah.<\/p>\n<\/li>\n<li>\n<p data-path-to-node=\"9,1,0\"><b data-path-to-node=\"9,1,0\" data-index-in-node=\"0\">Monitoramento inteligente:<\/b> M\u00f3dulo Bluetooth integrado e tela LCD para monitoramento em tempo real da tens\u00e3o e do estado de carga (SOC) atrav\u00e9s de aplicativo m\u00f3vel.<\/p>\n<\/li>\n<li>\n<p data-path-to-node=\"9,2,0\"><b data-path-to-node=\"9,2,0\" data-index-in-node=\"0\">BMS de Alto Desempenho:<\/b> Suportes <b data-path-to-node=\"9,2,0\" data-index-in-node=\"31\">Descarga cont\u00ednua m\u00e1xima de 200 A<\/b> \u2013 Alimenta facilmente inversores de 2500W+ e cargas pesadas.<\/p>\n<\/li>\n<li>\n<p data-path-to-node=\"9,3,0\"><b data-path-to-node=\"9,3,0\" data-index-in-node=\"0\">Longevidade:<\/b> As c\u00e9lulas LiFePO4 de grau automotivo garantem mais de 6000 ciclos profundos com DoD 80%.<\/p>\n<\/li>\n<li>\n<p data-path-to-node=\"9,4,0\"><b data-path-to-node=\"9,4,0\" data-index-in-node=\"0\">Servi\u00e7os B2B:<\/b> Pre\u00e7o de f\u00e1brica, quantidade m\u00ednima de encomenda baixa (aceitamos pedidos de amostra), etiqueta personalizada\/OEM dispon\u00edvel.<\/p>\n<\/li>\n<li>\n<p data-path-to-node=\"9,5,0\"><b data-path-to-node=\"9,5,0\" data-index-in-node=\"0\">Certifica\u00e7\u00f5es:<\/b> Certifica\u00e7\u00f5es CE, FC, RoHS e UN38.3. Ficha de Dados de Seguran\u00e7a (MSDS) dispon\u00edvel para envio internacional.<\/p>\n<\/li>\n<\/ul>","protected":false},"featured_media":9442,"template":"","meta":{"_acf_changed":false,"nf_dc_page":"","site-sidebar-layout":"default","site-content-layout":"","ast-site-content-layout":"default","site-content-style":"default","site-sidebar-style":"default","ast-global-header-display":"","ast-banner-title-visibility":"","ast-main-header-display":"","ast-hfb-above-header-display":"","ast-hfb-below-header-display":"","ast-hfb-mobile-header-display":"","site-post-title":"","ast-breadcrumbs-content":"","ast-featured-img":"","footer-sml-layout":"","ast-disable-related-posts":"","theme-transparent-header-meta":"default","adv-header-id-meta":"","stick-header-meta":"default","header-above-stick-meta":"","header-main-stick-meta":"","header-below-stick-meta":"","astra-migrate-meta-layouts":"set","ast-page-background-enabled":"default","ast-page-background-meta":{"desktop":{"background-color":"","background-image":"","background-repeat":"repeat","background-position":"center center","background-size":"auto","background-attachment":"scroll","background-type":"","background-media":"","overlay-type":"","overlay-color":"","overlay-opacity":"","overlay-gradient":""},"tablet":{"background-color":"","background-image":"","background-repeat":"repeat","background-position":"center center","background-size":"auto","background-attachment":"scroll","background-type":"","background-media":"","overlay-type":"","overlay-color":"","overlay-opacity":"","overlay-gradient":""},"mobile":{"background-color":"","background-image":"","background-repeat":"repeat","background-position":"center center","background-size":"auto","background-attachment":"scroll","background-type":"","background-media":"","overlay-type":"","overlay-color":"","overlay-opacity":"","overlay-gradient":""}},"ast-content-background-meta":{"desktop":{"background-color":"var(--ast-global-color-5)","background-image":"","background-repeat":"repeat","background-position":"center center","background-size":"auto","background-attachment":"scroll","background-type":"","background-media":"","overlay-type":"","overlay-color":"","overlay-opacity":"","overlay-gradient":""},"tablet":{"background-color":"var(--ast-global-color-5)","background-image":"","background-repeat":"repeat","background-position":"center center","background-size":"auto","background-attachment":"scroll","background-type":"","background-media":"","overlay-type":"","overlay-color":"","overlay-opacity":"","overlay-gradient":""},"mobile":{"background-color":"var(--ast-global-color-5)","background-image":"","background-repeat":"repeat","background-position":"center center","background-size":"auto","background-attachment":"scroll","background-type":"","background-media":"","overlay-type":"","overlay-color":"","overlay-opacity":"","overlay-gradient":""}},"_joinchat":[]},"product_brand":[],"product_cat":[781],"product_tag":[912,916,917,914,866,918,860,462,921,915,920,855,817,919,913,787,922,871],"class_list":{"0":"post-9446","1":"product","2":"type-product","3":"status-publish","4":"has-post-thumbnail","6":"product_cat-lead-acid-replacement-battery","7":"product_tag-12v-300ah-lifepo4-battery","8":"product_tag-200a-discharge","9":"product_tag-6000-cycles","10":"product_tag-bluetooth-battery","11":"product_tag-bulk-order","12":"product_tag-china-manufacturer","13":"product_tag-deep-cycle","14":"product_tag-factory-direct","15":"product_tag-floor-scrubber-battery","16":"product_tag-lcd-display","17":"product_tag-marine-lithium-battery","18":"product_tag-oem-battery","19":"product_tag-off-grid-system","20":"product_tag-rv-battery","21":"product_tag-smart-bms","22":"product_tag-solar-energy-storage","23":"product_tag-trolling-motor-battery","24":"product_tag-wholesale","25":"desktop-align-left","26":"tablet-align-left","27":"mobile-align-left","28":"ast-product-gallery-layout-horizontal-slider","29":"ast-product-tabs-layout-horizontal","31":"first","32":"instock","33":"shipping-taxable","34":"product-type-simple"},"acf":[],"_links":{"self":[{"href":"https:\/\/www.balderpower.com\/pt_br\/wp-json\/wp\/v2\/product\/9446","targetHints":{"allow":["GET"]}}],"collection":[{"href":"https:\/\/www.balderpower.com\/pt_br\/wp-json\/wp\/v2\/product"}],"about":[{"href":"https:\/\/www.balderpower.com\/pt_br\/wp-json\/wp\/v2\/types\/product"}],"version-history":[{"count":0,"href":"https:\/\/www.balderpower.com\/pt_br\/wp-json\/wp\/v2\/product\/9446\/revisions"}],"wp:featuredmedia":[{"embeddable":true,"href":"https:\/\/www.balderpower.com\/pt_br\/wp-json\/wp\/v2\/media\/9442"}],"wp:attachment":[{"href":"https:\/\/www.balderpower.com\/pt_br\/wp-json\/wp\/v2\/media?parent=9446"}],"wp:term":[{"taxonomy":"product_brand","embeddable":true,"href":"https:\/\/www.balderpower.com\/pt_br\/wp-json\/wp\/v2\/product_brand?post=9446"},{"taxonomy":"product_cat","embeddable":true,"href":"https:\/\/www.balderpower.com\/pt_br\/wp-json\/wp\/v2\/product_cat?post=9446"},{"taxonomy":"product_tag","embeddable":true,"href":"https:\/\/www.balderpower.com\/pt_br\/wp-json\/wp\/v2\/product_tag?post=9446"}],"curies":[{"name":"wp","href":"https:\/\/api.w.org\/{rel}","templated":true}]}}