{"id":9394,"date":"2026-01-13T01:46:46","date_gmt":"2026-01-12T17:46:46","guid":{"rendered":"https:\/\/www.balderpower.com\/?post_type=product&#038;p=9394"},"modified":"2026-01-13T01:56:37","modified_gmt":"2026-01-12T17:56:37","slug":"bateria-lifepo4-12v-200ah-para-atacado-bluetooth-oem","status":"publish","type":"product","link":"https:\/\/www.balderpower.com\/pt_br\/wholesale-12v-200ah-lifepo4-battery-bluetooth-oem\/","title":{"rendered":"Bateria inteligente LiFePO4 de 12V 200Ah \u2013 C\u00e9lulas prism\u00e1ticas de grau A, monitoramento por Bluetooth e \u00e0 prova d&#039;\u00e1gua IP65 \u2013 Venda direta da f\u00e1brica no atacado"},"content":{"rendered":"<h4 data-path-to-node=\"8\"><b data-path-to-node=\"8\" data-index-in-node=\"0\">Pot\u00eancia incompar\u00e1vel para independ\u00eancia fora da rede el\u00e9trica<\/b><\/h4>\n<p data-path-to-node=\"9\">O <b data-path-to-node=\"9\" data-index-in-node=\"4\">Balder Power BPE-LF12200<\/b> \u00c9 uma bateria de fosfato de ferro-l\u00edtio de alta capacidade, 12V 200Ah, projetada para sistemas de energia robustos. Fornecendo 2560Wh de energia utiliz\u00e1vel, \u00e9 a atualiza\u00e7\u00e3o definitiva para ve\u00edculos recreativos de luxo, bancos de baterias para embarca\u00e7\u00f5es e esta\u00e7\u00f5es solares remotas onde a confiabilidade \u00e9 imprescind\u00edvel.<\/p>\n<h4 data-path-to-node=\"10\"><b data-path-to-node=\"10\" data-index-in-node=\"0\">Tecnologia Inteligente e Sustent\u00e1vel<\/b><\/h4>\n<p data-path-to-node=\"11\">Equipada com um sistema BMS inteligente avan\u00e7ado, esta bateria oferece visibilidade incompar\u00e1vel da sa\u00fade da sua energia. Os usu\u00e1rios podem monitorar o Estado de Carga (SOC) e a voltagem de forma integrada e intuitiva. <b data-path-to-node=\"11\" data-index-in-node=\"178\">Aplicativo Bluetooth para smartphone<\/b> ou o conveniente <b data-path-to-node=\"11\" data-index-in-node=\"229\">tela LCD montada na parte superior<\/b>. Utilizando c\u00e9lulas prism\u00e1ticas de grau A, o BPE-LF12200 garante m\u00e1xima seguran\u00e7a e estabilidade t\u00e9rmica em temperaturas operacionais de n\u00edvel industrial.<\/p>","protected":false},"excerpt":{"rendered":"<ul>\n<li>\n<p data-path-to-node=\"5,0,0\"><b data-path-to-node=\"5,0,0\" data-index-in-node=\"0\">Energia massiva de 2,56 kWh:<\/b> Uma \u00fanica unidade oferece alta capacidade para atender \u00e0s necessidades exigentes de energia em locais sem acesso \u00e0 rede el\u00e9trica.<\/p>\n<\/li>\n<li>\n<p data-path-to-node=\"5,1,0\"><b data-path-to-node=\"5,1,0\" data-index-in-node=\"0\">Gest\u00e3o Inteligente:<\/b> Monitoramento em tempo real via aplicativo Bluetooth e visor de voltagem LCD integrado.<\/p>\n<\/li>\n<li>\n<p data-path-to-node=\"5,2,0\"><b data-path-to-node=\"5,2,0\" data-index-in-node=\"0\">Longevidade Industrial:<\/b> Vida \u00fatil de ciclo profundo de \u22656000 ciclos para mais de 10 anos de servi\u00e7o sem necessidade de manuten\u00e7\u00e3o.<\/p>\n<\/li>\n<li>\n<p data-path-to-node=\"5,3,0\"><b data-path-to-node=\"5,3,0\" data-index-in-node=\"0\">Pronto para B2B:<\/b> Pre\u00e7os direto da f\u00e1brica, aceitamos encomendas em pequenos lotes e oferecemos suporte completo para OEM\/ODM.<\/p>\n<\/li>\n<li>\n<p data-path-to-node=\"5,4,0\"><b data-path-to-node=\"5,4,0\" data-index-in-node=\"0\">Substitui\u00e7\u00e3o direta:<\/b> O design leve de 27 kg substitui os pesados bancos de baterias de chumbo-\u00e1cido de mais de 60 kg.<\/p>\n<\/li>\n<\/ul>","protected":false},"featured_media":9392,"template":"","meta":{"_acf_changed":false,"nf_dc_page":"","site-sidebar-layout":"default","site-content-layout":"","ast-site-content-layout":"default","site-content-style":"default","site-sidebar-style":"default","ast-global-header-display":"","ast-banner-title-visibility":"","ast-main-header-display":"","ast-hfb-above-header-display":"","ast-hfb-below-header-display":"","ast-hfb-mobile-header-display":"","site-post-title":"","ast-breadcrumbs-content":"","ast-featured-img":"","footer-sml-layout":"","ast-disable-related-posts":"","theme-transparent-header-meta":"default","adv-header-id-meta":"","stick-header-meta":"default","header-above-stick-meta":"","header-main-stick-meta":"","header-below-stick-meta":"","astra-migrate-meta-layouts":"set","ast-page-background-enabled":"default","ast-page-background-meta":{"desktop":{"background-color":"","background-image":"","background-repeat":"repeat","background-position":"center center","background-size":"auto","background-attachment":"scroll","background-type":"","background-media":"","overlay-type":"","overlay-color":"","overlay-opacity":"","overlay-gradient":""},"tablet":{"background-color":"","background-image":"","background-repeat":"repeat","background-position":"center center","background-size":"auto","background-attachment":"scroll","background-type":"","background-media":"","overlay-type":"","overlay-color":"","overlay-opacity":"","overlay-gradient":""},"mobile":{"background-color":"","background-image":"","background-repeat":"repeat","background-position":"center center","background-size":"auto","background-attachment":"scroll","background-type":"","background-media":"","overlay-type":"","overlay-color":"","overlay-opacity":"","overlay-gradient":""}},"ast-content-background-meta":{"desktop":{"background-color":"var(--ast-global-color-5)","background-image":"","background-repeat":"repeat","background-position":"center center","background-size":"auto","background-attachment":"scroll","background-type":"","background-media":"","overlay-type":"","overlay-color":"","overlay-opacity":"","overlay-gradient":""},"tablet":{"background-color":"var(--ast-global-color-5)","background-image":"","background-repeat":"repeat","background-position":"center center","background-size":"auto","background-attachment":"scroll","background-type":"","background-media":"","overlay-type":"","overlay-color":"","overlay-opacity":"","overlay-gradient":""},"mobile":{"background-color":"var(--ast-global-color-5)","background-image":"","background-repeat":"repeat","background-position":"center center","background-size":"auto","background-attachment":"scroll","background-type":"","background-media":"","overlay-type":"","overlay-color":"","overlay-opacity":"","overlay-gradient":""}},"_joinchat":[]},"product_brand":[],"product_cat":[781],"product_tag":[906,911,907,905,462,908,910,909,904,871],"class_list":{"0":"post-9394","1":"product","2":"type-product","3":"status-publish","4":"has-post-thumbnail","6":"product_cat-lead-acid-replacement-battery","7":"product_tag-12v-200ah","8":"product_tag-2560wh","9":"product_tag-bluetooth-lifepo4","10":"product_tag-bpe-lf12200","11":"product_tag-factory-direct","12":"product_tag-ip65-waterproof","13":"product_tag-marine-house-bank","14":"product_tag-rv-energy-storage","15":"product_tag-small-batch-accepted","16":"product_tag-wholesale","17":"desktop-align-left","18":"tablet-align-left","19":"mobile-align-left","20":"ast-product-gallery-layout-horizontal-slider","21":"ast-product-tabs-layout-horizontal","23":"first","24":"instock","25":"shipping-taxable","26":"product-type-simple"},"acf":[],"_links":{"self":[{"href":"https:\/\/www.balderpower.com\/pt_br\/wp-json\/wp\/v2\/product\/9394","targetHints":{"allow":["GET"]}}],"collection":[{"href":"https:\/\/www.balderpower.com\/pt_br\/wp-json\/wp\/v2\/product"}],"about":[{"href":"https:\/\/www.balderpower.com\/pt_br\/wp-json\/wp\/v2\/types\/product"}],"version-history":[{"count":0,"href":"https:\/\/www.balderpower.com\/pt_br\/wp-json\/wp\/v2\/product\/9394\/revisions"}],"wp:featuredmedia":[{"embeddable":true,"href":"https:\/\/www.balderpower.com\/pt_br\/wp-json\/wp\/v2\/media\/9392"}],"wp:attachment":[{"href":"https:\/\/www.balderpower.com\/pt_br\/wp-json\/wp\/v2\/media?parent=9394"}],"wp:term":[{"taxonomy":"product_brand","embeddable":true,"href":"https:\/\/www.balderpower.com\/pt_br\/wp-json\/wp\/v2\/product_brand?post=9394"},{"taxonomy":"product_cat","embeddable":true,"href":"https:\/\/www.balderpower.com\/pt_br\/wp-json\/wp\/v2\/product_cat?post=9394"},{"taxonomy":"product_tag","embeddable":true,"href":"https:\/\/www.balderpower.com\/pt_br\/wp-json\/wp\/v2\/product_tag?post=9394"}],"curies":[{"name":"wp","href":"https:\/\/api.w.org\/{rel}","templated":true}]}}