{"id":9376,"date":"2026-01-13T00:07:11","date_gmt":"2026-01-12T16:07:11","guid":{"rendered":"https:\/\/www.balderpower.com\/?post_type=product&#038;p=9376"},"modified":"2026-01-13T00:07:16","modified_gmt":"2026-01-12T16:07:16","slug":"bateria-lifepo4-12v-100ah-a-prova-dagua-com-bluetooth-grupo-31-para-atacado","status":"publish","type":"product","link":"https:\/\/www.balderpower.com\/pt_br\/wholesale-12v-100ah-lifepo4-battery-waterproof-bluetooth-group-31\/","title":{"rendered":"Bateria LiFePO4 12V 100Ah Direto da F\u00e1brica (Bluetooth e LCD) \u2013 \u00c0 prova d&#039;\u00e1gua, Grupo 31, Ciclo Profundo | Atacado e OEM"},"content":{"rendered":"<p data-path-to-node=\"8\">Melhore suas solu\u00e7\u00f5es energ\u00e9ticas com o <b data-path-to-node=\"8\" data-index-in-node=\"39\">Bateria inteligente LiFePO4 Balder Power 12V 100Ah<\/b>. Projetada para as exig\u00eancias rigorosas de aplica\u00e7\u00f5es mar\u00edtimas, em ve\u00edculos recreativos e industriais, esta bateria combina capacidade massiva (1280 Wh) com gerenciamento inteligente em um formato padr\u00e3o. <b data-path-to-node=\"8\" data-index-in-node=\"255\">\u00c1rea de atua\u00e7\u00e3o do Grupo 31<\/b>.<\/p>\n<p data-path-to-node=\"9\"><b data-path-to-node=\"9\" data-index-in-node=\"0\">Por que comprar conosco?<\/b> Como f\u00e1brica de componentes, eliminamos as margens de lucro do varejo. Oferecemos solu\u00e7\u00f5es de alta margem para distribuidores e integradores de sistemas. Este modelo n\u00e3o \u00e9 apenas uma bateria; \u00e9 uma esta\u00e7\u00e3o de energia inteligente com... <b data-path-to-node=\"9\" data-index-in-node=\"214\">Aplicativo Bluetooth<\/b> para monitoramento remoto e um sistema integrado <b data-path-to-node=\"9\" data-index-in-node=\"268\">Tela LCD<\/b> Para verifica\u00e7\u00f5es instant\u00e2neas de tens\u00e3o.<\/p>\n<p data-path-to-node=\"10\"><b data-path-to-node=\"10\" data-index-in-node=\"0\">Robusto e confi\u00e1vel<\/b> Fabricado com materiais de qualidade automotiva. <b data-path-to-node=\"10\" data-index-in-node=\"46\">C\u00e9lulas prism\u00e1ticas de LiFePO4<\/b>, Ele fornece energia consistente com uma taxa de descarga cont\u00ednua de 100 A. A carca\u00e7a selada em ABS garante uma <b data-path-to-node=\"10\" data-index-in-node=\"173\">Classifica\u00e7\u00e3o de impermeabilidade IP65<\/b>, Garantindo confiabilidade em ambientes mar\u00edtimos \u00famidos ou locais industriais empoeirados. Seja para uma frota de carrinhos de golfe de 48V ou um banco de energia solar de reserva, esta bateria oferece mais de 10 anos de vida \u00fatil.<\/p>","protected":false},"excerpt":{"rendered":"<p>Fonte direta do fabricante: O <b data-path-to-node=\"6\" data-index-in-node=\"43\">S\u00e9rie BPE da Balder Power (Modelo: BPE-LF12100)<\/b> \u00c9 uma bateria LiFePO4 premium de 12V 100Ah com prote\u00e7\u00e3o \u00e0 prova d&#039;\u00e1gua IP65, monitoramento Bluetooth integrado e visor de voltagem LCD. Projetada como uma substituta robusta para baterias de chumbo-\u00e1cido do Grupo 31, oferece mais de 6000 ciclos e \u00e9 escal\u00e1vel para sistemas de 48V. Dispon\u00edvel a pre\u00e7os competitivos no atacado.<\/p>","protected":false},"featured_media":9366,"template":"","meta":{"_acf_changed":false,"nf_dc_page":"","site-sidebar-layout":"default","site-content-layout":"","ast-site-content-layout":"default","site-content-style":"default","site-sidebar-style":"default","ast-global-header-display":"","ast-banner-title-visibility":"","ast-main-header-display":"","ast-hfb-above-header-display":"","ast-hfb-below-header-display":"","ast-hfb-mobile-header-display":"","site-post-title":"","ast-breadcrumbs-content":"","ast-featured-img":"","footer-sml-layout":"","ast-disable-related-posts":"","theme-transparent-header-meta":"default","adv-header-id-meta":"","stick-header-meta":"default","header-above-stick-meta":"","header-main-stick-meta":"","header-below-stick-meta":"","astra-migrate-meta-layouts":"set","ast-page-background-enabled":"default","ast-page-background-meta":{"desktop":{"background-color":"","background-image":"","background-repeat":"repeat","background-position":"center center","background-size":"auto","background-attachment":"scroll","background-type":"","background-media":"","overlay-type":"","overlay-color":"","overlay-opacity":"","overlay-gradient":""},"tablet":{"background-color":"","background-image":"","background-repeat":"repeat","background-position":"center center","background-size":"auto","background-attachment":"scroll","background-type":"","background-media":"","overlay-type":"","overlay-color":"","overlay-opacity":"","overlay-gradient":""},"mobile":{"background-color":"","background-image":"","background-repeat":"repeat","background-position":"center center","background-size":"auto","background-attachment":"scroll","background-type":"","background-media":"","overlay-type":"","overlay-color":"","overlay-opacity":"","overlay-gradient":""}},"ast-content-background-meta":{"desktop":{"background-color":"var(--ast-global-color-5)","background-image":"","background-repeat":"repeat","background-position":"center center","background-size":"auto","background-attachment":"scroll","background-type":"","background-media":"","overlay-type":"","overlay-color":"","overlay-opacity":"","overlay-gradient":""},"tablet":{"background-color":"var(--ast-global-color-5)","background-image":"","background-repeat":"repeat","background-position":"center center","background-size":"auto","background-attachment":"scroll","background-type":"","background-media":"","overlay-type":"","overlay-color":"","overlay-opacity":"","overlay-gradient":""},"mobile":{"background-color":"var(--ast-global-color-5)","background-image":"","background-repeat":"repeat","background-position":"center center","background-size":"auto","background-attachment":"scroll","background-type":"","background-media":"","overlay-type":"","overlay-color":"","overlay-opacity":"","overlay-gradient":""}},"_joinchat":[]},"product_brand":[],"product_cat":[781],"product_tag":[902,901,898,896,280,272,897,903,899,900,876,895],"class_list":{"0":"post-9376","1":"product","2":"type-product","3":"status-publish","4":"has-post-thumbnail","6":"product_cat-lead-acid-replacement-battery","7":"product_tag-1280wh-energy-storage","8":"product_tag-48v-golf-cart-conversion","9":"product_tag-bluetooth-smart-bms","10":"product_tag-bpe-lf12100","11":"product_tag-bulk-battery-supplier","12":"product_tag-factory-direct-battery","13":"product_tag-group-31-lifepo4","14":"product_tag-ip65-rated-battery","15":"product_tag-lcd-screen-battery","16":"product_tag-marine-deep-cycle-battery","17":"product_tag-waterproof-lithium-battery","18":"product_tag-wholesale-12v-100ah-lifepo4","19":"desktop-align-left","20":"tablet-align-left","21":"mobile-align-left","22":"ast-product-gallery-layout-horizontal-slider","23":"ast-product-tabs-layout-horizontal","25":"first","26":"instock","27":"shipping-taxable","28":"product-type-simple"},"acf":[],"_links":{"self":[{"href":"https:\/\/www.balderpower.com\/pt_br\/wp-json\/wp\/v2\/product\/9376","targetHints":{"allow":["GET"]}}],"collection":[{"href":"https:\/\/www.balderpower.com\/pt_br\/wp-json\/wp\/v2\/product"}],"about":[{"href":"https:\/\/www.balderpower.com\/pt_br\/wp-json\/wp\/v2\/types\/product"}],"version-history":[{"count":0,"href":"https:\/\/www.balderpower.com\/pt_br\/wp-json\/wp\/v2\/product\/9376\/revisions"}],"wp:featuredmedia":[{"embeddable":true,"href":"https:\/\/www.balderpower.com\/pt_br\/wp-json\/wp\/v2\/media\/9366"}],"wp:attachment":[{"href":"https:\/\/www.balderpower.com\/pt_br\/wp-json\/wp\/v2\/media?parent=9376"}],"wp:term":[{"taxonomy":"product_brand","embeddable":true,"href":"https:\/\/www.balderpower.com\/pt_br\/wp-json\/wp\/v2\/product_brand?post=9376"},{"taxonomy":"product_cat","embeddable":true,"href":"https:\/\/www.balderpower.com\/pt_br\/wp-json\/wp\/v2\/product_cat?post=9376"},{"taxonomy":"product_tag","embeddable":true,"href":"https:\/\/www.balderpower.com\/pt_br\/wp-json\/wp\/v2\/product_tag?post=9376"}],"curies":[{"name":"wp","href":"https:\/\/api.w.org\/{rel}","templated":true}]}}