{"id":9333,"date":"2026-01-12T00:19:03","date_gmt":"2026-01-11T16:19:03","guid":{"rendered":"https:\/\/www.balderpower.com\/?post_type=product&#038;p=9333"},"modified":"2026-01-13T02:04:42","modified_gmt":"2026-01-12T18:04:42","slug":"bateria-lifepo4-12v-20ah-para-scooter-de-mobilidade-e-golfe-venda-por-atacado","status":"publish","type":"product","link":"https:\/\/www.balderpower.com\/pt_br\/12v-20ah-lifepo4-battery-mobility-scooter-golf-wholesale\/","title":{"rendered":"Bateria LiFePO4 12V 20Ah \u2013 Substitui\u00e7\u00e3o de ciclo profundo para scooters de mobilidade e carrinhos de golfe | Terminais M5 | Venda por atacado direto da f\u00e1brica"},"content":{"rendered":"<p data-path-to-node=\"12\"><b data-path-to-node=\"12\" data-index-in-node=\"0\">A escolha dos profissionais: atualiza\u00e7\u00e3o para bateria de l\u00edtio de 12V 20Ah<\/b><\/p>\n<p data-path-to-node=\"13\">Para aplica\u00e7\u00f5es onde peso e confiabilidade s\u00e3o cruciais, a bateria Balder Power 12V 20Ah LiFePO4 \u00e9 a solu\u00e7\u00e3o ideal. Enquanto as baterias tradicionais de chumbo-\u00e1cido seladas (SLA) s\u00e3o pesadas e sofrem com queda de tens\u00e3o, nossa tecnologia de l\u00edtio oferece pot\u00eancia constante, reduzindo o peso em quase 60%.<\/p>\n<p data-path-to-node=\"14\"><b data-path-to-node=\"14\" data-index-in-node=\"0\">Projetado para mobilidade e atividades ao ar livre.<\/b> Ao contr\u00e1rio das baterias gen\u00e9ricas, nosso modelo de 12V 20Ah foi projetado com <b data-path-to-node=\"14\" data-index-in-node=\"97\">Terminais de parafuso M5<\/b>. Essa \u00e9 uma caracter\u00edstica fundamental para aplica\u00e7\u00f5es com alta vibra\u00e7\u00e3o, como... <b data-path-to-node=\"14\" data-index-in-node=\"180\">cadeiras de rodas el\u00e9tricas e carrinhos de golfe<\/b>, garantindo uma conex\u00e3o segura e de alta corrente que n\u00e3o se solta como as conex\u00f5es F2 padr\u00e3o.<\/p>\n<p data-path-to-node=\"15\"><b data-path-to-node=\"15\" data-index-in-node=\"0\">Por que mudar para a bateria Balder Power de 20Ah?<\/b><\/p>\n<ul data-path-to-node=\"16\">\n<li>\n<p data-path-to-node=\"16,0,0\"><b data-path-to-node=\"16,0,0\" data-index-in-node=\"0\">Desempenho de ciclo profundo verdadeiro:<\/b> Utilize a bateria 100% de 20Ah sem danific\u00e1-la. Perfeita para alimentar... <b data-path-to-node=\"16,0,0\" data-index-in-node=\"110\">Garmin LiveScope<\/b> sistemas para um dia inteiro de pesca ou para completar 36 buracos no campo de golfe.<\/p>\n<\/li>\n<li>\n<p data-path-to-node=\"16,1,0\"><b data-path-to-node=\"16,1,0\" data-index-in-node=\"0\">Constru\u00eddo para durar (mais de 4000 ciclos):<\/b> Pare de trocar as baterias a cada esta\u00e7\u00e3o. Nossas c\u00e9lulas LiFePO4 de n\u00edvel automotivo t\u00eam vida \u00fatil estimada em mais de 10 anos, com garantia. <b data-path-to-node=\"16,1,0\" data-index-in-node=\"161\">Garantia do fabricante de 5 anos<\/b>.<\/p>\n<\/li>\n<li>\n<p data-path-to-node=\"16,2,0\"><b data-path-to-node=\"16,2,0\" data-index-in-node=\"0\">Vantagens de comprar direto da f\u00e1brica:<\/b> Como fabricante dedicado, garantimos um rigoroso controle de qualidade (testes de envelhecimento, correspond\u00eancia de voltagem) e oferecemos <b data-path-to-node=\"16,2,0\" data-index-in-node=\"130\">pre\u00e7os de atacado<\/b> Isso lhe d\u00e1 uma vantagem competitiva no mercado.<\/p>\n<\/li>\n<\/ul>","protected":false},"excerpt":{"rendered":"<p>Melhore seu equipamento com os produtos da Balder Power. <b data-path-to-node=\"8\" data-index-in-node=\"43\">Bateria LiFePO4 de 12V 20Ah<\/b>. Projetada como substituta direta para baterias de chumbo-\u00e1cido padr\u00e3o de 12V 18Ah-22Ah, ela pesa apenas <b data-path-to-node=\"8\" data-index-in-node=\"166\">2,8 kg<\/b> (em compara\u00e7\u00e3o com 6,5 kg SLA) e oferece <b data-path-to-node=\"8\" data-index-in-node=\"201\">256Wh<\/b> de pot\u00eancia consistente. Apresentando robustez <b data-path-to-node=\"8\" data-index-in-node=\"245\">Terminais de parafuso M5<\/b> para conex\u00f5es seguras e resistentes \u00e0 vibra\u00e7\u00e3o, <b data-path-to-node=\"8\" data-index-in-node=\"304\">Mais de 4000 ciclos<\/b>, e um <b data-path-to-node=\"8\" data-index-in-node=\"324\">Garantia de 5 anos<\/b>. Ideal para <b data-path-to-node=\"8\" data-index-in-node=\"351\">scooters de mobilidade, carrinhos de golfe el\u00e9tricos e grandes localizadores de peixes<\/b>. <b data-path-to-node=\"8\" data-index-in-node=\"418\">\u26a1 Pre\u00e7os especiais para compras em grande quantidade dispon\u00edveis para revendedores e fabricantes de equipamentos originais (OEMs).<\/b><\/p>","protected":false},"featured_media":9329,"template":"","meta":{"_acf_changed":false,"nf_dc_page":"","site-sidebar-layout":"default","site-content-layout":"","ast-site-content-layout":"default","site-content-style":"default","site-sidebar-style":"default","ast-global-header-display":"","ast-banner-title-visibility":"","ast-main-header-display":"","ast-hfb-above-header-display":"","ast-hfb-below-header-display":"","ast-hfb-mobile-header-display":"","site-post-title":"","ast-breadcrumbs-content":"","ast-featured-img":"","footer-sml-layout":"","ast-disable-related-posts":"","theme-transparent-header-meta":"default","adv-header-id-meta":"","stick-header-meta":"default","header-above-stick-meta":"","header-main-stick-meta":"","header-below-stick-meta":"","astra-migrate-meta-layouts":"set","ast-page-background-enabled":"default","ast-page-background-meta":{"desktop":{"background-color":"","background-image":"","background-repeat":"repeat","background-position":"center center","background-size":"auto","background-attachment":"scroll","background-type":"","background-media":"","overlay-type":"","overlay-color":"","overlay-opacity":"","overlay-gradient":""},"tablet":{"background-color":"","background-image":"","background-repeat":"repeat","background-position":"center center","background-size":"auto","background-attachment":"scroll","background-type":"","background-media":"","overlay-type":"","overlay-color":"","overlay-opacity":"","overlay-gradient":""},"mobile":{"background-color":"","background-image":"","background-repeat":"repeat","background-position":"center center","background-size":"auto","background-attachment":"scroll","background-type":"","background-media":"","overlay-type":"","overlay-color":"","overlay-opacity":"","overlay-gradient":""}},"ast-content-background-meta":{"desktop":{"background-color":"var(--ast-global-color-5)","background-image":"","background-repeat":"repeat","background-position":"center center","background-size":"auto","background-attachment":"scroll","background-type":"","background-media":"","overlay-type":"","overlay-color":"","overlay-opacity":"","overlay-gradient":""},"tablet":{"background-color":"var(--ast-global-color-5)","background-image":"","background-repeat":"repeat","background-position":"center center","background-size":"auto","background-attachment":"scroll","background-type":"","background-media":"","overlay-type":"","overlay-color":"","overlay-opacity":"","overlay-gradient":""},"mobile":{"background-color":"var(--ast-global-color-5)","background-image":"","background-repeat":"repeat","background-position":"center center","background-size":"auto","background-attachment":"scroll","background-type":"","background-media":"","overlay-type":"","overlay-color":"","overlay-opacity":"","overlay-gradient":""}},"_joinchat":[]},"product_brand":[],"product_cat":[781],"product_tag":[868,873,860,870,810,872,869,871],"class_list":{"0":"post-9333","1":"product","2":"type-product","3":"status-publish","4":"has-post-thumbnail","6":"product_cat-lead-acid-replacement-battery","7":"product_tag-12v-20ah","8":"product_tag-256wh","9":"product_tag-deep-cycle","10":"product_tag-golf-trolley-battery","11":"product_tag-lifepo4","12":"product_tag-m5-terminal","13":"product_tag-mobility-scooter-battery","14":"product_tag-wholesale","15":"desktop-align-left","16":"tablet-align-left","17":"mobile-align-left","18":"ast-product-gallery-layout-horizontal-slider","19":"ast-product-tabs-layout-horizontal","21":"first","22":"instock","23":"shipping-taxable","24":"product-type-simple"},"acf":[],"_links":{"self":[{"href":"https:\/\/www.balderpower.com\/pt_br\/wp-json\/wp\/v2\/product\/9333","targetHints":{"allow":["GET"]}}],"collection":[{"href":"https:\/\/www.balderpower.com\/pt_br\/wp-json\/wp\/v2\/product"}],"about":[{"href":"https:\/\/www.balderpower.com\/pt_br\/wp-json\/wp\/v2\/types\/product"}],"version-history":[{"count":0,"href":"https:\/\/www.balderpower.com\/pt_br\/wp-json\/wp\/v2\/product\/9333\/revisions"}],"wp:featuredmedia":[{"embeddable":true,"href":"https:\/\/www.balderpower.com\/pt_br\/wp-json\/wp\/v2\/media\/9329"}],"wp:attachment":[{"href":"https:\/\/www.balderpower.com\/pt_br\/wp-json\/wp\/v2\/media?parent=9333"}],"wp:term":[{"taxonomy":"product_brand","embeddable":true,"href":"https:\/\/www.balderpower.com\/pt_br\/wp-json\/wp\/v2\/product_brand?post=9333"},{"taxonomy":"product_cat","embeddable":true,"href":"https:\/\/www.balderpower.com\/pt_br\/wp-json\/wp\/v2\/product_cat?post=9333"},{"taxonomy":"product_tag","embeddable":true,"href":"https:\/\/www.balderpower.com\/pt_br\/wp-json\/wp\/v2\/product_tag?post=9333"}],"curies":[{"name":"wp","href":"https:\/\/api.w.org\/{rel}","templated":true}]}}