{"id":9315,"date":"2026-01-11T22:59:30","date_gmt":"2026-01-11T14:59:30","guid":{"rendered":"https:\/\/www.balderpower.com\/?post_type=product&#038;p=9315"},"modified":"2026-01-11T23:06:22","modified_gmt":"2026-01-11T15:06:22","slug":"bateria-lifepo4-12v-10ah-preco-de-fabrica-no-atacado","status":"publish","type":"product","link":"https:\/\/www.balderpower.com\/pt_br\/12v-10ah-lifepo4-battery-wholesale-factory-price\/","title":{"rendered":"Bateria LiFePO4 12V 10Ah \u2013 Atualiza\u00e7\u00e3o de Alta Densidade para Pulverizadores e Brinquedos | Pre\u00e7o de Atacado e Direto da F\u00e1brica"},"content":{"rendered":"<p data-path-to-node=\"13\"><b data-path-to-node=\"13\" data-index-in-node=\"0\">Mais pot\u00eancia, menos peso: a melhor atualiza\u00e7\u00e3o para bateria de l\u00edtio de 12V 10Ah.<\/b><\/p>\n<p data-path-to-node=\"14\">Pare de trocar suas baterias de chumbo-\u00e1cido todo ano. A Balder Power apresenta a <b data-path-to-node=\"14\" data-index-in-node=\"80\">Bateria LiFePO4 de 12V 10Ah<\/b>, uma bateria de substitui\u00e7\u00e3o direta projetada para profissionais e entusiastas que exigem energia confi\u00e1vel e duradoura. Utilizando tecnologia avan\u00e7ada de l\u00edtio de alta densidade, inclu\u00edmos <b data-path-to-node=\"14\" data-index-in-node=\"282\">10Ah de capacidade<\/b> na caixa padr\u00e3o de 150x65x94mm\u2014dando a voc\u00ea <b data-path-to-node=\"14\" data-index-in-node=\"347\">30-40% mais tempo de execu\u00e7\u00e3o<\/b> do que baterias padr\u00e3o de 7Ah ou 9Ah sem alterar o tamanho.<\/p>\n<p data-path-to-node=\"15\"><b data-path-to-node=\"15\" data-index-in-node=\"0\">Por que optar pela bateria Balder Power de 10Ah?<\/b><\/p>\n<ul data-path-to-node=\"16\">\n<li>\n<p data-path-to-node=\"16,0,0\"><b data-path-to-node=\"16,0,0\" data-index-in-node=\"0\">Ciclo Profundo Verdadeiro:<\/b> Ao contr\u00e1rio das baterias de chumbo-\u00e1cido, que param de funcionar se forem descarregadas em excesso, nossa tecnologia LiFePO4 permite uma profundidade de descarga de 100%, fornecendo tens\u00e3o consistente para seus localizadores de peixes e ferramentas at\u00e9 a \u00faltima gota de energia.<\/p>\n<\/li>\n<li>\n<p data-path-to-node=\"16,1,0\"><b data-path-to-node=\"16,1,0\" data-index-in-node=\"0\">Constru\u00eddo para durar:<\/b> Com um enorme <b data-path-to-node=\"16,1,0\" data-index-in-node=\"36\">Vida \u00fatil de mais de 4000 ciclos<\/b>, Esta bateria \u00e9 um investimento que se paga. Ela dura at\u00e9 10 vezes mais que as baterias SLA, sendo perfeita para equipamentos de uso di\u00e1rio, como... <b data-path-to-node=\"16,1,0\" data-index-in-node=\"204\">pulverizadores de mochila<\/b> e <b data-path-to-node=\"16,1,0\" data-index-in-node=\"226\">sistemas de ilumina\u00e7\u00e3o solar<\/b>.<\/p>\n<\/li>\n<li>\n<p data-path-to-node=\"16,2,0\"><b data-path-to-node=\"16,2,0\" data-index-in-node=\"0\">Seguran\u00e7a em primeiro lugar:<\/b> Equipado com um sofisticado <b data-path-to-node=\"16,2,0\" data-index-in-node=\"44\">Sistema de gerenciamento de bateria (BMS)<\/b>, Al\u00e9m disso, oferece prote\u00e7\u00e3o ativa contra sobrecarga, curto-circuito e temperaturas extremas.<\/p>\n<\/li>\n<li><b data-path-to-node=\"15,0,0\" data-index-in-node=\"0\">Pre\u00e7os de atacado direto da f\u00e1brica:<\/b> Oferecemos descontos progressivos por volume para distribuidores, integradores de sistemas e varejistas. Obtenha o melhor custo por unidade diretamente da fonte.<\/li>\n<li><b data-path-to-node=\"15,1,0\" data-index-in-node=\"0\">Qualidade aut\u00eantica do fabricante:<\/b> Nossas baterias de 10Ah s\u00e3o fabricadas com c\u00e9lulas de grau automotivo e passam por rigorosos testes de envelhecimento de controle de qualidade antes do envio.<\/li>\n<\/ul>\n<p data-path-to-node=\"17\">Se voc\u00ea estiver alimentando um <b data-path-to-node=\"17\" data-index-in-node=\"27\">Localizador de peixes Garmin<\/b> para um dia inteiro no lago ou para fazer um upgrade de <b data-path-to-node=\"17\" data-index-in-node=\"88\">Carrinhos el\u00e9tricos<\/b> Para maior tempo de uso, este carro possui a bateria mais potente da sua categoria.<\/p>","protected":false},"excerpt":{"rendered":"<p>Maximize o tempo de execu\u00e7\u00e3o com o Balder Power. <b data-path-to-node=\"8\" data-index-in-node=\"37\">Bateria LiFePO4 de 12V 10Ah<\/b>. Projetada como uma bateria de substitui\u00e7\u00e3o direta de alta densidade de 128Wh, ela pesa apenas <b data-path-to-node=\"8\" data-index-in-node=\"134\">1,2 kg<\/b> e entrega <b data-path-to-node=\"8\" data-index-in-node=\"153\">Mais de 4000 ciclos<\/b> com um <b data-path-to-node=\"8\" data-index-in-node=\"173\">Garantia de 5 anos<\/b>. Perfeito para <b data-path-to-node=\"8\" data-index-in-node=\"202\">pulverizadores agr\u00edcolas, localizadores de peixes e brinquedos de montar<\/b>. <b data-path-to-node=\"8\" data-index-in-node=\"257\">\u26a1 Comprando em grandes quantidades? Entre em contato conosco para obter pre\u00e7os de atacado direto da f\u00e1brica e personaliza\u00e7\u00e3o OEM.<\/b><\/p>","protected":false},"featured_media":9311,"template":"","meta":{"_acf_changed":false,"nf_dc_page":"","site-sidebar-layout":"default","site-content-layout":"","ast-site-content-layout":"default","site-content-style":"default","site-sidebar-style":"default","ast-global-header-display":"","ast-banner-title-visibility":"","ast-main-header-display":"","ast-hfb-above-header-display":"","ast-hfb-below-header-display":"","ast-hfb-mobile-header-display":"","site-post-title":"","ast-breadcrumbs-content":"","ast-featured-img":"","footer-sml-layout":"","ast-disable-related-posts":"","theme-transparent-header-meta":"default","adv-header-id-meta":"","stick-header-meta":"default","header-above-stick-meta":"","header-main-stick-meta":"","header-below-stick-meta":"","astra-migrate-meta-layouts":"set","ast-page-background-enabled":"default","ast-page-background-meta":{"desktop":{"background-color":"","background-image":"","background-repeat":"repeat","background-position":"center center","background-size":"auto","background-attachment":"scroll","background-type":"","background-media":"","overlay-type":"","overlay-color":"","overlay-opacity":"","overlay-gradient":""},"tablet":{"background-color":"","background-image":"","background-repeat":"repeat","background-position":"center center","background-size":"auto","background-attachment":"scroll","background-type":"","background-media":"","overlay-type":"","overlay-color":"","overlay-opacity":"","overlay-gradient":""},"mobile":{"background-color":"","background-image":"","background-repeat":"repeat","background-position":"center center","background-size":"auto","background-attachment":"scroll","background-type":"","background-media":"","overlay-type":"","overlay-color":"","overlay-opacity":"","overlay-gradient":""}},"ast-content-background-meta":{"desktop":{"background-color":"var(--ast-global-color-5)","background-image":"","background-repeat":"repeat","background-position":"center center","background-size":"auto","background-attachment":"scroll","background-type":"","background-media":"","overlay-type":"","overlay-color":"","overlay-opacity":"","overlay-gradient":""},"tablet":{"background-color":"var(--ast-global-color-5)","background-image":"","background-repeat":"repeat","background-position":"center center","background-size":"auto","background-attachment":"scroll","background-type":"","background-media":"","overlay-type":"","overlay-color":"","overlay-opacity":"","overlay-gradient":""},"mobile":{"background-color":"var(--ast-global-color-5)","background-image":"","background-repeat":"repeat","background-position":"center center","background-size":"auto","background-attachment":"scroll","background-type":"","background-media":"","overlay-type":"","overlay-color":"","overlay-opacity":"","overlay-gradient":""}},"_joinchat":[]},"product_brand":[],"product_cat":[781],"product_tag":[865,866,864,810,855,867,862],"class_list":{"0":"post-9315","1":"product","2":"type-product","3":"status-publish","4":"has-post-thumbnail","6":"product_cat-lead-acid-replacement-battery","7":"product_tag-12v-10ah","8":"product_tag-bulk-order","9":"product_tag-factory-price","10":"product_tag-lifepo4","11":"product_tag-oem-battery","12":"product_tag-sprayer-battery","13":"product_tag-wholesale-battery","14":"desktop-align-left","15":"tablet-align-left","16":"mobile-align-left","17":"ast-product-gallery-layout-horizontal-slider","18":"ast-product-tabs-layout-horizontal","20":"first","21":"instock","22":"shipping-taxable","23":"product-type-simple"},"acf":[],"_links":{"self":[{"href":"https:\/\/www.balderpower.com\/pt_br\/wp-json\/wp\/v2\/product\/9315","targetHints":{"allow":["GET"]}}],"collection":[{"href":"https:\/\/www.balderpower.com\/pt_br\/wp-json\/wp\/v2\/product"}],"about":[{"href":"https:\/\/www.balderpower.com\/pt_br\/wp-json\/wp\/v2\/types\/product"}],"version-history":[{"count":0,"href":"https:\/\/www.balderpower.com\/pt_br\/wp-json\/wp\/v2\/product\/9315\/revisions"}],"wp:featuredmedia":[{"embeddable":true,"href":"https:\/\/www.balderpower.com\/pt_br\/wp-json\/wp\/v2\/media\/9311"}],"wp:attachment":[{"href":"https:\/\/www.balderpower.com\/pt_br\/wp-json\/wp\/v2\/media?parent=9315"}],"wp:term":[{"taxonomy":"product_brand","embeddable":true,"href":"https:\/\/www.balderpower.com\/pt_br\/wp-json\/wp\/v2\/product_brand?post=9315"},{"taxonomy":"product_cat","embeddable":true,"href":"https:\/\/www.balderpower.com\/pt_br\/wp-json\/wp\/v2\/product_cat?post=9315"},{"taxonomy":"product_tag","embeddable":true,"href":"https:\/\/www.balderpower.com\/pt_br\/wp-json\/wp\/v2\/product_tag?post=9315"}],"curies":[{"name":"wp","href":"https:\/\/api.w.org\/{rel}","templated":true}]}}