{"id":9285,"date":"2026-01-11T16:41:55","date_gmt":"2026-01-11T08:41:55","guid":{"rendered":"https:\/\/www.balderpower.com\/?post_type=product&#038;p=9285"},"modified":"2026-01-11T22:01:54","modified_gmt":"2026-01-11T14:01:54","slug":"substituicao-de-bateria-lifepo4-de-12v-7ah","status":"publish","type":"product","link":"https:\/\/www.balderpower.com\/pt_br\/12v-7ah-lifepo4-battery-replacement\/","title":{"rendered":"Bateria LiFePO4 de 12V 7Ah \u2013 Substitui\u00e7\u00e3o de l\u00edtio de ciclo profundo para UPS, sistemas de alarme e localizadores de peixes | BMS integrado | Direto da f\u00e1brica"},"content":{"rendered":"<p data-path-to-node=\"12\"><b data-path-to-node=\"12\" data-index-in-node=\"0\">Energia confi\u00e1vel, redefinida: a melhor atualiza\u00e7\u00e3o para bateria de l\u00edtio de 12V 7Ah.<\/b><\/p>\n<p data-path-to-node=\"13\">Como fabricante profissional de baterias de l\u00edtio, a Balder Power apresenta a bateria LiFePO4 de 12V 7Ah, projetada para substituir diretamente as baterias SLA (chumbo-\u00e1cido seladas), que s\u00e3o pesadas e t\u00eam vida \u00fatil curta. Seja voc\u00ea um integrador de sistemas de seguran\u00e7a ou um distribuidor de eletr\u00f4nicos para uso externo, esta bateria oferece desempenho superior com zero manuten\u00e7\u00e3o.<\/p>\n<p data-path-to-node=\"14\">Ao contr\u00e1rio das baterias de chumbo-\u00e1cido que sofrem queda de tens\u00e3o sob carga, nossa tecnologia LiFePO4 mant\u00e9m um fornecimento de energia est\u00e1vel, garantindo que seus dispositivos funcionem por mais tempo e com maior efici\u00eancia. Constru\u00edda com uma estrutura robusta. <b data-path-to-node=\"14\" data-index-in-node=\"188\">Sistema de gerenciamento de bateria (BMS)<\/b>, Ele protege contra sobrecarga, descarga profunda e curto-circuito, tornando-se a op\u00e7\u00e3o mais segura para aplica\u00e7\u00f5es cr\u00edticas, como ilumina\u00e7\u00e3o de emerg\u00eancia e equipamentos m\u00e9dicos.<\/p>\n<p data-path-to-node=\"15\"><b data-path-to-node=\"15\" data-index-in-node=\"0\">Por que escolher Balder Power?<\/b><\/p>\n<ul data-path-to-node=\"16\">\n<li>\n<p data-path-to-node=\"16,0,0\"><b data-path-to-node=\"16,0,0\" data-index-in-node=\"0\">Pre\u00e7os direto da f\u00e1brica:<\/b> Elimine o intermedi\u00e1rio e obtenha pre\u00e7os de atacado competitivos.<\/p>\n<\/li>\n<li>\n<p data-path-to-node=\"16,1,0\"><b data-path-to-node=\"16,1,0\" data-index-in-node=\"0\">Personaliza\u00e7\u00e3o:<\/b> Oferecemos rotulagem OEM, cores de inv\u00f3lucro personalizadas e modifica\u00e7\u00f5es de terminais (F1\/F2).<\/p>\n<\/li>\n<li>\n<p data-path-to-node=\"16,2,0\"><b data-path-to-node=\"16,2,0\" data-index-in-node=\"0\">Garantia da Qualidade:<\/b> Cada unidade passa por rigorosos testes de envelhecimento e de compatibilidade de voltagem antes do envio.<\/p>\n<\/li>\n<\/ul>","protected":false},"excerpt":{"rendered":"<p>Aumente sua pot\u00eancia com a Balder Power <b data-path-to-node=\"8\" data-index-in-node=\"39\">Bateria LiFePO4 de 12V 7Ah<\/b>, a solu\u00e7\u00e3o definitiva para substituir as baterias tradicionais de chumbo-\u00e1cido, leve e pr\u00e1tica. Projetada com c\u00e9lulas premium de grau A e um BMS inteligente, ela oferece <b data-path-to-node=\"8\" data-index-in-node=\"213\">Mais de 4000 ciclos<\/b> (contra 300 para AGM), pesa apenas <b data-path-to-node=\"8\" data-index-in-node=\"257\">1,1 kg<\/b>, e oferece uma sa\u00edda est\u00e1vel de 12,8 V. Perfeito para <b data-path-to-node=\"8\" data-index-in-node=\"308\">Sistemas UPS, alarmes de seguran\u00e7a, localizadores de peixes e dispositivos m\u00e9dicos.<\/b>. Dispon\u00edvel para personaliza\u00e7\u00e3o com a marca do cliente (OEM) e pedidos em grandes quantidades no atacado.<\/p>","protected":false},"featured_media":9295,"template":"","meta":{"_acf_changed":false,"nf_dc_page":"","site-sidebar-layout":"default","site-content-layout":"","ast-site-content-layout":"default","site-content-style":"default","site-sidebar-style":"default","ast-global-header-display":"","ast-banner-title-visibility":"","ast-main-header-display":"","ast-hfb-above-header-display":"","ast-hfb-below-header-display":"","ast-hfb-mobile-header-display":"","site-post-title":"","ast-breadcrumbs-content":"","ast-featured-img":"","footer-sml-layout":"","ast-disable-related-posts":"","theme-transparent-header-meta":"default","adv-header-id-meta":"","stick-header-meta":"default","header-above-stick-meta":"","header-main-stick-meta":"","header-below-stick-meta":"","astra-migrate-meta-layouts":"set","ast-page-background-enabled":"default","ast-page-background-meta":{"desktop":{"background-color":"","background-image":"","background-repeat":"repeat","background-position":"center center","background-size":"auto","background-attachment":"scroll","background-type":"","background-media":"","overlay-type":"","overlay-color":"","overlay-opacity":"","overlay-gradient":""},"tablet":{"background-color":"","background-image":"","background-repeat":"repeat","background-position":"center center","background-size":"auto","background-attachment":"scroll","background-type":"","background-media":"","overlay-type":"","overlay-color":"","overlay-opacity":"","overlay-gradient":""},"mobile":{"background-color":"","background-image":"","background-repeat":"repeat","background-position":"center center","background-size":"auto","background-attachment":"scroll","background-type":"","background-media":"","overlay-type":"","overlay-color":"","overlay-opacity":"","overlay-gradient":""}},"ast-content-background-meta":{"desktop":{"background-color":"var(--ast-global-color-5)","background-image":"","background-repeat":"repeat","background-position":"center center","background-size":"auto","background-attachment":"scroll","background-type":"","background-media":"","overlay-type":"","overlay-color":"","overlay-opacity":"","overlay-gradient":""},"tablet":{"background-color":"var(--ast-global-color-5)","background-image":"","background-repeat":"repeat","background-position":"center center","background-size":"auto","background-attachment":"scroll","background-type":"","background-media":"","overlay-type":"","overlay-color":"","overlay-opacity":"","overlay-gradient":""},"mobile":{"background-color":"var(--ast-global-color-5)","background-image":"","background-repeat":"repeat","background-position":"center center","background-size":"auto","background-attachment":"scroll","background-type":"","background-media":"","overlay-type":"","overlay-color":"","overlay-opacity":"","overlay-gradient":""}},"_joinchat":[]},"product_brand":[],"product_cat":[781],"product_tag":[856,857,859,860,810,863,861,858,862],"class_list":{"0":"post-9285","1":"product","2":"type-product","3":"status-publish","4":"has-post-thumbnail","6":"product_cat-lead-acid-replacement-battery","7":"product_tag-12v-battery","8":"product_tag-7ah","9":"product_tag-alarm-battery","10":"product_tag-deep-cycle","11":"product_tag-lifepo4","12":"product_tag-oem-battery12v-7ah-lifepo4","13":"product_tag-sla-replacement","14":"product_tag-ups-battery","15":"product_tag-wholesale-battery","16":"desktop-align-left","17":"tablet-align-left","18":"mobile-align-left","19":"ast-product-gallery-layout-horizontal-slider","20":"ast-product-tabs-layout-horizontal","22":"first","23":"instock","24":"shipping-taxable","25":"product-type-simple"},"acf":[],"_links":{"self":[{"href":"https:\/\/www.balderpower.com\/pt_br\/wp-json\/wp\/v2\/product\/9285","targetHints":{"allow":["GET"]}}],"collection":[{"href":"https:\/\/www.balderpower.com\/pt_br\/wp-json\/wp\/v2\/product"}],"about":[{"href":"https:\/\/www.balderpower.com\/pt_br\/wp-json\/wp\/v2\/types\/product"}],"version-history":[{"count":0,"href":"https:\/\/www.balderpower.com\/pt_br\/wp-json\/wp\/v2\/product\/9285\/revisions"}],"wp:featuredmedia":[{"embeddable":true,"href":"https:\/\/www.balderpower.com\/pt_br\/wp-json\/wp\/v2\/media\/9295"}],"wp:attachment":[{"href":"https:\/\/www.balderpower.com\/pt_br\/wp-json\/wp\/v2\/media?parent=9285"}],"wp:term":[{"taxonomy":"product_brand","embeddable":true,"href":"https:\/\/www.balderpower.com\/pt_br\/wp-json\/wp\/v2\/product_brand?post=9285"},{"taxonomy":"product_cat","embeddable":true,"href":"https:\/\/www.balderpower.com\/pt_br\/wp-json\/wp\/v2\/product_cat?post=9285"},{"taxonomy":"product_tag","embeddable":true,"href":"https:\/\/www.balderpower.com\/pt_br\/wp-json\/wp\/v2\/product_tag?post=9285"}],"curies":[{"name":"wp","href":"https:\/\/api.w.org\/{rel}","templated":true}]}}