{"id":8779,"date":"2025-12-20T19:55:40","date_gmt":"2025-12-20T11:55:40","guid":{"rendered":"https:\/\/www.balderpower.com\/?post_type=product&#038;p=8779"},"modified":"2025-12-20T19:55:43","modified_gmt":"2025-12-20T11:55:43","slug":"bateria-de-rack-de-servidor-lifepo4-51-2v-300ah-15kwh","status":"publish","type":"product","link":"https:\/\/www.balderpower.com\/pt_br\/51-2v-300ah-lifepo4-server-rack-battery-15kwh\/","title":{"rendered":"Bateria LiFePO4 de 51,2 V e 300 Ah (15 kWh) para racks de servidores \u2013 Armazenamento de energia de alta densidade para sistemas solares e isolados da rede el\u00e9trica."},"content":{"rendered":"<p data-start=\"1267\" data-end=\"1342\"><strong data-start=\"1267\" data-end=\"1342\">Maximize o armazenamento, minimize o espa\u00e7o ocupado: a revolu\u00e7\u00e3o das baterias de rack LiFePO4 de 51,2 V e 300 Ah com capacidade de 15 kWh.<\/strong><\/p>\n<p data-start=\"1344\" data-end=\"1619\">A bateria para rack de servidores Balder Power LiFePO4 de 51,2 V e 300 Ah representa a pr\u00f3xima gera\u00e7\u00e3o de armazenamento de energia residencial e comercial. Com uma capacidade impressionante, ela oferece uma enorme autonomia. <strong data-start=\"1496\" data-end=\"1508\">15,36 kWh<\/strong> Ao concentrar toda a energia em um \u00fanico m\u00f3dulo, esta bateria foi projetada para simplificar a instala\u00e7\u00e3o e maximizar a densidade de energia.<\/p>\n<p data-start=\"1621\" data-end=\"1988\"><strong data-start=\"1621\" data-end=\"1646\">Por que atualizar para 300Ah?<\/strong><br \/>\nAs configura\u00e7\u00f5es tradicionais exigem o empilhamento de v\u00e1rias baterias de baixa capacidade para obter energia de reserva suficiente. Com nosso m\u00f3dulo de 300Ah, voc\u00ea pode reduzir significativamente o n\u00famero de baterias, cabos e conex\u00f5es necess\u00e1rias. Um simples empilhamento de 2 unidades fornece mais de <strong data-start=\"1900\" data-end=\"1918\">30 kWh de pot\u00eancia<\/strong>\u2014o suficiente para abastecer uma resid\u00eancia americana t\u00edpica por dias durante um apag\u00e3o.<\/p>\n<p data-start=\"1990\" data-end=\"2342\"><strong data-start=\"1990\" data-end=\"2022\">Confiabilidade de n\u00edvel industrial<\/strong><br \/>\nConstru\u00edda com uma robusta caixa met\u00e1lica e um Sistema de Gerenciamento de Bateria (BMS) inteligente, esta bateria lida com altas correntes de descarga cont\u00ednua sem esfor\u00e7o. \u00c9 a companheira perfeita para inversores h\u00edbridos de 12 kW e 15 kW, garantindo que voc\u00ea possa alimentar cargas pesadas, como condicionadores de ar e bombas, sem sobrecarregar o sistema.<\/p>\n<p data-start=\"2344\" data-end=\"2627\"><strong data-start=\"2344\" data-end=\"2368\">Integra\u00e7\u00e3o perfeita<\/strong><br \/>\nApesar de sua alta capacidade, ele se encaixa em gabinetes de servidor padr\u00e3o de 19 polegadas. A comunica\u00e7\u00e3o CAN Bus integrada se comunica diretamente com as principais marcas de inversores (Victron, Deye, Luxpower, etc.), permitindo o controle em circuito fechado para otimiza\u00e7\u00e3o do carregamento e seguran\u00e7a.<\/p>","protected":false},"excerpt":{"rendered":"<ul>\n<li data-start=\"569\" data-end=\"634\">\n<p data-start=\"573\" data-end=\"634\"><strong data-start=\"573\" data-end=\"583\">Modelo:<\/strong> M\u00f3dulo de ultra-alta capacidade de 51,2 V e 300 Ah (15,36 kWh).<\/p>\n<\/li>\n<li data-start=\"635\" data-end=\"718\">\n<p data-start=\"639\" data-end=\"718\"><strong data-start=\"639\" data-end=\"656\">Economia de espa\u00e7o:<\/strong> Substitui tr\u00eas m\u00f3dulos padr\u00e3o de 100Ah, economizando espa\u00e7o no rack 66%.<\/p>\n<\/li>\n<li data-start=\"719\" data-end=\"775\">\n<p data-start=\"723\" data-end=\"775\"><strong data-start=\"723\" data-end=\"737\">Tipo de c\u00e9lula:<\/strong> LiFePO4 prism\u00e1tico (Grau A EVE\/CATL).<\/p>\n<\/li>\n<li data-start=\"776\" data-end=\"844\">\n<p data-start=\"780\" data-end=\"844\"><strong data-start=\"780\" data-end=\"795\">Ciclo de vida:<\/strong> Mais de 6.000 ciclos a 80% DOD (vida \u00fatil projetada de mais de 15 anos).<\/p>\n<\/li>\n<li data-start=\"845\" data-end=\"921\">\n<p data-start=\"849\" data-end=\"921\"><strong data-start=\"849\" data-end=\"867\">Descarga m\u00e1xima:<\/strong> 150A-200A Cont\u00ednuos (Suporta inversores de alta pot\u00eancia).<\/p>\n<\/li>\n<li data-start=\"922\" data-end=\"995\">\n<p data-start=\"926\" data-end=\"995\"><strong data-start=\"926\" data-end=\"942\">Escalabilidade:<\/strong> Conecte em paralelo at\u00e9 15 unidades para sistemas massivos de 230 kWh ou mais.<\/p>\n<\/li>\n<li data-start=\"996\" data-end=\"1079\">\n<p data-start=\"1000\" data-end=\"1079\"><strong data-start=\"1000\" data-end=\"1018\">Comunica\u00e7\u00e3o:<\/strong> Compat\u00edvel com CAN e RS485 com Victron, Deye, Sol-Ark e Growatt.<\/p>\n<\/li>\n<li data-start=\"1080\" data-end=\"1175\">\n<p data-start=\"1084\" data-end=\"1175\"><strong data-start=\"1084\" data-end=\"1099\">Dimens\u00f5es:<\/strong> Largura padr\u00e3o do rack: 19 polegadas (Verifique a profundidade\/altura para o seu gabinete espec\u00edfico).<\/p>\n<\/li>\n<\/ul>","protected":false},"featured_media":8766,"template":"","meta":{"_acf_changed":false,"nf_dc_page":"","site-sidebar-layout":"default","site-content-layout":"","ast-site-content-layout":"default","site-content-style":"default","site-sidebar-style":"default","ast-global-header-display":"","ast-banner-title-visibility":"","ast-main-header-display":"","ast-hfb-above-header-display":"","ast-hfb-below-header-display":"","ast-hfb-mobile-header-display":"","site-post-title":"","ast-breadcrumbs-content":"","ast-featured-img":"","footer-sml-layout":"","ast-disable-related-posts":"","theme-transparent-header-meta":"default","adv-header-id-meta":"","stick-header-meta":"default","header-above-stick-meta":"","header-main-stick-meta":"","header-below-stick-meta":"","astra-migrate-meta-layouts":"set","ast-page-background-enabled":"default","ast-page-background-meta":{"desktop":{"background-color":"","background-image":"","background-repeat":"repeat","background-position":"center center","background-size":"auto","background-attachment":"scroll","background-type":"","background-media":"","overlay-type":"","overlay-color":"","overlay-opacity":"","overlay-gradient":""},"tablet":{"background-color":"","background-image":"","background-repeat":"repeat","background-position":"center center","background-size":"auto","background-attachment":"scroll","background-type":"","background-media":"","overlay-type":"","overlay-color":"","overlay-opacity":"","overlay-gradient":""},"mobile":{"background-color":"","background-image":"","background-repeat":"repeat","background-position":"center center","background-size":"auto","background-attachment":"scroll","background-type":"","background-media":"","overlay-type":"","overlay-color":"","overlay-opacity":"","overlay-gradient":""}},"ast-content-background-meta":{"desktop":{"background-color":"var(--ast-global-color-5)","background-image":"","background-repeat":"repeat","background-position":"center center","background-size":"auto","background-attachment":"scroll","background-type":"","background-media":"","overlay-type":"","overlay-color":"","overlay-opacity":"","overlay-gradient":""},"tablet":{"background-color":"var(--ast-global-color-5)","background-image":"","background-repeat":"repeat","background-position":"center center","background-size":"auto","background-attachment":"scroll","background-type":"","background-media":"","overlay-type":"","overlay-color":"","overlay-opacity":"","overlay-gradient":""},"mobile":{"background-color":"var(--ast-global-color-5)","background-image":"","background-repeat":"repeat","background-position":"center center","background-size":"auto","background-attachment":"scroll","background-type":"","background-media":"","overlay-type":"","overlay-color":"","overlay-opacity":"","overlay-gradient":""}},"_joinchat":[]},"product_brand":[],"product_cat":[782],"product_tag":[823,838,824,836,810,829,837],"class_list":{"0":"post-8779","1":"product","2":"type-product","3":"status-publish","4":"has-post-thumbnail","6":"product_cat-server-rack-lifepo4-battery","7":"product_tag-15kwh-battery","8":"product_tag-48v-300ah","9":"product_tag-51-2v-300ah","10":"product_tag-high-capacity","11":"product_tag-lifepo4","12":"product_tag-server-rack-battery","13":"product_tag-solar-storage","14":"desktop-align-left","15":"tablet-align-left","16":"mobile-align-left","17":"ast-product-gallery-layout-horizontal-slider","18":"ast-product-tabs-layout-horizontal","20":"first","21":"instock","22":"shipping-taxable","23":"product-type-simple"},"acf":[],"_links":{"self":[{"href":"https:\/\/www.balderpower.com\/pt_br\/wp-json\/wp\/v2\/product\/8779","targetHints":{"allow":["GET"]}}],"collection":[{"href":"https:\/\/www.balderpower.com\/pt_br\/wp-json\/wp\/v2\/product"}],"about":[{"href":"https:\/\/www.balderpower.com\/pt_br\/wp-json\/wp\/v2\/types\/product"}],"version-history":[{"count":0,"href":"https:\/\/www.balderpower.com\/pt_br\/wp-json\/wp\/v2\/product\/8779\/revisions"}],"wp:featuredmedia":[{"embeddable":true,"href":"https:\/\/www.balderpower.com\/pt_br\/wp-json\/wp\/v2\/media\/8766"}],"wp:attachment":[{"href":"https:\/\/www.balderpower.com\/pt_br\/wp-json\/wp\/v2\/media?parent=8779"}],"wp:term":[{"taxonomy":"product_brand","embeddable":true,"href":"https:\/\/www.balderpower.com\/pt_br\/wp-json\/wp\/v2\/product_brand?post=8779"},{"taxonomy":"product_cat","embeddable":true,"href":"https:\/\/www.balderpower.com\/pt_br\/wp-json\/wp\/v2\/product_cat?post=8779"},{"taxonomy":"product_tag","embeddable":true,"href":"https:\/\/www.balderpower.com\/pt_br\/wp-json\/wp\/v2\/product_tag?post=8779"}],"curies":[{"name":"wp","href":"https:\/\/api.w.org\/{rel}","templated":true}]}}