{"id":8764,"date":"2025-12-20T15:57:11","date_gmt":"2025-12-20T07:57:11","guid":{"rendered":"https:\/\/www.balderpower.com\/?post_type=product&#038;p=8764"},"modified":"2025-12-20T19:54:00","modified_gmt":"2025-12-20T11:54:00","slug":"bateria-de-rack-de-servidor-lifepo4-51-2v-200ah-10kwh","status":"publish","type":"product","link":"https:\/\/www.balderpower.com\/pt_br\/51-2v-200ah-lifepo4-server-rack-battery-10kwh\/","title":{"rendered":"Bateria LiFePO4 para rack de servidores, 51,2 V, 200 Ah e 10 kWh \u2013 Sistema de armazenamento de energia (ESS) escal\u00e1vel para energia solar e backup."},"content":{"rendered":"<p data-start=\"1155\" data-end=\"1230\"><strong data-start=\"1155\" data-end=\"1230\">Aumente sua independ\u00eancia energ\u00e9tica com a bateria de rack de 10 kWh da Balder Power.<\/strong><\/p>\n<p data-start=\"1232\" data-end=\"1557\">A bateria para rack de servidores Balder Power LiFePO4 de 51,2 V e 200 Ah \u00e9 a solu\u00e7\u00e3o definitiva para armazenamento de energia em sistemas solares residenciais, UPS comerciais e instala\u00e7\u00f5es isoladas da rede el\u00e9trica. Projetada para se encaixar em gabinetes de servidores padr\u00e3o de 19 polegadas, este m\u00f3dulo de 10,24 kWh oferece uma solu\u00e7\u00e3o de energia de alta densidade sem o volume das baterias de chumbo-\u00e1cido tradicionais.<\/p>\n<p><img fetchpriority=\"high\" decoding=\"async\" class=\"wp-image-8762 size-full\" src=\"https:\/\/balderpower.com\/wp-content\/uploads\/2025\/12\/hybrid-charging-modes-diagram-solar-grid-generator-compatible1.webp\" alt=\"Diagram of diverse charging modes for Balder Power 10kWh battery, showing compatibility with Grid, Diesel Generators, and Solar PV Micro-grids.\" width=\"1200\" height=\"1217\" srcset=\"https:\/\/www.balderpower.com\/wp-content\/uploads\/2025\/12\/hybrid-charging-modes-diagram-solar-grid-generator-compatible1.webp 1200w, https:\/\/www.balderpower.com\/wp-content\/uploads\/2025\/12\/hybrid-charging-modes-diagram-solar-grid-generator-compatible1-986x1000.webp 986w, https:\/\/www.balderpower.com\/wp-content\/uploads\/2025\/12\/hybrid-charging-modes-diagram-solar-grid-generator-compatible1-1010x1024.webp 1010w, https:\/\/www.balderpower.com\/wp-content\/uploads\/2025\/12\/hybrid-charging-modes-diagram-solar-grid-generator-compatible1-768x779.webp 768w, https:\/\/www.balderpower.com\/wp-content\/uploads\/2025\/12\/hybrid-charging-modes-diagram-solar-grid-generator-compatible1-12x12.webp 12w, https:\/\/www.balderpower.com\/wp-content\/uploads\/2025\/12\/hybrid-charging-modes-diagram-solar-grid-generator-compatible1-600x609.webp 600w, https:\/\/www.balderpower.com\/wp-content\/uploads\/2025\/12\/hybrid-charging-modes-diagram-solar-grid-generator-compatible1-100x100.webp 100w, https:\/\/www.balderpower.com\/wp-content\/uploads\/2025\/12\/hybrid-charging-modes-diagram-solar-grid-generator-compatible1-64x65.webp 64w\" sizes=\"(max-width: 1200px) 100vw, 1200px\" data-no-translation=\"\" \/><\/p>\n<p data-start=\"1559\" data-end=\"1879\"><strong data-start=\"1559\" data-end=\"1595\">Expans\u00e3o e escalabilidade perfeitas<\/strong><br \/>\nExpanda seu armazenamento de energia conforme suas necessidades aumentam. Nosso design &quot;escal\u00e1vel&quot; permite que os instaladores conectem at\u00e9 15 m\u00f3dulos de bateria em paralelo. Seja para um sistema de 10 kWh para uma casa inteligente ou um banco de 150 kWh para uma pequena f\u00e1brica, esta bateria se adapta facilmente, sem a necessidade de fia\u00e7\u00e3o complexa.<\/p>\n<p><img decoding=\"async\" class=\"size-full wp-image-8743\" src=\"https:\/\/balderpower.com\/wp-content\/uploads\/2025\/12\/10kwh-lifepo4-battery-key-features-smart-bms-6000-cycles.webp\" alt=\"Key features infographic of 51.2V 200Ah battery: Smart BMS, 6000+ cycles, ultra-thin compact size, plug-and-play installation, and CE\/UN38.3 certifications.\" width=\"1152\" height=\"928\" srcset=\"https:\/\/www.balderpower.com\/wp-content\/uploads\/2025\/12\/10kwh-lifepo4-battery-key-features-smart-bms-6000-cycles.webp 1152w, https:\/\/www.balderpower.com\/wp-content\/uploads\/2025\/12\/10kwh-lifepo4-battery-key-features-smart-bms-6000-cycles-1000x806.webp 1000w, https:\/\/www.balderpower.com\/wp-content\/uploads\/2025\/12\/10kwh-lifepo4-battery-key-features-smart-bms-6000-cycles-1024x825.webp 1024w, https:\/\/www.balderpower.com\/wp-content\/uploads\/2025\/12\/10kwh-lifepo4-battery-key-features-smart-bms-6000-cycles-768x619.webp 768w, https:\/\/www.balderpower.com\/wp-content\/uploads\/2025\/12\/10kwh-lifepo4-battery-key-features-smart-bms-6000-cycles-15x12.webp 15w, https:\/\/www.balderpower.com\/wp-content\/uploads\/2025\/12\/10kwh-lifepo4-battery-key-features-smart-bms-6000-cycles-600x483.webp 600w, https:\/\/www.balderpower.com\/wp-content\/uploads\/2025\/12\/10kwh-lifepo4-battery-key-features-smart-bms-6000-cycles-64x52.webp 64w\" sizes=\"(max-width: 1152px) 100vw, 1152px\" data-no-translation=\"\" \/><\/p>\n<p data-start=\"1881\" data-end=\"2246\"><strong data-start=\"1881\" data-end=\"1912\">Seguran\u00e7a em primeiro lugar com o BMS inteligente<\/strong><br \/>\nA seguran\u00e7a \u00e9 inegoci\u00e1vel. Cada unidade est\u00e1 equipada com um sistema avan\u00e7ado de gerenciamento de bateria (BMS) que equilibra ativamente as c\u00e9lulas e protege contra sobretens\u00e3o, subtens\u00e3o, curto-circuito e temperaturas extremas. O visor integrado no painel frontal fornece aos usu\u00e1rios informa\u00e7\u00f5es em tempo real sobre tens\u00e3o, corrente e estado de carga (SOC).<\/p>\n<p data-start=\"2248\" data-end=\"2526\"><strong data-start=\"2248\" data-end=\"2276\">Por que escolher Balder Power?<\/strong><br \/>\nComo fabricante dedicado de baterias de l\u00edtio, garantimos que cada unidade seja submetida a rigorosos testes de envelhecimento antes do envio. Oferecemos personaliza\u00e7\u00e3o completa para OEM\/ODM \u2014 desde a cor da carca\u00e7a at\u00e9 ajustes no protocolo BMS \u2014 ajudando voc\u00ea a construir sua pr\u00f3pria marca no mercado local.<\/p>","protected":false},"excerpt":{"rendered":"<ul>\n<li data-start=\"557\" data-end=\"613\">\n<p data-start=\"561\" data-end=\"613\"><strong data-start=\"561\" data-end=\"571\">Modelo:<\/strong> M\u00f3dulo para montagem em rack de 51,2 V e 200 Ah (10,24 kWh).<\/p>\n<\/li>\n<li data-start=\"614\" data-end=\"678\">\n<p data-start=\"618\" data-end=\"678\"><strong data-start=\"618\" data-end=\"638\">Tecnologia Celular:<\/strong> C\u00e9lulas prism\u00e1ticas de LiFePO4 de grau A (Tier 1).<\/p>\n<\/li>\n<li data-start=\"679\" data-end=\"747\">\n<p data-start=\"683\" data-end=\"747\"><strong data-start=\"683\" data-end=\"698\">Ciclo de vida:<\/strong> Mais de 6.000 ciclos a 80% DOD (vida \u00fatil projetada &gt; 15 anos).<\/p>\n<\/li>\n<li data-start=\"748\" data-end=\"827\">\n<p data-start=\"752\" data-end=\"827\"><strong data-start=\"752\" data-end=\"773\">BMS Intelligence:<\/strong> Sistema de gerenciamento predial (BMS) inteligente integrado com comunica\u00e7\u00e3o dupla CAN\/RS485.<\/p>\n<\/li>\n<li data-start=\"828\" data-end=\"896\">\n<p data-start=\"832\" data-end=\"896\"><strong data-start=\"832\" data-end=\"848\">Escalabilidade:<\/strong> Suporte para conex\u00e3o em paralelo de at\u00e9 15 unidades (total de 153 kWh).<\/p>\n<\/li>\n<li data-start=\"897\" data-end=\"1006\">\n<p data-start=\"901\" data-end=\"1006\"><strong data-start=\"901\" data-end=\"919\">Compatibilidade:<\/strong> Funciona perfeitamente com inversores Victron, Growatt, Deye, Luxpower e com a maioria dos inversores h\u00edbridos de 48V.<\/p>\n<\/li>\n<li data-start=\"1007\" data-end=\"1080\">\n<p data-start=\"1011\" data-end=\"1080\"><strong data-start=\"1011\" data-end=\"1024\">Garantia:<\/strong> 5 anos de garantia padr\u00e3o (garantia estendida dispon\u00edvel para fabricantes de equipamentos originais).<\/p>\n<\/li>\n<\/ul>","protected":false},"featured_media":8753,"template":"","meta":{"_acf_changed":false,"nf_dc_page":"","site-sidebar-layout":"default","site-content-layout":"","ast-site-content-layout":"default","site-content-style":"default","site-sidebar-style":"default","ast-global-header-display":"","ast-banner-title-visibility":"","ast-main-header-display":"","ast-hfb-above-header-display":"","ast-hfb-below-header-display":"","ast-hfb-mobile-header-display":"","site-post-title":"","ast-breadcrumbs-content":"","ast-featured-img":"","footer-sml-layout":"","ast-disable-related-posts":"","theme-transparent-header-meta":"default","adv-header-id-meta":"","stick-header-meta":"default","header-above-stick-meta":"","header-main-stick-meta":"","header-below-stick-meta":"","astra-migrate-meta-layouts":"set","ast-page-background-enabled":"default","ast-page-background-meta":{"desktop":{"background-color":"","background-image":"","background-repeat":"repeat","background-position":"center center","background-size":"auto","background-attachment":"scroll","background-type":"","background-media":"","overlay-type":"","overlay-color":"","overlay-opacity":"","overlay-gradient":""},"tablet":{"background-color":"","background-image":"","background-repeat":"repeat","background-position":"center center","background-size":"auto","background-attachment":"scroll","background-type":"","background-media":"","overlay-type":"","overlay-color":"","overlay-opacity":"","overlay-gradient":""},"mobile":{"background-color":"","background-image":"","background-repeat":"repeat","background-position":"center center","background-size":"auto","background-attachment":"scroll","background-type":"","background-media":"","overlay-type":"","overlay-color":"","overlay-opacity":"","overlay-gradient":""}},"ast-content-background-meta":{"desktop":{"background-color":"var(--ast-global-color-5)","background-image":"","background-repeat":"repeat","background-position":"center center","background-size":"auto","background-attachment":"scroll","background-type":"","background-media":"","overlay-type":"","overlay-color":"","overlay-opacity":"","overlay-gradient":""},"tablet":{"background-color":"var(--ast-global-color-5)","background-image":"","background-repeat":"repeat","background-position":"center center","background-size":"auto","background-attachment":"scroll","background-type":"","background-media":"","overlay-type":"","overlay-color":"","overlay-opacity":"","overlay-gradient":""},"mobile":{"background-color":"var(--ast-global-color-5)","background-image":"","background-repeat":"repeat","background-position":"center center","background-size":"auto","background-attachment":"scroll","background-type":"","background-media":"","overlay-type":"","overlay-color":"","overlay-opacity":"","overlay-gradient":""}},"_joinchat":[]},"product_brand":[],"product_cat":[782],"product_tag":[819,806,805,810,835,829,787],"class_list":{"0":"post-8764","1":"product","2":"type-product","3":"status-publish","4":"has-post-thumbnail","6":"product_cat-server-rack-lifepo4-battery","7":"product_tag-10kwh-battery","8":"product_tag-48v-lithium-battery","9":"product_tag-51-2v-battery","10":"product_tag-lifepo4","11":"product_tag-rack-mount","12":"product_tag-server-rack-battery","13":"product_tag-solar-energy-storage","14":"desktop-align-left","15":"tablet-align-left","16":"mobile-align-left","17":"ast-product-gallery-layout-horizontal-slider","18":"ast-product-tabs-layout-horizontal","20":"first","21":"instock","22":"shipping-taxable","23":"product-type-simple"},"acf":[],"_links":{"self":[{"href":"https:\/\/www.balderpower.com\/pt_br\/wp-json\/wp\/v2\/product\/8764","targetHints":{"allow":["GET"]}}],"collection":[{"href":"https:\/\/www.balderpower.com\/pt_br\/wp-json\/wp\/v2\/product"}],"about":[{"href":"https:\/\/www.balderpower.com\/pt_br\/wp-json\/wp\/v2\/types\/product"}],"version-history":[{"count":0,"href":"https:\/\/www.balderpower.com\/pt_br\/wp-json\/wp\/v2\/product\/8764\/revisions"}],"wp:featuredmedia":[{"embeddable":true,"href":"https:\/\/www.balderpower.com\/pt_br\/wp-json\/wp\/v2\/media\/8753"}],"wp:attachment":[{"href":"https:\/\/www.balderpower.com\/pt_br\/wp-json\/wp\/v2\/media?parent=8764"}],"wp:term":[{"taxonomy":"product_brand","embeddable":true,"href":"https:\/\/www.balderpower.com\/pt_br\/wp-json\/wp\/v2\/product_brand?post=8764"},{"taxonomy":"product_cat","embeddable":true,"href":"https:\/\/www.balderpower.com\/pt_br\/wp-json\/wp\/v2\/product_cat?post=8764"},{"taxonomy":"product_tag","embeddable":true,"href":"https:\/\/www.balderpower.com\/pt_br\/wp-json\/wp\/v2\/product_tag?post=8764"}],"curies":[{"name":"wp","href":"https:\/\/api.w.org\/{rel}","templated":true}]}}