{"id":8706,"date":"2025-12-18T01:08:21","date_gmt":"2025-12-17T17:08:21","guid":{"rendered":"https:\/\/www.balderpower.com\/?post_type=product&#038;p=8706"},"modified":"2025-12-18T01:23:51","modified_gmt":"2025-12-17T17:23:51","slug":"bateria-lifepo4-para-rack-de-servidor-51-2v-280ah-14kwh","status":"publish","type":"product","link":"https:\/\/www.balderpower.com\/pt_br\/51-2v-280ah-server-rack-lifepo4-battery-14kwh\/","title":{"rendered":"M\u00f3dulo de bateria LiFePO4 para rack de servidor 51,2 V 280 Ah (14,3 kWh) | Armazenamento de energia de n\u00edvel comercial"},"content":{"rendered":"<p data-start=\"1093\" data-end=\"1153\"><strong data-start=\"1093\" data-end=\"1153\">Maximize seu armazenamento de energia com a potente unidade de 14,3 kWh.<\/strong><\/p>\n<p data-start=\"1155\" data-end=\"1379\">O <strong data-start=\"1159\" data-end=\"1207\">Bateria para rack de servidor Balder Power 51,2V 280Ah<\/strong> Representa a pr\u00f3xima gera\u00e7\u00e3o de armazenamento de energia de l\u00edtio. Projetado para aplica\u00e7\u00f5es comerciais e residenciais de alta demanda, este m\u00f3dulo de 14,3 kWh redefine a densidade de energia.<\/p>\n<p data-start=\"1381\" data-end=\"1756\"><strong data-start=\"1381\" data-end=\"1406\">Por que atualizar para 280Ah?<\/strong><br \/>\nAs configura\u00e7\u00f5es tradicionais exigem a conex\u00e3o de v\u00e1rias baterias de 100Ah para atingir alta capacidade, o que resulta em fia\u00e7\u00e3o complexa e poss\u00edveis problemas de balanceamento. Nosso m\u00f3dulo de 280Ah resolve esse problema ao integrar v\u00e1rias baterias de 100Ah em um \u00fanico componente. <strong data-start=\"1590\" data-end=\"1620\">14,3 kWh em uma \u00fanica unidade<\/strong>. Voc\u00ea pode construir um enorme <strong data-start=\"1646\" data-end=\"1663\">Sistema de 229 kWh<\/strong> Ao conectar apenas 16 unidades em paralelo, economiza-se espa\u00e7o valioso no rack de servidores e tempo de instala\u00e7\u00e3o.<\/p>\n<p data-start=\"1758\" data-end=\"2170\"><strong data-start=\"1758\" data-end=\"1790\">Confiabilidade de n\u00edvel industrial<\/strong><br \/>\nEm sua ess\u00eancia, usamos <strong data-start=\"1811\" data-end=\"1846\">C\u00e9lulas prism\u00e1ticas de LiFePO4 de grau A<\/strong>\u2014a mesma tecnologia encontrada em ve\u00edculos el\u00e9tricos. Combinada com nossa tecnologia propriet\u00e1ria. <strong data-start=\"1925\" data-end=\"1966\">Sistema de gerenciamento de bateria inteligente (BMS)<\/strong>, A bateria \u00e9 ativamente protegida contra sobrecarga, descarga excessiva e temperaturas extremas. O visor integrado fornece diagn\u00f3sticos em tempo real, garantindo que seu sistema opere com m\u00e1xima efici\u00eancia.<\/p>\n<p data-start=\"2172\" data-end=\"2307\">Seja para autoconsumo de energia solar, redu\u00e7\u00e3o de picos de demanda ou energia de reserva cr\u00edtica, esta bateria fornece energia consistente, segura e escal\u00e1vel.<\/p>","protected":false},"excerpt":{"rendered":"<ul>\n<li data-start=\"458\" data-end=\"572\">\n<p data-start=\"462\" data-end=\"572\"><strong data-start=\"462\" data-end=\"483\">Capacidade massiva:<\/strong> Um \u00fanico m\u00f3dulo fornece <strong data-start=\"507\" data-end=\"518\">14,3 kWh<\/strong> Energia equivalente a tr\u00eas baterias padr\u00e3o de 100Ah.<\/p>\n<\/li>\n<li data-start=\"573\" data-end=\"676\">\n<p data-start=\"577\" data-end=\"676\"><strong data-start=\"577\" data-end=\"605\">C\u00e9lulas prism\u00e1ticas de grau A:<\/strong> Constru\u00eddo com c\u00e9lulas LiFePO4 de 280Ah de n\u00edvel automotivo para m\u00e1xima estabilidade.<\/p>\n<\/li>\n<li data-start=\"677\" data-end=\"770\">\n<p data-start=\"681\" data-end=\"770\"><strong data-start=\"681\" data-end=\"701\">Longo ciclo de vida:<\/strong> <strong data-start=\"702\" data-end=\"718\">\u22656000 ciclos<\/strong> Na vers\u00e3o 80% do Departamento de Defesa dos EUA, projetada para mais de 15 anos de vida \u00fatil.<\/p>\n<\/li>\n<li data-start=\"771\" data-end=\"901\">\n<p data-start=\"775\" data-end=\"901\"><strong data-start=\"775\" data-end=\"789\">BMS inteligente:<\/strong> O BMS integrado de 200A suporta comunica\u00e7\u00e3o CAN\/RS485\/RS232 com os principais inversores (Victron, Growatt, Deye, etc.).<\/p>\n<\/li>\n<li data-start=\"902\" data-end=\"1009\">\n<p data-start=\"906\" data-end=\"1009\"><strong data-start=\"906\" data-end=\"926\">Otimiza\u00e7\u00e3o do espa\u00e7o:<\/strong> O design de alta densidade energ\u00e9tica economiza espa\u00e7o no rack do servidor e reduz a complexidade da cablagem.<\/p>\n<\/li>\n<\/ul>","protected":false},"featured_media":8710,"template":"","meta":{"_acf_changed":false,"nf_dc_page":"","site-sidebar-layout":"default","site-content-layout":"","ast-site-content-layout":"default","site-content-style":"default","site-sidebar-style":"default","ast-global-header-display":"","ast-banner-title-visibility":"","ast-main-header-display":"","ast-hfb-above-header-display":"","ast-hfb-below-header-display":"","ast-hfb-mobile-header-display":"","site-post-title":"","ast-breadcrumbs-content":"","ast-featured-img":"","footer-sml-layout":"","ast-disable-related-posts":"","theme-transparent-header-meta":"default","adv-header-id-meta":"","stick-header-meta":"default","header-above-stick-meta":"","header-main-stick-meta":"","header-below-stick-meta":"","astra-migrate-meta-layouts":"set","ast-page-background-enabled":"default","ast-page-background-meta":{"desktop":{"background-color":"","background-image":"","background-repeat":"repeat","background-position":"center center","background-size":"auto","background-attachment":"scroll","background-type":"","background-media":"","overlay-type":"","overlay-color":"","overlay-opacity":"","overlay-gradient":""},"tablet":{"background-color":"","background-image":"","background-repeat":"repeat","background-position":"center center","background-size":"auto","background-attachment":"scroll","background-type":"","background-media":"","overlay-type":"","overlay-color":"","overlay-opacity":"","overlay-gradient":""},"mobile":{"background-color":"","background-image":"","background-repeat":"repeat","background-position":"center center","background-size":"auto","background-attachment":"scroll","background-type":"","background-media":"","overlay-type":"","overlay-color":"","overlay-opacity":"","overlay-gradient":""}},"ast-content-background-meta":{"desktop":{"background-color":"var(--ast-global-color-5)","background-image":"","background-repeat":"repeat","background-position":"center center","background-size":"auto","background-attachment":"scroll","background-type":"","background-media":"","overlay-type":"","overlay-color":"","overlay-opacity":"","overlay-gradient":""},"tablet":{"background-color":"var(--ast-global-color-5)","background-image":"","background-repeat":"repeat","background-position":"center center","background-size":"auto","background-attachment":"scroll","background-type":"","background-media":"","overlay-type":"","overlay-color":"","overlay-opacity":"","overlay-gradient":""},"mobile":{"background-color":"var(--ast-global-color-5)","background-image":"","background-repeat":"repeat","background-position":"center center","background-size":"auto","background-attachment":"scroll","background-type":"","background-media":"","overlay-type":"","overlay-color":"","overlay-opacity":"","overlay-gradient":""}},"_joinchat":[]},"product_brand":[],"product_cat":[782],"product_tag":[831,828,830,810,829,816],"class_list":{"0":"post-8706","1":"product","2":"type-product","3":"status-publish","4":"has-post-thumbnail","6":"product_cat-server-rack-lifepo4-battery","7":"product_tag-14-3kwh","8":"product_tag-51-2v-280ah","9":"product_tag-commercial-energy-storage","10":"product_tag-lifepo4","11":"product_tag-server-rack-battery","12":"product_tag-solar-battery-backup","13":"desktop-align-left","14":"tablet-align-left","15":"mobile-align-left","16":"ast-product-gallery-layout-horizontal-slider","17":"ast-product-tabs-layout-horizontal","19":"first","20":"instock","21":"shipping-taxable","22":"product-type-simple"},"acf":[],"_links":{"self":[{"href":"https:\/\/www.balderpower.com\/pt_br\/wp-json\/wp\/v2\/product\/8706","targetHints":{"allow":["GET"]}}],"collection":[{"href":"https:\/\/www.balderpower.com\/pt_br\/wp-json\/wp\/v2\/product"}],"about":[{"href":"https:\/\/www.balderpower.com\/pt_br\/wp-json\/wp\/v2\/types\/product"}],"version-history":[{"count":0,"href":"https:\/\/www.balderpower.com\/pt_br\/wp-json\/wp\/v2\/product\/8706\/revisions"}],"wp:featuredmedia":[{"embeddable":true,"href":"https:\/\/www.balderpower.com\/pt_br\/wp-json\/wp\/v2\/media\/8710"}],"wp:attachment":[{"href":"https:\/\/www.balderpower.com\/pt_br\/wp-json\/wp\/v2\/media?parent=8706"}],"wp:term":[{"taxonomy":"product_brand","embeddable":true,"href":"https:\/\/www.balderpower.com\/pt_br\/wp-json\/wp\/v2\/product_brand?post=8706"},{"taxonomy":"product_cat","embeddable":true,"href":"https:\/\/www.balderpower.com\/pt_br\/wp-json\/wp\/v2\/product_cat?post=8706"},{"taxonomy":"product_tag","embeddable":true,"href":"https:\/\/www.balderpower.com\/pt_br\/wp-json\/wp\/v2\/product_tag?post=8706"}],"curies":[{"name":"wp","href":"https:\/\/api.w.org\/{rel}","templated":true}]}}