{"id":8656,"date":"2025-12-10T23:52:58","date_gmt":"2025-12-10T15:52:58","guid":{"rendered":"https:\/\/www.balderpower.com\/?post_type=product&#038;p=8656"},"modified":"2025-12-10T23:53:37","modified_gmt":"2025-12-10T15:53:37","slug":"bateria-de-lifepo4-de-15-kwh-51-v-300-ah-para-montagem-na-parede","status":"publish","type":"product","link":"https:\/\/www.balderpower.com\/pt_br\/15kwh-51-2v-300ah-wall-mounted-lifepo4-battery\/","title":{"rendered":"Bateria LiFePO4 de 15 kWh para montagem na parede | Sistema de armazenamento de energia (ESS) dom\u00e9stico de alta capacidade de 51,2 V e 300 Ah"},"content":{"rendered":"<p data-start=\"2600\" data-end=\"2649\"><strong data-start=\"2600\" data-end=\"2649\">A solu\u00e7\u00e3o definitiva em energia para a vida moderna.<\/strong><\/p>\n<p data-start=\"2654\" data-end=\"2947\">Conhe\u00e7a o carro-chefe do armazenamento de energia residencial: o <strong data-start=\"2707\" data-end=\"2758\">Bateria de LiFePO4 de 15 kWh para montagem na parede da Balder Power<\/strong>. Como um especialista <strong data-start=\"2777\" data-end=\"2809\">Fabricante de baterias de l\u00edtio<\/strong>, Projetamos este sistema de 51,2 V e 300 Ah para atender \u00e0s crescentes demandas de energia das casas inteligentes modernas e \u00e0s necessidades de carregamento de ve\u00edculos el\u00e9tricos (VE).<\/p>\n<p data-start=\"2952\" data-end=\"2981\"><strong data-start=\"2952\" data-end=\"2981\">Por que escolher 15 kWh (300 Ah)?<\/strong><\/p>\n<ul data-start=\"2984\" data-end=\"3437\">\n<li data-start=\"2984\" data-end=\"3136\">\n<p data-start=\"2988\" data-end=\"3136\"><strong data-start=\"2988\" data-end=\"3009\">Efici\u00eancia de espa\u00e7o:<\/strong> Em vez de pendurar v\u00e1rias baterias pequenas na parede da sua garagem, uma \u00fanica unidade de 15 kWh proporciona uma apar\u00eancia mais limpa e minimalista.<\/p>\n<\/li>\n<li data-start=\"3139\" data-end=\"3244\">\n<p data-start=\"3143\" data-end=\"3244\"><strong data-start=\"3143\" data-end=\"3162\">Custo-benef\u00edcio:<\/strong> Menor custo por kWh em compara\u00e7\u00e3o com a compra de v\u00e1rias unidades menores, como gabinetes e sistemas de gest\u00e3o predial (BMS).<\/p>\n<\/li>\n<li data-start=\"3247\" data-end=\"3435\">\n<p data-start=\"3251\" data-end=\"3435\"><strong data-start=\"3251\" data-end=\"3273\">Alta pot\u00eancia de sa\u00edda:<\/strong> A capacidade de 300Ah suporta correntes de descarga cont\u00ednuas mais elevadas, permitindo que voc\u00ea utilize aparelhos de alta pot\u00eancia, como condicionadores de ar centrais e bombas de piscina, sem esfor\u00e7o.<\/p>\n<\/li>\n<\/ul>\n<p data-start=\"3440\" data-end=\"3670\"><strong data-start=\"3440\" data-end=\"3462\">Robusto e confi\u00e1vel:<\/strong><br \/>\nAlojada em uma robusta caixa met\u00e1lica, esta bateria foi projetada para suportar o uso di\u00e1rio intenso. Inclui um suporte de parede refor\u00e7ado para garantir uma fixa\u00e7\u00e3o segura, considerando seu peso consider\u00e1vel.<\/p>","protected":false},"excerpt":{"rendered":"<ul>\n<li data-start=\"433\" data-end=\"484\">\n<p data-start=\"437\" data-end=\"484\"><strong data-start=\"437\" data-end=\"456\">Energia nominal:<\/strong> 15,36 kWh (Capacidade enorme)<\/p>\n<\/li>\n<li data-start=\"485\" data-end=\"528\">\n<p data-start=\"489\" data-end=\"528\"><strong data-start=\"489\" data-end=\"508\">Tens\u00e3o do sistema:<\/strong> 51,2V (LiFePO4 16S)<\/p>\n<\/li>\n<li data-start=\"529\" data-end=\"552\">\n<p data-start=\"533\" data-end=\"552\"><strong data-start=\"533\" data-end=\"546\">Capacidade:<\/strong> 300Ah<\/p>\n<\/li>\n<li data-start=\"553\" data-end=\"606\">\n<p data-start=\"557\" data-end=\"606\"><strong data-start=\"557\" data-end=\"571\">Tipo de c\u00e9lula:<\/strong> C\u00e9lulas prism\u00e1ticas de grau automotivo A<\/p>\n<\/li>\n<li data-start=\"607\" data-end=\"649\">\n<p data-start=\"611\" data-end=\"649\"><strong data-start=\"611\" data-end=\"626\">Ciclo de vida:<\/strong> \u22656000 ciclos @ 80% DOD<\/p>\n<\/li>\n<li data-start=\"650\" data-end=\"721\">\n<p data-start=\"654\" data-end=\"721\"><strong data-start=\"654\" data-end=\"672\">Comunica\u00e7\u00e3o:<\/strong> CAN\/RS485 duplo (compat\u00edvel com Victron\/Deye\/Growatt)<\/p>\n<\/li>\n<li data-start=\"722\" data-end=\"779\">\n<p data-start=\"726\" data-end=\"779\"><strong data-start=\"726\" data-end=\"742\">Escalabilidade:<\/strong> Conex\u00e3o em paralelo de at\u00e9 15 unidades (m\u00e1ximo de 230 kWh)<\/p>\n<\/li>\n<li data-start=\"780\" data-end=\"829\">\n<p data-start=\"784\" data-end=\"829\"><strong data-start=\"784\" data-end=\"797\">Garantia:<\/strong> 5 anos (vida \u00fatil de projeto de mais de 10 anos)<\/p>\n<\/li>\n<\/ul>","protected":false},"featured_media":8637,"template":"","meta":{"_acf_changed":false,"nf_dc_page":"","site-sidebar-layout":"default","site-content-layout":"","ast-site-content-layout":"default","site-content-style":"default","site-sidebar-style":"default","ast-global-header-display":"","ast-banner-title-visibility":"","ast-main-header-display":"","ast-hfb-above-header-display":"","ast-hfb-below-header-display":"","ast-hfb-mobile-header-display":"","site-post-title":"","ast-breadcrumbs-content":"","ast-featured-img":"","footer-sml-layout":"","ast-disable-related-posts":"","theme-transparent-header-meta":"default","adv-header-id-meta":"","stick-header-meta":"default","header-above-stick-meta":"","header-main-stick-meta":"","header-below-stick-meta":"","astra-migrate-meta-layouts":"set","ast-page-background-enabled":"default","ast-page-background-meta":{"desktop":{"background-color":"","background-image":"","background-repeat":"repeat","background-position":"center center","background-size":"auto","background-attachment":"scroll","background-type":"","background-media":"","overlay-type":"","overlay-color":"","overlay-opacity":"","overlay-gradient":""},"tablet":{"background-color":"","background-image":"","background-repeat":"repeat","background-position":"center center","background-size":"auto","background-attachment":"scroll","background-type":"","background-media":"","overlay-type":"","overlay-color":"","overlay-opacity":"","overlay-gradient":""},"mobile":{"background-color":"","background-image":"","background-repeat":"repeat","background-position":"center center","background-size":"auto","background-attachment":"scroll","background-type":"","background-media":"","overlay-type":"","overlay-color":"","overlay-opacity":"","overlay-gradient":""}},"ast-content-background-meta":{"desktop":{"background-color":"var(--ast-global-color-5)","background-image":"","background-repeat":"repeat","background-position":"center center","background-size":"auto","background-attachment":"scroll","background-type":"","background-media":"","overlay-type":"","overlay-color":"","overlay-opacity":"","overlay-gradient":""},"tablet":{"background-color":"var(--ast-global-color-5)","background-image":"","background-repeat":"repeat","background-position":"center center","background-size":"auto","background-attachment":"scroll","background-type":"","background-media":"","overlay-type":"","overlay-color":"","overlay-opacity":"","overlay-gradient":""},"mobile":{"background-color":"var(--ast-global-color-5)","background-image":"","background-repeat":"repeat","background-position":"center center","background-size":"auto","background-attachment":"scroll","background-type":"","background-media":"","overlay-type":"","overlay-color":"","overlay-opacity":"","overlay-gradient":""}},"_joinchat":[]},"product_brand":[],"product_cat":[778],"product_tag":[823,806,824,827,812,825,814,811,810,826,817,815,816,794],"class_list":{"0":"post-8656","1":"product","2":"type-product","3":"status-publish","4":"has-post-thumbnail","6":"product_cat-wall-mounted-lifepo4-battery","7":"product_tag-15kwh-battery","8":"product_tag-48v-lithium-battery","9":"product_tag-51-2v-300ah","10":"product_tag-balder-power-electronic","11":"product_tag-deep-cycle-battery","12":"product_tag-high-capacity-ess","13":"product_tag-home-energy-storage","14":"product_tag-lfp-battery","15":"product_tag-lifepo4","16":"product_tag-luxury-home-battery","17":"product_tag-off-grid-system","18":"product_tag-residential-ess","19":"product_tag-solar-battery-backup","20":"product_tag-wall-mounted-battery","21":"desktop-align-left","22":"tablet-align-left","23":"mobile-align-left","24":"ast-product-gallery-layout-horizontal-slider","25":"ast-product-tabs-layout-horizontal","27":"first","28":"instock","29":"shipping-taxable","30":"product-type-simple"},"acf":[],"_links":{"self":[{"href":"https:\/\/www.balderpower.com\/pt_br\/wp-json\/wp\/v2\/product\/8656","targetHints":{"allow":["GET"]}}],"collection":[{"href":"https:\/\/www.balderpower.com\/pt_br\/wp-json\/wp\/v2\/product"}],"about":[{"href":"https:\/\/www.balderpower.com\/pt_br\/wp-json\/wp\/v2\/types\/product"}],"version-history":[{"count":0,"href":"https:\/\/www.balderpower.com\/pt_br\/wp-json\/wp\/v2\/product\/8656\/revisions"}],"wp:featuredmedia":[{"embeddable":true,"href":"https:\/\/www.balderpower.com\/pt_br\/wp-json\/wp\/v2\/media\/8637"}],"wp:attachment":[{"href":"https:\/\/www.balderpower.com\/pt_br\/wp-json\/wp\/v2\/media?parent=8656"}],"wp:term":[{"taxonomy":"product_brand","embeddable":true,"href":"https:\/\/www.balderpower.com\/pt_br\/wp-json\/wp\/v2\/product_brand?post=8656"},{"taxonomy":"product_cat","embeddable":true,"href":"https:\/\/www.balderpower.com\/pt_br\/wp-json\/wp\/v2\/product_cat?post=8656"},{"taxonomy":"product_tag","embeddable":true,"href":"https:\/\/www.balderpower.com\/pt_br\/wp-json\/wp\/v2\/product_tag?post=8656"}],"curies":[{"name":"wp","href":"https:\/\/api.w.org\/{rel}","templated":true}]}}