{"id":8620,"date":"2025-12-10T01:37:54","date_gmt":"2025-12-09T17:37:54","guid":{"rendered":"https:\/\/www.balderpower.com\/?post_type=product&#038;p=8620"},"modified":"2025-12-10T22:34:06","modified_gmt":"2025-12-10T14:34:06","slug":"bateria-lifepo4-de-10-kwh-51-v-200-ah-para-montagem-na-parede","status":"publish","type":"product","link":"https:\/\/www.balderpower.com\/pt_br\/10kwh-51-2v-200ah-wall-mounted-lifepo4-battery\/","title":{"rendered":"Bateria LiFePO4 de 10 kWh para montagem na parede | Sistema de armazenamento de energia residencial (ESS) de 51,2 V e 200 Ah"},"content":{"rendered":"<p data-start=\"2730\" data-end=\"2775\"><strong data-start=\"2730\" data-end=\"2775\">A solu\u00e7\u00e3o definitiva para backup de bateria residencial<\/strong><\/p>\n<p data-start=\"2780\" data-end=\"3039\">O <strong data-start=\"2784\" data-end=\"2835\">Bateria de parede Balder Power LiFePO4 de 10 kWh<\/strong> \u00e9 projetado para propriet\u00e1rios que exigem mais. Como profissional <strong data-start=\"2900\" data-end=\"2932\">Fabricante de baterias de l\u00edtio<\/strong>, Otimizamos este sistema de 51,2 V e 200 Ah para armazenamento de energia solar residencial e aplica\u00e7\u00f5es fora da rede.<\/p>\n<p data-start=\"3044\" data-end=\"3256\"><strong data-start=\"3044\" data-end=\"3081\">Por que escolher um m\u00f3dulo \u00fanico de 10 kWh?<\/strong><br \/>\nInstalar uma unidade de 10 kWh \u00e9 mais r\u00e1pido e eficiente do que ligar duas unidades de 5 kWh em s\u00e9rie. Isso economiza espa\u00e7o na parede, reduz os pontos de conex\u00e3o e simplifica o monitoramento do sistema.<\/p>\n<p data-start=\"3261\" data-end=\"3278\"><strong data-start=\"3261\" data-end=\"3278\">Aplica\u00e7\u00f5es:<\/strong><\/p>\n<ul data-start=\"3281\" data-end=\"3566\">\n<li data-start=\"3281\" data-end=\"3375\">\n<p data-start=\"3285\" data-end=\"3375\"><strong data-start=\"3285\" data-end=\"3306\">Autoconsumo:<\/strong> Armazene o excesso de energia solar durante o dia para alimentar sua casa \u00e0 noite.<\/p>\n<\/li>\n<li data-start=\"3378\" data-end=\"3477\">\n<p data-start=\"3382\" data-end=\"3477\"><strong data-start=\"3382\" data-end=\"3399\">Energia de reserva:<\/strong> Mantenha os aparelhos essenciais (luzes, geladeira, Wi-Fi) funcionando durante quedas de energia.<\/p>\n<\/li>\n<li data-start=\"3480\" data-end=\"3564\">\n<p data-start=\"3484\" data-end=\"3564\"><strong data-start=\"3484\" data-end=\"3501\">Barbear no auge:<\/strong> Descarregar durante os hor\u00e1rios de pico de tarifa reduz as contas de eletricidade.<\/p>\n<\/li>\n<\/ul>\n<p data-start=\"3569\" data-end=\"3679\">Com certifica\u00e7\u00f5es UN38.3, CE e MSDS, este robusto sistema de armazenamento de energia est\u00e1 pronto para envio global.<\/p>","protected":false},"excerpt":{"rendered":"<ul>\n<li data-start=\"404\" data-end=\"456\">\n<p data-start=\"408\" data-end=\"456\"><strong data-start=\"408\" data-end=\"418\">Modelo:<\/strong> 51,2V 200Ah (Energia Nominal de 10,24kWh)<\/p>\n<\/li>\n<li data-start=\"457\" data-end=\"515\">\n<p data-start=\"461\" data-end=\"515\"><strong data-start=\"461\" data-end=\"475\">Tipo de c\u00e9lula:<\/strong> C\u00e9lulas prism\u00e1ticas LiFePO4 de grau A premium<\/p>\n<\/li>\n<li data-start=\"516\" data-end=\"581\">\n<p data-start=\"520\" data-end=\"581\"><strong data-start=\"520\" data-end=\"535\">Ciclo de vida:<\/strong> \u22656000 ciclos a 80% DOD (vida \u00fatil de projeto de mais de 15 anos)<\/p>\n<\/li>\n<li data-start=\"582\" data-end=\"685\">\n<p data-start=\"586\" data-end=\"685\"><strong data-start=\"586\" data-end=\"603\">Protocolo BMS:<\/strong> Sistema de gerenciamento de bateria (BMS) inteligente integrado (CAN\/RS485), compat\u00edvel com Victron, Deye, Growatt, SMA, etc.<\/p>\n<\/li>\n<li data-start=\"686\" data-end=\"754\">\n<p data-start=\"690\" data-end=\"754\"><strong data-start=\"690\" data-end=\"706\">Escalabilidade:<\/strong> Suporta at\u00e9 15 unidades em paralelo (m\u00e1ximo de 150 kWh)<\/p>\n<\/li>\n<li data-start=\"755\" data-end=\"833\">\n<p data-start=\"759\" data-end=\"833\"><strong data-start=\"759\" data-end=\"770\">Projeto:<\/strong> Carca\u00e7a met\u00e1lica robusta e resistente para gerenciamento t\u00e9rmico superior.<\/p>\n<\/li>\n<li data-start=\"834\" data-end=\"884\">\n<p data-start=\"838\" data-end=\"884\"><strong data-start=\"838\" data-end=\"851\">Garantia:<\/strong> 5 anos (prorrog\u00e1vel at\u00e9 10 anos)<\/p>\n<\/li>\n<\/ul>","protected":false},"featured_media":8605,"template":"","meta":{"_acf_changed":false,"nf_dc_page":"","site-sidebar-layout":"default","site-content-layout":"","ast-site-content-layout":"default","site-content-style":"default","site-sidebar-style":"default","ast-global-header-display":"","ast-banner-title-visibility":"","ast-main-header-display":"","ast-hfb-above-header-display":"","ast-hfb-below-header-display":"","ast-hfb-mobile-header-display":"","site-post-title":"","ast-breadcrumbs-content":"","ast-featured-img":"","footer-sml-layout":"","ast-disable-related-posts":"","theme-transparent-header-meta":"default","adv-header-id-meta":"","stick-header-meta":"default","header-above-stick-meta":"","header-main-stick-meta":"","header-below-stick-meta":"","astra-migrate-meta-layouts":"set","ast-page-background-enabled":"default","ast-page-background-meta":{"desktop":{"background-color":"","background-image":"","background-repeat":"repeat","background-position":"center center","background-size":"auto","background-attachment":"scroll","background-type":"","background-media":"","overlay-type":"","overlay-color":"","overlay-opacity":"","overlay-gradient":""},"tablet":{"background-color":"","background-image":"","background-repeat":"repeat","background-position":"center center","background-size":"auto","background-attachment":"scroll","background-type":"","background-media":"","overlay-type":"","overlay-color":"","overlay-opacity":"","overlay-gradient":""},"mobile":{"background-color":"","background-image":"","background-repeat":"repeat","background-position":"center center","background-size":"auto","background-attachment":"scroll","background-type":"","background-media":"","overlay-type":"","overlay-color":"","overlay-opacity":"","overlay-gradient":""}},"ast-content-background-meta":{"desktop":{"background-color":"var(--ast-global-color-5)","background-image":"","background-repeat":"repeat","background-position":"center center","background-size":"auto","background-attachment":"scroll","background-type":"","background-media":"","overlay-type":"","overlay-color":"","overlay-opacity":"","overlay-gradient":""},"tablet":{"background-color":"var(--ast-global-color-5)","background-image":"","background-repeat":"repeat","background-position":"center center","background-size":"auto","background-attachment":"scroll","background-type":"","background-media":"","overlay-type":"","overlay-color":"","overlay-opacity":"","overlay-gradient":""},"mobile":{"background-color":"var(--ast-global-color-5)","background-image":"","background-repeat":"repeat","background-position":"center center","background-size":"auto","background-attachment":"scroll","background-type":"","background-media":"","overlay-type":"","overlay-color":"","overlay-opacity":"","overlay-gradient":""}},"_joinchat":[]},"product_brand":[],"product_cat":[778],"product_tag":[819,822,806,820,812,821,814,811,810,817,818,815,816,794],"class_list":{"0":"post-8620","1":"product","2":"type-product","3":"status-publish","4":"has-post-thumbnail","6":"product_cat-wall-mounted-lifepo4-battery","7":"product_tag-10kwh-battery","8":"product_tag-200ah-lithium-battery","9":"product_tag-48v-lithium-battery","10":"product_tag-51-2v-200ah","11":"product_tag-deep-cycle-battery","12":"product_tag-high-capacity-battery","13":"product_tag-home-energy-storage","14":"product_tag-lfp-battery","15":"product_tag-lifepo4","16":"product_tag-off-grid-system","17":"product_tag-powerwall-alternative","18":"product_tag-residential-ess","19":"product_tag-solar-battery-backup","20":"product_tag-wall-mounted-battery","21":"desktop-align-left","22":"tablet-align-left","23":"mobile-align-left","24":"ast-product-gallery-layout-horizontal-slider","25":"ast-product-tabs-layout-horizontal","27":"first","28":"instock","29":"shipping-taxable","30":"product-type-simple"},"acf":[],"_links":{"self":[{"href":"https:\/\/www.balderpower.com\/pt_br\/wp-json\/wp\/v2\/product\/8620","targetHints":{"allow":["GET"]}}],"collection":[{"href":"https:\/\/www.balderpower.com\/pt_br\/wp-json\/wp\/v2\/product"}],"about":[{"href":"https:\/\/www.balderpower.com\/pt_br\/wp-json\/wp\/v2\/types\/product"}],"version-history":[{"count":0,"href":"https:\/\/www.balderpower.com\/pt_br\/wp-json\/wp\/v2\/product\/8620\/revisions"}],"wp:featuredmedia":[{"embeddable":true,"href":"https:\/\/www.balderpower.com\/pt_br\/wp-json\/wp\/v2\/media\/8605"}],"wp:attachment":[{"href":"https:\/\/www.balderpower.com\/pt_br\/wp-json\/wp\/v2\/media?parent=8620"}],"wp:term":[{"taxonomy":"product_brand","embeddable":true,"href":"https:\/\/www.balderpower.com\/pt_br\/wp-json\/wp\/v2\/product_brand?post=8620"},{"taxonomy":"product_cat","embeddable":true,"href":"https:\/\/www.balderpower.com\/pt_br\/wp-json\/wp\/v2\/product_cat?post=8620"},{"taxonomy":"product_tag","embeddable":true,"href":"https:\/\/www.balderpower.com\/pt_br\/wp-json\/wp\/v2\/product_tag?post=8620"}],"curies":[{"name":"wp","href":"https:\/\/api.w.org\/{rel}","templated":true}]}}