{"id":4750,"date":"2022-11-17T15:11:49","date_gmt":"2022-11-17T07:11:49","guid":{"rendered":"https:\/\/gjt.lpf.mybluehost.me\/website_cd5134ed\/?post_type=product&#038;p=4750"},"modified":"2026-03-06T15:52:37","modified_gmt":"2026-03-06T07:52:37","slug":"bateria-a1382-para-macbook-pro-de-15-polegadas-a1286-venda-por-atacado","status":"publish","type":"product","link":"https:\/\/www.balderpower.com\/pt_br\/a1382-battery-macbook-pro-15-inch-a1286-wholesale\/","title":{"rendered":"Bateria A1382 para MacBook Pro 15\u2033 A1286 (2011-2012) | Venda por atacado direto da f\u00e1brica"},"content":{"rendered":"<h2 data-start=\"2273\" data-end=\"2350\">Bateria de substitui\u00e7\u00e3o profissional A1382 para MacBook Pro de 15 polegadas (2011-2012)<\/h2>\n<p data-start=\"2352\" data-end=\"2647\">Recupere o poder da esta\u00e7\u00e3o de trabalho Unibody cl\u00e1ssica com a Balder Power. <strong data-start=\"2425\" data-end=\"2442\">Bateria A1382<\/strong>. Projetado especificamente para o <strong data-start=\"2476\" data-end=\"2550\">MacBook Pro de 15 polegadas A1286 (modelos do in\u00edcio de 2011, final de 2011 e meados de 2012)<\/strong>, Esta bateria \u00e9 a solu\u00e7\u00e3o definitiva para corrigir avisos de &quot;Bateria com defeito&quot; e autonomias curtas.<\/p>\n<p data-start=\"2649\" data-end=\"3053\">Como l\u00edder <strong data-start=\"2662\" data-end=\"2690\">Baterias para laptop no atacado<\/strong> Como fabricantes na China, priorizamos a estabilidade e a durabilidade. Ao contr\u00e1rio das baterias de reposi\u00e7\u00e3o de baixo custo que se degradam em poucos meses, nossa bateria A1382 utiliza tecnologia de ponta. <strong data-start=\"2848\" data-end=\"2881\">C\u00e9lulas de pol\u00edmero de l\u00edtio de grau A<\/strong> para corresponder \u00e0 especifica\u00e7\u00e3o original da Apple de <strong data-start=\"2927\" data-end=\"2947\">77,5 Wh (7200 mAh)<\/strong>. Isso garante que seus clientes obtenham a dura\u00e7\u00e3o de bateria esperada para edi\u00e7\u00e3o de v\u00eddeo, programa\u00e7\u00e3o e trabalhos de design.<\/p>\n<h3 data-start=\"6529\" data-end=\"6578\">\ud83d\udcbb Lista de compatibilidade (verifique antes de fazer o pedido)<\/h3>\n<p data-start=\"6580\" data-end=\"6709\"><em data-start=\"6580\" data-end=\"6709\">Aten\u00e7\u00e3o: Esta bateria \u00e9 compat\u00edvel com <strong data-start=\"6610\" data-end=\"6629\">A1286 2011-2012<\/strong> Apenas para modelos A1286. N\u00c3O serve nos modelos de 2009\/2010 (que usam a bateria A1321).<\/em><\/p>\n<p data-start=\"6711\" data-end=\"6753\"><strong data-start=\"6711\" data-end=\"6753\">Modelos de MacBook Pro de 15 polegadas compat\u00edveis:<\/strong><\/p>\n<ul data-start=\"6754\" data-end=\"6925\">\n<li data-start=\"6754\" data-end=\"6794\">\n<p data-start=\"6758\" data-end=\"6794\"><strong data-start=\"6758\" data-end=\"6773\">In\u00edcio de 2011:<\/strong> MC721LL\/A, MC723LL\/A<\/p>\n<\/li>\n<li data-start=\"6795\" data-end=\"6834\">\n<p data-start=\"6799\" data-end=\"6834\"><strong data-start=\"6799\" data-end=\"6813\">Final de 2011:<\/strong> MD318LL\/A, MD322LL\/A<\/p>\n<\/li>\n<li data-start=\"6835\" data-end=\"6873\">\n<p data-start=\"6839\" data-end=\"6873\"><strong data-start=\"6839\" data-end=\"6852\">Meados de 2012:<\/strong> MD103LL\/A, MD104LL\/A<\/p>\n<\/li>\n<li data-start=\"6874\" data-end=\"6925\">\n<p data-start=\"6878\" data-end=\"6925\"><strong data-start=\"6878\" data-end=\"6896\">Modelo da m\u00e1quina:<\/strong> A1286 (EMC 2417, 2563, 2556)<\/p>\n<\/li>\n<\/ul>","protected":false},"excerpt":{"rendered":"<ul>\n<li data-start=\"1585\" data-end=\"1766\">\n<p data-start=\"1589\" data-end=\"1766\"><strong data-start=\"1589\" data-end=\"1766\">Bateria de alto desempenho de 77,5 Wh A1382 para MacBook Pro 15\u2033 A1286 (2011-2012) com c\u00e9lulas de pol\u00edmero de grau A. Pre\u00e7os de atacado direto da f\u00e1brica com garantia de qualidade ISO9001.<\/strong><\/p>\n<\/li>\n<li data-start=\"1767\" data-end=\"1829\">\n<p data-start=\"1771\" data-end=\"1829\"><strong data-start=\"1771\" data-end=\"1789\">Capacidade real:<\/strong> 7200mAh \/ 77,5Wh (Capacidade Nominal Real).<\/p>\n<\/li>\n<li data-start=\"1830\" data-end=\"1882\">\n<p data-start=\"1834\" data-end=\"1882\"><strong data-start=\"1834\" data-end=\"1846\">Tens\u00e3o:<\/strong> 10,95 V (Sa\u00edda est\u00e1vel para Core i7).<\/p>\n<\/li>\n<li data-start=\"1883\" data-end=\"1967\">\n<p data-start=\"1887\" data-end=\"1967\"><strong data-start=\"1887\" data-end=\"1905\">Compatibilidade:<\/strong> Compat\u00edvel com MacBook Pro 15\u2033 Unibody in\u00edcio de 2011, final de 2011 e meados de 2012.<\/p>\n<\/li>\n<li data-start=\"1968\" data-end=\"2033\">\n<p data-start=\"1972\" data-end=\"2033\"><strong data-start=\"1972\" data-end=\"1986\">Tipo de c\u00e9lula:<\/strong> Bateria de pol\u00edmero de l\u00edtio premium (ciclo zero, \u00e0 base de cobalto).<\/p>\n<\/li>\n<li data-start=\"2034\" data-end=\"2111\">\n<p data-start=\"2038\" data-end=\"2111\"><strong data-start=\"2038\" data-end=\"2054\">Servi\u00e7o B2B:<\/strong> Baixa quantidade m\u00ednima de encomenda, etiquetagem OEM, envio r\u00e1pido (certifica\u00e7\u00e3o UN38.3).<\/p>\n<\/li>\n<li data-start=\"2112\" data-end=\"2177\">\n<p data-start=\"2116\" data-end=\"2177\"><strong data-start=\"2116\" data-end=\"2129\">Garantia:<\/strong> Garantia de substitui\u00e7\u00e3o de 12 meses para atacadistas.<\/p>\n<\/li>\n<\/ul>","protected":false},"featured_media":10796,"template":"","meta":{"_acf_changed":false,"nf_dc_page":"","site-sidebar-layout":"default","site-content-layout":"default","ast-site-content-layout":"default","site-content-style":"default","site-sidebar-style":"default","ast-global-header-display":"","ast-banner-title-visibility":"","ast-main-header-display":"","ast-hfb-above-header-display":"","ast-hfb-below-header-display":"","ast-hfb-mobile-header-display":"","site-post-title":"","ast-breadcrumbs-content":"","ast-featured-img":"","footer-sml-layout":"","ast-disable-related-posts":"","theme-transparent-header-meta":"default","adv-header-id-meta":"","stick-header-meta":"default","header-above-stick-meta":"","header-main-stick-meta":"","header-below-stick-meta":"","astra-migrate-meta-layouts":"set","ast-page-background-enabled":"default","ast-page-background-meta":{"desktop":{"background-color":"","background-image":"","background-repeat":"repeat","background-position":"center center","background-size":"auto","background-attachment":"scroll","background-type":"","background-media":"","overlay-type":"","overlay-color":"","overlay-opacity":"","overlay-gradient":""},"tablet":{"background-color":"","background-image":"","background-repeat":"repeat","background-position":"center center","background-size":"auto","background-attachment":"scroll","background-type":"","background-media":"","overlay-type":"","overlay-color":"","overlay-opacity":"","overlay-gradient":""},"mobile":{"background-color":"","background-image":"","background-repeat":"repeat","background-position":"center center","background-size":"auto","background-attachment":"scroll","background-type":"","background-media":"","overlay-type":"","overlay-color":"","overlay-opacity":"","overlay-gradient":""}},"ast-content-background-meta":{"desktop":{"background-color":"var(--ast-global-color-5)","background-image":"","background-repeat":"repeat","background-position":"center center","background-size":"auto","background-attachment":"scroll","background-type":"","background-media":"","overlay-type":"","overlay-color":"","overlay-opacity":"","overlay-gradient":""},"tablet":{"background-color":"var(--ast-global-color-5)","background-image":"","background-repeat":"repeat","background-position":"center center","background-size":"auto","background-attachment":"scroll","background-type":"","background-media":"","overlay-type":"","overlay-color":"","overlay-opacity":"","overlay-gradient":""},"mobile":{"background-color":"var(--ast-global-color-5)","background-image":"","background-repeat":"repeat","background-position":"center center","background-size":"auto","background-attachment":"scroll","background-type":"","background-media":"","overlay-type":"","overlay-color":"","overlay-opacity":"","overlay-gradient":""}},"_joinchat":[]},"product_brand":[],"product_cat":[125],"product_tag":[455,146,454,147,1030,1224,457,1032,456,1034,148,453,1033,451,1035,145,1031],"class_list":{"0":"post-4750","1":"product","2":"type-product","3":"status-publish","4":"has-post-thumbnail","6":"product_cat-macbook-battery-wholesale-china","7":"product_tag-10-95v-77-5wh-laptop-battery","8":"product_tag-10-95v-laptop-battery","9":"product_tag-a1286-replacement-battery","10":"product_tag-a1382-battery","11":"product_tag-a1382-manufacturer","12":"product_tag-apple","13":"product_tag-bulk-li-polymer-battery","14":"product_tag-factory-direct-price","15":"product_tag-factory-wholesale-apple-battery","16":"product_tag-it-repair-shop-supply","17":"product_tag-macbook-a1286-battery","18":"product_tag-macbook-a1382-battery","19":"product_tag-macbook-pro-refurbishing","20":"product_tag-no-moq-macbook-battery","21":"product_tag-school-laptop-maintenance","22":"product_tag-wholesale-10-95v-77-5wh-laptop-battery-for-macbook-a1382-a1286","23":"product_tag-wholesale-macbook-parts","24":"desktop-align-left","25":"tablet-align-left","26":"mobile-align-left","27":"ast-product-gallery-layout-horizontal-slider","28":"ast-product-tabs-layout-horizontal","30":"first","31":"instock","32":"shipping-taxable","33":"purchasable","34":"product-type-simple"},"acf":[],"_links":{"self":[{"href":"https:\/\/www.balderpower.com\/pt_br\/wp-json\/wp\/v2\/product\/4750","targetHints":{"allow":["GET"]}}],"collection":[{"href":"https:\/\/www.balderpower.com\/pt_br\/wp-json\/wp\/v2\/product"}],"about":[{"href":"https:\/\/www.balderpower.com\/pt_br\/wp-json\/wp\/v2\/types\/product"}],"version-history":[{"count":4,"href":"https:\/\/www.balderpower.com\/pt_br\/wp-json\/wp\/v2\/product\/4750\/revisions"}],"predecessor-version":[{"id":10805,"href":"https:\/\/www.balderpower.com\/pt_br\/wp-json\/wp\/v2\/product\/4750\/revisions\/10805"}],"wp:featuredmedia":[{"embeddable":true,"href":"https:\/\/www.balderpower.com\/pt_br\/wp-json\/wp\/v2\/media\/10796"}],"wp:attachment":[{"href":"https:\/\/www.balderpower.com\/pt_br\/wp-json\/wp\/v2\/media?parent=4750"}],"wp:term":[{"taxonomy":"product_brand","embeddable":true,"href":"https:\/\/www.balderpower.com\/pt_br\/wp-json\/wp\/v2\/product_brand?post=4750"},{"taxonomy":"product_cat","embeddable":true,"href":"https:\/\/www.balderpower.com\/pt_br\/wp-json\/wp\/v2\/product_cat?post=4750"},{"taxonomy":"product_tag","embeddable":true,"href":"https:\/\/www.balderpower.com\/pt_br\/wp-json\/wp\/v2\/product_tag?post=4750"}],"curies":[{"name":"wp","href":"https:\/\/api.w.org\/{rel}","templated":true}]}}