{"id":4724,"date":"2022-11-17T09:21:41","date_gmt":"2022-11-17T01:21:41","guid":{"rendered":"https:\/\/gjt.lpf.mybluehost.me\/website_cd5134ed\/?post_type=product&#038;p=4724"},"modified":"2026-03-06T15:52:42","modified_gmt":"2026-03-06T07:52:42","slug":"bateria-a1383-para-macbook-pro-de-17-polegadas-a1297-venda-por-atacado","status":"publish","type":"product","link":"https:\/\/www.balderpower.com\/pt_br\/a1383-battery-macbook-pro-17-inch-a1297-wholesale\/","title":{"rendered":"Bateria A1383 para MacBook Pro 17\u2033 A1297 (In\u00edcio\/Final de 2011) | Venda por Atacado Direto da F\u00e1brica"},"content":{"rendered":"<h2 data-start=\"2241\" data-end=\"2308\">Bateria Premium A1383 de substitui\u00e7\u00e3o para MacBook Pro de 17 polegadas (2011)<\/h2>\n<p data-start=\"2310\" data-end=\"2565\">Revitalize a esta\u00e7\u00e3o de trabalho cl\u00e1ssica de 17 polegadas com os produtos da Balder Power. <strong data-start=\"2373\" data-end=\"2390\">Bateria A1383<\/strong>. Projetado especificamente para o <strong data-start=\"2422\" data-end=\"2491\">MacBook Pro 17\u2033 Unibody A1297 (vers\u00f5es do in\u00edcio de 2011 e do final de 2011)<\/strong>, Esta bateria restaura o desempenho original de f\u00e1brica do maior laptop da Apple.<\/p>\n<p data-start=\"2567\" data-end=\"2919\">Como um especialista <strong data-start=\"2584\" data-end=\"2612\">Baterias para laptop no atacado<\/strong> Como fabricantes, entendemos que os usu\u00e1rios do A1297 precisam de energia consistente para renderiza\u00e7\u00e3o e processamento pesado. Ao contr\u00e1rio de alternativas baratas que se degradam rapidamente, nosso <strong data-start=\"2771\" data-end=\"2800\">Substitui\u00e7\u00e3o da bateria A1383<\/strong> utiliza c\u00e9lulas de pol\u00edmero de alta densidade para corresponder ao original <strong data-start=\"2855\" data-end=\"2863\">95Wh<\/strong> especifica\u00e7\u00e3o, garantindo confiabilidade de n\u00edvel profissional.<\/p>\n<h3 data-start=\"6211\" data-end=\"6255\">\ud83d\udcbb Lista de compatibilidade (verifique seu modelo)<\/h3>\n<p data-start=\"6257\" data-end=\"6365\"><em data-start=\"6257\" data-end=\"6365\">Importante: Esta bateria \u00e9 SOMENTE para os modelos de 2011. Ela N\u00c3O serve nos modelos A1297 de 2009\/2010 (que usam a bateria A1309).<\/em><\/p>\n<p data-start=\"6367\" data-end=\"6409\"><strong data-start=\"6367\" data-end=\"6409\">Modelos de MacBook Pro de 17 polegadas compat\u00edveis:<\/strong><\/p>\n<ul data-start=\"6410\" data-end=\"6644\">\n<li data-start=\"6410\" data-end=\"6495\">\n<p data-start=\"6414\" data-end=\"6495\"><strong data-start=\"6414\" data-end=\"6445\">MacBook Pro 17\u2033 In\u00edcio de 2011:<\/strong> MC725LL\/A, MC725*\/A, MC725B\/A, MC725J\/A, MC725E\/A<\/p>\n<\/li>\n<li data-start=\"6496\" data-end=\"6580\">\n<p data-start=\"6500\" data-end=\"6580\"><strong data-start=\"6500\" data-end=\"6530\">MacBook Pro 17\u2033 Final de 2011:<\/strong> MD311LL\/A, MD311*\/A, MD311B\/A, MD311J\/A, MD311E\/A<\/p>\n<\/li>\n<li data-start=\"6581\" data-end=\"6644\">\n<p data-start=\"6585\" data-end=\"6644\"><strong data-start=\"6585\" data-end=\"6609\">N\u00famero do modelo do dispositivo:<\/strong> A1297 (Verificar EMC 2352-1, EMC 2564)<\/p>\n<\/li>\n<\/ul>","protected":false},"excerpt":{"rendered":"<ul>\n<li data-start=\"1551\" data-end=\"1730\">\n<p data-start=\"1555\" data-end=\"1730\"><strong data-start=\"1555\" data-end=\"1730\">Bateria A1383 de alta capacidade (95Wh) para MacBook Pro 17\u2033 A1297 (in\u00edcio\/final de 2011) com c\u00e9lulas de pol\u00edmero de primeira linha. Pre\u00e7o de atacado direto da f\u00e1brica com certifica\u00e7\u00e3o ISO9001 e 12 meses de garantia.<\/strong><\/p>\n<\/li>\n<li data-start=\"1731\" data-end=\"1809\">\n<p data-start=\"1735\" data-end=\"1809\"><strong data-start=\"1735\" data-end=\"1748\">Capacidade:<\/strong> Bateria real de 95Wh \/ 8436mAh (Alto desempenho para esta\u00e7\u00f5es de trabalho de 17&quot;).<\/p>\n<\/li>\n<li data-start=\"1810\" data-end=\"1850\">\n<p data-start=\"1814\" data-end=\"1850\"><strong data-start=\"1814\" data-end=\"1826\">Tens\u00e3o:<\/strong> 10,95V (Sa\u00edda est\u00e1vel).<\/p>\n<\/li>\n<li data-start=\"1851\" data-end=\"1903\">\n<p data-start=\"1855\" data-end=\"1903\"><strong data-start=\"1855\" data-end=\"1870\">Grau de C\u00e9lula:<\/strong> Pol\u00edmero de l\u00edtio de grau A (ciclo zero).<\/p>\n<\/li>\n<li data-start=\"1904\" data-end=\"2001\">\n<p data-start=\"1908\" data-end=\"2001\"><strong data-start=\"1908\" data-end=\"1926\">Compatibilidade:<\/strong> Exclusivo para MacBook Pro Unibody de 17 polegadas <strong data-start=\"1969\" data-end=\"1984\">Modelos de 2011<\/strong> (MC725 \/ MD311).<\/p>\n<\/li>\n<li data-start=\"2002\" data-end=\"2066\">\n<p data-start=\"2006\" data-end=\"2066\"><strong data-start=\"2006\" data-end=\"2017\">Seguran\u00e7a:<\/strong> Prote\u00e7\u00e3o integrada contra sobrecarga e curto-circuito.<\/p>\n<\/li>\n<li data-start=\"2067\" data-end=\"2145\">\n<p data-start=\"2071\" data-end=\"2145\"><strong data-start=\"2071\" data-end=\"2092\">Apoio empresarial:<\/strong> Pre\u00e7os de atacado, envio em grandes quantidades (Certifica\u00e7\u00e3o UN38.3).<\/p>\n<\/li>\n<\/ul>\n<p>&nbsp;<\/p>\n<div id=\"gtx-trans\" style=\"position: absolute; left: -166px; top: -3px;\">\n<div class=\"gtx-trans-icon\"><\/div>\n<\/div>","protected":false},"featured_media":10780,"template":"","meta":{"_acf_changed":false,"nf_dc_page":"","site-sidebar-layout":"default","site-content-layout":"default","ast-site-content-layout":"default","site-content-style":"default","site-sidebar-style":"default","ast-global-header-display":"","ast-banner-title-visibility":"","ast-main-header-display":"","ast-hfb-above-header-display":"","ast-hfb-below-header-display":"","ast-hfb-mobile-header-display":"","site-post-title":"","ast-breadcrumbs-content":"","ast-featured-img":"","footer-sml-layout":"","ast-disable-related-posts":"","theme-transparent-header-meta":"default","adv-header-id-meta":"","stick-header-meta":"default","header-above-stick-meta":"","header-main-stick-meta":"","header-below-stick-meta":"","astra-migrate-meta-layouts":"set","ast-page-background-enabled":"default","ast-page-background-meta":{"desktop":{"background-color":"","background-image":"","background-repeat":"repeat","background-position":"center center","background-size":"auto","background-attachment":"scroll","background-type":"","background-media":"","overlay-type":"","overlay-color":"","overlay-opacity":"","overlay-gradient":""},"tablet":{"background-color":"","background-image":"","background-repeat":"repeat","background-position":"center center","background-size":"auto","background-attachment":"scroll","background-type":"","background-media":"","overlay-type":"","overlay-color":"","overlay-opacity":"","overlay-gradient":""},"mobile":{"background-color":"","background-image":"","background-repeat":"repeat","background-position":"center center","background-size":"auto","background-attachment":"scroll","background-type":"","background-media":"","overlay-type":"","overlay-color":"","overlay-opacity":"","overlay-gradient":""}},"ast-content-background-meta":{"desktop":{"background-color":"var(--ast-global-color-5)","background-image":"","background-repeat":"repeat","background-position":"center center","background-size":"auto","background-attachment":"scroll","background-type":"","background-media":"","overlay-type":"","overlay-color":"","overlay-opacity":"","overlay-gradient":""},"tablet":{"background-color":"var(--ast-global-color-5)","background-image":"","background-repeat":"repeat","background-position":"center center","background-size":"auto","background-attachment":"scroll","background-type":"","background-media":"","overlay-type":"","overlay-color":"","overlay-opacity":"","overlay-gradient":""},"mobile":{"background-color":"var(--ast-global-color-5)","background-image":"","background-repeat":"repeat","background-position":"center center","background-size":"auto","background-attachment":"scroll","background-type":"","background-media":"","overlay-type":"","overlay-color":"","overlay-opacity":"","overlay-gradient":""}},"_joinchat":[]},"product_brand":[],"product_cat":[125],"product_tag":[470,142,467,1027,1224,256,141,466,1028,419,469,1029,367,468],"class_list":{"0":"post-4724","1":"product","2":"type-product","3":"status-publish","4":"has-post-thumbnail","6":"product_cat-macbook-battery-wholesale-china","7":"product_tag-8650mah-macbook-battery","8":"product_tag-a1383-battery","9":"product_tag-a1383-laptop-battery","10":"product_tag-a1383-wholesale","11":"product_tag-apple","12":"product_tag-bulk-laptop-batteries","13":"product_tag-laptop-battery-for-macbook-a1297-a1383","14":"product_tag-macbook-pro-a1297-battery","15":"product_tag-macbook-pro-battery-factory","16":"product_tag-no-moq-battery-supplier","17":"product_tag-oem-custom-battery","18":"product_tag-repair-parts-supplier","19":"product_tag-repair-shop-battery-supplier","20":"product_tag-wholesale-battery-factory-price","21":"desktop-align-left","22":"tablet-align-left","23":"mobile-align-left","24":"ast-product-gallery-layout-horizontal-slider","25":"ast-product-tabs-layout-horizontal","27":"first","28":"instock","29":"shipping-taxable","30":"purchasable","31":"product-type-simple"},"acf":[],"_links":{"self":[{"href":"https:\/\/www.balderpower.com\/pt_br\/wp-json\/wp\/v2\/product\/4724","targetHints":{"allow":["GET"]}}],"collection":[{"href":"https:\/\/www.balderpower.com\/pt_br\/wp-json\/wp\/v2\/product"}],"about":[{"href":"https:\/\/www.balderpower.com\/pt_br\/wp-json\/wp\/v2\/types\/product"}],"version-history":[{"count":4,"href":"https:\/\/www.balderpower.com\/pt_br\/wp-json\/wp\/v2\/product\/4724\/revisions"}],"predecessor-version":[{"id":10791,"href":"https:\/\/www.balderpower.com\/pt_br\/wp-json\/wp\/v2\/product\/4724\/revisions\/10791"}],"wp:featuredmedia":[{"embeddable":true,"href":"https:\/\/www.balderpower.com\/pt_br\/wp-json\/wp\/v2\/media\/10780"}],"wp:attachment":[{"href":"https:\/\/www.balderpower.com\/pt_br\/wp-json\/wp\/v2\/media?parent=4724"}],"wp:term":[{"taxonomy":"product_brand","embeddable":true,"href":"https:\/\/www.balderpower.com\/pt_br\/wp-json\/wp\/v2\/product_brand?post=4724"},{"taxonomy":"product_cat","embeddable":true,"href":"https:\/\/www.balderpower.com\/pt_br\/wp-json\/wp\/v2\/product_cat?post=4724"},{"taxonomy":"product_tag","embeddable":true,"href":"https:\/\/www.balderpower.com\/pt_br\/wp-json\/wp\/v2\/product_tag?post=4724"}],"curies":[{"name":"wp","href":"https:\/\/api.w.org\/{rel}","templated":true}]}}