{"id":4706,"date":"2022-11-15T21:16:55","date_gmt":"2022-11-15T13:16:55","guid":{"rendered":"https:\/\/gjt.lpf.mybluehost.me\/website_cd5134ed\/?post_type=product&#038;p=4706"},"modified":"2026-03-06T15:52:44","modified_gmt":"2026-03-06T07:52:44","slug":"bateria-a1406-a1495-para-macbook-air-de-11-polegadas-venda-por-atacado","status":"publish","type":"product","link":"https:\/\/www.balderpower.com\/pt_br\/a1406-a1495-battery-macbook-air-11-inch-wholesale\/","title":{"rendered":"Bateria A1406 A1495 para MacBook Air de 11 polegadas (A1370\/A1465) | Venda por atacado direto da f\u00e1brica"},"content":{"rendered":"<h2 data-start=\"2353\" data-end=\"2424\">Bateria de substitui\u00e7\u00e3o profissional para MacBook Air de 11 polegadas (2011-2015)<\/h2>\n<p data-start=\"2426\" data-end=\"2753\">Procurando por um servi\u00e7o confi\u00e1vel <strong data-start=\"2449\" data-end=\"2479\">Fabricante de baterias A1370<\/strong> Ou fornecedor para sua empresa de reparos? A Balder Power oferece alto desempenho. <strong data-start=\"2557\" data-end=\"2598\">Bateria A1406 para MacBook Air de 11 polegadas<\/strong> e o modelo A1495 compat\u00edvel. Projetadas para longa vida \u00fatil e estabilidade, nossas baterias s\u00e3o a escolha preferida de atacadistas e redes de reparo em todo o mundo.<\/p>\n<p data-start=\"2755\" data-end=\"2956\">Ao contr\u00e1rio das baterias gen\u00e9ricas baratas, nossos produtos utilizam <strong data-start=\"2808\" data-end=\"2833\">C\u00e9lulas de pol\u00edmero de grau A<\/strong> e chips de gerenciamento da TI importados, garantindo compatibilidade perfeita com o macOS mais recente da Apple, sem avisos ou desligamentos inesperados.<\/p>\n<h3 data-start=\"6639\" data-end=\"6673\">\ud83d\udcbb Lista de compatibilidade detalhada<\/h3>\n<p data-start=\"6674\" data-end=\"6750\"><em data-start=\"6674\" data-end=\"6750\">Por favor, verifique o n\u00famero do modelo do seu dispositivo na parte inferior do seu MacBook.<\/em><\/p>\n<p data-start=\"6752\" data-end=\"6794\"><strong data-start=\"6752\" data-end=\"6794\">Modelos de MacBook Air de 11 polegadas compat\u00edveis:<\/strong><\/p>\n<ul data-start=\"6795\" data-end=\"7033\">\n<li data-start=\"6795\" data-end=\"6841\">\n<p data-start=\"6799\" data-end=\"6841\"><strong data-start=\"6799\" data-end=\"6820\">Meados de 2011 (A1370):<\/strong> MC968xx\/A, MC969xx\/A<\/p>\n<\/li>\n<li data-start=\"6842\" data-end=\"6888\">\n<p data-start=\"6846\" data-end=\"6888\"><strong data-start=\"6846\" data-end=\"6867\">Meados de 2012 (A1465):<\/strong> MD223xx\/A, MD224xx\/A<\/p>\n<\/li>\n<li data-start=\"6889\" data-end=\"6935\">\n<p data-start=\"6893\" data-end=\"6935\"><strong data-start=\"6893\" data-end=\"6914\">Meados de 2013 (A1465):<\/strong> MD711xx\/A, MD712xx\/A<\/p>\n<\/li>\n<li data-start=\"6936\" data-end=\"6984\">\n<p data-start=\"6940\" data-end=\"6984\"><strong data-start=\"6940\" data-end=\"6963\">In\u00edcio de 2014 (A1465):<\/strong> MD711xx\/B, MD712xx\/B<\/p>\n<\/li>\n<li data-start=\"6985\" data-end=\"7033\">\n<p data-start=\"6989\" data-end=\"7033\"><strong data-start=\"6989\" data-end=\"7012\">In\u00edcio de 2015 (A1465):<\/strong> MJVM2xx\/A, MJVP2xx\/A<\/p>\n<\/li>\n<\/ul>","protected":false},"excerpt":{"rendered":"<ul>\n<li data-start=\"1619\" data-end=\"1817\">\n<p data-start=\"1623\" data-end=\"1817\"><strong data-start=\"1623\" data-end=\"1817\">Bateria Premium A1406 A1495 para MacBook Air de 11 polegadas (A1370\/A1465) com c\u00e9lulas de ciclo zero e chips IC da TI para m\u00e1ximo desempenho. Pre\u00e7os de atacado direto da f\u00e1brica com certifica\u00e7\u00e3o ISO9001.<\/strong><\/p>\n<\/li>\n<li data-start=\"1818\" data-end=\"1885\">\n<p data-start=\"1822\" data-end=\"1885\"><strong data-start=\"1822\" data-end=\"1835\">Capacidade:<\/strong> Bateria com capacidade real de 35Wh \/ 4680mAh (c\u00e9lulas de pol\u00edmero de alta densidade).<\/p>\n<\/li>\n<li data-start=\"1886\" data-end=\"1938\">\n<p data-start=\"1890\" data-end=\"1938\"><strong data-start=\"1890\" data-end=\"1902\">Tens\u00e3o:<\/strong> Compat\u00edvel com 7,3 V \/ 7,6 V (BMS Inteligente).<\/p>\n<\/li>\n<li data-start=\"1939\" data-end=\"2022\">\n<p data-start=\"1943\" data-end=\"2022\"><strong data-start=\"1943\" data-end=\"1961\">Compatibilidade:<\/strong> Compat\u00edvel com MacBook Air de 11 polegadas, de meados de 2011 ao in\u00edcio de 2015 (A1370 \/ A1465).<\/p>\n<\/li>\n<li data-start=\"2023\" data-end=\"2109\">\n<p data-start=\"2027\" data-end=\"2109\"><strong data-start=\"2027\" data-end=\"2045\">Grau de qualidade:<\/strong> Padr\u00e3o OEM com circuito integrado da Texas Instruments (TI) para taxa de defeitos 0%.<\/p>\n<\/li>\n<li data-start=\"2110\" data-end=\"2204\">\n<p data-start=\"2114\" data-end=\"2204\"><strong data-start=\"2114\" data-end=\"2130\">Servi\u00e7o B2B:<\/strong> Quantidade m\u00ednima de encomenda baixa, rotulagem personalizada dispon\u00edvel, envio direto da f\u00e1brica em Dongguan.<\/p>\n<\/li>\n<li data-start=\"2205\" data-end=\"2257\">\n<p data-start=\"2209\" data-end=\"2257\"><strong data-start=\"2209\" data-end=\"2228\">Certifica\u00e7\u00f5es:<\/strong> CE, FCC, RoHS, UN38.3, MSDS.<\/p>\n<\/li>\n<\/ul>\n<div id=\"gtx-trans\" style=\"position: absolute; left: 596px; top: 225.516px;\">\n<div class=\"gtx-trans-icon\"><\/div>\n<\/div>","protected":false},"featured_media":10762,"template":"","meta":{"_acf_changed":false,"nf_dc_page":"","site-sidebar-layout":"default","site-content-layout":"default","ast-site-content-layout":"default","site-content-style":"default","site-sidebar-style":"default","ast-global-header-display":"","ast-banner-title-visibility":"","ast-main-header-display":"","ast-hfb-above-header-display":"","ast-hfb-below-header-display":"","ast-hfb-mobile-header-display":"","site-post-title":"","ast-breadcrumbs-content":"","ast-featured-img":"","footer-sml-layout":"","ast-disable-related-posts":"","theme-transparent-header-meta":"default","adv-header-id-meta":"","stick-header-meta":"default","header-above-stick-meta":"","header-main-stick-meta":"","header-below-stick-meta":"","astra-migrate-meta-layouts":"set","ast-page-background-enabled":"default","ast-page-background-meta":{"desktop":{"background-color":"","background-image":"","background-repeat":"repeat","background-position":"center center","background-size":"auto","background-attachment":"scroll","background-type":"","background-media":"","overlay-type":"","overlay-color":"","overlay-opacity":"","overlay-gradient":""},"tablet":{"background-color":"","background-image":"","background-repeat":"repeat","background-position":"center center","background-size":"auto","background-attachment":"scroll","background-type":"","background-media":"","overlay-type":"","overlay-color":"","overlay-opacity":"","overlay-gradient":""},"mobile":{"background-color":"","background-image":"","background-repeat":"repeat","background-position":"center center","background-size":"auto","background-attachment":"scroll","background-type":"","background-media":"","overlay-type":"","overlay-color":"","overlay-opacity":"","overlay-gradient":""}},"ast-content-background-meta":{"desktop":{"background-color":"var(--ast-global-color-5)","background-image":"","background-repeat":"repeat","background-position":"center center","background-size":"auto","background-attachment":"scroll","background-type":"","background-media":"","overlay-type":"","overlay-color":"","overlay-opacity":"","overlay-gradient":""},"tablet":{"background-color":"var(--ast-global-color-5)","background-image":"","background-repeat":"repeat","background-position":"center center","background-size":"auto","background-attachment":"scroll","background-type":"","background-media":"","overlay-type":"","overlay-color":"","overlay-opacity":"","overlay-gradient":""},"mobile":{"background-color":"var(--ast-global-color-5)","background-image":"","background-repeat":"repeat","background-position":"center center","background-size":"auto","background-attachment":"scroll","background-type":"","background-media":"","overlay-type":"","overlay-color":"","overlay-opacity":"","overlay-gradient":""}},"_joinchat":[]},"product_brand":[],"product_cat":[125],"product_tag":[1224,139,866,1023,1026,462,1022,1025,140,1024,1021],"class_list":{"0":"post-4706","1":"product","2":"type-product","3":"status-publish","4":"has-post-thumbnail","6":"product_cat-macbook-battery-wholesale-china","7":"product_tag-apple","8":"product_tag-battery-for-a1406","9":"product_tag-bulk-order","10":"product_tag-computer-repair-shop","11":"product_tag-electronics-distributor","12":"product_tag-factory-direct","13":"product_tag-oem-available","14":"product_tag-refurbished-laptop-market","15":"product_tag-replacement-battery-for-macbook-a1465","16":"product_tag-school-education-deployment","17":"product_tag-wholesale-macbook-battery","18":"desktop-align-left","19":"tablet-align-left","20":"mobile-align-left","21":"ast-product-gallery-layout-horizontal-slider","22":"ast-product-tabs-layout-horizontal","24":"first","25":"instock","26":"shipping-taxable","27":"purchasable","28":"product-type-simple"},"acf":[],"_links":{"self":[{"href":"https:\/\/www.balderpower.com\/pt_br\/wp-json\/wp\/v2\/product\/4706","targetHints":{"allow":["GET"]}}],"collection":[{"href":"https:\/\/www.balderpower.com\/pt_br\/wp-json\/wp\/v2\/product"}],"about":[{"href":"https:\/\/www.balderpower.com\/pt_br\/wp-json\/wp\/v2\/types\/product"}],"version-history":[{"count":4,"href":"https:\/\/www.balderpower.com\/pt_br\/wp-json\/wp\/v2\/product\/4706\/revisions"}],"predecessor-version":[{"id":10761,"href":"https:\/\/www.balderpower.com\/pt_br\/wp-json\/wp\/v2\/product\/4706\/revisions\/10761"}],"wp:featuredmedia":[{"embeddable":true,"href":"https:\/\/www.balderpower.com\/pt_br\/wp-json\/wp\/v2\/media\/10762"}],"wp:attachment":[{"href":"https:\/\/www.balderpower.com\/pt_br\/wp-json\/wp\/v2\/media?parent=4706"}],"wp:term":[{"taxonomy":"product_brand","embeddable":true,"href":"https:\/\/www.balderpower.com\/pt_br\/wp-json\/wp\/v2\/product_brand?post=4706"},{"taxonomy":"product_cat","embeddable":true,"href":"https:\/\/www.balderpower.com\/pt_br\/wp-json\/wp\/v2\/product_cat?post=4706"},{"taxonomy":"product_tag","embeddable":true,"href":"https:\/\/www.balderpower.com\/pt_br\/wp-json\/wp\/v2\/product_tag?post=4706"}],"curies":[{"name":"wp","href":"https:\/\/api.w.org\/{rel}","templated":true}]}}