{"id":4697,"date":"2022-11-15T20:52:20","date_gmt":"2022-11-15T12:52:20","guid":{"rendered":"https:\/\/gjt.lpf.mybluehost.me\/website_cd5134ed\/?post_type=product&#038;p=4697"},"modified":"2026-03-06T15:52:50","modified_gmt":"2026-03-06T07:52:50","slug":"substituicao-da-bateria-a1375-para-macbook-air-11-a1370","status":"publish","type":"product","link":"https:\/\/www.balderpower.com\/pt_br\/a1375-battery-replacement-macbook-air-11-a1370\/","title":{"rendered":"Bateria A1375 de substitui\u00e7\u00e3o para MacBook Air 11\u2033 (final de 2010) A1370 \u2013 Venda por atacado direto da f\u00e1brica"},"content":{"rendered":"<p data-path-to-node=\"21\"><b data-path-to-node=\"21\" data-index-in-node=\"0\">Recupere a energia dos MacBook Air dos seus clientes com fontes de alimenta\u00e7\u00e3o de n\u00edvel industrial.<\/b><\/p>\n<p data-path-to-node=\"22\">Como um dedicado <b data-path-to-node=\"22\" data-index-in-node=\"15\">Fornecedor atacadista de baterias para laptops<\/b>, Na Balder Power, entendemos que qualidade e estabilidade s\u00e3o essenciais para o seu neg\u00f3cio de reparos. <b data-path-to-node=\"22\" data-index-in-node=\"149\">Substitui\u00e7\u00e3o da bateria A1375<\/b> Foi projetado para atender ou exceder as especifica\u00e7\u00f5es do fabricante original, fornecendo uma solu\u00e7\u00e3o de energia confi\u00e1vel para a s\u00e9rie cl\u00e1ssica de MacBook Air de 11 polegadas (final de 2010).<\/p>\n<p data-path-to-node=\"23\">Ao contr\u00e1rio de alternativas baratas que incham ou falham ap\u00f3s alguns meses, nossas baterias s\u00e3o fabricadas em nossa unidade com certifica\u00e7\u00e3o ISO 9001. Utilizamos c\u00e9lulas de pol\u00edmero de l\u00edtio de alta qualidade que fornecem tens\u00e3o de sa\u00edda est\u00e1vel (7,3 V) e capacidade real (35 Wh), garantindo que seus clientes finais tenham a mesma vida \u00fatil da bateria original. Seja voc\u00ea propriet\u00e1rio de uma oficina de reparos, distribuidor de pe\u00e7as de TI ou vendedor da Amazon, esta bateria oferece o equil\u00edbrio perfeito entre desempenho e margem de lucro.<\/p>\n<p data-path-to-node=\"24\"><b data-path-to-node=\"24\" data-index-in-node=\"0\">Por que escolher a Balder Power como sua parceira?<\/b> Controlamos a cadeia de suprimentos desde a mat\u00e9ria-prima at\u00e9 a embalagem final. Cada <b data-path-to-node=\"24\" data-index-in-node=\"116\">Bateria de pol\u00edmero de l\u00edtio A1375<\/b> Passa por rigorosos testes de envelhecimento e classifica\u00e7\u00e3o de capacidade antes do envio. Fornecemos relat\u00f3rios completos UN38.3 e MSDS, facilitando o transporte internacional.<\/p>\n<h3>Lista de compatibilidade<\/h3>\n<p><strong>N\u00fameros de pe\u00e7a compat\u00edveis:<\/strong><\/p>\n<ul>\n<li>A1375<\/li>\n<li>661-5736<\/li>\n<li>020-6920-A<\/li>\n<li>020-6920-B<\/li>\n<\/ul>\n<p><strong>Modelos de laptops compat\u00edveis (verifique o ano com aten\u00e7\u00e3o):<\/strong><\/p>\n<ul>\n<li><strong>MacBook Air de 11 polegadas (final de 2010):<\/strong> A1370<\/li>\n<li>MC505LL\/A (Core 2 Duo de 1,4 GHz)<\/li>\n<li>MC506LL\/A (Core 2 Duo de 1,4 GHz)<\/li>\n<li>MC506LL\/A BTO (Core 2 Duo de 1,6 GHz)<\/li>\n<\/ul>\n<p style=\"color: red; font-size: 0.9em;\"><em>*Observa\u00e7\u00e3o: Esta bateria N\u00c3O \u00e9 compat\u00edvel com os modelos A1370 (meados de 2011) ou A1465 (2012-2015), que utilizam a bateria A1406\/A1496. Verifique o ano do seu notebook.<\/em><\/p>","protected":false},"excerpt":{"rendered":"<ul>\n<li>\n<p data-path-to-node=\"18,0,0\">Bateria Premium A1375 de substitui\u00e7\u00e3o para MacBook Air 11 A1370 (final de 2010). Pre\u00e7o de atacado direto da f\u00e1brica, c\u00e9lulas de grau A+, alta capacidade de 35Wh com certifica\u00e7\u00e3o CE\/UL\/UN38.3.<\/p>\n<\/li>\n<li>\n<p data-path-to-node=\"18,1,0\"><b data-path-to-node=\"18,1,0\" data-index-in-node=\"0\">Compatibilidade perfeita:<\/b> Projetado exclusivamente para MacBook Air de 11 polegadas (vers\u00e3o do final de 2010) MC505\/MC506.<\/p>\n<\/li>\n<li>\n<p data-path-to-node=\"18,2,0\"><b data-path-to-node=\"18,2,0\" data-index-in-node=\"0\">C\u00e9lulas de ciclo zero:<\/b> As novas c\u00e9lulas de pol\u00edmero ricas em cobalto 100% garantem mais de 500 ciclos de recarga.<\/p>\n<\/li>\n<li>\n<p data-path-to-node=\"18,3,0\"><b data-path-to-node=\"18,3,0\" data-index-in-node=\"0\">Seguran\u00e7a em primeiro lugar:<\/b> O BMS (Sistema de Gerenciamento de Bateria) integrado da TI (Texas Instruments) oferece prote\u00e7\u00e3o contra sobrecarga, descarga excessiva e curto-circuito.<\/p>\n<\/li>\n<li>\n<p data-path-to-node=\"18,4,0\"><b data-path-to-node=\"18,4,0\" data-index-in-node=\"0\">Suporte B2B:<\/b> Quantidade m\u00ednima de encomenda baixa, aceitamos encomendas mistas e disponibilizamos rotulagem neutra para distribuidores.<\/p>\n<\/li>\n<\/ul>","protected":false},"featured_media":10857,"template":"","meta":{"_acf_changed":false,"nf_dc_page":"","site-sidebar-layout":"default","site-content-layout":"default","ast-site-content-layout":"default","site-content-style":"default","site-sidebar-style":"default","ast-global-header-display":"","ast-banner-title-visibility":"","ast-main-header-display":"","ast-hfb-above-header-display":"","ast-hfb-below-header-display":"","ast-hfb-mobile-header-display":"","site-post-title":"","ast-breadcrumbs-content":"","ast-featured-img":"","footer-sml-layout":"","ast-disable-related-posts":"","theme-transparent-header-meta":"default","adv-header-id-meta":"","stick-header-meta":"default","header-above-stick-meta":"","header-main-stick-meta":"","header-below-stick-meta":"","astra-migrate-meta-layouts":"set","ast-page-background-enabled":"default","ast-page-background-meta":{"desktop":{"background-color":"","background-image":"","background-repeat":"repeat","background-position":"center center","background-size":"auto","background-attachment":"scroll","background-type":"","background-media":"","overlay-type":"","overlay-color":"","overlay-opacity":"","overlay-gradient":""},"tablet":{"background-color":"","background-image":"","background-repeat":"repeat","background-position":"center center","background-size":"auto","background-attachment":"scroll","background-type":"","background-media":"","overlay-type":"","overlay-color":"","overlay-opacity":"","overlay-gradient":""},"mobile":{"background-color":"","background-image":"","background-repeat":"repeat","background-position":"center center","background-size":"auto","background-attachment":"scroll","background-type":"","background-media":"","overlay-type":"","overlay-color":"","overlay-opacity":"","overlay-gradient":""}},"ast-content-background-meta":{"desktop":{"background-color":"var(--ast-global-color-5)","background-image":"","background-repeat":"repeat","background-position":"center center","background-size":"auto","background-attachment":"scroll","background-type":"","background-media":"","overlay-type":"","overlay-color":"","overlay-opacity":"","overlay-gradient":""},"tablet":{"background-color":"var(--ast-global-color-5)","background-image":"","background-repeat":"repeat","background-position":"center center","background-size":"auto","background-attachment":"scroll","background-type":"","background-media":"","overlay-type":"","overlay-color":"","overlay-opacity":"","overlay-gradient":""},"mobile":{"background-color":"var(--ast-global-color-5)","background-image":"","background-repeat":"repeat","background-position":"center center","background-size":"auto","background-attachment":"scroll","background-type":"","background-media":"","overlay-type":"","overlay-color":"","overlay-opacity":"","overlay-gradient":""}},"_joinchat":[]},"product_brand":[],"product_cat":[125],"product_tag":[136,137,1039,1224,1041,1042,1040,138,253],"class_list":{"0":"post-4697","1":"product","2":"type-product","3":"status-publish","4":"has-post-thumbnail","6":"product_cat-macbook-battery-wholesale-china","7":"product_tag-a1370-a1375-mc505-506-battery","8":"product_tag-a1370-battery","9":"product_tag-a1375","10":"product_tag-apple","11":"product_tag-apple-replacement-parts","12":"product_tag-li-polymer-7-3v","13":"product_tag-macbook-air-11-battery","14":"product_tag-replacement-battery-for-macbook-a1375","15":"product_tag-wholesale-laptop-battery","16":"desktop-align-left","17":"tablet-align-left","18":"mobile-align-left","19":"ast-product-gallery-layout-horizontal-slider","20":"ast-product-tabs-layout-horizontal","22":"first","23":"instock","24":"shipping-taxable","25":"purchasable","26":"product-type-simple"},"acf":[],"_links":{"self":[{"href":"https:\/\/www.balderpower.com\/pt_br\/wp-json\/wp\/v2\/product\/4697","targetHints":{"allow":["GET"]}}],"collection":[{"href":"https:\/\/www.balderpower.com\/pt_br\/wp-json\/wp\/v2\/product"}],"about":[{"href":"https:\/\/www.balderpower.com\/pt_br\/wp-json\/wp\/v2\/types\/product"}],"version-history":[{"count":4,"href":"https:\/\/www.balderpower.com\/pt_br\/wp-json\/wp\/v2\/product\/4697\/revisions"}],"predecessor-version":[{"id":10870,"href":"https:\/\/www.balderpower.com\/pt_br\/wp-json\/wp\/v2\/product\/4697\/revisions\/10870"}],"wp:featuredmedia":[{"embeddable":true,"href":"https:\/\/www.balderpower.com\/pt_br\/wp-json\/wp\/v2\/media\/10857"}],"wp:attachment":[{"href":"https:\/\/www.balderpower.com\/pt_br\/wp-json\/wp\/v2\/media?parent=4697"}],"wp:term":[{"taxonomy":"product_brand","embeddable":true,"href":"https:\/\/www.balderpower.com\/pt_br\/wp-json\/wp\/v2\/product_brand?post=4697"},{"taxonomy":"product_cat","embeddable":true,"href":"https:\/\/www.balderpower.com\/pt_br\/wp-json\/wp\/v2\/product_cat?post=4697"},{"taxonomy":"product_tag","embeddable":true,"href":"https:\/\/www.balderpower.com\/pt_br\/wp-json\/wp\/v2\/product_tag?post=4697"}],"curies":[{"name":"wp","href":"https:\/\/api.w.org\/{rel}","templated":true}]}}