{"id":4428,"date":"2022-11-08T21:57:13","date_gmt":"2022-11-08T13:57:13","guid":{"rendered":"https:\/\/gjt.lpf.mybluehost.me\/website_cd5134ed\/?post_type=product&#038;p=4428"},"modified":"2023-02-08T17:34:01","modified_gmt":"2023-02-08T09:34:01","slug":"bateria-de-polimero-de-litio-902030-para-fone-de-ouvido-bluetooth-37-v-500-mah","status":"publish","type":"product","link":"https:\/\/www.balderpower.com\/pt_br\/3-7v-500mah-902030-li-polymer-bluetooth-headset-battery\/","title":{"rendered":"Bateria de pol\u00edmero de l\u00edtio 3,7 V 500 mAh 902030 para fone de ouvido Bluetooth"},"content":{"rendered":"<p>Bateria de pol\u00edmero de l\u00edtio 3,7 V 500 mAh 902030 para fone de ouvido Bluetooth<\/p>\n<table class=\"all magic-35\" style=\"font-size: 20px; font-style: normal;\">\n<tbody>\n<tr>\n<td colspan=\"1\" rowspan=\"1\">\n<div class=\"magic-36\" data-spm-anchor-id=\"a2700.details.0.i29.7b2f5e39KT7pAV\">Tens\u00e3o<\/div>\n<\/td>\n<td colspan=\"2\" rowspan=\"1\">\n<div class=\"magic-37\">3,7V<\/div>\n<\/td>\n<\/tr>\n<tr>\n<td colspan=\"1\" rowspan=\"1\">\n<div class=\"magic-36\">Tamanho<\/div>\n<\/td>\n<td colspan=\"2\" rowspan=\"1\">\n<div class=\"magic-40\">9*20*30mm\/Personalizado<\/div>\n<\/td>\n<\/tr>\n<tr>\n<td colspan=\"1\" rowspan=\"1\">\n<div class=\"magic-36\">Corrente de carga m\u00e1xima<\/div>\n<\/td>\n<td colspan=\"2\" rowspan=\"1\">\n<div class=\"magic-40\">1C<\/div>\n<\/td>\n<\/tr>\n<tr>\n<td colspan=\"1\" rowspan=\"1\">\n<div class=\"magic-36\">Corrente m\u00e1xima de descarga<\/div>\n<\/td>\n<td colspan=\"2\" rowspan=\"1\">\n<div class=\"magic-40\">2-5C<\/div>\n<\/td>\n<\/tr>\n<tr>\n<td colspan=\"1\" rowspan=\"1\">\n<div class=\"magic-36\">Temperatura de opera\u00e7\u00e3o<\/div>\n<\/td>\n<td colspan=\"2\" rowspan=\"1\">\n<div class=\"magic-40\" data-spm-anchor-id=\"a2700.details.0.i30.7b2f5e39KT7pAV\">Carga: 0 \u00b0C a 45 \u00b0C; Descarga: -20 \u00b0C a 60 \u00b0C<\/div>\n<\/td>\n<\/tr>\n<tr>\n<td colspan=\"1\" rowspan=\"1\">\n<div class=\"magic-36\">Temperatura de armazenamento<\/div>\n<\/td>\n<td colspan=\"2\" rowspan=\"1\">\n<div class=\"magic-40\">-20 \u00b0C a 45 \u00b0C<\/div>\n<\/td>\n<\/tr>\n<tr>\n<td colspan=\"1\" rowspan=\"1\">\n<div class=\"magic-36\">Ciclo de vida<\/div>\n<\/td>\n<td colspan=\"2\" rowspan=\"1\">\n<div class=\"magic-40\">500-800 ciclos<\/div>\n<\/td>\n<\/tr>\n<tr>\n<td colspan=\"1\" rowspan=\"1\">\n<div class=\"magic-36\">Capacidade<\/div>\n<\/td>\n<td colspan=\"2\" rowspan=\"1\">\n<div class=\"magic-40\">500mAh<\/div>\n<\/td>\n<\/tr>\n<tr>\n<td colspan=\"1\" rowspan=\"1\">\n<div class=\"magic-36\">PCM<\/div>\n<\/td>\n<td colspan=\"2\" rowspan=\"1\">\n<div class=\"magic-40\">Constru\u00eddo em<\/div>\n<\/td>\n<\/tr>\n<tr>\n<td colspan=\"1\" rowspan=\"1\">\n<div class=\"magic-36\">Fio e pino<\/div>\n<\/td>\n<td colspan=\"2\" rowspan=\"1\">\n<div class=\"magic-40\">Personalizado<\/div>\n<\/td>\n<\/tr>\n<\/tbody>\n<\/table>\n<p><img fetchpriority=\"high\" decoding=\"async\" class=\"size-full wp-image-4431\" src=\"https:\/\/gjt.lpf.mybluehost.me\/website_cd5134ed\/wp-content\/uploads\/2022\/11\/3.7v-500mah-902030-Li-polymer-Bluetooth-Headset-Battery-3.jpg\" alt=\"\" width=\"750\" height=\"750\" srcset=\"https:\/\/www.balderpower.com\/wp-content\/uploads\/2022\/11\/3.7v-500mah-902030-Li-polymer-Bluetooth-Headset-Battery-3.jpg 750w, https:\/\/www.balderpower.com\/wp-content\/uploads\/2022\/11\/3.7v-500mah-902030-Li-polymer-Bluetooth-Headset-Battery-3-300x300.jpg 300w, https:\/\/www.balderpower.com\/wp-content\/uploads\/2022\/11\/3.7v-500mah-902030-Li-polymer-Bluetooth-Headset-Battery-3-100x100.jpg 100w, https:\/\/www.balderpower.com\/wp-content\/uploads\/2022\/11\/3.7v-500mah-902030-Li-polymer-Bluetooth-Headset-Battery-3-600x600.jpg 600w, https:\/\/www.balderpower.com\/wp-content\/uploads\/2022\/11\/3.7v-500mah-902030-Li-polymer-Bluetooth-Headset-Battery-3-64x64.jpg 64w, https:\/\/www.balderpower.com\/wp-content\/uploads\/2022\/11\/3.7v-500mah-902030-Li-polymer-Bluetooth-Headset-Battery-3-150x150.jpg 150w\" sizes=\"(max-width: 750px) 100vw, 750px\" data-no-translation=\"\" \/><\/p>\n<p><img decoding=\"async\" class=\"size-full wp-image-4432\" src=\"https:\/\/gjt.lpf.mybluehost.me\/website_cd5134ed\/wp-content\/uploads\/2022\/11\/3.7v-500mah-902030-Li-polymer-Bluetooth-Headset-Battery-4.jpg\" alt=\"\" width=\"750\" height=\"676\" srcset=\"https:\/\/www.balderpower.com\/wp-content\/uploads\/2022\/11\/3.7v-500mah-902030-Li-polymer-Bluetooth-Headset-Battery-4.jpg 750w, https:\/\/www.balderpower.com\/wp-content\/uploads\/2022\/11\/3.7v-500mah-902030-Li-polymer-Bluetooth-Headset-Battery-4-600x541.jpg 600w, https:\/\/www.balderpower.com\/wp-content\/uploads\/2022\/11\/3.7v-500mah-902030-Li-polymer-Bluetooth-Headset-Battery-4-64x58.jpg 64w\" sizes=\"(max-width: 750px) 100vw, 750px\" data-no-translation=\"\" \/><\/p>","protected":false},"excerpt":{"rendered":"<p>Bateria de pol\u00edmero de l\u00edtio para fone de ouvido Bluetooth 3.7v 500mAh 902030 (atacado da China)<\/p>\n<table class=\"all magic-35\">\n<tbody>\n<tr>\n<td colspan=\"1\" rowspan=\"1\">\n<div class=\"magic-36\" data-spm-anchor-id=\"a2700.details.0.i29.7b2f5e39KT7pAV\">Tens\u00e3o<\/div>\n<\/td>\n<td colspan=\"2\" rowspan=\"1\">\n<div class=\"magic-37\">3,7V<\/div>\n<\/td>\n<\/tr>\n<tr>\n<td colspan=\"1\" rowspan=\"1\">\n<div class=\"magic-36\">Tamanho<\/div>\n<\/td>\n<td colspan=\"2\" rowspan=\"1\">\n<div class=\"magic-40\">9*20*30mm\/Personalizado<\/div>\n<\/td>\n<\/tr>\n<tr>\n<td colspan=\"1\" rowspan=\"1\">\n<div class=\"magic-36\">Corrente de carga m\u00e1xima<\/div>\n<\/td>\n<td colspan=\"2\" rowspan=\"1\">\n<div class=\"magic-40\">1C<\/div>\n<\/td>\n<\/tr>\n<tr>\n<td colspan=\"1\" rowspan=\"1\">\n<div class=\"magic-36\">Corrente m\u00e1xima de descarga<\/div>\n<\/td>\n<td colspan=\"2\" rowspan=\"1\">\n<div class=\"magic-40\">2-5C<\/div>\n<\/td>\n<\/tr>\n<tr>\n<td colspan=\"1\" rowspan=\"1\">\n<div class=\"magic-36\">Temperatura de opera\u00e7\u00e3o<\/div>\n<\/td>\n<td colspan=\"2\" rowspan=\"1\">\n<div class=\"magic-40\" data-spm-anchor-id=\"a2700.details.0.i30.7b2f5e39KT7pAV\">Carga: 0 \u00b0C a 45 \u00b0C; Descarga: -20 \u00b0C a 60 \u00b0C<\/div>\n<\/td>\n<\/tr>\n<tr>\n<td colspan=\"1\" rowspan=\"1\">\n<div class=\"magic-36\">Temperatura de armazenamento<\/div>\n<\/td>\n<td colspan=\"2\" rowspan=\"1\">\n<div class=\"magic-40\">-20 \u00b0C a 45 \u00b0C<\/div>\n<\/td>\n<\/tr>\n<tr>\n<td colspan=\"1\" rowspan=\"1\">\n<div class=\"magic-36\">Ciclo de vida<\/div>\n<\/td>\n<td colspan=\"2\" rowspan=\"1\">\n<div class=\"magic-40\">500-800 ciclos<\/div>\n<\/td>\n<\/tr>\n<tr>\n<td colspan=\"1\" rowspan=\"1\">\n<div class=\"magic-36\">Capacidade<\/div>\n<\/td>\n<td colspan=\"2\" rowspan=\"1\">\n<div class=\"magic-40\">500mAh<\/div>\n<\/td>\n<\/tr>\n<tr>\n<td colspan=\"1\" rowspan=\"1\">\n<div class=\"magic-36\">PCM<\/div>\n<\/td>\n<td colspan=\"2\" rowspan=\"1\">\n<div class=\"magic-40\">Constru\u00eddo em<\/div>\n<\/td>\n<\/tr>\n<tr>\n<td colspan=\"1\" rowspan=\"1\">\n<div class=\"magic-36\">Fio e pino<\/div>\n<\/td>\n<td colspan=\"2\" rowspan=\"1\">\n<div class=\"magic-40\">Personalizado<\/div>\n<\/td>\n<\/tr>\n<\/tbody>\n<\/table>","protected":false},"featured_media":4429,"template":"","meta":{"_acf_changed":false,"nf_dc_page":"","site-sidebar-layout":"default","site-content-layout":"default","ast-site-content-layout":"default","site-content-style":"default","site-sidebar-style":"default","ast-global-header-display":"","ast-banner-title-visibility":"","ast-main-header-display":"","ast-hfb-above-header-display":"","ast-hfb-below-header-display":"","ast-hfb-mobile-header-display":"","site-post-title":"","ast-breadcrumbs-content":"","ast-featured-img":"","footer-sml-layout":"","ast-disable-related-posts":"","theme-transparent-header-meta":"default","adv-header-id-meta":"","stick-header-meta":"","header-above-stick-meta":"","header-main-stick-meta":"","header-below-stick-meta":"","astra-migrate-meta-layouts":"default","ast-page-background-enabled":"default","ast-page-background-meta":{"desktop":{"background-color":"","background-image":"","background-repeat":"repeat","background-position":"center center","background-size":"auto","background-attachment":"scroll","background-type":"","background-media":"","overlay-type":"","overlay-color":"","overlay-opacity":"","overlay-gradient":""},"tablet":{"background-color":"","background-image":"","background-repeat":"repeat","background-position":"center center","background-size":"auto","background-attachment":"scroll","background-type":"","background-media":"","overlay-type":"","overlay-color":"","overlay-opacity":"","overlay-gradient":""},"mobile":{"background-color":"","background-image":"","background-repeat":"repeat","background-position":"center center","background-size":"auto","background-attachment":"scroll","background-type":"","background-media":"","overlay-type":"","overlay-color":"","overlay-opacity":"","overlay-gradient":""}},"ast-content-background-meta":{"desktop":{"background-color":"var(--ast-global-color-5)","background-image":"","background-repeat":"repeat","background-position":"center center","background-size":"auto","background-attachment":"scroll","background-type":"","background-media":"","overlay-type":"","overlay-color":"","overlay-opacity":"","overlay-gradient":""},"tablet":{"background-color":"var(--ast-global-color-5)","background-image":"","background-repeat":"repeat","background-position":"center center","background-size":"auto","background-attachment":"scroll","background-type":"","background-media":"","overlay-type":"","overlay-color":"","overlay-opacity":"","overlay-gradient":""},"mobile":{"background-color":"var(--ast-global-color-5)","background-image":"","background-repeat":"repeat","background-position":"center center","background-size":"auto","background-attachment":"scroll","background-type":"","background-media":"","overlay-type":"","overlay-color":"","overlay-opacity":"","overlay-gradient":""}},"_joinchat":[]},"product_brand":[],"product_cat":[102],"product_tag":[130,131,129],"class_list":{"0":"post-4428","1":"product","2":"type-product","3":"status-publish","4":"has-post-thumbnail","6":"product_cat-custom-li-polymer-battery-packs-factory","7":"product_tag-3-7v-500mah-lipo-battery","8":"product_tag-131","9":"product_tag-li-polymer-battery","10":"desktop-align-left","11":"tablet-align-left","12":"mobile-align-left","13":"ast-product-gallery-layout-horizontal-slider","14":"ast-product-tabs-layout-horizontal","16":"first","17":"instock","18":"shipping-taxable","19":"product-type-simple"},"acf":[],"_links":{"self":[{"href":"https:\/\/www.balderpower.com\/pt_br\/wp-json\/wp\/v2\/product\/4428","targetHints":{"allow":["GET"]}}],"collection":[{"href":"https:\/\/www.balderpower.com\/pt_br\/wp-json\/wp\/v2\/product"}],"about":[{"href":"https:\/\/www.balderpower.com\/pt_br\/wp-json\/wp\/v2\/types\/product"}],"version-history":[{"count":0,"href":"https:\/\/www.balderpower.com\/pt_br\/wp-json\/wp\/v2\/product\/4428\/revisions"}],"wp:featuredmedia":[{"embeddable":true,"href":"https:\/\/www.balderpower.com\/pt_br\/wp-json\/wp\/v2\/media\/4429"}],"wp:attachment":[{"href":"https:\/\/www.balderpower.com\/pt_br\/wp-json\/wp\/v2\/media?parent=4428"}],"wp:term":[{"taxonomy":"product_brand","embeddable":true,"href":"https:\/\/www.balderpower.com\/pt_br\/wp-json\/wp\/v2\/product_brand?post=4428"},{"taxonomy":"product_cat","embeddable":true,"href":"https:\/\/www.balderpower.com\/pt_br\/wp-json\/wp\/v2\/product_cat?post=4428"},{"taxonomy":"product_tag","embeddable":true,"href":"https:\/\/www.balderpower.com\/pt_br\/wp-json\/wp\/v2\/product_tag?post=4428"}],"curies":[{"name":"wp","href":"https:\/\/api.w.org\/{rel}","templated":true}]}}