{"id":4303,"date":"2022-10-29T23:06:11","date_gmt":"2022-10-29T15:06:11","guid":{"rendered":"https:\/\/gjt.lpf.mybluehost.me\/website_cd5134ed\/?post_type=product&#038;p=4303"},"modified":"2022-10-29T23:06:11","modified_gmt":"2022-10-29T15:06:11","slug":"3-celulas-de-bateria-de-ion-de-litio-18650-de-7-v-e-3000-mah","status":"publish","type":"product","link":"https:\/\/www.balderpower.com\/pt_br\/3-7v-3000mah-18650-li-ion-battery-cell\/","title":{"rendered":"C\u00e9lula de bateria de \u00edon-l\u00edtio 18650 de 3,7 V e 3000 mAh"},"content":{"rendered":"<table width=\"806\">\n<tbody>\n<tr>\n<td width=\"308\">Capacidade nominal<\/td>\n<td width=\"498\">3000 mAh a 0,5 C<\/td>\n<\/tr>\n<tr>\n<td width=\"308\">Capacidade m\u00ednima<\/td>\n<td width=\"498\">2900 mAh a 0,5C<\/td>\n<\/tr>\n<tr>\n<td width=\"308\">Tens\u00e3o nominal<\/td>\n<td width=\"498\">3,6 V<\/td>\n<\/tr>\n<tr>\n<td width=\"308\">Tens\u00e3o de carga<\/td>\n<td width=\"498\">4,20 V<\/td>\n<\/tr>\n<tr>\n<td width=\"308\">Tens\u00e3o de corte de descarga<\/td>\n<td width=\"498\">2,5 V<\/td>\n<\/tr>\n<tr>\n<td width=\"308\">Densidade de energia<\/td>\n<td width=\"498\">222 Wh\/Kg ( 1 C Min.)<\/td>\n<\/tr>\n<tr>\n<td width=\"308\">corrente de carga m\u00e1xima<\/td>\n<td width=\"498\">1 C (2900 mA) 25 C (n\u00e3o para vida \u00fatil do ciclo)<\/td>\n<\/tr>\n<tr>\n<td width=\"308\">corrente m\u00e1xima de descarga<\/td>\n<td width=\"498\">3 C (8700 mA) 25 C (n\u00e3o para vida \u00fatil do ciclo)<\/td>\n<\/tr>\n<tr>\n<td width=\"308\">Faixa de umidade<\/td>\n<td width=\"498\">0 ~ 60 % UR (sem condensa\u00e7\u00e3o)<\/td>\n<\/tr>\n<tr>\n<td width=\"308\">Resist\u00eancia interna<\/td>\n<td width=\"498\">\u2264 35 m\u03a9 (Imped\u00e2ncia CA, 1000 Hz)<\/td>\n<\/tr>\n<tr>\n<td width=\"308\">Dimens\u00e3o da bateria<\/td>\n<td width=\"498\">Altura: 64,85\u00b10,25 mm<\/td>\n<\/tr>\n<tr>\n<td width=\"308\">Capacidade de descarga de taxa<\/td>\n<td width=\"498\">Capacidade de descarga a 3C\/capacidade de descarga a 1C\u226590%<\/td>\n<\/tr>\n<tr>\n<td rowspan=\"2\" width=\"308\">vida \u00fatil do ciclo RT<\/td>\n<td width=\"498\">Capacidade de descarga do 501\u00ba ciclo \u226590%O Capacidade de descarga original<\/td>\n<\/tr>\n<tr>\n<td width=\"498\">Capacidade de descarga do 1001\u00ba ciclo \u2265 80% Capacidade de descarga original<\/td>\n<\/tr>\n<tr>\n<td rowspan=\"2\" width=\"308\">desempenho de descarga em temperaturas altas e baixas<\/td>\n<td width=\"498\">Capacidade de descarga a \u2013 20\u2103\/capacidade de descarga a 25\u2103\u226570%<\/td>\n<\/tr>\n<tr>\n<td width=\"498\">Capacidade de descarga a 60 \u2103\/capacidade de descarga a 25 \u2103\u226590%<\/td>\n<\/tr>\n<tr>\n<td width=\"308\">Desempenho de armazenamento a 25 \u00b0C (100% SOC)<\/td>\n<td width=\"498\">Capacidade residual ap\u00f3s 28 dias de armazenamento\/Capacidade de descarga original \u226585%<\/td>\n<\/tr>\n<\/tbody>\n<\/table>","protected":false},"excerpt":{"rendered":"<table width=\"806\">\n<tbody>\n<tr>\n<td width=\"308\">Capacidade nominal<\/td>\n<td width=\"498\">3000 mAh a 0,5 C<\/td>\n<\/tr>\n<tr>\n<td width=\"308\">Capacidade m\u00ednima<\/td>\n<td width=\"498\">2900 mAh a 0,5C<\/td>\n<\/tr>\n<tr>\n<td width=\"308\">Tens\u00e3o nominal<\/td>\n<td width=\"498\">3,6 V<\/td>\n<\/tr>\n<tr>\n<td width=\"308\">Tens\u00e3o de carga<\/td>\n<td width=\"498\">4,20 V<\/td>\n<\/tr>\n<tr>\n<td width=\"308\">Tens\u00e3o de corte de descarga<\/td>\n<td width=\"498\">2,5 V<\/td>\n<\/tr>\n<tr>\n<td width=\"308\">Densidade de energia<\/td>\n<td width=\"498\">222 Wh\/Kg ( 1 C Min.)<\/td>\n<\/tr>\n<tr>\n<td width=\"308\">corrente de carga m\u00e1xima<\/td>\n<td width=\"498\">1 C (2900 mA) 25 C (n\u00e3o para vida \u00fatil do ciclo)<\/td>\n<\/tr>\n<tr>\n<td width=\"308\">corrente m\u00e1xima de descarga<\/td>\n<td width=\"498\">3 C (8700 mA) 25 C (n\u00e3o para vida \u00fatil do ciclo)<\/td>\n<\/tr>\n<\/tbody>\n<\/table>","protected":false},"featured_media":4304,"template":"","meta":{"_acf_changed":false,"nf_dc_page":"","site-sidebar-layout":"default","site-content-layout":"default","ast-site-content-layout":"default","site-content-style":"default","site-sidebar-style":"default","ast-global-header-display":"","ast-banner-title-visibility":"","ast-main-header-display":"","ast-hfb-above-header-display":"","ast-hfb-below-header-display":"","ast-hfb-mobile-header-display":"","site-post-title":"","ast-breadcrumbs-content":"","ast-featured-img":"","footer-sml-layout":"","ast-disable-related-posts":"","theme-transparent-header-meta":"default","adv-header-id-meta":"","stick-header-meta":"","header-above-stick-meta":"","header-main-stick-meta":"","header-below-stick-meta":"","astra-migrate-meta-layouts":"default","ast-page-background-enabled":"default","ast-page-background-meta":{"desktop":{"background-color":"","background-image":"","background-repeat":"repeat","background-position":"center center","background-size":"auto","background-attachment":"scroll","background-type":"","background-media":"","overlay-type":"","overlay-color":"","overlay-opacity":"","overlay-gradient":""},"tablet":{"background-color":"","background-image":"","background-repeat":"repeat","background-position":"center center","background-size":"auto","background-attachment":"scroll","background-type":"","background-media":"","overlay-type":"","overlay-color":"","overlay-opacity":"","overlay-gradient":""},"mobile":{"background-color":"","background-image":"","background-repeat":"repeat","background-position":"center center","background-size":"auto","background-attachment":"scroll","background-type":"","background-media":"","overlay-type":"","overlay-color":"","overlay-opacity":"","overlay-gradient":""}},"ast-content-background-meta":{"desktop":{"background-color":"var(--ast-global-color-5)","background-image":"","background-repeat":"repeat","background-position":"center center","background-size":"auto","background-attachment":"scroll","background-type":"","background-media":"","overlay-type":"","overlay-color":"","overlay-opacity":"","overlay-gradient":""},"tablet":{"background-color":"var(--ast-global-color-5)","background-image":"","background-repeat":"repeat","background-position":"center center","background-size":"auto","background-attachment":"scroll","background-type":"","background-media":"","overlay-type":"","overlay-color":"","overlay-opacity":"","overlay-gradient":""},"mobile":{"background-color":"var(--ast-global-color-5)","background-image":"","background-repeat":"repeat","background-position":"center center","background-size":"auto","background-attachment":"scroll","background-type":"","background-media":"","overlay-type":"","overlay-color":"","overlay-opacity":"","overlay-gradient":""}},"_joinchat":[]},"product_brand":[],"product_cat":[101],"product_tag":[],"class_list":{"0":"post-4303","1":"product","2":"type-product","3":"status-publish","4":"has-post-thumbnail","6":"product_cat-lithium-ion-battery-supplier-china","7":"desktop-align-left","8":"tablet-align-left","9":"mobile-align-left","10":"ast-product-gallery-layout-horizontal-slider","11":"ast-product-tabs-layout-horizontal","13":"first","14":"instock","15":"shipping-taxable","16":"product-type-simple"},"acf":[],"_links":{"self":[{"href":"https:\/\/www.balderpower.com\/pt_br\/wp-json\/wp\/v2\/product\/4303","targetHints":{"allow":["GET"]}}],"collection":[{"href":"https:\/\/www.balderpower.com\/pt_br\/wp-json\/wp\/v2\/product"}],"about":[{"href":"https:\/\/www.balderpower.com\/pt_br\/wp-json\/wp\/v2\/types\/product"}],"version-history":[{"count":0,"href":"https:\/\/www.balderpower.com\/pt_br\/wp-json\/wp\/v2\/product\/4303\/revisions"}],"wp:featuredmedia":[{"embeddable":true,"href":"https:\/\/www.balderpower.com\/pt_br\/wp-json\/wp\/v2\/media\/4304"}],"wp:attachment":[{"href":"https:\/\/www.balderpower.com\/pt_br\/wp-json\/wp\/v2\/media?parent=4303"}],"wp:term":[{"taxonomy":"product_brand","embeddable":true,"href":"https:\/\/www.balderpower.com\/pt_br\/wp-json\/wp\/v2\/product_brand?post=4303"},{"taxonomy":"product_cat","embeddable":true,"href":"https:\/\/www.balderpower.com\/pt_br\/wp-json\/wp\/v2\/product_cat?post=4303"},{"taxonomy":"product_tag","embeddable":true,"href":"https:\/\/www.balderpower.com\/pt_br\/wp-json\/wp\/v2\/product_tag?post=4303"}],"curies":[{"name":"wp","href":"https:\/\/api.w.org\/{rel}","templated":true}]}}