{"id":2414,"date":"2022-09-17T17:47:23","date_gmt":"2022-09-17T09:47:23","guid":{"rendered":"https:\/\/gjt.lpf.mybluehost.me\/website_cd5134ed\/?post_type=product&#038;p=2414"},"modified":"2022-09-17T23:31:35","modified_gmt":"2022-09-17T15:31:35","slug":"estacao-de-energia-portatil-de-500-w-e-31000-mah","status":"publish","type":"product","link":"https:\/\/www.balderpower.com\/pt_br\/500w-31000mah-portable-power-station\/","title":{"rendered":"Esta\u00e7\u00e3o de energia port\u00e1til de 500 W e 31000 mAh para ilumina\u00e7\u00e3o externa, bateria externa para laptop e power bank."},"content":{"rendered":"<table border=\"0\" width=\"843\" cellspacing=\"0\" cellpadding=\"0\">\n<tbody>\n<tr>\n<td width=\"227\" height=\"18\">Interface de sa\u00edda:<\/td>\n<td width=\"616\">DC, USB\/DC, Quatro USBs<\/td>\n<\/tr>\n<tr>\n<td width=\"227\" height=\"18\">Interface de entrada:<\/td>\n<td>DC<\/td>\n<\/tr>\n<tr>\n<td width=\"227\" height=\"18\">Fun\u00e7\u00e3o:<\/td>\n<td>Suporte para carregamento r\u00e1pido, carregamento por painel solar, visor LED, suporte para dispositivos digitais.<\/td>\n<\/tr>\n<tr>\n<td width=\"227\" height=\"18\">Tipo:<\/td>\n<td>\u00c0 prova d&#039;\u00e1gua, carregamento r\u00e1pido, com plugue, alta capacidade, com cabo, port\u00e1til, esta\u00e7\u00e3o de energia, display LED, para uso externo, carregador solar port\u00e1til.<\/td>\n<\/tr>\n<tr>\n<td width=\"227\" height=\"18\">Tipo de Bateria:<\/td>\n<td>Bateria de l\u00edtio 18650<\/td>\n<\/tr>\n<tr>\n<td width=\"227\" height=\"18\">Local de origem:<\/td>\n<td>Guangdong, China<\/td>\n<\/tr>\n<tr>\n<td width=\"227\" height=\"18\">N\u00famero do modelo:<\/td>\n<td>UPS-500-BPL<\/td>\n<\/tr>\n<tr>\n<td width=\"227\" height=\"18\">Peso:<\/td>\n<td>3,15 kg<\/td>\n<\/tr>\n<tr>\n<td width=\"227\" height=\"18\">Padr\u00e3o de soquete:<\/td>\n<td>Para EUA\/Canad\u00e1, Para a UE, Para o Reino Unido, Para a Austr\u00e1lia\/Nova Zel\u00e2ndia, Para a It\u00e1lia, Para o Brasil, Para o Jap\u00e3o, Universal, Outros<\/td>\n<\/tr>\n<tr>\n<td width=\"227\" height=\"18\">Prote\u00e7\u00e3o:<\/td>\n<td>Prote\u00e7\u00e3o contra descarga excessiva, curto-circuito, sobrecarga, baixa tens\u00e3o<\/td>\n<\/tr>\n<tr>\n<td width=\"227\" height=\"18\">Pot\u00eancia de sa\u00edda:<\/td>\n<td>500W<\/td>\n<\/tr>\n<tr>\n<td width=\"227\" height=\"18\">Nome do produto:<\/td>\n<td>Bateria port\u00e1til de alta capacidade<\/td>\n<\/tr>\n<tr>\n<td width=\"227\" height=\"18\">Dispositivos compat\u00edveis:<\/td>\n<td>Celulares \/ MP3 \/ Tablet<\/td>\n<\/tr>\n<tr>\n<td width=\"227\" height=\"18\">Capacidade da bateria:<\/td>\n<td>31000mAh<\/td>\n<\/tr>\n<tr>\n<td width=\"227\" height=\"18\">Garantia:<\/td>\n<td>1 ano<\/td>\n<\/tr>\n<tr>\n<td width=\"227\" height=\"18\">Cores:<\/td>\n<td>Cor personalizada<\/td>\n<\/tr>\n<tr>\n<td width=\"227\" height=\"18\">Aplicativo:<\/td>\n<td>Exterior Interior<\/td>\n<\/tr>\n<tr>\n<td width=\"227\" height=\"18\">Quantidade m\u00ednima de encomenda:<\/td>\n<td>1 pe\u00e7a<\/td>\n<\/tr>\n<tr>\n<td width=\"227\" height=\"18\">OEM:<\/td>\n<td>Aceit\u00e1vel<\/td>\n<\/tr>\n<\/tbody>\n<\/table>\n<p><img fetchpriority=\"high\" decoding=\"async\" class=\"wp-image-2438 alignleft\" src=\"https:\/\/gjt.lpf.mybluehost.me\/website_cd5134ed\/wp-content\/uploads\/2022\/09\/500w-31000mah-Portable-Power-Station-for-Outdoor-Lighting-Laptop-Powerbank-details-1.png\" alt=\"\" width=\"952\" height=\"856\" srcset=\"https:\/\/www.balderpower.com\/wp-content\/uploads\/2022\/09\/500w-31000mah-Portable-Power-Station-for-Outdoor-Lighting-Laptop-Powerbank-details-1.png 750w, https:\/\/www.balderpower.com\/wp-content\/uploads\/2022\/09\/500w-31000mah-Portable-Power-Station-for-Outdoor-Lighting-Laptop-Powerbank-details-1-600x539.png 600w, https:\/\/www.balderpower.com\/wp-content\/uploads\/2022\/09\/500w-31000mah-Portable-Power-Station-for-Outdoor-Lighting-Laptop-Powerbank-details-1-64x58.png 64w\" sizes=\"(max-width: 952px) 100vw, 952px\" data-no-translation=\"\" \/><\/p>\n<p>&nbsp;<\/p>\n<p>&nbsp;<\/p>\n<p>&nbsp;<\/p>\n<p>&nbsp;<\/p>\n<p>&nbsp;<\/p>\n<p>&nbsp;<\/p>\n<p>&nbsp;<\/p>\n<p>&nbsp;<\/p>\n<p>&nbsp;<\/p>\n<p>&nbsp;<\/p>\n<p>&nbsp;<\/p>\n<p>&nbsp;<\/p>\n<p><img decoding=\"async\" class=\"wp-image-2439 alignleft\" src=\"https:\/\/gjt.lpf.mybluehost.me\/website_cd5134ed\/wp-content\/uploads\/2022\/09\/500w-31000mah-Portable-Power-Station-for-Outdoor-Lighting-Laptop-Powerbank-details-2.png\" alt=\"\" width=\"990\" height=\"676\" srcset=\"https:\/\/www.balderpower.com\/wp-content\/uploads\/2022\/09\/500w-31000mah-Portable-Power-Station-for-Outdoor-Lighting-Laptop-Powerbank-details-2.png 750w, https:\/\/www.balderpower.com\/wp-content\/uploads\/2022\/09\/500w-31000mah-Portable-Power-Station-for-Outdoor-Lighting-Laptop-Powerbank-details-2-600x410.png 600w, https:\/\/www.balderpower.com\/wp-content\/uploads\/2022\/09\/500w-31000mah-Portable-Power-Station-for-Outdoor-Lighting-Laptop-Powerbank-details-2-64x44.png 64w\" sizes=\"(max-width: 990px) 100vw, 990px\" data-no-translation=\"\" \/><img decoding=\"async\" class=\"wp-image-2440 alignleft\" src=\"https:\/\/gjt.lpf.mybluehost.me\/website_cd5134ed\/wp-content\/uploads\/2022\/09\/500w-31000mah-Portable-Power-Station-for-Outdoor-Lighting-Laptop-Powerbank-details-3.png\" alt=\"\" width=\"993\" height=\"773\" srcset=\"https:\/\/www.balderpower.com\/wp-content\/uploads\/2022\/09\/500w-31000mah-Portable-Power-Station-for-Outdoor-Lighting-Laptop-Powerbank-details-3.png 750w, https:\/\/www.balderpower.com\/wp-content\/uploads\/2022\/09\/500w-31000mah-Portable-Power-Station-for-Outdoor-Lighting-Laptop-Powerbank-details-3-600x467.png 600w, https:\/\/www.balderpower.com\/wp-content\/uploads\/2022\/09\/500w-31000mah-Portable-Power-Station-for-Outdoor-Lighting-Laptop-Powerbank-details-3-64x50.png 64w\" sizes=\"(max-width: 993px) 100vw, 993px\" data-no-translation=\"\" \/><\/p>\n<p>&nbsp;<\/p>\n<p>&nbsp;<\/p>\n<p>&nbsp;<\/p>\n<p><img loading=\"lazy\" decoding=\"async\" class=\"wp-image-2441 alignleft\" src=\"https:\/\/gjt.lpf.mybluehost.me\/website_cd5134ed\/wp-content\/uploads\/2022\/09\/500w-31000mah-Portable-Power-Station-for-Outdoor-Lighting-Laptop-Powerbank-details-4-544x1000.png\" alt=\"\" width=\"952\" height=\"1750\" srcset=\"https:\/\/www.balderpower.com\/wp-content\/uploads\/2022\/09\/500w-31000mah-Portable-Power-Station-for-Outdoor-Lighting-Laptop-Powerbank-details-4-544x1000.png 544w, https:\/\/www.balderpower.com\/wp-content\/uploads\/2022\/09\/500w-31000mah-Portable-Power-Station-for-Outdoor-Lighting-Laptop-Powerbank-details-4-600x1102.png 600w, https:\/\/www.balderpower.com\/wp-content\/uploads\/2022\/09\/500w-31000mah-Portable-Power-Station-for-Outdoor-Lighting-Laptop-Powerbank-details-4-64x118.png 64w, https:\/\/www.balderpower.com\/wp-content\/uploads\/2022\/09\/500w-31000mah-Portable-Power-Station-for-Outdoor-Lighting-Laptop-Powerbank-details-4-557x1024.png 557w, https:\/\/www.balderpower.com\/wp-content\/uploads\/2022\/09\/500w-31000mah-Portable-Power-Station-for-Outdoor-Lighting-Laptop-Powerbank-details-4.png 750w\" sizes=\"(max-width: 952px) 100vw, 952px\" data-no-translation=\"\" \/> <img loading=\"lazy\" decoding=\"async\" class=\"wp-image-2442 alignleft\" src=\"https:\/\/gjt.lpf.mybluehost.me\/website_cd5134ed\/wp-content\/uploads\/2022\/09\/500w-31000mah-Portable-Power-Station-for-Outdoor-Lighting-Laptop-Powerbank-details-5.png\" alt=\"\" width=\"951\" height=\"1080\" srcset=\"https:\/\/www.balderpower.com\/wp-content\/uploads\/2022\/09\/500w-31000mah-Portable-Power-Station-for-Outdoor-Lighting-Laptop-Powerbank-details-5.png 750w, https:\/\/www.balderpower.com\/wp-content\/uploads\/2022\/09\/500w-31000mah-Portable-Power-Station-for-Outdoor-Lighting-Laptop-Powerbank-details-5-600x682.png 600w, https:\/\/www.balderpower.com\/wp-content\/uploads\/2022\/09\/500w-31000mah-Portable-Power-Station-for-Outdoor-Lighting-Laptop-Powerbank-details-5-64x73.png 64w\" sizes=\"(max-width: 951px) 100vw, 951px\" data-no-translation=\"\" \/> <img loading=\"lazy\" decoding=\"async\" class=\"wp-image-2443 alignleft\" src=\"https:\/\/gjt.lpf.mybluehost.me\/website_cd5134ed\/wp-content\/uploads\/2022\/09\/500w-31000mah-Portable-Power-Station-for-Outdoor-Lighting-Laptop-Powerbank-details-6.png\" alt=\"\" width=\"955\" height=\"1109\" srcset=\"https:\/\/www.balderpower.com\/wp-content\/uploads\/2022\/09\/500w-31000mah-Portable-Power-Station-for-Outdoor-Lighting-Laptop-Powerbank-details-6.png 750w, https:\/\/www.balderpower.com\/wp-content\/uploads\/2022\/09\/500w-31000mah-Portable-Power-Station-for-Outdoor-Lighting-Laptop-Powerbank-details-6-600x697.png 600w, https:\/\/www.balderpower.com\/wp-content\/uploads\/2022\/09\/500w-31000mah-Portable-Power-Station-for-Outdoor-Lighting-Laptop-Powerbank-details-6-64x74.png 64w\" sizes=\"(max-width: 955px) 100vw, 955px\" data-no-translation=\"\" \/> <img loading=\"lazy\" decoding=\"async\" class=\"wp-image-2444 alignleft\" src=\"https:\/\/gjt.lpf.mybluehost.me\/website_cd5134ed\/wp-content\/uploads\/2022\/09\/500w-31000mah-Portable-Power-Station-for-Outdoor-Lighting-Laptop-Powerbank-details-7.png\" alt=\"\" width=\"995\" height=\"556\" srcset=\"https:\/\/www.balderpower.com\/wp-content\/uploads\/2022\/09\/500w-31000mah-Portable-Power-Station-for-Outdoor-Lighting-Laptop-Powerbank-details-7.png 750w, https:\/\/www.balderpower.com\/wp-content\/uploads\/2022\/09\/500w-31000mah-Portable-Power-Station-for-Outdoor-Lighting-Laptop-Powerbank-details-7-600x335.png 600w, https:\/\/www.balderpower.com\/wp-content\/uploads\/2022\/09\/500w-31000mah-Portable-Power-Station-for-Outdoor-Lighting-Laptop-Powerbank-details-7-64x36.png 64w\" sizes=\"(max-width: 995px) 100vw, 995px\" data-no-translation=\"\" \/> <img loading=\"lazy\" decoding=\"async\" class=\"wp-image-2445 alignleft\" src=\"https:\/\/gjt.lpf.mybluehost.me\/website_cd5134ed\/wp-content\/uploads\/2022\/09\/500w-31000mah-Portable-Power-Station-for-Outdoor-Lighting-Laptop-Powerbank-details-8.png\" alt=\"\" width=\"1000\" height=\"1036\" srcset=\"https:\/\/www.balderpower.com\/wp-content\/uploads\/2022\/09\/500w-31000mah-Portable-Power-Station-for-Outdoor-Lighting-Laptop-Powerbank-details-8.png 750w, https:\/\/www.balderpower.com\/wp-content\/uploads\/2022\/09\/500w-31000mah-Portable-Power-Station-for-Outdoor-Lighting-Laptop-Powerbank-details-8-600x622.png 600w, https:\/\/www.balderpower.com\/wp-content\/uploads\/2022\/09\/500w-31000mah-Portable-Power-Station-for-Outdoor-Lighting-Laptop-Powerbank-details-8-64x66.png 64w\" sizes=\"(max-width: 1000px) 100vw, 1000px\" data-no-translation=\"\" \/><\/p>","protected":false},"excerpt":{"rendered":"<table border=\"0\" width=\"426\" cellspacing=\"0\" cellpadding=\"0\">\n<tbody>\n<tr>\n<td style=\"text-align: left;\" width=\"148\" height=\"18\">Interface de sa\u00edda<\/td>\n<td width=\"278\">DC, USB\/DC, Quatro USBs<\/td>\n<\/tr>\n<tr>\n<td width=\"148\" height=\"18\">Interface de entrada<\/td>\n<td>DC<\/td>\n<\/tr>\n<tr>\n<td height=\"18\">Pot\u00eancia de sa\u00edda<\/td>\n<td>500W<\/td>\n<\/tr>\n<tr>\n<td height=\"18\">Capacidade da bateria<\/td>\n<td>31000mAh<\/td>\n<\/tr>\n<tr>\n<td height=\"18\">Tipo de Bateria<\/td>\n<td>Bateria de l\u00edtio 18650<\/td>\n<\/tr>\n<tr>\n<td width=\"148\" height=\"18\">Local de origem<\/td>\n<td>Guangdong, China<\/td>\n<\/tr>\n<tr>\n<td height=\"18\">N\u00famero do modelo<\/td>\n<td>UPS-500-BPL<\/td>\n<\/tr>\n<tr>\n<td width=\"148\" height=\"18\">OEM<\/td>\n<td width=\"278\">Aceit\u00e1vel<\/td>\n<\/tr>\n<\/tbody>\n<\/table>","protected":false},"featured_media":2433,"template":"","meta":{"_acf_changed":false,"nf_dc_page":"","site-sidebar-layout":"default","site-content-layout":"default","ast-site-content-layout":"default","site-content-style":"default","site-sidebar-style":"default","ast-global-header-display":"","ast-banner-title-visibility":"","ast-main-header-display":"","ast-hfb-above-header-display":"","ast-hfb-below-header-display":"","ast-hfb-mobile-header-display":"","site-post-title":"","ast-breadcrumbs-content":"","ast-featured-img":"","footer-sml-layout":"","ast-disable-related-posts":"","theme-transparent-header-meta":"default","adv-header-id-meta":"","stick-header-meta":"","header-above-stick-meta":"","header-main-stick-meta":"","header-below-stick-meta":"","astra-migrate-meta-layouts":"default","ast-page-background-enabled":"default","ast-page-background-meta":{"desktop":{"background-color":"","background-image":"","background-repeat":"repeat","background-position":"center center","background-size":"auto","background-attachment":"scroll","background-type":"","background-media":"","overlay-type":"","overlay-color":"","overlay-opacity":"","overlay-gradient":""},"tablet":{"background-color":"","background-image":"","background-repeat":"repeat","background-position":"center center","background-size":"auto","background-attachment":"scroll","background-type":"","background-media":"","overlay-type":"","overlay-color":"","overlay-opacity":"","overlay-gradient":""},"mobile":{"background-color":"","background-image":"","background-repeat":"repeat","background-position":"center center","background-size":"auto","background-attachment":"scroll","background-type":"","background-media":"","overlay-type":"","overlay-color":"","overlay-opacity":"","overlay-gradient":""}},"ast-content-background-meta":{"desktop":{"background-color":"var(--ast-global-color-5)","background-image":"","background-repeat":"repeat","background-position":"center center","background-size":"auto","background-attachment":"scroll","background-type":"","background-media":"","overlay-type":"","overlay-color":"","overlay-opacity":"","overlay-gradient":""},"tablet":{"background-color":"var(--ast-global-color-5)","background-image":"","background-repeat":"repeat","background-position":"center center","background-size":"auto","background-attachment":"scroll","background-type":"","background-media":"","overlay-type":"","overlay-color":"","overlay-opacity":"","overlay-gradient":""},"mobile":{"background-color":"var(--ast-global-color-5)","background-image":"","background-repeat":"repeat","background-position":"center center","background-size":"auto","background-attachment":"scroll","background-type":"","background-media":"","overlay-type":"","overlay-color":"","overlay-opacity":"","overlay-gradient":""}},"_joinchat":[]},"product_brand":[],"product_cat":[61],"product_tag":[],"class_list":{"0":"post-2414","1":"product","2":"type-product","3":"status-publish","4":"has-post-thumbnail","6":"product_cat-portable-power-station","7":"desktop-align-left","8":"tablet-align-left","9":"mobile-align-left","10":"ast-product-gallery-layout-horizontal-slider","11":"ast-product-tabs-layout-horizontal","13":"first","14":"instock","15":"shipping-taxable","16":"product-type-simple"},"acf":[],"_links":{"self":[{"href":"https:\/\/www.balderpower.com\/pt_br\/wp-json\/wp\/v2\/product\/2414","targetHints":{"allow":["GET"]}}],"collection":[{"href":"https:\/\/www.balderpower.com\/pt_br\/wp-json\/wp\/v2\/product"}],"about":[{"href":"https:\/\/www.balderpower.com\/pt_br\/wp-json\/wp\/v2\/types\/product"}],"version-history":[{"count":0,"href":"https:\/\/www.balderpower.com\/pt_br\/wp-json\/wp\/v2\/product\/2414\/revisions"}],"wp:featuredmedia":[{"embeddable":true,"href":"https:\/\/www.balderpower.com\/pt_br\/wp-json\/wp\/v2\/media\/2433"}],"wp:attachment":[{"href":"https:\/\/www.balderpower.com\/pt_br\/wp-json\/wp\/v2\/media?parent=2414"}],"wp:term":[{"taxonomy":"product_brand","embeddable":true,"href":"https:\/\/www.balderpower.com\/pt_br\/wp-json\/wp\/v2\/product_brand?post=2414"},{"taxonomy":"product_cat","embeddable":true,"href":"https:\/\/www.balderpower.com\/pt_br\/wp-json\/wp\/v2\/product_cat?post=2414"},{"taxonomy":"product_tag","embeddable":true,"href":"https:\/\/www.balderpower.com\/pt_br\/wp-json\/wp\/v2\/product_tag?post=2414"}],"curies":[{"name":"wp","href":"https:\/\/api.w.org\/{rel}","templated":true}]}}