{"id":11376,"date":"2026-03-04T01:13:21","date_gmt":"2026-03-03T17:13:21","guid":{"rendered":"https:\/\/www.balderpower.com\/?post_type=product&#038;p=11376"},"modified":"2026-03-04T01:28:13","modified_gmt":"2026-03-03T17:28:13","slug":"armario-de-armazenamento-de-energia-tudo-em-um-de-230-kwh-120-kw-refrigerado-a-liquido-ip54","status":"publish","type":"product","link":"https:\/\/www.balderpower.com\/pt_br\/230kwh-all-in-one-energy-storage-cabinet-120kw-liquid-cooled-ip54\/","title":{"rendered":"Arm\u00e1rio de armazenamento de energia multifuncional de 230 kWh (IP54) | Sistema de armazenamento de energia LiFePO4 de alta tens\u00e3o refrigerado a l\u00edquido de 120 kW"},"content":{"rendered":"<h2>Gabinete de armazenamento de energia (ESS) multifuncional de 230 kWh para uso externo em instala\u00e7\u00f5es comerciais e industriais.<\/h2>\n<p>O <strong>Arm\u00e1rio de armazenamento de energia multifuncional de 230 kWh<\/strong> Foi projetado para clientes comerciais e industriais que precisam de economia de energia previs\u00edvel e alta resili\u00eancia do local. Ele foi desenvolvido para casos de uso reais em aplica\u00e7\u00f5es comerciais e industriais, como: <strong>corte de pico<\/strong>, Gerenciamento de demanda de carga, otimiza\u00e7\u00e3o do autoconsumo de energia solar e fornecimento confi\u00e1vel de energia de reserva. Ao integrar o sistema de baterias e os componentes de convers\u00e3o\/controle de energia em um \u00fanico gabinete para uso externo, reduz-se a complexidade da instala\u00e7\u00e3o, minimizam-se os riscos de fia\u00e7\u00e3o no local e ajudam as equipes de EPC a entregar projetos mais rapidamente, com desempenho consistente em v\u00e1rias localidades.<\/p>\n<h2>Plataforma de baterias LiFePO4 de alta tens\u00e3o com alta energia utiliz\u00e1vel.<\/h2>\n<p>Este sistema adota <strong>LiFePO4 (LFP)<\/strong> qu\u00edmica com <strong>3,2V\/280Ah<\/strong> c\u00e9lulas. O gabinete \u00e9 constru\u00eddo sobre uma plataforma de alta tens\u00e3o com <strong>Tens\u00e3o nominal de 819,2 V<\/strong> e uma gama funcional de <strong>665,6\u2013934,4V<\/strong>. A energia nominal atinge <strong>229,376 kWh<\/strong>, e a profundidade de descarga projetada \u00e9 de at\u00e9 <strong>0,95 DOD<\/strong> Para maximizar a capacidade utiliz\u00e1vel, mantendo a sa\u00fade da bateria em mente. Uma taxa de carga\/descarga controlada de <strong>\u22640,6C<\/strong> Oferece suporte a um comportamento de ciclagem est\u00e1vel para a mudan\u00e7a di\u00e1ria de energia, especialmente em cen\u00e1rios de redu\u00e7\u00e3o de pico baseados em tarifas.<\/p>\n<h3>Sistema integrado de 120 kW com PCS, MPPT, STS e EMS para implanta\u00e7\u00e3o imediata em projetos.<\/h3>\n<p>O gabinete integra um <strong>120kW PCS<\/strong> (tens\u00e3o CC nominal) <strong>800V<\/strong>, corrente CC m\u00e1xima <strong>176A<\/strong>) e suporta conex\u00e3o \u00e0 rede em <strong>230\/400V 3P+N+PE<\/strong> (50Hz). Para acoplamento solar, a entrada fotovoltaica suporta at\u00e9 <strong>1000V<\/strong> tens\u00e3o m\u00e1xima de entrada fotovoltaica com uma faixa de opera\u00e7\u00e3o MPPT de <strong>200\u2013850V<\/strong> e corrente de entrada m\u00e1xima <strong>200A<\/strong> (Dependendo da configura\u00e7\u00e3o). Com arquitetura compat\u00edvel com STS e EMS, o sistema pode ser implementado em projetos t\u00edpicos de energia solar + armazenamento para uso comercial e industrial, onde os usu\u00e1rios armazenam o excedente durante o dia e o descarregam durante os picos de demanda ou aumentos repentinos de carga \u00e0 noite.<\/p>\n<h2>Confiabilidade para uso externo com prote\u00e7\u00e3o IP54 e refrigera\u00e7\u00e3o l\u00edquida.<\/h2>\n<p>A implanta\u00e7\u00e3o ao ar livre geralmente implica maior varia\u00e7\u00e3o de temperatura ambiente e condi\u00e7\u00f5es operacionais mais adversas. Este gabinete foi projetado para <strong>interior\/exterior<\/strong> instala\u00e7\u00e3o com <strong>IP54<\/strong> prote\u00e7\u00e3o e uma ampla faixa de temperatura operacional de <strong>-20\u00b0C a 55\u00b0C<\/strong>. O <strong>resfriamento l\u00edquido<\/strong> O sistema ajuda a melhorar a consist\u00eancia t\u00e9rmica entre as c\u00e9lulas, proporcionando um desempenho est\u00e1vel e reduzindo a perda de pot\u00eancia durante per\u00edodos de alta carga ou alta temperatura \u2014 uma vantagem importante para usu\u00e1rios industriais que buscam confiabilidade a longo prazo.<\/p>\n<h2>Design de seguran\u00e7a: Alarme de inc\u00eandio inteligente e supress\u00e3o t\u00e9rmica de aeross\u00f3is.<\/h2>\n<p>A seguran\u00e7a \u00e9 uma prioridade no armazenamento de energia para aplica\u00e7\u00f5es comerciais e industriais. O sistema foi projetado com um <strong>sistema inteligente de alarme e extin\u00e7\u00e3o de inc\u00eandio<\/strong> Para monitoramento em tempo real, posicionamento preciso e alerta antecipado. <strong>sistema de extin\u00e7\u00e3o de inc\u00eandio por aerossol t\u00e9rmico<\/strong> (Conforme configurado) fornece uma camada adicional de mitiga\u00e7\u00e3o de riscos no n\u00edvel do gabinete para aumentar a confiabilidade operacional em ambientes exigentes.<\/p>\n<h2>Suporte B2B: Fornecimento direto da f\u00e1brica para EPC e distribuidores<\/h2>\n<p>Para compradores profissionais, documenta\u00e7\u00e3o, repetibilidade e controle de entrega s\u00e3o t\u00e3o importantes quanto as especifica\u00e7\u00f5es. Como fornecedor orientado para a f\u00e1brica, oferecemos suporte a pedidos de teste e compras no atacado com fichas t\u00e9cnicas prontas para projeto, orienta\u00e7\u00f5es de embalagem e coordena\u00e7\u00e3o log\u00edstica. Para fluxos de trabalho de remessa e compras internacionais, documentos t\u00edpicos como <strong>UN38.3<\/strong> e <strong>MSDS<\/strong> Pode ser fornecido mediante solicita\u00e7\u00e3o. Isso ajuda os integradores a avan\u00e7arem mais rapidamente da avalia\u00e7\u00e3o \u00e0 implementa\u00e7\u00e3o, mantendo a confian\u00e7a na conformidade e na consist\u00eancia da produ\u00e7\u00e3o.<\/p>\n<div id=\"gtx-trans\" style=\"position: absolute; left: -36px; top: 618.188px;\">\n<div class=\"gtx-trans-icon\"><\/div>\n<\/div>","protected":false},"excerpt":{"rendered":"<ul>\n<li data-start=\"1611\" data-end=\"1797\">\n<p data-start=\"1613\" data-end=\"1797\"><strong data-start=\"1613\" data-end=\"1795\">Gabinete de armazenamento de energia tudo-em-um IP54 para exterior, com capacidade de 230 kWh, equipado com PCS de 120 kW, refrigera\u00e7\u00e3o l\u00edquida e baterias LiFePO4 para redu\u00e7\u00e3o de picos de consumo em aplica\u00e7\u00f5es comerciais e industriais, autoconsumo de energia solar e fornecimento confi\u00e1vel de energia de reserva.<\/strong><\/p>\n<\/li>\n<li data-start=\"1798\" data-end=\"1931\">\n<p data-start=\"1800\" data-end=\"1931\">O sistema integrado inclui <strong data-start=\"1827\" data-end=\"1873\">Baterias LiFePO4 + PCS + MPPT + STS + EMS<\/strong>, reduzindo a fia\u00e7\u00e3o no local e acelerando o comissionamento.<\/p>\n<\/li>\n<li data-start=\"1932\" data-end=\"2061\">\n<p data-start=\"1934\" data-end=\"2061\">Plataforma de baterias de alta tens\u00e3o: <strong data-start=\"1965\" data-end=\"1981\">Classifica\u00e7\u00e3o de 819,2 V<\/strong>, <strong data-start=\"1983\" data-end=\"1999\">665,6\u2013934,4V<\/strong> Faixa de opera\u00e7\u00e3o projetada para fornecimento de energia eficiente em ambientes comerciais e industriais.<\/p>\n<\/li>\n<li data-start=\"2062\" data-end=\"2210\">\n<p data-start=\"2064\" data-end=\"2210\">Preparado para a seguran\u00e7a: sistema inteligente de alarme e extin\u00e7\u00e3o de inc\u00eandio e <strong data-start=\"2128\" data-end=\"2164\">supress\u00e3o de inc\u00eandio por aerossol t\u00e9rmico<\/strong> (conforme configurado) para controle proativo de riscos.<\/p>\n<\/li>\n<li data-start=\"2211\" data-end=\"2338\">\n<p data-start=\"2213\" data-end=\"2338\">O resfriamento l\u00edquido ajuda a manter a temperatura das c\u00e9lulas constante e permite uma opera\u00e7\u00e3o est\u00e1vel em ambientes externos exigentes.<\/p>\n<\/li>\n<li data-start=\"2339\" data-end=\"2494\">\n<p data-start=\"2341\" data-end=\"2494\">Fornecimento B2B: pre\u00e7os direto da f\u00e1brica, suporte para pedidos de teste, compras no atacado e documentos de envio\/conformidade (UN38.3\/MSDS dispon\u00edveis mediante solicita\u00e7\u00e3o).<\/p>\n<\/li>\n<\/ul>","protected":false},"featured_media":11381,"template":"","meta":{"_acf_changed":false,"nf_dc_page":"","site-sidebar-layout":"default","site-content-layout":"","ast-site-content-layout":"default","site-content-style":"default","site-sidebar-style":"default","ast-global-header-display":"","ast-banner-title-visibility":"","ast-main-header-display":"","ast-hfb-above-header-display":"","ast-hfb-below-header-display":"","ast-hfb-mobile-header-display":"","site-post-title":"","ast-breadcrumbs-content":"","ast-featured-img":"","footer-sml-layout":"","ast-disable-related-posts":"","theme-transparent-header-meta":"default","adv-header-id-meta":"","stick-header-meta":"default","header-above-stick-meta":"","header-main-stick-meta":"","header-below-stick-meta":"","astra-migrate-meta-layouts":"set","ast-page-background-enabled":"default","ast-page-background-meta":{"desktop":{"background-color":"","background-image":"","background-repeat":"repeat","background-position":"center center","background-size":"auto","background-attachment":"scroll","background-type":"","background-media":"","overlay-type":"","overlay-color":"","overlay-opacity":"","overlay-gradient":""},"tablet":{"background-color":"","background-image":"","background-repeat":"repeat","background-position":"center center","background-size":"auto","background-attachment":"scroll","background-type":"","background-media":"","overlay-type":"","overlay-color":"","overlay-opacity":"","overlay-gradient":""},"mobile":{"background-color":"","background-image":"","background-repeat":"repeat","background-position":"center center","background-size":"auto","background-attachment":"scroll","background-type":"","background-media":"","overlay-type":"","overlay-color":"","overlay-opacity":"","overlay-gradient":""}},"ast-content-background-meta":{"desktop":{"background-color":"var(--ast-global-color-5)","background-image":"","background-repeat":"repeat","background-position":"center center","background-size":"auto","background-attachment":"scroll","background-type":"","background-media":"","overlay-type":"","overlay-color":"","overlay-opacity":"","overlay-gradient":""},"tablet":{"background-color":"var(--ast-global-color-5)","background-image":"","background-repeat":"repeat","background-position":"center center","background-size":"auto","background-attachment":"scroll","background-type":"","background-media":"","overlay-type":"","overlay-color":"","overlay-opacity":"","overlay-gradient":""},"mobile":{"background-color":"var(--ast-global-color-5)","background-image":"","background-repeat":"repeat","background-position":"center center","background-size":"auto","background-attachment":"scroll","background-type":"","background-media":"","overlay-type":"","overlay-color":"","overlay-opacity":"","overlay-gradient":""}},"_joinchat":[]},"product_brand":[],"product_cat":[845],"product_tag":[1195,1211,1210,1216,1215,1214,1205,1181,1178,1220,1186,1208,1222,1213,1221,1206,1212,1209,1196,1203,1218,1177,1179,1219,1217,1204,1207,1223],"class_list":{"0":"post-11376","1":"product","2":"type-product","3":"status-publish","4":"has-post-thumbnail","6":"product_cat-commercial-industrial-bess","7":"product_tag-1000v-pv-input-ess","8":"product_tag-120kw-liquid-cooled-ess-cabinet","9":"product_tag-230kwh-all-in-one-energy-storage-cabinet","10":"product_tag-280ah-lfp-cell","11":"product_tag-665-6-934-4v-voltage-range","12":"product_tag-819-2v-battery-system","13":"product_tag-bulk-pricing","14":"product_tag-commercial-backup-power","15":"product_tag-demand-charge-management","16":"product_tag-ems-ready-lan-monitoring","17":"product_tag-epc-integrator-ready","18":"product_tag-ev-charging-station-buffering","19":"product_tag-factory-direct-ess-supplier","20":"product_tag-high-voltage-lifepo4-battery-cabinet","21":"product_tag-industrial-energy-storage-container","22":"product_tag-industrial-park-energy-storage","23":"product_tag-ip54-outdoor-commercial-energy-storage-system","24":"product_tag-microgrid-ready-ess","25":"product_tag-mppt-200-850v","26":"product_tag-oem-odm-support","27":"product_tag-pcs-integrated-cabinet","28":"product_tag-peak-shaving-energy-storage","29":"product_tag-solar-self-consumption-storage","30":"product_tag-sts-integrated-energy-storage","31":"product_tag-thermal-aerosol-fire-extinguishing-system","32":"product_tag-trial-order-available","33":"product_tag-warehouse-energy-storage","34":"product_tag-wholesale-ess-cabinet","35":"desktop-align-left","36":"tablet-align-left","37":"mobile-align-left","38":"ast-product-gallery-layout-horizontal-slider","39":"ast-product-tabs-layout-horizontal","41":"first","42":"instock","43":"shipping-taxable","44":"purchasable","45":"product-type-simple"},"acf":[],"_links":{"self":[{"href":"https:\/\/www.balderpower.com\/pt_br\/wp-json\/wp\/v2\/product\/11376","targetHints":{"allow":["GET"]}}],"collection":[{"href":"https:\/\/www.balderpower.com\/pt_br\/wp-json\/wp\/v2\/product"}],"about":[{"href":"https:\/\/www.balderpower.com\/pt_br\/wp-json\/wp\/v2\/types\/product"}],"version-history":[{"count":0,"href":"https:\/\/www.balderpower.com\/pt_br\/wp-json\/wp\/v2\/product\/11376\/revisions"}],"wp:featuredmedia":[{"embeddable":true,"href":"https:\/\/www.balderpower.com\/pt_br\/wp-json\/wp\/v2\/media\/11381"}],"wp:attachment":[{"href":"https:\/\/www.balderpower.com\/pt_br\/wp-json\/wp\/v2\/media?parent=11376"}],"wp:term":[{"taxonomy":"product_brand","embeddable":true,"href":"https:\/\/www.balderpower.com\/pt_br\/wp-json\/wp\/v2\/product_brand?post=11376"},{"taxonomy":"product_cat","embeddable":true,"href":"https:\/\/www.balderpower.com\/pt_br\/wp-json\/wp\/v2\/product_cat?post=11376"},{"taxonomy":"product_tag","embeddable":true,"href":"https:\/\/www.balderpower.com\/pt_br\/wp-json\/wp\/v2\/product_tag?post=11376"}],"curies":[{"name":"wp","href":"https:\/\/api.w.org\/{rel}","templated":true}]}}