{"id":11365,"date":"2026-03-04T00:55:49","date_gmt":"2026-03-03T16:55:49","guid":{"rendered":"https:\/\/www.balderpower.com\/?post_type=product&#038;p=11365"},"modified":"2026-03-06T03:07:46","modified_gmt":"2026-03-05T19:07:46","slug":"armario-de-armazenamento-de-energia-tudo-em-um-de-114-kwh-60-kw-ip54-lifepo4","status":"publish","type":"product","link":"https:\/\/www.balderpower.com\/pt_br\/114kwh-all-in-one-energy-storage-cabinet-60kw-ip54-lifepo4\/","title":{"rendered":"Arm\u00e1rio de armazenamento de energia multifuncional de 114 kWh (IP54) | Sistema de armazenamento de energia de alta tens\u00e3o LiFePO4 com inversor h\u00edbrido de 60 kW"},"content":{"rendered":"<h2>Gabinete ESS multifuncional de 114 kWh para uso externo em projetos solares comerciais e industriais.<\/h2>\n<p>O <strong>Arm\u00e1rio de armazenamento de energia multifuncional de 114 kWh<\/strong> \u00c9 projetado para usu\u00e1rios comerciais e industriais que precisam de uma solu\u00e7\u00e3o compacta e f\u00e1cil de usar em projetos. <strong>corte de pico<\/strong>, Gerenciamento de demanda de energia, otimiza\u00e7\u00e3o do autoconsumo fotovoltaico e fornecimento confi\u00e1vel de energia de reserva. Ao integrar o sistema de baterias LiFePO4 e o inversor\/PCS h\u00edbrido em um \u00fanico gabinete pronto para uso externo, ele auxilia empresas de engenharia, aquisi\u00e7\u00e3o e constru\u00e7\u00e3o (EPCs), instaladores e distribuidores a reduzir a fia\u00e7\u00e3o no local, diminuir o tempo de comissionamento e melhorar a consist\u00eancia de implanta\u00e7\u00e3o em diversos locais. As aplica\u00e7\u00f5es t\u00edpicas incluem f\u00e1bricas, armaz\u00e9ns, parques empresariais, fazendas, sites de telecomunica\u00e7\u00f5es, salas de dados e esta\u00e7\u00f5es de carregamento de ve\u00edculos el\u00e9tricos, onde a estabilidade da energia e o controle dos custos de energia s\u00e3o essenciais para os neg\u00f3cios.<\/p>\n<h2>Plataforma de baterias LiFePO4 de alta tens\u00e3o com alta energia utiliz\u00e1vel.<\/h2>\n<p>Este arm\u00e1rio usa <strong>LiFePO4 (LFP)<\/strong> qu\u00edmica com <strong>3,2V\/135Ah<\/strong> c\u00e9lulas e uma plataforma de bateria de alta tens\u00e3o classificada em <strong>844,8V<\/strong> com uma faixa de opera\u00e7\u00e3o de <strong>660,0\u2013963,6V<\/strong>. A energia nominal atinge <strong>114,048 kWh<\/strong>, com uma profundidade de descarga projetada de at\u00e9 <strong>0,95 DOD<\/strong> para maximizar a capacidade utiliz\u00e1vel, mantendo a sa\u00fade da bateria a longo prazo. Com uma taxa de carga e descarga controlada de <strong>\u22640,6C<\/strong> e uma meta de ciclo de vida de <strong>&gt;6000 ciclos<\/strong>, O sistema \u00e9 adequado para ciclos di\u00e1rios frequentes, comumente exigidos em cen\u00e1rios de redu\u00e7\u00e3o de picos de demanda comercial e industrial e de deslocamento da energia solar.<\/p>\n<h3>Inversor h\u00edbrido integrado de 60 kW\/PCS + entrada MPPT fotovoltaica<\/h3>\n<p>No que diz respeito \u00e0 convers\u00e3o de energia, o inversor h\u00edbrido\/PCS integrado tem uma classifica\u00e7\u00e3o de <strong>60 kW<\/strong> (tens\u00e3o CC nominal) <strong>800V<\/strong>, corrente CC m\u00e1xima <strong>88A<\/strong>) e suporta conex\u00e3o \u00e0 rede em <strong>230\/400V 3P+N+PE<\/strong> (50Hz). Para acoplamento solar, a entrada fotovoltaica suporta at\u00e9 <strong>1000V<\/strong> tens\u00e3o m\u00e1xima de entrada fotovoltaica, pot\u00eancia fotovoltaica m\u00e1xima <strong>60 kW<\/strong>, faixa de opera\u00e7\u00e3o do MPPT <strong>200\u2013850V<\/strong>, e corrente m\u00e1xima de entrada <strong>200A<\/strong>. Essa configura\u00e7\u00e3o permite o carregamento eficiente de energia solar para armazenamento durante o dia e a descarga programada durante os hor\u00e1rios de pico de tarifa ou picos de carga.<\/p>\n<h2>Confiabilidade em ambientes externos: Prote\u00e7\u00e3o IP54, resfriamento e seguran\u00e7a inteligente contra inc\u00eandio.<\/h2>\n<p>O arm\u00e1rio foi constru\u00eddo para <strong>interior\/exterior<\/strong> instala\u00e7\u00e3o com <strong>IP54<\/strong> prote\u00e7\u00e3o e uma ampla faixa de temperatura operacional de <strong>-20\u00b0C a 55\u00b0C<\/strong>. Para garantir estabilidade t\u00e9rmica, ele suporta resfriamento eficiente (resfriamento a ar\/resfriamento por ar-condicionado, conforme configurado) para reduzir a perda de pot\u00eancia em altas temperaturas ambientes. A seguran\u00e7a \u00e9 refor\u00e7ada por um <strong>sistema integrado inteligente de alarme e extin\u00e7\u00e3o de inc\u00eandio<\/strong> Para monitoramento em tempo real, posicionamento preciso, alerta precoce e resposta r\u00e1pida de supress\u00e3o (por exemplo, sistema de extin\u00e7\u00e3o de inc\u00eandio por aerossol t\u00e9rmico, dependendo da configura\u00e7\u00e3o). Essas medidas ajudam a melhorar a confiabilidade operacional e a reduzir o risco em ambientes comerciais e industriais reais.<\/p>\n<h2>Suporte para compras B2B diretamente da f\u00e1brica<\/h2>\n<p>Para integradores e distribuidores, a documenta\u00e7\u00e3o e a consist\u00eancia na entrega s\u00e3o fundamentais. Como fornecedor orientado para a f\u00e1brica, oferecemos suporte para pacotes de or\u00e7amentos de projetos, fichas t\u00e9cnicas, coordena\u00e7\u00e3o de embalagens e envios, al\u00e9m de documenta\u00e7\u00e3o de transporte comumente solicitada, como... <strong>UN38.3<\/strong> e <strong>MSDS<\/strong> Mediante solicita\u00e7\u00e3o. Tamb\u00e9m oferecemos suporte a pedidos de teste para avalia\u00e7\u00e3o, compras em grande escala e planejamento escal\u00e1vel para expans\u00e3o futura do sistema. Essa abordagem ajuda os compradores a avan\u00e7arem mais rapidamente da avalia\u00e7\u00e3o \u00e0 implementa\u00e7\u00e3o, mantendo a confian\u00e7a no controle de qualidade e na conformidade com as normas.<\/p>","protected":false},"excerpt":{"rendered":"<ul>\n<li data-start=\"1605\" data-end=\"1771\">\n<p data-start=\"1607\" data-end=\"1771\"><strong data-start=\"1607\" data-end=\"1769\">Gabinete de armazenamento de energia tudo-em-um IP54 para exterior, com 114 kWh e inversor h\u00edbrido de 60 kW, projetado para redu\u00e7\u00e3o de picos de consumo em aplica\u00e7\u00f5es comerciais e industriais, autoconsumo de energia solar e fornecimento confi\u00e1vel de energia de reserva.<\/strong><\/p>\n<\/li>\n<li data-start=\"1772\" data-end=\"1905\">\n<p data-start=\"1774\" data-end=\"1905\">Solu\u00e7\u00e3o integrada: bateria LiFePO4 + inversor h\u00edbrido\/PCS + MPPT fotovoltaico + monitoramento pronto para EMS em um \u00fanico gabinete para implanta\u00e7\u00e3o mais r\u00e1pida.<\/p>\n<\/li>\n<li data-start=\"1906\" data-end=\"2033\">\n<p data-start=\"1908\" data-end=\"2033\">Plataforma de bateria de alta tens\u00e3o: classificada <strong data-start=\"1945\" data-end=\"1955\">844,8V<\/strong>, faixa de opera\u00e7\u00e3o <strong data-start=\"1973\" data-end=\"1987\">660\u2013963,6V<\/strong>, Projetado para fornecimento eficiente de energia para aplica\u00e7\u00f5es comerciais e industriais.<\/p>\n<\/li>\n<li data-start=\"2034\" data-end=\"2179\">\n<p data-start=\"2036\" data-end=\"2179\">Design focado na seguran\u00e7a: sistema inteligente de alarme e extin\u00e7\u00e3o de inc\u00eandio, supress\u00e3o t\u00e9rmica de aeross\u00f3is (configur\u00e1vel) e prote\u00e7\u00e3o multicamadas.<\/p>\n<\/li>\n<li data-start=\"2180\" data-end=\"2320\">\n<p data-start=\"2182\" data-end=\"2320\">Pronto para uso externo: <strong data-start=\"2197\" data-end=\"2205\">IP54<\/strong> Inv\u00f3lucro, ampla faixa de temperatura <strong data-start=\"2240\" data-end=\"2257\">-20\u00b0C a 55\u00b0C<\/strong>, e resfriamento eficiente com ar condicionado (conforme configurado).<\/p>\n<\/li>\n<li data-start=\"2321\" data-end=\"2469\">\n<p data-start=\"2323\" data-end=\"2469\">Fornecimento B2B: pre\u00e7os direto da f\u00e1brica, suporte para pedidos de teste, compras em grande quantidade e documenta\u00e7\u00e3o para envio\/conformidade (UN38.3\/MSDS sob solicita\u00e7\u00e3o).<\/p>\n<\/li>\n<\/ul>","protected":false},"featured_media":11366,"template":"","meta":{"_acf_changed":false,"nf_dc_page":"","site-sidebar-layout":"default","site-content-layout":"","ast-site-content-layout":"default","site-content-style":"default","site-sidebar-style":"default","ast-global-header-display":"","ast-banner-title-visibility":"","ast-main-header-display":"","ast-hfb-above-header-display":"","ast-hfb-below-header-display":"","ast-hfb-mobile-header-display":"","site-post-title":"","ast-breadcrumbs-content":"","ast-featured-img":"","footer-sml-layout":"","ast-disable-related-posts":"","theme-transparent-header-meta":"default","adv-header-id-meta":"","stick-header-meta":"default","header-above-stick-meta":"","header-main-stick-meta":"","header-below-stick-meta":"","astra-migrate-meta-layouts":"set","ast-page-background-enabled":"default","ast-page-background-meta":{"desktop":{"background-color":"","background-image":"","background-repeat":"repeat","background-position":"center center","background-size":"auto","background-attachment":"scroll","background-type":"","background-media":"","overlay-type":"","overlay-color":"","overlay-opacity":"","overlay-gradient":""},"tablet":{"background-color":"","background-image":"","background-repeat":"repeat","background-position":"center center","background-size":"auto","background-attachment":"scroll","background-type":"","background-media":"","overlay-type":"","overlay-color":"","overlay-opacity":"","overlay-gradient":""},"mobile":{"background-color":"","background-image":"","background-repeat":"repeat","background-position":"center center","background-size":"auto","background-attachment":"scroll","background-type":"","background-media":"","overlay-type":"","overlay-color":"","overlay-opacity":"","overlay-gradient":""}},"ast-content-background-meta":{"desktop":{"background-color":"var(--ast-global-color-5)","background-image":"","background-repeat":"repeat","background-position":"center center","background-size":"auto","background-attachment":"scroll","background-type":"","background-media":"","overlay-type":"","overlay-color":"","overlay-opacity":"","overlay-gradient":""},"tablet":{"background-color":"var(--ast-global-color-5)","background-image":"","background-repeat":"repeat","background-position":"center center","background-size":"auto","background-attachment":"scroll","background-type":"","background-media":"","overlay-type":"","overlay-color":"","overlay-opacity":"","overlay-gradient":""},"mobile":{"background-color":"var(--ast-global-color-5)","background-image":"","background-repeat":"repeat","background-position":"center center","background-size":"auto","background-attachment":"scroll","background-type":"","background-media":"","overlay-type":"","overlay-color":"","overlay-opacity":"","overlay-gradient":""}},"_joinchat":[]},"product_brand":[],"product_cat":[845],"product_tag":[1195,1190,1191,1200,1205,1197,1193,1178,1186,1208,1201,1194,1206,1199,1198,1209,1196,1203,1192,1177,1179,1175,1204,1207,1202],"class_list":{"0":"post-11365","1":"product","2":"type-product","3":"status-publish","4":"has-post-thumbnail","6":"product_cat-commercial-industrial-bess","7":"product_tag-1000v-pv-input-ess","8":"product_tag-114kwh-all-in-one-energy-storage-cabinet","9":"product_tag-60kw-hybrid-inverter-ess","10":"product_tag-air-conditioner-cooling-ess","11":"product_tag-bulk-pricing","12":"product_tag-ci-backup-power","13":"product_tag-commercial-industrial-energy-storage","14":"product_tag-demand-charge-management","15":"product_tag-epc-integrator-ready","16":"product_tag-ev-charging-station-buffering","17":"product_tag-factory-direct-energy-storage-cabinet","18":"product_tag-high-voltage-solar-power-system","19":"product_tag-industrial-park-energy-storage","20":"product_tag-intelligent-fire-alarm-system","21":"product_tag-lan-ems-monitoring","22":"product_tag-microgrid-ready-ess","23":"product_tag-mppt-200-850v","24":"product_tag-oem-odm-support","25":"product_tag-outdoor-ip54-lifepo4-cabinet","26":"product_tag-peak-shaving-energy-storage","27":"product_tag-solar-self-consumption-storage","28":"product_tag-thermal-aerosol-fire-suppression","29":"product_tag-trial-order-available","30":"product_tag-warehouse-energy-storage","31":"product_tag-wholesale-ess-supplier","32":"desktop-align-left","33":"tablet-align-left","34":"mobile-align-left","35":"ast-product-gallery-layout-horizontal-slider","36":"ast-product-tabs-layout-horizontal","38":"first","39":"instock","40":"shipping-taxable","41":"purchasable","42":"product-type-simple"},"acf":[],"_links":{"self":[{"href":"https:\/\/www.balderpower.com\/pt_br\/wp-json\/wp\/v2\/product\/11365","targetHints":{"allow":["GET"]}}],"collection":[{"href":"https:\/\/www.balderpower.com\/pt_br\/wp-json\/wp\/v2\/product"}],"about":[{"href":"https:\/\/www.balderpower.com\/pt_br\/wp-json\/wp\/v2\/types\/product"}],"version-history":[{"count":0,"href":"https:\/\/www.balderpower.com\/pt_br\/wp-json\/wp\/v2\/product\/11365\/revisions"}],"wp:featuredmedia":[{"embeddable":true,"href":"https:\/\/www.balderpower.com\/pt_br\/wp-json\/wp\/v2\/media\/11366"}],"wp:attachment":[{"href":"https:\/\/www.balderpower.com\/pt_br\/wp-json\/wp\/v2\/media?parent=11365"}],"wp:term":[{"taxonomy":"product_brand","embeddable":true,"href":"https:\/\/www.balderpower.com\/pt_br\/wp-json\/wp\/v2\/product_brand?post=11365"},{"taxonomy":"product_cat","embeddable":true,"href":"https:\/\/www.balderpower.com\/pt_br\/wp-json\/wp\/v2\/product_cat?post=11365"},{"taxonomy":"product_tag","embeddable":true,"href":"https:\/\/www.balderpower.com\/pt_br\/wp-json\/wp\/v2\/product_tag?post=11365"}],"curies":[{"name":"wp","href":"https:\/\/api.w.org\/{rel}","templated":true}]}}