{"id":11358,"date":"2026-03-04T00:23:08","date_gmt":"2026-03-03T16:23:08","guid":{"rendered":"https:\/\/www.balderpower.com\/?post_type=product&#038;p=11358"},"modified":"2026-03-06T03:08:45","modified_gmt":"2026-03-05T19:08:45","slug":"armario-de-armazenamento-de-energia-de-241-kwh-com-inversor-hibrido-de-100-kw-e-768-v","status":"publish","type":"product","link":"https:\/\/www.balderpower.com\/pt_br\/241kwh-energy-storage-cabinet-100kw-hybrid-inverter-768v\/","title":{"rendered":"Arm\u00e1rio de armazenamento de energia de 241 kWh (768 V, 314 Ah) | Sistema de armazenamento de energia em baterias (BESS) h\u00edbrido inversor de 100 kW para aplica\u00e7\u00f5es comerciais e industriais"},"content":{"rendered":"<h2>Arm\u00e1rio de armazenamento de energia de 241 kWh para projetos comerciais e industriais.<\/h2>\n<p>Esse <strong>Arm\u00e1rio de armazenamento de energia de 241 kWh<\/strong> Foi projetado para usu\u00e1rios comerciais e industriais que precisam de economia previs\u00edvel e maior confiabilidade no fornecimento de energia. Ele ajuda integradores e usu\u00e1rios finais a atingirem seus objetivos. <strong>corte de pico<\/strong>, Redu\u00e7\u00e3o da demanda de energia, melhoria do autoconsumo de energia fotovoltaica e fornecimento est\u00e1vel de energia de reserva em f\u00e1bricas, armaz\u00e9ns, parques empresariais, fazendas, esta\u00e7\u00f5es de carregamento de ve\u00edculos el\u00e9tricos e instala\u00e7\u00f5es preparadas para microrredes. O gabinete \u00e9 entregue em um design padronizado e compacto para reduzir a m\u00e3o de obra no local e o tempo de comissionamento \u2014 ideal para projetos EPC onde o cronograma e a seguran\u00e7a s\u00e3o essenciais.<\/p>\n<h2>Plataforma LiFePO4 de alta tens\u00e3o (768 V) com c\u00e9lulas de 314 Ah<\/h2>\n<p>Constru\u00eddo sobre um <strong>LiFePO4 de alta tens\u00e3o 768V<\/strong> Gra\u00e7as \u00e0 sua arquitetura, o sistema suporta o fornecimento eficiente de energia para cargas comerciais e industriais. O projeto de alta tens\u00e3o normalmente reduz a corrente para o mesmo n\u00edvel de pot\u00eancia, ajudando a diminuir as perdas nos cabos e a melhorar a efici\u00eancia geral do sistema em instala\u00e7\u00f5es reais. O gabinete utiliza <strong>C\u00e9lulas LFP de 3,2 V\/314 Ah<\/strong> e uma configura\u00e7\u00e3o de m\u00f3dulo robusta para fornecer sa\u00edda consistente e longa vida \u00fatil sob ciclos frequentes. Com uma recomenda\u00e7\u00e3o <strong>Inversor h\u00edbrido de 100 kW<\/strong> Em termos de configura\u00e7\u00e3o, esta solu\u00e7\u00e3o se adapta a muitos cen\u00e1rios comerciais comuns, como deslocamento de carga, otimiza\u00e7\u00e3o de sistemas fotovoltaicos com armazenamento e substitui\u00e7\u00e3o\/aux\u00edlio a geradores.<\/p>\n<h3>Prote\u00e7\u00e3o BMS inteligente para um ciclismo di\u00e1rio mais seguro<\/h3>\n<p>O desempenho da bateria depende da consist\u00eancia das c\u00e9lulas e da precis\u00e3o do controle. O BMS inteligente integrado oferece prote\u00e7\u00e3o multicamadas com <strong>monitoramento celular em tempo real<\/strong>, <strong>ajuste din\u00e2mico de corrente<\/strong>, e <strong>balanceamento autom\u00e1tico<\/strong>. Essas fun\u00e7\u00f5es ajudam a reduzir o desvio anormal das c\u00e9lulas ao longo do tempo e a garantir uma opera\u00e7\u00e3o est\u00e1vel durante os ciclos di\u00e1rios de carga\/descarga. Para compradores B2B, isso significa menos interven\u00e7\u00f5es de manuten\u00e7\u00e3o, maior disponibilidade do sistema e melhor viabilidade financeira do projeto \u2014 especialmente em aplica\u00e7\u00f5es de redu\u00e7\u00e3o de pico de demanda, onde o sistema opera em ciclos regulares.<\/p>\n<h2>Gest\u00e3o t\u00e9rmica e seguran\u00e7a contra inc\u00eandios para implanta\u00e7\u00e3o ao ar livre<\/h2>\n<p>Para instala\u00e7\u00e3o externa e semi-externa, o gabinete apresenta <strong>Refrigera\u00e7\u00e3o do ar com ar condicionado<\/strong> Para manter uma temperatura interna est\u00e1vel e suportar o desempenho em condi\u00e7\u00f5es ambientais vari\u00e1veis. Para aumentar a seguran\u00e7a operacional, o sistema inclui um <strong>sistema de prote\u00e7\u00e3o contra inc\u00eandio por aerossol t\u00e9rmico<\/strong>, proporcionando mitiga\u00e7\u00e3o proativa de riscos em n\u00edvel de gabinete. O gabinete atende aos requisitos. <strong>IP55<\/strong> prote\u00e7\u00e3o, permitindo a implanta\u00e7\u00e3o em ambientes industriais onde a resist\u00eancia \u00e0 poeira e \u00e0 umidade \u00e9 essencial.<\/p>\n<h2>Design de gabinete escal\u00e1vel para atender \u00e0 crescente demanda de energia.<\/h2>\n<p>Os requisitos do projeto geralmente se expandem ap\u00f3s a primeira fase. Isso <strong>Arm\u00e1rio BESS comercial e industrial<\/strong> suporta conex\u00e3o paralela de at\u00e9 <strong>10 unidades<\/strong>, permitindo a expans\u00e3o da capacidade at\u00e9 <strong>2,41 MWh<\/strong> sem redesenhar todo o sistema de armazenamento de energia. Op\u00e7\u00f5es de comunica\u00e7\u00e3o como <strong>CAN\/RS485<\/strong> Suporta fluxos de trabalho de integra\u00e7\u00e3o comuns com plataformas de inversores e EMS. As marcas de inversores compat\u00edveis mais comuns no mercado incluem Growatt, Deye, Sofar, Solis, Megarevo e Invt (a compatibilidade final depende do mapeamento de protocolo e da configura\u00e7\u00e3o do projeto).<\/p>\n<h3>Suporte para compras B2B diretamente da f\u00e1brica<\/h3>\n<p>Como fornecedor B2B focado em f\u00e1bricas, apoiamos empresas de engenharia, aquisi\u00e7\u00e3o e constru\u00e7\u00e3o (EPCs), distribuidores e provedores de solu\u00e7\u00f5es energ\u00e9ticas com documenta\u00e7\u00e3o clara e coordena\u00e7\u00e3o t\u00e9cnica \u00e1gil. O gabinete \u00e9 fornecido com os documentos de conformidade mais solicitados, como: <strong>UN38.3<\/strong>, <strong>MSDS<\/strong>, e refer\u00eancias de conformidade aplic\u00e1veis (por exemplo, <strong>CE\/IEC\/UKCA<\/strong> (quando necess\u00e1rio). Tamb\u00e9m podemos fornecer fichas t\u00e9cnicas, refer\u00eancias de fia\u00e7\u00e3o e suporte para or\u00e7amentos de projetos, a fim de agilizar o processo de aquisi\u00e7\u00e3o. Para os compradores, isso significa avalia\u00e7\u00e3o mais r\u00e1pida, manuseio de importa\u00e7\u00e3o\/exporta\u00e7\u00e3o mais \u00e1gil e um processo de entrega mais confi\u00e1vel \u2014 respaldado por uma mentalidade de qualidade voltada para a produ\u00e7\u00e3o.<\/p>","protected":false},"excerpt":{"rendered":"<ul>\n<li data-start=\"1501\" data-end=\"1676\">\n<p data-start=\"1503\" data-end=\"1676\"><strong data-start=\"1503\" data-end=\"1674\">Arm\u00e1rio de armazenamento de energia externo refrigerado a ar de 241 kWh com inversor h\u00edbrido de 100 kW para redu\u00e7\u00e3o de picos de demanda em aplica\u00e7\u00f5es comerciais e industriais, autoconsumo de energia solar e fornecimento confi\u00e1vel de energia de reserva.<\/strong><\/p>\n<\/li>\n<li data-start=\"1677\" data-end=\"1796\">\n<p data-start=\"1679\" data-end=\"1796\">Alta tens\u00e3o <strong data-start=\"1692\" data-end=\"1714\">768V LiFePO4 (LFP)<\/strong> arquitetura com <strong data-start=\"1733\" data-end=\"1748\">C\u00e9lulas 314Ah<\/strong> Para um desempenho est\u00e1vel e longa vida \u00fatil.<\/p>\n<\/li>\n<li data-start=\"1797\" data-end=\"1905\">\n<p data-start=\"1799\" data-end=\"1905\">Gabinetes pr\u00e9-montados e com design padronizado para reduzir o tempo de instala\u00e7\u00e3o e os riscos de fia\u00e7\u00e3o no local.<\/p>\n<\/li>\n<li data-start=\"1906\" data-end=\"2021\">\n<p data-start=\"1908\" data-end=\"2021\">Sistema de gerenciamento predial (BMS) inteligente com monitoramento de c\u00e9lulas em tempo real, controle din\u00e2mico de corrente e balanceamento autom\u00e1tico para uma opera\u00e7\u00e3o mais segura.<\/p>\n<\/li>\n<li data-start=\"2022\" data-end=\"2134\">\n<p data-start=\"2024\" data-end=\"2134\">Sistema integrado de gest\u00e3o t\u00e9rmica (resfriamento a ar + ar condicionado) e <strong data-start=\"2076\" data-end=\"2111\">prote\u00e7\u00e3o t\u00e9rmica contra inc\u00eandio por aerossol<\/strong> Para maior seguran\u00e7a.<\/p>\n<\/li>\n<li data-start=\"2135\" data-end=\"2233\">\n<p data-start=\"2137\" data-end=\"2233\">Suportes <strong data-start=\"2146\" data-end=\"2183\">expans\u00e3o paralela at\u00e9 10 unidades<\/strong> para projetos de armazenamento de energia em baterias (BESS) comerciais e industriais escal\u00e1veis (at\u00e9 2,41 MWh).<\/p>\n<\/li>\n<li data-start=\"2234\" data-end=\"2349\">\n<p data-start=\"2236\" data-end=\"2349\">Fornecimento direto da f\u00e1brica para projetos B2B: suporte para pedidos de teste, pre\u00e7os de atacado e documenta\u00e7\u00e3o OEM mediante solicita\u00e7\u00e3o.<\/p>\n<\/li>\n<\/ul>","protected":false},"featured_media":11360,"template":"","meta":{"_acf_changed":false,"nf_dc_page":"","site-sidebar-layout":"default","site-content-layout":"","ast-site-content-layout":"default","site-content-style":"default","site-sidebar-style":"default","ast-global-header-display":"","ast-banner-title-visibility":"","ast-main-header-display":"","ast-hfb-above-header-display":"","ast-hfb-below-header-display":"","ast-hfb-mobile-header-display":"","site-post-title":"","ast-breadcrumbs-content":"","ast-featured-img":"","footer-sml-layout":"","ast-disable-related-posts":"","theme-transparent-header-meta":"default","adv-header-id-meta":"","stick-header-meta":"default","header-above-stick-meta":"","header-main-stick-meta":"","header-below-stick-meta":"","astra-migrate-meta-layouts":"set","ast-page-background-enabled":"default","ast-page-background-meta":{"desktop":{"background-color":"","background-image":"","background-repeat":"repeat","background-position":"center center","background-size":"auto","background-attachment":"scroll","background-type":"","background-media":"","overlay-type":"","overlay-color":"","overlay-opacity":"","overlay-gradient":""},"tablet":{"background-color":"","background-image":"","background-repeat":"repeat","background-position":"center center","background-size":"auto","background-attachment":"scroll","background-type":"","background-media":"","overlay-type":"","overlay-color":"","overlay-opacity":"","overlay-gradient":""},"mobile":{"background-color":"","background-image":"","background-repeat":"repeat","background-position":"center center","background-size":"auto","background-attachment":"scroll","background-type":"","background-media":"","overlay-type":"","overlay-color":"","overlay-opacity":"","overlay-gradient":""}},"ast-content-background-meta":{"desktop":{"background-color":"var(--ast-global-color-5)","background-image":"","background-repeat":"repeat","background-position":"center center","background-size":"auto","background-attachment":"scroll","background-type":"","background-media":"","overlay-type":"","overlay-color":"","overlay-opacity":"","overlay-gradient":""},"tablet":{"background-color":"var(--ast-global-color-5)","background-image":"","background-repeat":"repeat","background-position":"center center","background-size":"auto","background-attachment":"scroll","background-type":"","background-media":"","overlay-type":"","overlay-color":"","overlay-opacity":"","overlay-gradient":""},"mobile":{"background-color":"var(--ast-global-color-5)","background-image":"","background-repeat":"repeat","background-position":"center center","background-size":"auto","background-attachment":"scroll","background-type":"","background-media":"","overlay-type":"","overlay-color":"","overlay-opacity":"","overlay-gradient":""}},"_joinchat":[]},"product_brand":[],"product_cat":[845],"product_tag":[1169,1168,1172,1171,1173,1189,1176,1170,1181,1178,1186,1183,1184,1182,1174,1180,1187,1177,1179,1175,1188,1185],"class_list":{"0":"post-11358","1":"product","2":"type-product","3":"status-publish","4":"has-post-thumbnail","6":"product_cat-commercial-industrial-bess","7":"product_tag-100kw-hybrid-inverter-energy-storage-system","8":"product_tag-241kwh-energy-storage-cabinet","9":"product_tag-314ah-lfp-battery-module","10":"product_tag-768v-high-voltage-lifepo4-battery-cabinet","11":"product_tag-air-cooled-outdoor-ess-cabinet","12":"product_tag-bulk-pricing-available","13":"product_tag-can-rs485-communication","14":"product_tag-commercial-industrial-bess-cabinet","15":"product_tag-commercial-backup-power","16":"product_tag-demand-charge-management","17":"product_tag-epc-integrator-ready","18":"product_tag-ev-charging-station-energy-buffering","19":"product_tag-factory-direct-bess-supplier","20":"product_tag-industrial-park-bess","21":"product_tag-ip55-energy-storage-cabinet","22":"product_tag-microgrid-energy-storage","23":"product_tag-oem-odm-supported","24":"product_tag-peak-shaving-energy-storage","25":"product_tag-solar-self-consumption-storage","26":"product_tag-thermal-aerosol-fire-suppression","27":"product_tag-trial-order-supported","28":"product_tag-wholesale-energy-storage-cabinet","29":"desktop-align-left","30":"tablet-align-left","31":"mobile-align-left","32":"ast-product-gallery-layout-horizontal-slider","33":"ast-product-tabs-layout-horizontal","35":"first","36":"instock","37":"shipping-taxable","38":"purchasable","39":"product-type-simple"},"acf":[],"_links":{"self":[{"href":"https:\/\/www.balderpower.com\/pt_br\/wp-json\/wp\/v2\/product\/11358","targetHints":{"allow":["GET"]}}],"collection":[{"href":"https:\/\/www.balderpower.com\/pt_br\/wp-json\/wp\/v2\/product"}],"about":[{"href":"https:\/\/www.balderpower.com\/pt_br\/wp-json\/wp\/v2\/types\/product"}],"version-history":[{"count":0,"href":"https:\/\/www.balderpower.com\/pt_br\/wp-json\/wp\/v2\/product\/11358\/revisions"}],"wp:featuredmedia":[{"embeddable":true,"href":"https:\/\/www.balderpower.com\/pt_br\/wp-json\/wp\/v2\/media\/11360"}],"wp:attachment":[{"href":"https:\/\/www.balderpower.com\/pt_br\/wp-json\/wp\/v2\/media?parent=11358"}],"wp:term":[{"taxonomy":"product_brand","embeddable":true,"href":"https:\/\/www.balderpower.com\/pt_br\/wp-json\/wp\/v2\/product_brand?post=11358"},{"taxonomy":"product_cat","embeddable":true,"href":"https:\/\/www.balderpower.com\/pt_br\/wp-json\/wp\/v2\/product_cat?post=11358"},{"taxonomy":"product_tag","embeddable":true,"href":"https:\/\/www.balderpower.com\/pt_br\/wp-json\/wp\/v2\/product_tag?post=11358"}],"curies":[{"name":"wp","href":"https:\/\/api.w.org\/{rel}","templated":true}]}}