{"id":11339,"date":"2026-03-03T16:52:03","date_gmt":"2026-03-03T08:52:03","guid":{"rendered":"https:\/\/www.balderpower.com\/?post_type=product&#038;p=11339"},"modified":"2026-03-03T16:52:06","modified_gmt":"2026-03-03T08:52:06","slug":"100-kw-215-kwh-tudo-em-um-conteiner-ci-bess","status":"publish","type":"product","link":"https:\/\/www.balderpower.com\/pt_br\/100kw-215kwh-all-in-one-ci-bess-container\/","title":{"rendered":"Sistema h\u00edbrido de armazenamento de energia solar LiFePO4 para cont\u00eaineres, tudo-em-um, de 100 kW e 215 kWh, para uso comercial e industrial."},"content":{"rendered":"<h3 data-start=\"2090\" data-end=\"2200\">Aprimore a gest\u00e3o de energia industrial com o cont\u00eainer BESS tudo-em-um de 100 kW e 215 kWh da Balder Power para aplica\u00e7\u00f5es comerciais e industriais.<\/h3>\n<p data-start=\"2201\" data-end=\"2778\">Com mais de 15 anos de experi\u00eancia como uma das principais fabricantes chinesas de baterias de l\u00edtio, a Balder Power apresenta a <strong data-start=\"2301\" data-end=\"2347\">Cont\u00eainer BESS Tudo-em-Um C&amp;I de 100 kW e 215 kWh<\/strong> \u2013 um sistema abrangente de armazenamento de energia solar h\u00edbrido LiFePO4, desenvolvido especificamente para os setores comercial e industrial que enfrentam custos de energia vol\u00e1teis e desafios de confiabilidade. Esta solu\u00e7\u00e3o em cont\u00eainer integra componentes avan\u00e7ados em um inv\u00f3lucro robusto com classifica\u00e7\u00e3o IP54, permitindo que empresas como f\u00e1bricas, centros de dados e usinas solares alcancem a independ\u00eancia energ\u00e9tica, reduzam os custos de demanda de pico e otimizem a integra\u00e7\u00e3o de energias renov\u00e1veis.<\/p>\n<p data-start=\"2780\" data-end=\"3374\">Nossa equipe de engenharia, apoiada por instala\u00e7\u00f5es com certifica\u00e7\u00e3o ISO e implanta\u00e7\u00f5es reais em mais de 40 pa\u00edses, projetou este sistema para oferecer desempenho excepcional. Com um sistema de armazenamento de energia industrial LiFePO4 de 215 kWh em seu n\u00facleo, ele oferece mais de 6.000 ciclos com profundidade de descarga 80%, garantindo retorno sobre o investimento a longo prazo por meio de arbitragem de energia e autoconsumo. O cont\u00eainer h\u00edbrido solar BESS de 100 kW suporta modos de opera\u00e7\u00e3o conectado \u00e0 rede, h\u00edbrido ou isolado, tornando-o ideal para regi\u00f5es com redes inst\u00e1veis ou altas tarifas hor\u00e1rias \u2013 uma tend\u00eancia que se acelera em 2026, \u00e0 medida que as instala\u00e7\u00f5es globais de BESS ultrapassam 450 GWh anualmente.<\/p>\n<h3 data-start=\"3376\" data-end=\"3416\">Confiabilidade comprovada para as demandas do mercado B2B<\/h3>\n<p data-start=\"3417\" data-end=\"3971\">Os clientes B2B valorizam nossos <strong data-start=\"3439\" data-end=\"3483\">Armazenamento de energia solar por atacado C&amp;I da China<\/strong> Pelas suas vantagens de fornecimento direto da f\u00e1brica: pre\u00e7os competitivos com quantidade m\u00ednima de encomenda de apenas 1 unidade para projetos-piloto, personaliza\u00e7\u00e3o da marca e prazos de entrega de 30 a 45 dias. J\u00e1 fornecemos sistemas semelhantes para armaz\u00e9ns na Europa e centros de distribui\u00e7\u00e3o de ve\u00edculos el\u00e9tricos no Oriente M\u00e9dio, onde a variante opcional de armazenamento de baterias comerciais com refrigera\u00e7\u00e3o l\u00edquida se destaca em condi\u00e7\u00f5es de alta temperatura, at\u00e9 60 \u00b0C. Cada unidade passa pelos testes de f\u00e1brica 100%, com certifica\u00e7\u00f5es IEC62477, IEC61000 e IEC62116, refor\u00e7ando nosso compromisso com a seguran\u00e7a e a conformidade.<\/p>\n<p data-start=\"3973\" data-end=\"4281\">Este sistema de armazenamento de energia em baterias (BESS) n\u00e3o \u00e9 apenas um hardware \u2013 \u00e9 um investimento inteligente. O sistema de gerenciamento de energia (EMS) integrado otimiza os fluxos de energia solar, da bateria e da rede em tempo real, reduzindo os custos operacionais em at\u00e9 30%, com base em nossos estudos de caso. Para opera\u00e7\u00f5es em expans\u00e3o, a escalabilidade modular permite o paralelismo cont\u00ednuo at\u00e9 n\u00edveis de MW sem interrup\u00e7\u00f5es.<\/p>\n<p data-start=\"4283\" data-end=\"4502\">Confie na Balder Power para preparar sua estrat\u00e9gia energ\u00e9tica para o futuro. Entre em contato com nossos especialistas para or\u00e7amentos personalizados, projetos em CAD ou suporte \u00e0 integra\u00e7\u00e3o \u2014 estamos aqui para impulsionar o seu neg\u00f3cio com solu\u00e7\u00f5es de energia confi\u00e1veis e eficientes.<\/p>","protected":false},"excerpt":{"rendered":"<p data-start=\"1210\" data-end=\"1561\">Descubra o robusto cont\u00eainer BESS All-in-One C&amp;I de 100 kW e 215 kWh com recursos h\u00edbridos de energia solar LiFePO4, refrigera\u00e7\u00e3o l\u00edquida opcional e UPS integrada para resili\u00eancia industrial. Diretamente do fabricante chin\u00eas Balder Power \u2013 modular, certificado e pronto para venda no atacado.<\/p>\n<ul data-start=\"1562\" data-end=\"1991\">\n<li data-start=\"1562\" data-end=\"1651\">\n<p data-start=\"1564\" data-end=\"1651\">Bateria LiFePO4 de alta capacidade de 215 kWh com pot\u00eancia de sa\u00edda de 100 kW para aplica\u00e7\u00f5es comerciais e industriais exigentes.<\/p>\n<\/li>\n<li data-start=\"1652\" data-end=\"1744\">\n<p data-start=\"1654\" data-end=\"1744\">MPPT integrado, inversor CC-CA, STS e EMS em um \u00fanico cont\u00eainer IP54 para f\u00e1cil implanta\u00e7\u00e3o.<\/p>\n<\/li>\n<li data-start=\"1745\" data-end=\"1824\">\n<p data-start=\"1747\" data-end=\"1824\">Partida a frio e UPS verdadeiro garantem energia ininterrupta durante interrup\u00e7\u00f5es na rede el\u00e9trica.<\/p>\n<\/li>\n<li data-start=\"1825\" data-end=\"1914\">\n<p data-start=\"1827\" data-end=\"1914\">Op\u00e7\u00f5es flex\u00edveis de refrigera\u00e7\u00e3o: Refrigera\u00e7\u00e3o a ar ou a l\u00edquido para maior efici\u00eancia em diversos ambientes.<\/p>\n<\/li>\n<li data-start=\"1915\" data-end=\"1991\">\n<p data-start=\"1917\" data-end=\"1991\">O design escal\u00e1vel permite a expans\u00e3o paralela para atender \u00e0s crescentes necessidades energ\u00e9ticas.<\/p>\n<\/li>\n<\/ul>","protected":false},"featured_media":11345,"template":"","meta":{"_acf_changed":false,"nf_dc_page":"","site-sidebar-layout":"default","site-content-layout":"","ast-site-content-layout":"default","site-content-style":"default","site-sidebar-style":"default","ast-global-header-display":"","ast-banner-title-visibility":"","ast-main-header-display":"","ast-hfb-above-header-display":"","ast-hfb-below-header-display":"","ast-hfb-mobile-header-display":"","site-post-title":"","ast-breadcrumbs-content":"","ast-featured-img":"","footer-sml-layout":"","ast-disable-related-posts":"","theme-transparent-header-meta":"default","adv-header-id-meta":"","stick-header-meta":"default","header-above-stick-meta":"","header-main-stick-meta":"","header-below-stick-meta":"","astra-migrate-meta-layouts":"set","ast-page-background-enabled":"default","ast-page-background-meta":{"desktop":{"background-color":"","background-image":"","background-repeat":"repeat","background-position":"center center","background-size":"auto","background-attachment":"scroll","background-type":"","background-media":"","overlay-type":"","overlay-color":"","overlay-opacity":"","overlay-gradient":""},"tablet":{"background-color":"","background-image":"","background-repeat":"repeat","background-position":"center center","background-size":"auto","background-attachment":"scroll","background-type":"","background-media":"","overlay-type":"","overlay-color":"","overlay-opacity":"","overlay-gradient":""},"mobile":{"background-color":"","background-image":"","background-repeat":"repeat","background-position":"center center","background-size":"auto","background-attachment":"scroll","background-type":"","background-media":"","overlay-type":"","overlay-color":"","overlay-opacity":"","overlay-gradient":""}},"ast-content-background-meta":{"desktop":{"background-color":"var(--ast-global-color-5)","background-image":"","background-repeat":"repeat","background-position":"center center","background-size":"auto","background-attachment":"scroll","background-type":"","background-media":"","overlay-type":"","overlay-color":"","overlay-opacity":"","overlay-gradient":""},"tablet":{"background-color":"var(--ast-global-color-5)","background-image":"","background-repeat":"repeat","background-position":"center center","background-size":"auto","background-attachment":"scroll","background-type":"","background-media":"","overlay-type":"","overlay-color":"","overlay-opacity":"","overlay-gradient":""},"mobile":{"background-color":"var(--ast-global-color-5)","background-image":"","background-repeat":"repeat","background-position":"center center","background-size":"auto","background-attachment":"scroll","background-type":"","background-media":"","overlay-type":"","overlay-color":"","overlay-opacity":"","overlay-gradient":""}},"_joinchat":[]},"product_brand":[],"product_cat":[845],"product_tag":[1145,1144,1152,1147,1143,1150,1148,1146,1151,1153,1154,1149],"class_list":{"0":"post-11339","1":"product","2":"type-product","3":"status-publish","4":"has-post-thumbnail","6":"product_cat-commercial-industrial-bess","7":"product_tag-100kw-hybrid-solar-bess","8":"product_tag-215kwh-lifepo4-storage","9":"product_tag-b2b-solar-storage","10":"product_tag-china-wholesale-ci-storage","11":"product_tag-ci-bess-container","12":"product_tag-data-center-ups","13":"product_tag-industrial-peak-shaving","14":"product_tag-liquid-cooled-commercial-battery","15":"product_tag-modular-energy-system","16":"product_tag-off-grid-industrial-battery","17":"product_tag-scalable-ci-ess","18":"product_tag-solar-farm-bess","19":"desktop-align-left","20":"tablet-align-left","21":"mobile-align-left","22":"ast-product-gallery-layout-horizontal-slider","23":"ast-product-tabs-layout-horizontal","25":"first","26":"instock","27":"shipping-taxable","28":"purchasable","29":"product-type-simple"},"acf":[],"_links":{"self":[{"href":"https:\/\/www.balderpower.com\/pt_br\/wp-json\/wp\/v2\/product\/11339","targetHints":{"allow":["GET"]}}],"collection":[{"href":"https:\/\/www.balderpower.com\/pt_br\/wp-json\/wp\/v2\/product"}],"about":[{"href":"https:\/\/www.balderpower.com\/pt_br\/wp-json\/wp\/v2\/types\/product"}],"version-history":[{"count":0,"href":"https:\/\/www.balderpower.com\/pt_br\/wp-json\/wp\/v2\/product\/11339\/revisions"}],"wp:featuredmedia":[{"embeddable":true,"href":"https:\/\/www.balderpower.com\/pt_br\/wp-json\/wp\/v2\/media\/11345"}],"wp:attachment":[{"href":"https:\/\/www.balderpower.com\/pt_br\/wp-json\/wp\/v2\/media?parent=11339"}],"wp:term":[{"taxonomy":"product_brand","embeddable":true,"href":"https:\/\/www.balderpower.com\/pt_br\/wp-json\/wp\/v2\/product_brand?post=11339"},{"taxonomy":"product_cat","embeddable":true,"href":"https:\/\/www.balderpower.com\/pt_br\/wp-json\/wp\/v2\/product_cat?post=11339"},{"taxonomy":"product_tag","embeddable":true,"href":"https:\/\/www.balderpower.com\/pt_br\/wp-json\/wp\/v2\/product_tag?post=11339"}],"curies":[{"name":"wp","href":"https:\/\/api.w.org\/{rel}","templated":true}]}}