{"id":11075,"date":"2026-02-24T01:37:12","date_gmt":"2026-02-23T17:37:12","guid":{"rendered":"https:\/\/www.balderpower.com\/?post_type=product&#038;p=11075"},"modified":"2026-03-06T15:52:19","modified_gmt":"2026-03-06T07:52:19","slug":"bateria-a2113-para-macbook-pro-16-a2141-99-8wh-venda-por-atacado","status":"publish","type":"product","link":"https:\/\/www.balderpower.com\/pt_br\/a2113-battery-wholesale-macbook-pro-16-a2141-99-8wh\/","title":{"rendered":"Bateria A2113 no atacado \u2013 Capacidade OEM de 99,8 Wh para MacBook Pro 16\u2033 A2141 (2019) EMC 3347"},"content":{"rendered":"<p data-start=\"2223\" data-end=\"2634\">Bem-vindo \u00e0 Balder Power, sua principal fonte de informa\u00e7\u00f5es sobre... <strong data-start=\"2272\" data-end=\"2299\">Bateria A2113 por atacado<\/strong> e fabrica\u00e7\u00e3o OEM. O MacBook Pro de 16 polegadas (2019) \u00e9 uma m\u00e1quina poderosa e exige uma bateria \u00e0 altura. Nossa bateria de substitui\u00e7\u00e3o A2113 foi projetada para oferecer a <strong data-start=\"2481\" data-end=\"2519\">Capacidade m\u00e1xima absoluta (99,8 Wh)<\/strong> Permitido pelas normas de seguran\u00e7a da avia\u00e7\u00e3o, isso restaura a dura\u00e7\u00e3o original da bateria, que durava &quot;o dia todo&quot;, para os dispositivos dos seus clientes.<\/p>\n<p data-start=\"2636\" data-end=\"2953\">Como fornecedor dedicado da f\u00e1brica, oferecemos \u00e0s oficinas de reparo e distribuidores uma alternativa confi\u00e1vel aos servi\u00e7os autorizados dispendiosos. Nossas baterias A2113 s\u00e3o fabricadas com c\u00e9lulas novas, sem ciclos de carga e descarga, e rigorosamente testadas para garantir que suportem o alto consumo de energia dos processadores Intel Core i7\/i9 encontrados no modelo A2141.<\/p>\n<h4 data-start=\"2955\" data-end=\"2995\">\ud83d\udcbb Lista de compatibilidade completa<\/h4>\n<p data-start=\"2996\" data-end=\"3101\"><em data-start=\"2996\" data-end=\"3101\">Verifique o n\u00famero EMC na parte inferior do gabinete. Esta bateria \u00e9 compat\u00edvel apenas com o modelo Intel de 16 polegadas de 2019.<\/em><\/p>\n<p data-start=\"3103\" data-end=\"3135\"><strong data-start=\"3103\" data-end=\"3135\">1. Modelos de laptops compat\u00edveis:<\/strong><\/p>\n<ul data-start=\"3136\" data-end=\"3360\">\n<li data-start=\"3136\" data-end=\"3360\">\n<p data-start=\"3140\" data-end=\"3171\"><strong data-start=\"3140\" data-end=\"3171\">MacBook Pro (16 polegadas, 2019)<\/strong><\/p>\n<ul data-start=\"3176\" data-end=\"3360\">\n<li data-start=\"3176\" data-end=\"3207\">\n<p data-start=\"3180\" data-end=\"3207\"><strong data-start=\"3180\" data-end=\"3197\">N\u00famero do modelo:<\/strong> <strong data-start=\"3198\" data-end=\"3207\">A2141<\/strong><\/p>\n<\/li>\n<li data-start=\"3212\" data-end=\"3244\">\n<p data-start=\"3216\" data-end=\"3244\"><strong data-start=\"3216\" data-end=\"3231\">N\u00famero EMC:<\/strong> <strong data-start=\"3232\" data-end=\"3244\">EMC 3347<\/strong><\/p>\n<\/li>\n<li data-start=\"3249\" data-end=\"3293\">\n<p data-start=\"3253\" data-end=\"3293\"><strong data-start=\"3253\" data-end=\"3260\">EU IA:<\/strong> MacBookPro16,1 ou MacBookPro16,4<\/p>\n<\/li>\n<li data-start=\"3298\" data-end=\"3360\">\n<p data-start=\"3302\" data-end=\"3360\"><strong data-start=\"3302\" data-end=\"3316\">Processador:<\/strong> Intel Core i7 \/ i9 (N\u00e3o compat\u00edvel com chips M1\/M2\/M3)<\/p>\n<\/li>\n<\/ul>\n<\/li>\n<\/ul>\n<p data-start=\"3362\" data-end=\"3450\"><strong data-start=\"3362\" data-end=\"3415\">2. N\u00fameros de pe\u00e7a Apple compat\u00edveis (n\u00fameros de pedido):<\/strong><br \/>\n<em data-start=\"3416\" data-end=\"3450\">(Compat\u00edvel com as cores Cinza Espacial e Prata)<\/em><\/p>\n<ul data-start=\"3451\" data-end=\"3623\">\n<li data-start=\"3451\" data-end=\"3496\">\n<p data-start=\"3455\" data-end=\"3496\"><strong data-start=\"3455\" data-end=\"3479\">MVVJ2LL\/A, MVVK2LL\/A<\/strong> (Core i7 de 2,6 GHz)<\/p>\n<\/li>\n<li data-start=\"3497\" data-end=\"3542\">\n<p data-start=\"3501\" data-end=\"3542\"><strong data-start=\"3501\" data-end=\"3525\">MVVL2LL\/A, MVVM2LL\/A<\/strong> (Core i9 de 2,3 GHz)<\/p>\n<\/li>\n<li data-start=\"3543\" data-end=\"3623\">\n<p data-start=\"3547\" data-end=\"3623\"><em data-start=\"3547\" data-end=\"3623\">Nota: Compat\u00edvel com todas as varia\u00e7\u00f5es regionais (ex.: MVVJ2CH\/A, MVVJ2B\/A).<\/em><\/p>\n<\/li>\n<\/ul>\n<p data-start=\"3625\" data-end=\"3664\"><strong data-start=\"3625\" data-end=\"3664\">3. N\u00fameros de pe\u00e7a de bateria compat\u00edveis:<\/strong><\/p>\n<ul data-start=\"3665\" data-end=\"3717\">\n<li data-start=\"3665\" data-end=\"3678\">\n<p data-start=\"3669\" data-end=\"3678\"><strong data-start=\"3669\" data-end=\"3678\">A2113<\/strong><\/p>\n<\/li>\n<li data-start=\"3679\" data-end=\"3696\">\n<p data-start=\"3683\" data-end=\"3696\"><strong data-start=\"3683\" data-end=\"3696\">616-00533<\/strong><\/p>\n<\/li>\n<li data-start=\"3697\" data-end=\"3717\">\n<p data-start=\"3701\" data-end=\"3717\"><strong data-start=\"3701\" data-end=\"3717\">080-333-4000<\/strong><\/p>\n<\/li>\n<\/ul>\n<p data-start=\"3719\" data-end=\"3781\">\u26a0\ufe0f <strong data-start=\"3722\" data-end=\"3750\">Aviso de incompatibilidade:<\/strong><br \/>\nEsta bateria faz <strong data-start=\"3769\" data-end=\"3776\">N\u00c3O<\/strong> ajustar:<\/p>\n<ul data-start=\"3782\" data-end=\"3887\">\n<li data-start=\"3782\" data-end=\"3828\">\n<p data-start=\"3786\" data-end=\"3828\">Modelos MacBook Pro de 15 polegadas (A1990, A1707).<\/p>\n<\/li>\n<li data-start=\"3829\" data-end=\"3887\">\n<p data-start=\"3833\" data-end=\"3887\">MacBook Pro de 16 polegadas (2021) Modelo M1 Pro\/Max <strong data-start=\"3877\" data-end=\"3886\">A2485<\/strong>.<\/p>\n<\/li>\n<\/ul>","protected":false},"excerpt":{"rendered":"<ul>\n<li data-start=\"1587\" data-end=\"1757\">\n<p data-start=\"1591\" data-end=\"1757\">Comprar <strong data-start=\"1595\" data-end=\"1622\">Bateria A2113 por atacado<\/strong> para MacBook Pro 16\u2033 A2141 (2019). <strong data-start=\"1657\" data-end=\"1684\">Capacidade massiva de 99,8 Wh<\/strong> (Limite TSA), pre\u00e7os de atacado direto da f\u00e1brica e envio com certifica\u00e7\u00e3o UN38.3.<\/p>\n<\/li>\n<li data-start=\"1758\" data-end=\"1869\">\n<p data-start=\"1762\" data-end=\"1869\"><strong data-start=\"1762\" data-end=\"1780\">Pot\u00eancia m\u00e1xima:<\/strong> Avaliado em <strong data-start=\"1790\" data-end=\"1810\">99,8 Wh \/ 8790 mAh<\/strong>, o limite legal para viagens a\u00e9reas, garantindo o tempo m\u00e1ximo de opera\u00e7\u00e3o.<\/p>\n<\/li>\n<li data-start=\"1870\" data-end=\"1969\">\n<p data-start=\"1874\" data-end=\"1969\"><strong data-start=\"1874\" data-end=\"1900\">Compatibilidade perfeita:<\/strong> Projetado especificamente para MacBook Pro de 16 polegadas. <strong data-start=\"1947\" data-end=\"1968\">A2141 (Final de 2019)<\/strong>.<\/p>\n<\/li>\n<li data-start=\"1970\" data-end=\"2053\">\n<p data-start=\"1974\" data-end=\"2053\"><strong data-start=\"1974\" data-end=\"1992\">Qualidade de f\u00e1brica:<\/strong> Utiliza c\u00e9lulas de pol\u00edmero de l\u00edtio premium com chips BMS inteligentes da TI.<\/p>\n<\/li>\n<li data-start=\"2054\" data-end=\"2138\">\n<p data-start=\"2058\" data-end=\"2138\"><strong data-start=\"2058\" data-end=\"2075\">Servi\u00e7os B2B:<\/strong> Pre\u00e7os competitivos por n\u00edveis, quantidade m\u00ednima de pedido baixa e suporte para dropshipping.<\/p>\n<\/li>\n<\/ul>","protected":false},"featured_media":11071,"template":"","meta":{"_acf_changed":false,"nf_dc_page":"","site-sidebar-layout":"default","site-content-layout":"","ast-site-content-layout":"default","site-content-style":"default","site-sidebar-style":"default","ast-global-header-display":"","ast-banner-title-visibility":"","ast-main-header-display":"","ast-hfb-above-header-display":"","ast-hfb-below-header-display":"","ast-hfb-mobile-header-display":"","site-post-title":"","ast-breadcrumbs-content":"","ast-featured-img":"","footer-sml-layout":"","ast-disable-related-posts":"","theme-transparent-header-meta":"default","adv-header-id-meta":"","stick-header-meta":"default","header-above-stick-meta":"","header-main-stick-meta":"","header-below-stick-meta":"","astra-migrate-meta-layouts":"set","ast-page-background-enabled":"default","ast-page-background-meta":{"desktop":{"background-color":"","background-image":"","background-repeat":"repeat","background-position":"center center","background-size":"auto","background-attachment":"scroll","background-type":"","background-media":"","overlay-type":"","overlay-color":"","overlay-opacity":"","overlay-gradient":""},"tablet":{"background-color":"","background-image":"","background-repeat":"repeat","background-position":"center center","background-size":"auto","background-attachment":"scroll","background-type":"","background-media":"","overlay-type":"","overlay-color":"","overlay-opacity":"","overlay-gradient":""},"mobile":{"background-color":"","background-image":"","background-repeat":"repeat","background-position":"center center","background-size":"auto","background-attachment":"scroll","background-type":"","background-media":"","overlay-type":"","overlay-color":"","overlay-opacity":"","overlay-gradient":""}},"ast-content-background-meta":{"desktop":{"background-color":"var(--ast-global-color-5)","background-image":"","background-repeat":"repeat","background-position":"center center","background-size":"auto","background-attachment":"scroll","background-type":"","background-media":"","overlay-type":"","overlay-color":"","overlay-opacity":"","overlay-gradient":""},"tablet":{"background-color":"var(--ast-global-color-5)","background-image":"","background-repeat":"repeat","background-position":"center center","background-size":"auto","background-attachment":"scroll","background-type":"","background-media":"","overlay-type":"","overlay-color":"","overlay-opacity":"","overlay-gradient":""},"mobile":{"background-color":"var(--ast-global-color-5)","background-image":"","background-repeat":"repeat","background-position":"center center","background-size":"auto","background-attachment":"scroll","background-type":"","background-media":"","overlay-type":"","overlay-color":"","overlay-opacity":"","overlay-gradient":""}},"_joinchat":[]},"product_brand":[],"product_cat":[125],"product_tag":[1105,1103,1106,1224,1107,1104,1108,1109],"class_list":{"0":"post-11075","1":"product","2":"type-product","3":"status-publish","4":"has-post-thumbnail","6":"product_cat-macbook-battery-wholesale-china","7":"product_tag-99-8wh-laptop-battery","8":"product_tag-a2113-battery-wholesale","9":"product_tag-a2141-replacement-battery","10":"product_tag-apple","11":"product_tag-emc-3347","12":"product_tag-macbook-pro-16-a2141-battery","13":"product_tag-macbook-pro-2019-battery","14":"product_tag-oem-macbook-battery-supplier","15":"desktop-align-left","16":"tablet-align-left","17":"mobile-align-left","18":"ast-product-gallery-layout-horizontal-slider","19":"ast-product-tabs-layout-horizontal","21":"first","22":"instock","23":"shipping-taxable","24":"purchasable","25":"product-type-simple"},"acf":[],"_links":{"self":[{"href":"https:\/\/www.balderpower.com\/pt_br\/wp-json\/wp\/v2\/product\/11075","targetHints":{"allow":["GET"]}}],"collection":[{"href":"https:\/\/www.balderpower.com\/pt_br\/wp-json\/wp\/v2\/product"}],"about":[{"href":"https:\/\/www.balderpower.com\/pt_br\/wp-json\/wp\/v2\/types\/product"}],"version-history":[{"count":1,"href":"https:\/\/www.balderpower.com\/pt_br\/wp-json\/wp\/v2\/product\/11075\/revisions"}],"predecessor-version":[{"id":11082,"href":"https:\/\/www.balderpower.com\/pt_br\/wp-json\/wp\/v2\/product\/11075\/revisions\/11082"}],"wp:featuredmedia":[{"embeddable":true,"href":"https:\/\/www.balderpower.com\/pt_br\/wp-json\/wp\/v2\/media\/11071"}],"wp:attachment":[{"href":"https:\/\/www.balderpower.com\/pt_br\/wp-json\/wp\/v2\/media?parent=11075"}],"wp:term":[{"taxonomy":"product_brand","embeddable":true,"href":"https:\/\/www.balderpower.com\/pt_br\/wp-json\/wp\/v2\/product_brand?post=11075"},{"taxonomy":"product_cat","embeddable":true,"href":"https:\/\/www.balderpower.com\/pt_br\/wp-json\/wp\/v2\/product_cat?post=11075"},{"taxonomy":"product_tag","embeddable":true,"href":"https:\/\/www.balderpower.com\/pt_br\/wp-json\/wp\/v2\/product_tag?post=11075"}],"curies":[{"name":"wp","href":"https:\/\/api.w.org\/{rel}","templated":true}]}}