{"id":9519,"date":"2026-01-16T03:52:00","date_gmt":"2026-01-15T19:52:00","guid":{"rendered":"https:\/\/www.balderpower.com\/?post_type=product&#038;p=9519"},"modified":"2026-01-16T03:52:05","modified_gmt":"2026-01-15T19:52:05","slug":"batterie-lifepo4-24-v-200-ah-boitier-transparent","status":"publish","type":"product","link":"https:\/\/www.balderpower.com\/fr\/24v-200ah-lifepo4-battery-transparent-case\/","title":{"rendered":"Batterie LiFePO4 24 V 200 Ah avec bo\u00eetier transparent \u2013 Syst\u00e8me de stockage d&#039;\u00e9nergie \u00e0 d\u00e9charge profonde de 5,12 kWh"},"content":{"rendered":"<h2 data-path-to-node=\"17\">Pourquoi choisir la batterie transparente LiFePO4 24V 200Ah de Balder Power\u00a0?<\/h2>\n<p data-path-to-node=\"18\">Dans le monde des \u00e9nergies renouvelables et de l&#039;\u00e9nergie industrielle, <b data-path-to-node=\"18\" data-index-in-node=\"55\">La confiance est primordiale<\/b>. Chez Balder Power, nous pensons que la fabrication de haute qualit\u00e9 ne devrait pas \u00eatre dissimul\u00e9e. C&#039;est pourquoi nous avons lanc\u00e9 notre produit phare. <b data-path-to-node=\"18\" data-index-in-node=\"215\">Batterie LiFePO4 24 V 200 Ah<\/b> avec une qualit\u00e9 industrielle <b data-path-to-node=\"18\" data-index-in-node=\"266\">\u00c9tui transparent<\/b>.<\/p>\n<p data-path-to-node=\"19\">Il ne s&#039;agit pas simplement d&#039;une batterie\u00a0; c&#039;est un gage de qualit\u00e9. Con\u00e7ue pour les acheteurs B2B exigeants, les int\u00e9grateurs de syst\u00e8mes solaires et les installateurs professionnels, cette batterie allie la puissance brute de la technologie lithium-fer-phosphate \u00e0 la transparence et \u00e0 la fiabilit\u00e9 que seul un fabricant de premier plan peut offrir.<\/p>\n<p data-path-to-node=\"19\"><img fetchpriority=\"high\" decoding=\"async\" class=\"alignleft size-full wp-image-9478\" src=\"https:\/\/balderpower.com\/wp-content\/uploads\/2026\/01\/transparent-shell-12v-100ah-lifepo4-battery-internal-assembly-views.webp\" alt=\"\" width=\"1584\" height=\"605\" srcset=\"https:\/\/www.balderpower.com\/wp-content\/uploads\/2026\/01\/transparent-shell-12v-100ah-lifepo4-battery-internal-assembly-views.webp 1584w, https:\/\/www.balderpower.com\/wp-content\/uploads\/2026\/01\/transparent-shell-12v-100ah-lifepo4-battery-internal-assembly-views-1000x382.webp 1000w, https:\/\/www.balderpower.com\/wp-content\/uploads\/2026\/01\/transparent-shell-12v-100ah-lifepo4-battery-internal-assembly-views-1024x391.webp 1024w, https:\/\/www.balderpower.com\/wp-content\/uploads\/2026\/01\/transparent-shell-12v-100ah-lifepo4-battery-internal-assembly-views-768x293.webp 768w, https:\/\/www.balderpower.com\/wp-content\/uploads\/2026\/01\/transparent-shell-12v-100ah-lifepo4-battery-internal-assembly-views-1536x587.webp 1536w, https:\/\/www.balderpower.com\/wp-content\/uploads\/2026\/01\/transparent-shell-12v-100ah-lifepo4-battery-internal-assembly-views-18x7.webp 18w, https:\/\/www.balderpower.com\/wp-content\/uploads\/2026\/01\/transparent-shell-12v-100ah-lifepo4-battery-internal-assembly-views-600x229.webp 600w, https:\/\/www.balderpower.com\/wp-content\/uploads\/2026\/01\/transparent-shell-12v-100ah-lifepo4-battery-internal-assembly-views-64x24.webp 64w\" sizes=\"(max-width: 1584px) 100vw, 1584px\" data-no-translation=\"\" \/><\/p>\n<h3 data-path-to-node=\"20\">1. Visibilit\u00e9 in\u00e9gal\u00e9e : l&#039;avantage de la transparence<\/h3>\n<p data-path-to-node=\"21\">La plupart des batteries au lithium disponibles sur le march\u00e9 sont scell\u00e9es dans des bo\u00eetiers noirs opaques. On ne sait jamais si les cellules internes sont correctement soud\u00e9es, ni si le c\u00e2blage est bien organis\u00e9, jusqu&#039;\u00e0 ce qu&#039;une panne survienne. <b data-path-to-node=\"21\" data-index-in-node=\"180\">Batterie au lithium \u00e0 bo\u00eetier transparent<\/b> change la donne.<\/p>\n<ul data-path-to-node=\"22\">\n<li>\n<p data-path-to-node=\"22,0,0\"><b data-path-to-node=\"22,0,0\" data-index-in-node=\"0\">Contr\u00f4le qualit\u00e9 visuel\u00a0:<\/b> Vous pouvez instantan\u00e9ment v\u00e9rifier la qualit\u00e9 du soudage laser sur les barres omnibus.<\/p>\n<\/li>\n<li>\n<p data-path-to-node=\"22,1,0\"><b data-path-to-node=\"22,1,0\" data-index-in-node=\"0\">Surveillance cellulaire :<\/b> Inspectez facilement l&#039;\u00e9tat physique des cellules prismatiques sans annuler la garantie.<\/p>\n<\/li>\n<li>\n<p data-path-to-node=\"22,2,0\"><b data-path-to-node=\"22,2,0\" data-index-in-node=\"0\">Pr\u00eat pour la pr\u00e9sentation\u00a0:<\/b> Pour les installateurs et les constructeurs de v\u00e9hicules de loisirs, cette batterie constitue un \u00e9l\u00e9ment technologique central et remarquable dans toute installation.<\/p>\n<\/li>\n<\/ul>\n<h3 data-path-to-node=\"23\">2. Excellence technique : Au c\u0153ur de la b\u00eate de 24 V 200 Ah<\/h3>\n<p data-path-to-node=\"24\">Au c\u0153ur de cette batterie se trouve une capacit\u00e9 de 5,12 kWh d&#039;\u00e9nergie utilisable. Contrairement aux batteries au plomb-acide qui ne doivent \u00eatre d\u00e9charg\u00e9es qu&#039;\u00e0 50%, notre batterie offre une capacit\u00e9 de d\u00e9charge de 50%. <b data-path-to-node=\"24\" data-index-in-node=\"130\">Batterie LiFePO4 24 V 200 Ah<\/b> prend en charge la profondeur de d\u00e9charge (DOD) 100%.<\/p>\n<ul data-path-to-node=\"25\">\n<li>\n<p data-path-to-node=\"25,0,0\"><b data-path-to-node=\"25,0,0\" data-index-in-node=\"0\">Cellules prismatiques de qualit\u00e9 A\u00a0:<\/b> Nous utilisons exclusivement des cellules de qualit\u00e9 automobile. Cela garantit une tension et une r\u00e9sistance interne constantes, ce qui est essentiel pour la long\u00e9vit\u00e9 de la batterie.<\/p>\n<\/li>\n<li>\n<p data-path-to-node=\"25,1,0\"><b data-path-to-node=\"25,1,0\" data-index-in-node=\"0\">Syst\u00e8me de gestion de batterie de pr\u00e9cision\u00a0:<\/b> Le syst\u00e8me de gestion de batterie (BMS) int\u00e9gr\u00e9 est le cerveau de la batterie. Il \u00e9quilibre activement les cellules pendant la charge et assure une protection essentielle contre les courts-circuits et l&#039;emballement thermique.<\/p>\n<\/li>\n<\/ul>\n<h3 data-path-to-node=\"26\">3. Analyse co\u00fbts-avantages\u00a0: retour sur investissement pour les clients B2B<\/h3>\n<p data-path-to-node=\"27\">Pour nos partenaires grossistes et distributeurs, passer aux solutions LiFePO4 de Balder Power offre un retour sur investissement (ROI) convaincant.<\/p>\n<ul data-path-to-node=\"28\">\n<li>\n<p data-path-to-node=\"28,0,0\"><b data-path-to-node=\"28,0,0\" data-index-in-node=\"0\">Dur\u00e9e de vie:<\/b> Avec plus de 6000 cycles \u00e0 80% DOD, cette batterie dure 8 \u00e0 10 fois plus longtemps que les batteries AGM.<\/p>\n<\/li>\n<li>\n<p data-path-to-node=\"28,1,0\"><b data-path-to-node=\"28,1,0\" data-index-in-node=\"0\">Sans entretien :<\/b> Pas d&#039;arrosage, pas de d\u00e9versements d&#039;acide et pas de contr\u00f4les de corrosion.<\/p>\n<\/li>\n<li>\n<p data-path-to-node=\"28,2,0\"><b data-path-to-node=\"28,2,0\" data-index-in-node=\"0\">Efficacit\u00e9 des exp\u00e9ditions :<\/b> Pesant seulement environ 38 kg, il est plus l\u00e9ger que les batteries au plomb \u00e9quivalentes, r\u00e9duisant consid\u00e9rablement vos co\u00fbts de logistique et de transport.<\/p>\n<\/li>\n<\/ul>\n<h3 data-path-to-node=\"29\">4. Optimis\u00e9 pour les applications \u00e0 forte demande<\/h3>\n<p data-path-to-node=\"30\">Notre <b data-path-to-node=\"30\" data-index-in-node=\"4\">Stockage de batterie solaire 24 V<\/b> Cette solution est con\u00e7ue pour offrir une grande polyvalence.<\/p>\n<ul data-path-to-node=\"31\">\n<li>\n<p data-path-to-node=\"31,0,0\"><b data-path-to-node=\"31,0,0\" data-index-in-node=\"0\">Nautisme et navigation de plaisance :<\/b> En tant que <b data-path-to-node=\"31,0,0\" data-index-in-node=\"23\">Batterie marine \u00e0 d\u00e9charge profonde 24 V<\/b>, le bo\u00eetier transparent \u00e9tanche (indice de protection IP65) r\u00e9siste aux vibrations et \u00e0 l&#039;humidit\u00e9, ce qui le rend parfait pour les moteurs de p\u00eache \u00e0 la tra\u00eene et les berges des maisons de yacht.<\/p>\n<\/li>\n<li>\n<p data-path-to-node=\"31,1,0\"><b data-path-to-node=\"31,1,0\" data-index-in-node=\"0\">\u00c9nergie solaire hors r\u00e9seau :<\/b> Prend en charge les connexions parall\u00e8les et en s\u00e9rie (veuillez consulter nos ing\u00e9nieurs pour les configurations 48V sp\u00e9cifiques) afin d&#039;augmenter la capacit\u00e9 des maisons et des chalets.<\/p>\n<\/li>\n<li>\n<p data-path-to-node=\"31,2,0\"><b data-path-to-node=\"31,2,0\" data-index-in-node=\"0\">Camping-cars et caravanes :<\/b> La densit\u00e9 \u00e9nerg\u00e9tique compacte permet d&#039;obtenir plus de puissance dans des espaces restreints.<\/p>\n<\/li>\n<\/ul>\n<h3 data-path-to-node=\"32\">5. Balder Power : Votre partenaire de fabrication<\/h3>\n<p data-path-to-node=\"33\">Nous ne vendons pas seulement des batteries ; nous fournissons des solutions d&#039;alimentation \u00e9lectrique.<\/p>\n<ul data-path-to-node=\"34\">\n<li>\n<p data-path-to-node=\"34,0,0\"><b data-path-to-node=\"34,0,0\" data-index-in-node=\"0\">Services OEM\/ODM\u00a0:<\/b> Nous pouvons imprimer votre logo sur le bo\u00eetier transparent ou personnaliser les param\u00e8tres du BMS en fonction des besoins sp\u00e9cifiques de votre projet.<\/p>\n<\/li>\n<li>\n<p data-path-to-node=\"34,1,0\"><b data-path-to-node=\"34,1,0\" data-index-in-node=\"0\">Tests rigoureux\u00a0:<\/b> Chaque batterie subit des tests de vieillissement, des tests de vibration et un contr\u00f4le de capacit\u00e9 avant de quitter notre usine.<\/p>\n<\/li>\n<li>\n<p data-path-to-node=\"34,2,0\"><b data-path-to-node=\"34,2,0\" data-index-in-node=\"0\">Conformit\u00e9 mondiale :<\/b> Nos produits r\u00e9pondent aux normes d&#039;exp\u00e9dition UN38.3, garantissant une livraison s\u00e9curis\u00e9e aux \u00c9tats-Unis, en Europe et en Australie.<\/p>\n<\/li>\n<\/ul>","protected":false},"excerpt":{"rendered":"<ul>\n<li>\n<p data-path-to-node=\"13,0,0\"><b data-path-to-node=\"13,0,0\" data-index-in-node=\"0\">Voyez la puissance :<\/b> Exclusif <b data-path-to-node=\"13,0,0\" data-index-in-node=\"25\">Batterie LiFePO4 \u00e0 bo\u00eetier transparent<\/b> Conception permettant une inspection visuelle instantan\u00e9e de la qualit\u00e9 de fabrication interne et du c\u00e2blage.<\/p>\n<\/li>\n<li>\n<p data-path-to-node=\"13,1,0\"><b data-path-to-node=\"13,1,0\" data-index-in-node=\"0\">Capacit\u00e9 massive :<\/b> Capacit\u00e9 \u00e9nerg\u00e9tique r\u00e9elle de 5,12 kWh, remplacement id\u00e9al des batteries au plomb dans les syst\u00e8mes 24 V.<\/p>\n<\/li>\n<li>\n<p data-path-to-node=\"13,2,0\"><b data-path-to-node=\"13,2,0\" data-index-in-node=\"0\">Cellules de qualit\u00e9 automobile\u00a0:<\/b> Fabriqu\u00e9 avec des cellules prismatiques de qualit\u00e9 A garantissant <b data-path-to-node=\"13,2,0\" data-index-in-node=\"68\">Dur\u00e9e de vie de plus de 6000 cycles<\/b> (Dur\u00e9e de vie de plus de 10 ans).<\/p>\n<\/li>\n<li>\n<p data-path-to-node=\"13,3,0\"><b data-path-to-node=\"13,3,0\" data-index-in-node=\"0\">Protection intelligente\u00a0:<\/b> Syst\u00e8me de gestion de batterie (BMS) int\u00e9gr\u00e9 100A\/200A prot\u00e9geant contre la surcharge, la d\u00e9charge excessive et les temp\u00e9ratures extr\u00eames.<\/p>\n<\/li>\n<li>\n<p data-path-to-node=\"13,4,0\"><b data-path-to-node=\"13,4,0\" data-index-in-node=\"0\">Direct usine :<\/b> Prise en charge du marquage OEM, des dimensions personnalis\u00e9es et des prix de gros pour les commandes en grande quantit\u00e9.<\/p>\n<\/li>\n<li>\n<p data-path-to-node=\"13,5,0\"><b data-path-to-node=\"13,5,0\" data-index-in-node=\"0\">Applications :<\/b> Id\u00e9al pour <b data-path-to-node=\"13,5,0\" data-index-in-node=\"24\">Batterie marine \u00e0 d\u00e9charge profonde 24 V<\/b> banques, \u00e9nergie solaire hors r\u00e9seau, v\u00e9hicules r\u00e9cr\u00e9atifs et alimentation de secours industrielle.<\/p>\n<\/li>\n<\/ul>","protected":false},"featured_media":9524,"template":"","meta":{"_acf_changed":false,"nf_dc_page":"","site-sidebar-layout":"default","site-content-layout":"","ast-site-content-layout":"default","site-content-style":"default","site-sidebar-style":"default","ast-global-header-display":"","ast-banner-title-visibility":"","ast-main-header-display":"","ast-hfb-above-header-display":"","ast-hfb-below-header-display":"","ast-hfb-mobile-header-display":"","site-post-title":"","ast-breadcrumbs-content":"","ast-featured-img":"","footer-sml-layout":"","ast-disable-related-posts":"","theme-transparent-header-meta":"default","adv-header-id-meta":"","stick-header-meta":"default","header-above-stick-meta":"","header-main-stick-meta":"","header-below-stick-meta":"","astra-migrate-meta-layouts":"set","ast-page-background-enabled":"default","ast-page-background-meta":{"desktop":{"background-color":"","background-image":"","background-repeat":"repeat","background-position":"center center","background-size":"auto","background-attachment":"scroll","background-type":"","background-media":"","overlay-type":"","overlay-color":"","overlay-opacity":"","overlay-gradient":""},"tablet":{"background-color":"","background-image":"","background-repeat":"repeat","background-position":"center center","background-size":"auto","background-attachment":"scroll","background-type":"","background-media":"","overlay-type":"","overlay-color":"","overlay-opacity":"","overlay-gradient":""},"mobile":{"background-color":"","background-image":"","background-repeat":"repeat","background-position":"center center","background-size":"auto","background-attachment":"scroll","background-type":"","background-media":"","overlay-type":"","overlay-color":"","overlay-opacity":"","overlay-gradient":""}},"ast-content-background-meta":{"desktop":{"background-color":"var(--ast-global-color-5)","background-image":"","background-repeat":"repeat","background-position":"center center","background-size":"auto","background-attachment":"scroll","background-type":"","background-media":"","overlay-type":"","overlay-color":"","overlay-opacity":"","overlay-gradient":""},"tablet":{"background-color":"var(--ast-global-color-5)","background-image":"","background-repeat":"repeat","background-position":"center center","background-size":"auto","background-attachment":"scroll","background-type":"","background-media":"","overlay-type":"","overlay-color":"","overlay-opacity":"","overlay-gradient":""},"mobile":{"background-color":"var(--ast-global-color-5)","background-image":"","background-repeat":"repeat","background-position":"center center","background-size":"auto","background-attachment":"scroll","background-type":"","background-media":"","overlay-type":"","overlay-color":"","overlay-opacity":"","overlay-gradient":""}},"_joinchat":[]},"product_brand":[],"product_cat":[781],"product_tag":[939,788,949,943,948,942,950,928,945,855,817,940,919,944,787,941,946,947],"class_list":{"0":"post-9519","1":"product","2":"type-product","3":"status-publish","4":"has-post-thumbnail","6":"product_cat-lead-acid-replacement-battery","7":"product_tag-24v-200ah","8":"product_tag-5kwh-battery","9":"product_tag-balder-power","10":"product_tag-built-in-bms","11":"product_tag-china-factory","12":"product_tag-clear-housing","13":"product_tag-deep-cycle-marine-battery","14":"product_tag-lifepo4-deep-cycle","15":"product_tag-marine-battery","16":"product_tag-oem-battery","17":"product_tag-off-grid-system","18":"product_tag-prismatic-cells","19":"product_tag-rv-battery","20":"product_tag-smart-battery","21":"product_tag-solar-energy-storage","22":"product_tag-transparent-case","23":"product_tag-trolling-motor","24":"product_tag-wholesale-lithium-battery","25":"desktop-align-left","26":"tablet-align-left","27":"mobile-align-left","28":"ast-product-gallery-layout-horizontal-slider","29":"ast-product-tabs-layout-horizontal","31":"first","32":"instock","33":"shipping-taxable","34":"product-type-simple"},"acf":[],"_links":{"self":[{"href":"https:\/\/www.balderpower.com\/fr\/wp-json\/wp\/v2\/product\/9519","targetHints":{"allow":["GET"]}}],"collection":[{"href":"https:\/\/www.balderpower.com\/fr\/wp-json\/wp\/v2\/product"}],"about":[{"href":"https:\/\/www.balderpower.com\/fr\/wp-json\/wp\/v2\/types\/product"}],"version-history":[{"count":0,"href":"https:\/\/www.balderpower.com\/fr\/wp-json\/wp\/v2\/product\/9519\/revisions"}],"wp:featuredmedia":[{"embeddable":true,"href":"https:\/\/www.balderpower.com\/fr\/wp-json\/wp\/v2\/media\/9524"}],"wp:attachment":[{"href":"https:\/\/www.balderpower.com\/fr\/wp-json\/wp\/v2\/media?parent=9519"}],"wp:term":[{"taxonomy":"product_brand","embeddable":true,"href":"https:\/\/www.balderpower.com\/fr\/wp-json\/wp\/v2\/product_brand?post=9519"},{"taxonomy":"product_cat","embeddable":true,"href":"https:\/\/www.balderpower.com\/fr\/wp-json\/wp\/v2\/product_cat?post=9519"},{"taxonomy":"product_tag","embeddable":true,"href":"https:\/\/www.balderpower.com\/fr\/wp-json\/wp\/v2\/product_tag?post=9519"}],"curies":[{"name":"wp","href":"https:\/\/api.w.org\/{rel}","templated":true}]}}