{"id":9480,"date":"2026-01-15T00:54:13","date_gmt":"2026-01-14T16:54:13","guid":{"rendered":"https:\/\/www.balderpower.com\/?post_type=product&#038;p=9480"},"modified":"2026-01-22T02:38:14","modified_gmt":"2026-01-21T18:38:14","slug":"batterie-au-plomb-acide-lifepo4-12-v-100-ah-a-coque-transparente","status":"publish","type":"product","link":"https:\/\/www.balderpower.com\/fr\/transparent-shell-12v-100ah-lifepo4-battery-lead-acid-replacement\/","title":{"rendered":"Batterie LiFePO4 12 V 100 Ah \u00e0 coque transparente pour d\u00e9charge profonde \u2013 Remplacement des batteries au plomb-acide"},"content":{"rendered":"<p dir=\"auto\">D\u00e9couvrez la batterie innovante 12 V 100 Ah LiFePO4 \u00e0 d\u00e9charge profonde et bo\u00eetier transparent de Balder Power, fabricant chinois leader de batteries lithium-fer-phosphate \u00e0 bo\u00eetier transparent. Cette batterie LiFePO4 transparente et \u00e9tanche, fabriqu\u00e9e en Chine (OEM), est con\u00e7ue pour remplacer efficacement les batteries au plomb-acide. Elle offre jusqu&#039;\u00e0 6\u00a0000 cycles \u00e0 une profondeur de d\u00e9charge de 1\u00a0001 T (TP3T) pour une fiabilit\u00e9 durable. Son bo\u00eetier transparent permet une inspection visuelle des composants internes, am\u00e9liorant ainsi la s\u00e9curit\u00e9 et la maintenance dans des environnements exigeants, comme les syst\u00e8mes de stockage d&#039;\u00e9nergie pour camping-cars et bateaux, ou encore les syst\u00e8mes de stockage d&#039;\u00e9nergie solaire.<\/p>\n<p><img fetchpriority=\"high\" decoding=\"async\" class=\"size-full wp-image-9476\" src=\"https:\/\/balderpower.com\/wp-content\/uploads\/2026\/01\/transparent-shell-12v-100ah-lifepo4-battery-assembly-process-collage.webp\" alt=\"Assembly line and worker assembling clear case lifepo4 battery transparent shell 12v 100ah lifepo4 battery at Balder Power China factory\" width=\"1584\" height=\"605\" srcset=\"https:\/\/www.balderpower.com\/wp-content\/uploads\/2026\/01\/transparent-shell-12v-100ah-lifepo4-battery-assembly-process-collage.webp 1584w, https:\/\/www.balderpower.com\/wp-content\/uploads\/2026\/01\/transparent-shell-12v-100ah-lifepo4-battery-assembly-process-collage-1000x382.webp 1000w, https:\/\/www.balderpower.com\/wp-content\/uploads\/2026\/01\/transparent-shell-12v-100ah-lifepo4-battery-assembly-process-collage-1024x391.webp 1024w, https:\/\/www.balderpower.com\/wp-content\/uploads\/2026\/01\/transparent-shell-12v-100ah-lifepo4-battery-assembly-process-collage-768x293.webp 768w, https:\/\/www.balderpower.com\/wp-content\/uploads\/2026\/01\/transparent-shell-12v-100ah-lifepo4-battery-assembly-process-collage-1536x587.webp 1536w, https:\/\/www.balderpower.com\/wp-content\/uploads\/2026\/01\/transparent-shell-12v-100ah-lifepo4-battery-assembly-process-collage-18x7.webp 18w, https:\/\/www.balderpower.com\/wp-content\/uploads\/2026\/01\/transparent-shell-12v-100ah-lifepo4-battery-assembly-process-collage-600x229.webp 600w, https:\/\/www.balderpower.com\/wp-content\/uploads\/2026\/01\/transparent-shell-12v-100ah-lifepo4-battery-assembly-process-collage-64x24.webp 64w\" sizes=\"(max-width: 1584px) 100vw, 1584px\" data-no-translation=\"\" \/><\/p>\n<p dir=\"auto\">Con\u00e7ue pour remplacer directement les batteries au plomb traditionnelles, cette batterie LiFePO4 transparente est dot\u00e9e d&#039;un bo\u00eetier robuste en plastique ABS avec une protection IP65 contre l&#039;eau et la poussi\u00e8re, la rendant id\u00e9ale pour une utilisation en ext\u00e9rieur et dans des conditions difficiles. \u00c9quip\u00e9e d&#039;un syst\u00e8me de gestion de batterie (BMS) intelligent, cette batterie LiFePO4 12 V \u00e0 coque transparente prot\u00e8ge contre la surcharge, la d\u00e9charge excessive et les courts-circuits, garantissant ainsi des performances optimales. Forte de plus de dix ans d&#039;expertise dans la production OEM\/ODM, Balder Power exporte ces batteries au lithium \u00e0 coque transparente de haute qualit\u00e9 dans plus de 80 pays, certifi\u00e9es CE, UL, UN38.3 et RoHS.<\/p>\n<p dir=\"auto\">Que ce soit pour le stockage d&#039;\u00e9nergie solaire r\u00e9sidentiel, les voiturettes de golf, les bateaux ou les applications hors r\u00e9seau, cette batterie lithium-fer transparente offre un courant de d\u00e9charge continu de 100 A et prend en charge les connexions s\u00e9rie\/parall\u00e8le pour une puissance modulable. Optez pour Balder Power\u00a0: une alternative durable et l\u00e9g\u00e8re (13,5 kg) qui surpasse les batteries au plomb en termes d&#039;efficacit\u00e9, de dur\u00e9e de vie et d&#039;impact environnemental.<\/p>\n<div id=\"gtx-trans\" style=\"position: absolute; left: 809px; top: 752.359px;\">\n<div class=\"gtx-trans-icon\"><\/div>\n<\/div>","protected":false},"excerpt":{"rendered":"<p dir=\"auto\">Am\u00e9liorez votre syst\u00e8me d&#039;alimentation avec la batterie LiFePO4 12 V 100 Ah \u00e0 coque transparente de Balder Power. \u00c9tanche et \u00e0 d\u00e9charge profonde, cette batterie LiFePO4 transparente est con\u00e7ue pour remplacer directement les batteries au plomb. Offrant des performances sup\u00e9rieures pour les camping-cars, les applications marines et solaires, elle est dot\u00e9e d&#039;un syst\u00e8me de gestion de batterie (BMS) avanc\u00e9 et d&#039;une transparence permettant une inspection facile.<\/p>","protected":false},"featured_media":9466,"template":"","meta":{"_acf_changed":false,"nf_dc_page":"","site-sidebar-layout":"default","site-content-layout":"","ast-site-content-layout":"default","site-content-style":"default","site-sidebar-style":"default","ast-global-header-display":"","ast-banner-title-visibility":"","ast-main-header-display":"","ast-hfb-above-header-display":"","ast-hfb-below-header-display":"","ast-hfb-mobile-header-display":"","site-post-title":"","ast-breadcrumbs-content":"","ast-featured-img":"","footer-sml-layout":"","ast-disable-related-posts":"","theme-transparent-header-meta":"default","adv-header-id-meta":"","stick-header-meta":"default","header-above-stick-meta":"","header-main-stick-meta":"","header-below-stick-meta":"","astra-migrate-meta-layouts":"set","ast-page-background-enabled":"default","ast-page-background-meta":{"desktop":{"background-color":"","background-image":"","background-repeat":"repeat","background-position":"center center","background-size":"auto","background-attachment":"scroll","background-type":"","background-media":"","overlay-type":"","overlay-color":"","overlay-opacity":"","overlay-gradient":""},"tablet":{"background-color":"","background-image":"","background-repeat":"repeat","background-position":"center center","background-size":"auto","background-attachment":"scroll","background-type":"","background-media":"","overlay-type":"","overlay-color":"","overlay-opacity":"","overlay-gradient":""},"mobile":{"background-color":"","background-image":"","background-repeat":"repeat","background-position":"center center","background-size":"auto","background-attachment":"scroll","background-type":"","background-media":"","overlay-type":"","overlay-color":"","overlay-opacity":"","overlay-gradient":""}},"ast-content-background-meta":{"desktop":{"background-color":"var(--ast-global-color-5)","background-image":"","background-repeat":"repeat","background-position":"center center","background-size":"auto","background-attachment":"scroll","background-type":"","background-media":"","overlay-type":"","overlay-color":"","overlay-opacity":"","overlay-gradient":""},"tablet":{"background-color":"var(--ast-global-color-5)","background-image":"","background-repeat":"repeat","background-position":"center center","background-size":"auto","background-attachment":"scroll","background-type":"","background-media":"","overlay-type":"","overlay-color":"","overlay-opacity":"","overlay-gradient":""},"mobile":{"background-color":"var(--ast-global-color-5)","background-image":"","background-repeat":"repeat","background-position":"center center","background-size":"auto","background-attachment":"scroll","background-type":"","background-media":"","overlay-type":"","overlay-color":"","overlay-opacity":"","overlay-gradient":""}},"_joinchat":[]},"product_brand":[],"product_cat":[781],"product_tag":[932,924,880,928,931,930,926,929,923,927,925],"class_list":{"0":"post-9480","1":"product","2":"type-product","3":"status-publish","4":"has-post-thumbnail","6":"product_cat-lead-acid-replacement-battery","7":"product_tag-bms-protected-battery","8":"product_tag-clear-case-lifepo4-battery","9":"product_tag-lead-acid-replacement","10":"product_tag-lifepo4-deep-cycle","11":"product_tag-oem-china-battery","12":"product_tag-rv-marine-battery","13":"product_tag-see-through-lithium-iron-battery","14":"product_tag-solar-storage-battery","15":"product_tag-transparent-lifepo4-battery","16":"product_tag-transparent-shell-lithium-battery","17":"product_tag-waterproof-transparent-lifepo4","18":"desktop-align-left","19":"tablet-align-left","20":"mobile-align-left","21":"ast-product-gallery-layout-horizontal-slider","22":"ast-product-tabs-layout-horizontal","24":"first","25":"instock","26":"shipping-taxable","27":"purchasable","28":"product-type-simple"},"acf":[],"_links":{"self":[{"href":"https:\/\/www.balderpower.com\/fr\/wp-json\/wp\/v2\/product\/9480","targetHints":{"allow":["GET"]}}],"collection":[{"href":"https:\/\/www.balderpower.com\/fr\/wp-json\/wp\/v2\/product"}],"about":[{"href":"https:\/\/www.balderpower.com\/fr\/wp-json\/wp\/v2\/types\/product"}],"version-history":[{"count":0,"href":"https:\/\/www.balderpower.com\/fr\/wp-json\/wp\/v2\/product\/9480\/revisions"}],"wp:featuredmedia":[{"embeddable":true,"href":"https:\/\/www.balderpower.com\/fr\/wp-json\/wp\/v2\/media\/9466"}],"wp:attachment":[{"href":"https:\/\/www.balderpower.com\/fr\/wp-json\/wp\/v2\/media?parent=9480"}],"wp:term":[{"taxonomy":"product_brand","embeddable":true,"href":"https:\/\/www.balderpower.com\/fr\/wp-json\/wp\/v2\/product_brand?post=9480"},{"taxonomy":"product_cat","embeddable":true,"href":"https:\/\/www.balderpower.com\/fr\/wp-json\/wp\/v2\/product_cat?post=9480"},{"taxonomy":"product_tag","embeddable":true,"href":"https:\/\/www.balderpower.com\/fr\/wp-json\/wp\/v2\/product_tag?post=9480"}],"curies":[{"name":"wp","href":"https:\/\/api.w.org\/{rel}","templated":true}]}}