{"id":9446,"date":"2026-01-13T23:55:16","date_gmt":"2026-01-13T15:55:16","guid":{"rendered":"https:\/\/www.balderpower.com\/?post_type=product&#038;p=9446"},"modified":"2026-01-13T23:55:22","modified_gmt":"2026-01-13T15:55:22","slug":"batterie-lifepo4-12-v-300-ah-avec-bms-intelligent-bluetooth","status":"publish","type":"product","link":"https:\/\/www.balderpower.com\/fr\/12v-300ah-lifepo4-battery-bluetooth-smart-bms\/","title":{"rendered":"Batterie LiFePO4 12 V 300 Ah \u00e0 d\u00e9charge profonde | BMS Bluetooth intelligent | 3840 Wh pour camping-cars, bateaux et panneaux solaires | Vente directe d&#039;usine"},"content":{"rendered":"<h4 data-path-to-node=\"13\"><b data-path-to-node=\"13\" data-index-in-node=\"0\">\u00c9nergie nouvelle g\u00e9n\u00e9ration : la solution ultime au lithium 12 V 300 Ah<\/b><\/h4>\n<p data-path-to-node=\"14\">Am\u00e9liorez votre syst\u00e8me \u00e9nerg\u00e9tique avec la batterie LiFePO4 12 V 300 Ah de Balder Power. Con\u00e7ue pour les applications hors r\u00e9seau exigeantes, cette batterie offre une capacit\u00e9 de stockage d&#039;\u00e9nergie exceptionnelle. <b data-path-to-node=\"14\" data-index-in-node=\"141\">3,84 kWh d&#039;\u00e9nergie<\/b> Dans un bo\u00eetier ABS standard de type 8D. Contrairement aux batteries au plomb traditionnelles, notre solution au lithium ne n\u00e9cessite aucun entretien, p\u00e8se trois fois moins et offre une puissance constante.<\/p>\n<h4 data-path-to-node=\"15\"><b data-path-to-node=\"15\" data-index-in-node=\"0\">Con\u00e7u pour une gestion intelligente de l&#039;\u00e9nergie<\/b><\/h4>\n<p data-path-to-node=\"16\">Ne laissez plus le doute s&#039;installer sur l&#039;\u00e9tat de votre batterie. Ce mod\u00e8le est dot\u00e9 d&#039;un syst\u00e8me de double surveillance\u00a0:<\/p>\n<ol start=\"1\" data-path-to-node=\"17\">\n<li>\n<p data-path-to-node=\"17,0,0\"><b data-path-to-node=\"17,0,0\" data-index-in-node=\"0\">\u00c9cran LCD int\u00e9gr\u00e9\u00a0:<\/b> V\u00e9rifiez instantan\u00e9ment la tension et la capacit\u00e9 sur le dessus de la batterie.<\/p>\n<\/li>\n<li>\n<p data-path-to-node=\"17,1,0\"><b data-path-to-node=\"17,1,0\" data-index-in-node=\"0\">Connectivit\u00e9 de l&#039;application Bluetooth\u00a0:<\/b> Connectez-vous via l&#039;application iOS\/Android pour surveiller avec pr\u00e9cision l&#039;\u00e9tat de charge (SOC), la temp\u00e9rature et le courant depuis votre smartphone. Id\u00e9al pour une installation dans des endroits difficiles d&#039;acc\u00e8s comme les compartiments sous les si\u00e8ges de camping-cars ou les coques de bateaux.<\/p>\n<\/li>\n<\/ol>\n<h4 data-path-to-node=\"18\"><b data-path-to-node=\"18\" data-index-in-node=\"0\">S\u00e9curit\u00e9 et fiabilit\u00e9 de niveau industriel<\/b><\/h4>\n<p data-path-to-node=\"19\">La s\u00e9curit\u00e9 est notre priorit\u00e9. L&#039;intelligence <b data-path-to-node=\"19\" data-index-in-node=\"40\">Syst\u00e8me de gestion de batterie (BMS)<\/b> Il prot\u00e8ge contre la surcharge, la d\u00e9charge excessive, les courts-circuits et les temp\u00e9ratures extr\u00eames. Dot\u00e9 d&#039;un bo\u00eetier robuste en ABS et de poign\u00e9es en corde r\u00e9sistantes, il est con\u00e7u pour r\u00e9sister aux vibrations rencontr\u00e9es dans des applications mobiles telles que les camping-cars de luxe et les autolaveuses.<\/p>","protected":false},"excerpt":{"rendered":"<ul>\n<li>\n<p data-path-to-node=\"9,0,0\"><b data-path-to-node=\"9,0,0\" data-index-in-node=\"0\">\u00c9nergie massive :<\/b> Capacit\u00e9 r\u00e9elle de 12,8 V et 300 Ah (\u00e9nergie totale de 3840 Wh) \u2013 Remplace directement 4 batteries au plomb-acide de 12 V et 100 Ah.<\/p>\n<\/li>\n<li>\n<p data-path-to-node=\"9,1,0\"><b data-path-to-node=\"9,1,0\" data-index-in-node=\"0\">Surveillance intelligente\u00a0:<\/b> Module Bluetooth int\u00e9gr\u00e9 et \u00e9cran LCD pour le suivi en temps r\u00e9el de la tension et de l&#039;\u00e9tat de charge via une application mobile.<\/p>\n<\/li>\n<li>\n<p data-path-to-node=\"9,2,0\"><b data-path-to-node=\"9,2,0\" data-index-in-node=\"0\">BMS haute performance :<\/b> Supports <b data-path-to-node=\"9,2,0\" data-index-in-node=\"31\">D\u00e9charge continue maximale de 200 A<\/b> \u2013 Alimente facilement les onduleurs de plus de 2500 W et les charges importantes.<\/p>\n<\/li>\n<li>\n<p data-path-to-node=\"9,3,0\"><b data-path-to-node=\"9,3,0\" data-index-in-node=\"0\">Longue dur\u00e9e de vie :<\/b> Les cellules LiFePO4 de qualit\u00e9 automobile garantissent plus de 6000 cycles profonds \u00e0 une profondeur de d\u00e9charge de 80%.<\/p>\n<\/li>\n<li>\n<p data-path-to-node=\"9,4,0\"><b data-path-to-node=\"9,4,0\" data-index-in-node=\"0\">Services B2B\u00a0:<\/b> Prix d&#039;usine, faible quantit\u00e9 minimale de commande (commandes d&#039;\u00e9chantillons accept\u00e9es), \u00e9tiquette personnalis\u00e9e\/OEM disponible.<\/p>\n<\/li>\n<li>\n<p data-path-to-node=\"9,5,0\"><b data-path-to-node=\"9,5,0\" data-index-in-node=\"0\">Certifications :<\/b> Certifications CE, FC, RoHS, UN38.3 et FDS pr\u00eates pour l&#039;exp\u00e9dition internationale.<\/p>\n<\/li>\n<\/ul>","protected":false},"featured_media":9442,"template":"","meta":{"_acf_changed":false,"nf_dc_page":"","site-sidebar-layout":"default","site-content-layout":"","ast-site-content-layout":"default","site-content-style":"default","site-sidebar-style":"default","ast-global-header-display":"","ast-banner-title-visibility":"","ast-main-header-display":"","ast-hfb-above-header-display":"","ast-hfb-below-header-display":"","ast-hfb-mobile-header-display":"","site-post-title":"","ast-breadcrumbs-content":"","ast-featured-img":"","footer-sml-layout":"","ast-disable-related-posts":"","theme-transparent-header-meta":"default","adv-header-id-meta":"","stick-header-meta":"default","header-above-stick-meta":"","header-main-stick-meta":"","header-below-stick-meta":"","astra-migrate-meta-layouts":"set","ast-page-background-enabled":"default","ast-page-background-meta":{"desktop":{"background-color":"","background-image":"","background-repeat":"repeat","background-position":"center center","background-size":"auto","background-attachment":"scroll","background-type":"","background-media":"","overlay-type":"","overlay-color":"","overlay-opacity":"","overlay-gradient":""},"tablet":{"background-color":"","background-image":"","background-repeat":"repeat","background-position":"center center","background-size":"auto","background-attachment":"scroll","background-type":"","background-media":"","overlay-type":"","overlay-color":"","overlay-opacity":"","overlay-gradient":""},"mobile":{"background-color":"","background-image":"","background-repeat":"repeat","background-position":"center center","background-size":"auto","background-attachment":"scroll","background-type":"","background-media":"","overlay-type":"","overlay-color":"","overlay-opacity":"","overlay-gradient":""}},"ast-content-background-meta":{"desktop":{"background-color":"var(--ast-global-color-5)","background-image":"","background-repeat":"repeat","background-position":"center center","background-size":"auto","background-attachment":"scroll","background-type":"","background-media":"","overlay-type":"","overlay-color":"","overlay-opacity":"","overlay-gradient":""},"tablet":{"background-color":"var(--ast-global-color-5)","background-image":"","background-repeat":"repeat","background-position":"center center","background-size":"auto","background-attachment":"scroll","background-type":"","background-media":"","overlay-type":"","overlay-color":"","overlay-opacity":"","overlay-gradient":""},"mobile":{"background-color":"var(--ast-global-color-5)","background-image":"","background-repeat":"repeat","background-position":"center center","background-size":"auto","background-attachment":"scroll","background-type":"","background-media":"","overlay-type":"","overlay-color":"","overlay-opacity":"","overlay-gradient":""}},"_joinchat":[]},"product_brand":[],"product_cat":[781],"product_tag":[912,916,917,914,866,918,860,462,921,915,920,855,817,919,913,787,922,871],"class_list":{"0":"post-9446","1":"product","2":"type-product","3":"status-publish","4":"has-post-thumbnail","6":"product_cat-lead-acid-replacement-battery","7":"product_tag-12v-300ah-lifepo4-battery","8":"product_tag-200a-discharge","9":"product_tag-6000-cycles","10":"product_tag-bluetooth-battery","11":"product_tag-bulk-order","12":"product_tag-china-manufacturer","13":"product_tag-deep-cycle","14":"product_tag-factory-direct","15":"product_tag-floor-scrubber-battery","16":"product_tag-lcd-display","17":"product_tag-marine-lithium-battery","18":"product_tag-oem-battery","19":"product_tag-off-grid-system","20":"product_tag-rv-battery","21":"product_tag-smart-bms","22":"product_tag-solar-energy-storage","23":"product_tag-trolling-motor-battery","24":"product_tag-wholesale","25":"desktop-align-left","26":"tablet-align-left","27":"mobile-align-left","28":"ast-product-gallery-layout-horizontal-slider","29":"ast-product-tabs-layout-horizontal","31":"first","32":"instock","33":"shipping-taxable","34":"product-type-simple"},"acf":[],"_links":{"self":[{"href":"https:\/\/www.balderpower.com\/fr\/wp-json\/wp\/v2\/product\/9446","targetHints":{"allow":["GET"]}}],"collection":[{"href":"https:\/\/www.balderpower.com\/fr\/wp-json\/wp\/v2\/product"}],"about":[{"href":"https:\/\/www.balderpower.com\/fr\/wp-json\/wp\/v2\/types\/product"}],"version-history":[{"count":0,"href":"https:\/\/www.balderpower.com\/fr\/wp-json\/wp\/v2\/product\/9446\/revisions"}],"wp:featuredmedia":[{"embeddable":true,"href":"https:\/\/www.balderpower.com\/fr\/wp-json\/wp\/v2\/media\/9442"}],"wp:attachment":[{"href":"https:\/\/www.balderpower.com\/fr\/wp-json\/wp\/v2\/media?parent=9446"}],"wp:term":[{"taxonomy":"product_brand","embeddable":true,"href":"https:\/\/www.balderpower.com\/fr\/wp-json\/wp\/v2\/product_brand?post=9446"},{"taxonomy":"product_cat","embeddable":true,"href":"https:\/\/www.balderpower.com\/fr\/wp-json\/wp\/v2\/product_cat?post=9446"},{"taxonomy":"product_tag","embeddable":true,"href":"https:\/\/www.balderpower.com\/fr\/wp-json\/wp\/v2\/product_tag?post=9446"}],"curies":[{"name":"wp","href":"https:\/\/api.w.org\/{rel}","templated":true}]}}