{"id":9394,"date":"2026-01-13T01:46:46","date_gmt":"2026-01-12T17:46:46","guid":{"rendered":"https:\/\/www.balderpower.com\/?post_type=product&#038;p=9394"},"modified":"2026-01-13T01:56:37","modified_gmt":"2026-01-12T17:56:37","slug":"batterie-lifepo4-12-v-200-ah-bluetooth-oem-en-gros","status":"publish","type":"product","link":"https:\/\/www.balderpower.com\/fr\/wholesale-12v-200ah-lifepo4-battery-bluetooth-oem\/","title":{"rendered":"Batterie intelligente LiFePO4 12 V 200 Ah \u2013 Cellules prismatiques de qualit\u00e9 A, surveillance Bluetooth et \u00e9tanch\u00e9it\u00e9 IP65 \u2013 Vente directe d&#039;usine"},"content":{"rendered":"<h4 data-path-to-node=\"8\"><b data-path-to-node=\"8\" data-index-in-node=\"0\">Une puissance in\u00e9gal\u00e9e pour une ind\u00e9pendance hors r\u00e9seau<\/b><\/h4>\n<p data-path-to-node=\"9\">Le <b data-path-to-node=\"9\" data-index-in-node=\"4\">Balder Power BPE-LF12200<\/b> Cette batterie lithium-fer-phosphate haute capacit\u00e9 de 12 V et 200 Ah est con\u00e7ue pour alimenter des syst\u00e8mes \u00e9nerg\u00e9tiques robustes. Offrant une capacit\u00e9 de 2\u00a0560 Wh d&#039;\u00e9nergie utile, elle repr\u00e9sente la solution id\u00e9ale pour les camping-cars de luxe, les batteries de bateaux et les centrales solaires isol\u00e9es o\u00f9 la fiabilit\u00e9 est primordiale.<\/p>\n<h4 data-path-to-node=\"10\"><b data-path-to-node=\"10\" data-index-in-node=\"0\">Technologie intelligente et durable<\/b><\/h4>\n<p data-path-to-node=\"11\">Dot\u00e9e d&#039;un syst\u00e8me de gestion de batterie intelligent (BMS) avanc\u00e9, cette batterie offre une visibilit\u00e9 in\u00e9gal\u00e9e sur son \u00e9tat. Les utilisateurs peuvent surveiller l&#039;\u00e9tat de charge (SOC) et la tension de mani\u00e8re transparente. <b data-path-to-node=\"11\" data-index-in-node=\"178\">application Bluetooth pour smartphone<\/b> ou le plus pratique <b data-path-to-node=\"11\" data-index-in-node=\"229\">\u00e9cran LCD mont\u00e9 sur le dessus<\/b>. Utilisant des cellules prismatiques de qualit\u00e9 A, le BPE-LF12200 garantit une s\u00e9curit\u00e9 et une stabilit\u00e9 thermique maximales sur des temp\u00e9ratures de fonctionnement de qualit\u00e9 industrielle.<\/p>","protected":false},"excerpt":{"rendered":"<ul>\n<li>\n<p data-path-to-node=\"5,0,0\"><b data-path-to-node=\"5,0,0\" data-index-in-node=\"0\">\u00c9nergie massive de 2,56 kWh :<\/b> Une seule unit\u00e9 offre une capacit\u00e9 \u00e9lev\u00e9e pour r\u00e9pondre aux besoins \u00e9nerg\u00e9tiques exigeants hors r\u00e9seau.<\/p>\n<\/li>\n<li>\n<p data-path-to-node=\"5,1,0\"><b data-path-to-node=\"5,1,0\" data-index-in-node=\"0\">Gestion intelligente\u00a0:<\/b> Surveillance en temps r\u00e9el via une application Bluetooth et affichage LCD int\u00e9gr\u00e9 de la tension.<\/p>\n<\/li>\n<li>\n<p data-path-to-node=\"5,2,0\"><b data-path-to-node=\"5,2,0\" data-index-in-node=\"0\">Long\u00e9vit\u00e9 industrielle :<\/b> Dur\u00e9e de vie en cycle profond de \u22656000 cycles pour plus de 10 ans de service sans entretien.<\/p>\n<\/li>\n<li>\n<p data-path-to-node=\"5,3,0\"><b data-path-to-node=\"5,3,0\" data-index-in-node=\"0\">Pr\u00eat pour le B2B\u00a0:<\/b> Prix directs du fabricant, commandes en petites s\u00e9ries accept\u00e9es et assistance OEM\/ODM compl\u00e8te.<\/p>\n<\/li>\n<li>\n<p data-path-to-node=\"5,4,0\"><b data-path-to-node=\"5,4,0\" data-index-in-node=\"0\">Remplacement direct :<\/b> Sa conception l\u00e9g\u00e8re de 27 kg remplace les lourdes batteries au plomb-acide de plus de 60 kg.<\/p>\n<\/li>\n<\/ul>","protected":false},"featured_media":9392,"template":"","meta":{"_acf_changed":false,"nf_dc_page":"","site-sidebar-layout":"default","site-content-layout":"","ast-site-content-layout":"default","site-content-style":"default","site-sidebar-style":"default","ast-global-header-display":"","ast-banner-title-visibility":"","ast-main-header-display":"","ast-hfb-above-header-display":"","ast-hfb-below-header-display":"","ast-hfb-mobile-header-display":"","site-post-title":"","ast-breadcrumbs-content":"","ast-featured-img":"","footer-sml-layout":"","ast-disable-related-posts":"","theme-transparent-header-meta":"default","adv-header-id-meta":"","stick-header-meta":"default","header-above-stick-meta":"","header-main-stick-meta":"","header-below-stick-meta":"","astra-migrate-meta-layouts":"set","ast-page-background-enabled":"default","ast-page-background-meta":{"desktop":{"background-color":"","background-image":"","background-repeat":"repeat","background-position":"center center","background-size":"auto","background-attachment":"scroll","background-type":"","background-media":"","overlay-type":"","overlay-color":"","overlay-opacity":"","overlay-gradient":""},"tablet":{"background-color":"","background-image":"","background-repeat":"repeat","background-position":"center center","background-size":"auto","background-attachment":"scroll","background-type":"","background-media":"","overlay-type":"","overlay-color":"","overlay-opacity":"","overlay-gradient":""},"mobile":{"background-color":"","background-image":"","background-repeat":"repeat","background-position":"center center","background-size":"auto","background-attachment":"scroll","background-type":"","background-media":"","overlay-type":"","overlay-color":"","overlay-opacity":"","overlay-gradient":""}},"ast-content-background-meta":{"desktop":{"background-color":"var(--ast-global-color-5)","background-image":"","background-repeat":"repeat","background-position":"center center","background-size":"auto","background-attachment":"scroll","background-type":"","background-media":"","overlay-type":"","overlay-color":"","overlay-opacity":"","overlay-gradient":""},"tablet":{"background-color":"var(--ast-global-color-5)","background-image":"","background-repeat":"repeat","background-position":"center center","background-size":"auto","background-attachment":"scroll","background-type":"","background-media":"","overlay-type":"","overlay-color":"","overlay-opacity":"","overlay-gradient":""},"mobile":{"background-color":"var(--ast-global-color-5)","background-image":"","background-repeat":"repeat","background-position":"center center","background-size":"auto","background-attachment":"scroll","background-type":"","background-media":"","overlay-type":"","overlay-color":"","overlay-opacity":"","overlay-gradient":""}},"_joinchat":[]},"product_brand":[],"product_cat":[781],"product_tag":[906,911,907,905,462,908,910,909,904,871],"class_list":{"0":"post-9394","1":"product","2":"type-product","3":"status-publish","4":"has-post-thumbnail","6":"product_cat-lead-acid-replacement-battery","7":"product_tag-12v-200ah","8":"product_tag-2560wh","9":"product_tag-bluetooth-lifepo4","10":"product_tag-bpe-lf12200","11":"product_tag-factory-direct","12":"product_tag-ip65-waterproof","13":"product_tag-marine-house-bank","14":"product_tag-rv-energy-storage","15":"product_tag-small-batch-accepted","16":"product_tag-wholesale","17":"desktop-align-left","18":"tablet-align-left","19":"mobile-align-left","20":"ast-product-gallery-layout-horizontal-slider","21":"ast-product-tabs-layout-horizontal","23":"first","24":"instock","25":"shipping-taxable","26":"product-type-simple"},"acf":[],"_links":{"self":[{"href":"https:\/\/www.balderpower.com\/fr\/wp-json\/wp\/v2\/product\/9394","targetHints":{"allow":["GET"]}}],"collection":[{"href":"https:\/\/www.balderpower.com\/fr\/wp-json\/wp\/v2\/product"}],"about":[{"href":"https:\/\/www.balderpower.com\/fr\/wp-json\/wp\/v2\/types\/product"}],"version-history":[{"count":0,"href":"https:\/\/www.balderpower.com\/fr\/wp-json\/wp\/v2\/product\/9394\/revisions"}],"wp:featuredmedia":[{"embeddable":true,"href":"https:\/\/www.balderpower.com\/fr\/wp-json\/wp\/v2\/media\/9392"}],"wp:attachment":[{"href":"https:\/\/www.balderpower.com\/fr\/wp-json\/wp\/v2\/media?parent=9394"}],"wp:term":[{"taxonomy":"product_brand","embeddable":true,"href":"https:\/\/www.balderpower.com\/fr\/wp-json\/wp\/v2\/product_brand?post=9394"},{"taxonomy":"product_cat","embeddable":true,"href":"https:\/\/www.balderpower.com\/fr\/wp-json\/wp\/v2\/product_cat?post=9394"},{"taxonomy":"product_tag","embeddable":true,"href":"https:\/\/www.balderpower.com\/fr\/wp-json\/wp\/v2\/product_tag?post=9394"}],"curies":[{"name":"wp","href":"https:\/\/api.w.org\/{rel}","templated":true}]}}