{"id":9376,"date":"2026-01-13T00:07:11","date_gmt":"2026-01-12T16:07:11","guid":{"rendered":"https:\/\/www.balderpower.com\/?post_type=product&#038;p=9376"},"modified":"2026-01-13T00:07:16","modified_gmt":"2026-01-12T16:07:16","slug":"batterie-lifepo4-12-v-100-ah-etanche-bluetooth-groupe-31-en-gros","status":"publish","type":"product","link":"https:\/\/www.balderpower.com\/fr\/wholesale-12v-100ah-lifepo4-battery-waterproof-bluetooth-group-31\/","title":{"rendered":"Batterie LiFePO4 12 V 100 Ah (Bluetooth et \u00e9cran LCD) \u2013 \u00c9tanche, groupe 31, \u00e0 d\u00e9charge profonde | Vente en gros et OEM"},"content":{"rendered":"<p data-path-to-node=\"8\">Am\u00e9liorez vos solutions \u00e9nerg\u00e9tiques avec <b data-path-to-node=\"8\" data-index-in-node=\"39\">Batterie intelligente Balder Power 12V 100Ah LiFePO4<\/b>. Con\u00e7ue pour r\u00e9pondre aux exigences rigoureuses des applications marines, de v\u00e9hicules de loisirs et industrielles, cette batterie combine une capacit\u00e9 massive (1280 Wh) et une gestion intelligente dans un format standard. <b data-path-to-node=\"8\" data-index-in-node=\"255\">Empreinte du groupe 31<\/b>.<\/p>\n<p data-path-to-node=\"9\"><b data-path-to-node=\"9\" data-index-in-node=\"0\">Pourquoi acheter chez nous ?<\/b> En tant que fabricant, nous \u00e9liminons les marges des d\u00e9taillants. Nous proposons des solutions \u00e0 forte marge aux distributeurs et aux int\u00e9grateurs de syst\u00e8mes. Ce mod\u00e8le n&#039;est pas qu&#039;une simple batterie\u00a0; c&#039;est une centrale \u00e9lectrique intelligente dot\u00e9e d&#039;une technologie de pointe. <b data-path-to-node=\"9\" data-index-in-node=\"214\">Application Bluetooth<\/b> pour la surveillance \u00e0 distance et une int\u00e9gration <b data-path-to-node=\"9\" data-index-in-node=\"268\">\u00c9cran LCD<\/b> pour des v\u00e9rifications instantan\u00e9es de la tension.<\/p>\n<p data-path-to-node=\"10\"><b data-path-to-node=\"10\" data-index-in-node=\"0\">Robuste et fiable<\/b> Fabriqu\u00e9 avec des mat\u00e9riaux de qualit\u00e9 automobile <b data-path-to-node=\"10\" data-index-in-node=\"46\">Cellules LiFePO4 prismatiques<\/b>, Il fournit une puissance constante avec un courant de d\u00e9charge continu de 100 A. Le bo\u00eetier ABS \u00e9tanche assure une protection optimale contre les surtensions. <b data-path-to-node=\"10\" data-index-in-node=\"173\">Indice d&#039;\u00e9tanch\u00e9it\u00e9 IP65<\/b>, Cette batterie garantit une fiabilit\u00e9 optimale m\u00eame en milieu marin humide ou sur des sites industriels poussi\u00e9reux. Qu&#039;elle soit destin\u00e9e \u00e0 une flotte de voiturettes de golf 48 V ou \u00e0 un syst\u00e8me d&#039;alimentation de secours solaire, sa dur\u00e9e de vie d\u00e9passe 10 ans.<\/p>","protected":false},"excerpt":{"rendered":"<p>Source directe du fabricant : <b data-path-to-node=\"6\" data-index-in-node=\"43\">Balder Power S\u00e9rie BPE (Mod\u00e8le : BPE-LF12100)<\/b> Cette batterie LiFePO4 12 V 100 Ah haut de gamme est dot\u00e9e d&#039;une protection \u00e9tanche IP65, d&#039;une surveillance Bluetooth int\u00e9gr\u00e9e et d&#039;un \u00e9cran LCD d&#039;affichage de la tension. Con\u00e7ue pour remplacer avantageusement les batteries au plomb du groupe 31, elle offre plus de 6\u00a0000 cycles et est compatible avec les syst\u00e8mes 48 V. Disponible \u00e0 un prix de gros comp\u00e9titif.<\/p>","protected":false},"featured_media":9366,"template":"","meta":{"_acf_changed":false,"nf_dc_page":"","site-sidebar-layout":"default","site-content-layout":"","ast-site-content-layout":"default","site-content-style":"default","site-sidebar-style":"default","ast-global-header-display":"","ast-banner-title-visibility":"","ast-main-header-display":"","ast-hfb-above-header-display":"","ast-hfb-below-header-display":"","ast-hfb-mobile-header-display":"","site-post-title":"","ast-breadcrumbs-content":"","ast-featured-img":"","footer-sml-layout":"","ast-disable-related-posts":"","theme-transparent-header-meta":"default","adv-header-id-meta":"","stick-header-meta":"default","header-above-stick-meta":"","header-main-stick-meta":"","header-below-stick-meta":"","astra-migrate-meta-layouts":"set","ast-page-background-enabled":"default","ast-page-background-meta":{"desktop":{"background-color":"","background-image":"","background-repeat":"repeat","background-position":"center center","background-size":"auto","background-attachment":"scroll","background-type":"","background-media":"","overlay-type":"","overlay-color":"","overlay-opacity":"","overlay-gradient":""},"tablet":{"background-color":"","background-image":"","background-repeat":"repeat","background-position":"center center","background-size":"auto","background-attachment":"scroll","background-type":"","background-media":"","overlay-type":"","overlay-color":"","overlay-opacity":"","overlay-gradient":""},"mobile":{"background-color":"","background-image":"","background-repeat":"repeat","background-position":"center center","background-size":"auto","background-attachment":"scroll","background-type":"","background-media":"","overlay-type":"","overlay-color":"","overlay-opacity":"","overlay-gradient":""}},"ast-content-background-meta":{"desktop":{"background-color":"var(--ast-global-color-5)","background-image":"","background-repeat":"repeat","background-position":"center center","background-size":"auto","background-attachment":"scroll","background-type":"","background-media":"","overlay-type":"","overlay-color":"","overlay-opacity":"","overlay-gradient":""},"tablet":{"background-color":"var(--ast-global-color-5)","background-image":"","background-repeat":"repeat","background-position":"center center","background-size":"auto","background-attachment":"scroll","background-type":"","background-media":"","overlay-type":"","overlay-color":"","overlay-opacity":"","overlay-gradient":""},"mobile":{"background-color":"var(--ast-global-color-5)","background-image":"","background-repeat":"repeat","background-position":"center center","background-size":"auto","background-attachment":"scroll","background-type":"","background-media":"","overlay-type":"","overlay-color":"","overlay-opacity":"","overlay-gradient":""}},"_joinchat":[]},"product_brand":[],"product_cat":[781],"product_tag":[902,901,898,896,280,272,897,903,899,900,876,895],"class_list":{"0":"post-9376","1":"product","2":"type-product","3":"status-publish","4":"has-post-thumbnail","6":"product_cat-lead-acid-replacement-battery","7":"product_tag-1280wh-energy-storage","8":"product_tag-48v-golf-cart-conversion","9":"product_tag-bluetooth-smart-bms","10":"product_tag-bpe-lf12100","11":"product_tag-bulk-battery-supplier","12":"product_tag-factory-direct-battery","13":"product_tag-group-31-lifepo4","14":"product_tag-ip65-rated-battery","15":"product_tag-lcd-screen-battery","16":"product_tag-marine-deep-cycle-battery","17":"product_tag-waterproof-lithium-battery","18":"product_tag-wholesale-12v-100ah-lifepo4","19":"desktop-align-left","20":"tablet-align-left","21":"mobile-align-left","22":"ast-product-gallery-layout-horizontal-slider","23":"ast-product-tabs-layout-horizontal","25":"first","26":"instock","27":"shipping-taxable","28":"product-type-simple"},"acf":[],"_links":{"self":[{"href":"https:\/\/www.balderpower.com\/fr\/wp-json\/wp\/v2\/product\/9376","targetHints":{"allow":["GET"]}}],"collection":[{"href":"https:\/\/www.balderpower.com\/fr\/wp-json\/wp\/v2\/product"}],"about":[{"href":"https:\/\/www.balderpower.com\/fr\/wp-json\/wp\/v2\/types\/product"}],"version-history":[{"count":0,"href":"https:\/\/www.balderpower.com\/fr\/wp-json\/wp\/v2\/product\/9376\/revisions"}],"wp:featuredmedia":[{"embeddable":true,"href":"https:\/\/www.balderpower.com\/fr\/wp-json\/wp\/v2\/media\/9366"}],"wp:attachment":[{"href":"https:\/\/www.balderpower.com\/fr\/wp-json\/wp\/v2\/media?parent=9376"}],"wp:term":[{"taxonomy":"product_brand","embeddable":true,"href":"https:\/\/www.balderpower.com\/fr\/wp-json\/wp\/v2\/product_brand?post=9376"},{"taxonomy":"product_cat","embeddable":true,"href":"https:\/\/www.balderpower.com\/fr\/wp-json\/wp\/v2\/product_cat?post=9376"},{"taxonomy":"product_tag","embeddable":true,"href":"https:\/\/www.balderpower.com\/fr\/wp-json\/wp\/v2\/product_tag?post=9376"}],"curies":[{"name":"wp","href":"https:\/\/api.w.org\/{rel}","templated":true}]}}