{"id":9360,"date":"2026-01-12T22:27:27","date_gmt":"2026-01-12T14:27:27","guid":{"rendered":"https:\/\/www.balderpower.com\/?post_type=product&#038;p=9360"},"modified":"2026-01-12T22:27:32","modified_gmt":"2026-01-12T14:27:32","slug":"batterie-lifepo4-12-v-50-ah-bluetooth-oem-bpe-lf1250-en-gros","status":"publish","type":"product","link":"https:\/\/www.balderpower.com\/fr\/wholesale-12v-50ah-lifepo4-battery-bluetooth-oem-bpe-lf1250\/","title":{"rendered":"Batterie LiFePO4 12 V 50 Ah (BMS Bluetooth) \u2013 BPE-LF1250 Vente en gros et OEM"},"content":{"rendered":"<p data-path-to-node=\"8\">D\u00e9veloppez votre gamme de produits avec le <b data-path-to-node=\"8\" data-index-in-node=\"35\">Batterie intelligente Balder Power 12V 50Ah LiFePO4 (Mod\u00e8le : BPE-LF1250)<\/b>. Con\u00e7ue pour le march\u00e9 B2B, cette batterie combine une densit\u00e9 \u00e9nerg\u00e9tique sup\u00e9rieure (640 Wh) avec une technologie intelligente, offrant une solution \u00e0 forte marge pour les applications marines, de mobilit\u00e9 et solaires.<\/p>\n<p data-path-to-node=\"9\">Contrairement aux batteries standard du commerce, ce mod\u00e8le est dot\u00e9 d&#039;un syst\u00e8me int\u00e9gr\u00e9 <b data-path-to-node=\"9\" data-index-in-node=\"68\">Syst\u00e8me de gestion de batterie Bluetooth<\/b>, Cette fonctionnalit\u00e9 permet aux utilisateurs finaux de surveiller la tension et la capacit\u00e9 via une application mobile. Elle renforce consid\u00e9rablement la comp\u00e9titivit\u00e9 sur le march\u00e9. En achetant directement aupr\u00e8s de notre usine, vous \u00e9liminez les marges des interm\u00e9diaires. Nous garantissons des cha\u00eenes d&#039;approvisionnement stables, un contr\u00f4le qualit\u00e9 rigoureux (certifications CE\/RoHS\/UN38.3) et une prise en charge compl\u00e8te de la personnalisation OEM pour vous aider \u00e0 d\u00e9velopper votre marque.<\/p>","protected":false},"excerpt":{"rendered":"<p>Obtenez une alimentation intelligente au lithium directement aupr\u00e8s du fabricant. <b data-path-to-node=\"6\" data-index-in-node=\"63\">Balder Power BPE-LF1250<\/b> Batterie 12 V 50 Ah \u00e0 d\u00e9charge profonde avec surveillance Bluetooth int\u00e9gr\u00e9e et conception ultra-l\u00e9g\u00e8re (5,5 kg). Disponible \u00e0 prix de gros usine comp\u00e9titifs pour les acheteurs en gros, les distributeurs et les int\u00e9grateurs de syst\u00e8mes OEM.<\/p>","protected":false},"featured_media":9356,"template":"","meta":{"_acf_changed":false,"nf_dc_page":"","site-sidebar-layout":"default","site-content-layout":"","ast-site-content-layout":"default","site-content-style":"default","site-sidebar-style":"default","ast-global-header-display":"","ast-banner-title-visibility":"","ast-main-header-display":"","ast-hfb-above-header-display":"","ast-hfb-below-header-display":"","ast-hfb-mobile-header-display":"","site-post-title":"","ast-breadcrumbs-content":"","ast-featured-img":"","footer-sml-layout":"","ast-disable-related-posts":"","theme-transparent-header-meta":"default","adv-header-id-meta":"","stick-header-meta":"default","header-above-stick-meta":"","header-main-stick-meta":"","header-below-stick-meta":"","astra-migrate-meta-layouts":"set","ast-page-background-enabled":"default","ast-page-background-meta":{"desktop":{"background-color":"","background-image":"","background-repeat":"repeat","background-position":"center center","background-size":"auto","background-attachment":"scroll","background-type":"","background-media":"","overlay-type":"","overlay-color":"","overlay-opacity":"","overlay-gradient":""},"tablet":{"background-color":"","background-image":"","background-repeat":"repeat","background-position":"center center","background-size":"auto","background-attachment":"scroll","background-type":"","background-media":"","overlay-type":"","overlay-color":"","overlay-opacity":"","overlay-gradient":""},"mobile":{"background-color":"","background-image":"","background-repeat":"repeat","background-position":"center center","background-size":"auto","background-attachment":"scroll","background-type":"","background-media":"","overlay-type":"","overlay-color":"","overlay-opacity":"","overlay-gradient":""}},"ast-content-background-meta":{"desktop":{"background-color":"var(--ast-global-color-5)","background-image":"","background-repeat":"repeat","background-position":"center center","background-size":"auto","background-attachment":"scroll","background-type":"","background-media":"","overlay-type":"","overlay-color":"","overlay-opacity":"","overlay-gradient":""},"tablet":{"background-color":"var(--ast-global-color-5)","background-image":"","background-repeat":"repeat","background-position":"center center","background-size":"auto","background-attachment":"scroll","background-type":"","background-media":"","overlay-type":"","overlay-color":"","overlay-opacity":"","overlay-gradient":""},"mobile":{"background-color":"var(--ast-global-color-5)","background-image":"","background-repeat":"repeat","background-position":"center center","background-size":"auto","background-attachment":"scroll","background-type":"","background-media":"","overlay-type":"","overlay-color":"","overlay-opacity":"","overlay-gradient":""}},"_joinchat":[]},"product_brand":[],"product_cat":[781],"product_tag":[888,893,891,280,887,894,880,879,892,890,889,886],"class_list":{"0":"post-9360","1":"product","2":"type-product","3":"status-publish","4":"has-post-thumbnail","6":"product_cat-lead-acid-replacement-battery","7":"product_tag-12v-50ah-bluetooth-battery","8":"product_tag-640wh-energy-storage","9":"product_tag-bpe-lf1250","10":"product_tag-bulk-battery-supplier","11":"product_tag-factory-direct-lithium","12":"product_tag-ip54-waterproof-battery","13":"product_tag-lead-acid-replacement","14":"product_tag-marine-trolling-motor-battery","15":"product_tag-mobility-scooter-replacement","16":"product_tag-oem-battery-manufacturer","17":"product_tag-smart-bms-deep-cycle","18":"product_tag-wholesale-lifepo4-battery","19":"desktop-align-left","20":"tablet-align-left","21":"mobile-align-left","22":"ast-product-gallery-layout-horizontal-slider","23":"ast-product-tabs-layout-horizontal","25":"first","26":"instock","27":"shipping-taxable","28":"product-type-simple"},"acf":[],"_links":{"self":[{"href":"https:\/\/www.balderpower.com\/fr\/wp-json\/wp\/v2\/product\/9360","targetHints":{"allow":["GET"]}}],"collection":[{"href":"https:\/\/www.balderpower.com\/fr\/wp-json\/wp\/v2\/product"}],"about":[{"href":"https:\/\/www.balderpower.com\/fr\/wp-json\/wp\/v2\/types\/product"}],"version-history":[{"count":0,"href":"https:\/\/www.balderpower.com\/fr\/wp-json\/wp\/v2\/product\/9360\/revisions"}],"wp:featuredmedia":[{"embeddable":true,"href":"https:\/\/www.balderpower.com\/fr\/wp-json\/wp\/v2\/media\/9356"}],"wp:attachment":[{"href":"https:\/\/www.balderpower.com\/fr\/wp-json\/wp\/v2\/media?parent=9360"}],"wp:term":[{"taxonomy":"product_brand","embeddable":true,"href":"https:\/\/www.balderpower.com\/fr\/wp-json\/wp\/v2\/product_brand?post=9360"},{"taxonomy":"product_cat","embeddable":true,"href":"https:\/\/www.balderpower.com\/fr\/wp-json\/wp\/v2\/product_cat?post=9360"},{"taxonomy":"product_tag","embeddable":true,"href":"https:\/\/www.balderpower.com\/fr\/wp-json\/wp\/v2\/product_tag?post=9360"}],"curies":[{"name":"wp","href":"https:\/\/api.w.org\/{rel}","templated":true}]}}