{"id":9348,"date":"2026-01-12T01:27:02","date_gmt":"2026-01-11T17:27:02","guid":{"rendered":"https:\/\/www.balderpower.com\/?post_type=product&#038;p=9348"},"modified":"2026-01-14T03:26:40","modified_gmt":"2026-01-13T19:26:40","slug":"batterie-etanche-12-v-40-ah-lifepo4-u1-en-gros","status":"publish","type":"product","link":"https:\/\/www.balderpower.com\/fr\/waterproof-12v-40ah-lifepo4-battery-u1-wholesale\/","title":{"rendered":"Batterie LiFePO4 12 V 40 Ah (format U1) \u2013 \u00c9tanche, \u00e0 d\u00e9charge profonde | Vente en gros et OEM disponibles"},"content":{"rendered":"<p data-path-to-node=\"8\">Am\u00e9liorez votre inventaire ou votre \u00e9quipement avec notre gamme industrielle <b data-path-to-node=\"8\" data-index-in-node=\"62\">Batterie au lithium fer phosphate (LiFePO4) 12 V 40 Ah<\/b>. Con\u00e7ue pour les environnements difficiles, cette batterie est dot\u00e9e d&#039;un bo\u00eetier en ABS enti\u00e8rement \u00e9tanche, ce qui en fait la solution \u00e9nerg\u00e9tique id\u00e9ale pour les moteurs de p\u00eache \u00e0 la tra\u00eene marins, les scooters de plein air et les instruments de terrain.<\/p>\n<p data-path-to-node=\"9\">En \u00e9liminant les interm\u00e9diaires, nous proposons cette batterie haute performance au format U1 \u00e0 un prix avantageux. <b data-path-to-node=\"9\" data-index-in-node=\"81\">prix de gros d&#039;usine<\/b>, Elle garantit une marge maximale aux distributeurs et une rentabilit\u00e9 optimale pour les projets d&#039;envergure. Malgr\u00e9 son prix comp\u00e9titif, elle ne fait aucun compromis sur la qualit\u00e9\u00a0: elle int\u00e8gre des cellules automobiles haut de gamme et un syst\u00e8me de gestion de batterie intelligent qui assure s\u00e9curit\u00e9 et long\u00e9vit\u00e9. Que vous ayez besoin d&#039;une seule unit\u00e9 ou d&#039;une batterie pleine, cette batterie fournit une puissance constante et une dur\u00e9e de vie sup\u00e9rieure \u00e0 10\u00a0ans.<\/p>","protected":false},"excerpt":{"rendered":"<p>Source directe du fabricant : <b data-path-to-node=\"6\" data-index-in-node=\"43\">S\u00e9rie BPE-U1-1240<\/b> Cette batterie LiFePO4 12 V 40 Ah, robuste et \u00e9tanche IP65, est con\u00e7ue pour remplacer directement la batterie U1. Elle offre une durabilit\u00e9 de qualit\u00e9 marine et plus de 6\u00a0000 cycles \u00e0 un prix direct usine imbattable. Id\u00e9ale pour les achats en gros, les applications marines et les engins de mobilit\u00e9 ext\u00e9rieure.<\/p>","protected":false},"featured_media":9346,"template":"","meta":{"_acf_changed":false,"nf_dc_page":"","site-sidebar-layout":"default","site-content-layout":"","ast-site-content-layout":"default","site-content-style":"default","site-sidebar-style":"default","ast-global-header-display":"","ast-banner-title-visibility":"","ast-main-header-display":"","ast-hfb-above-header-display":"","ast-hfb-below-header-display":"","ast-hfb-mobile-header-display":"","site-post-title":"","ast-breadcrumbs-content":"","ast-featured-img":"","footer-sml-layout":"","ast-disable-related-posts":"","theme-transparent-header-meta":"default","adv-header-id-meta":"","stick-header-meta":"default","header-above-stick-meta":"","header-main-stick-meta":"","header-below-stick-meta":"","astra-migrate-meta-layouts":"set","ast-page-background-enabled":"default","ast-page-background-meta":{"desktop":{"background-color":"","background-image":"","background-repeat":"repeat","background-position":"center center","background-size":"auto","background-attachment":"scroll","background-type":"","background-media":"","overlay-type":"","overlay-color":"","overlay-opacity":"","overlay-gradient":""},"tablet":{"background-color":"","background-image":"","background-repeat":"repeat","background-position":"center center","background-size":"auto","background-attachment":"scroll","background-type":"","background-media":"","overlay-type":"","overlay-color":"","overlay-opacity":"","overlay-gradient":""},"mobile":{"background-color":"","background-image":"","background-repeat":"repeat","background-position":"center center","background-size":"auto","background-attachment":"scroll","background-type":"","background-media":"","overlay-type":"","overlay-color":"","overlay-opacity":"","overlay-gradient":""}},"ast-content-background-meta":{"desktop":{"background-color":"var(--ast-global-color-5)","background-image":"","background-repeat":"repeat","background-position":"center center","background-size":"auto","background-attachment":"scroll","background-type":"","background-media":"","overlay-type":"","overlay-color":"","overlay-opacity":"","overlay-gradient":""},"tablet":{"background-color":"var(--ast-global-color-5)","background-image":"","background-repeat":"repeat","background-position":"center center","background-size":"auto","background-attachment":"scroll","background-type":"","background-media":"","overlay-type":"","overlay-color":"","overlay-opacity":"","overlay-gradient":""},"mobile":{"background-color":"var(--ast-global-color-5)","background-image":"","background-repeat":"repeat","background-position":"center center","background-size":"auto","background-attachment":"scroll","background-type":"","background-media":"","overlay-type":"","overlay-color":"","overlay-opacity":"","overlay-gradient":""}},"_joinchat":[]},"product_brand":[],"product_cat":[781],"product_tag":[884,874,878,462,875,882,880,885,879,883,869,881,787,876,877],"class_list":{"0":"post-9348","1":"product","2":"type-product","3":"status-publish","4":"has-post-thumbnail","6":"product_cat-lead-acid-replacement-battery","7":"product_tag-12-8v-40ah","8":"product_tag-12v-40ah-lifepo4","9":"product_tag-deep-cycle-12v","10":"product_tag-factory-direct","11":"product_tag-group-u1-battery","12":"product_tag-ip65-rated","13":"product_tag-lead-acid-replacement","14":"product_tag-lithium-iron-phosphate","15":"product_tag-marine-trolling-motor-battery","16":"product_tag-medical-cart-battery","17":"product_tag-mobility-scooter-battery","18":"product_tag-oem-battery-services","19":"product_tag-solar-energy-storage","20":"product_tag-waterproof-lithium-battery","21":"product_tag-wholesale-batteries","22":"desktop-align-left","23":"tablet-align-left","24":"mobile-align-left","25":"ast-product-gallery-layout-horizontal-slider","26":"ast-product-tabs-layout-horizontal","28":"first","29":"instock","30":"shipping-taxable","31":"product-type-simple"},"acf":[],"_links":{"self":[{"href":"https:\/\/www.balderpower.com\/fr\/wp-json\/wp\/v2\/product\/9348","targetHints":{"allow":["GET"]}}],"collection":[{"href":"https:\/\/www.balderpower.com\/fr\/wp-json\/wp\/v2\/product"}],"about":[{"href":"https:\/\/www.balderpower.com\/fr\/wp-json\/wp\/v2\/types\/product"}],"version-history":[{"count":0,"href":"https:\/\/www.balderpower.com\/fr\/wp-json\/wp\/v2\/product\/9348\/revisions"}],"wp:featuredmedia":[{"embeddable":true,"href":"https:\/\/www.balderpower.com\/fr\/wp-json\/wp\/v2\/media\/9346"}],"wp:attachment":[{"href":"https:\/\/www.balderpower.com\/fr\/wp-json\/wp\/v2\/media?parent=9348"}],"wp:term":[{"taxonomy":"product_brand","embeddable":true,"href":"https:\/\/www.balderpower.com\/fr\/wp-json\/wp\/v2\/product_brand?post=9348"},{"taxonomy":"product_cat","embeddable":true,"href":"https:\/\/www.balderpower.com\/fr\/wp-json\/wp\/v2\/product_cat?post=9348"},{"taxonomy":"product_tag","embeddable":true,"href":"https:\/\/www.balderpower.com\/fr\/wp-json\/wp\/v2\/product_tag?post=9348"}],"curies":[{"name":"wp","href":"https:\/\/api.w.org\/{rel}","templated":true}]}}