{"id":9333,"date":"2026-01-12T00:19:03","date_gmt":"2026-01-11T16:19:03","guid":{"rendered":"https:\/\/www.balderpower.com\/?post_type=product&#038;p=9333"},"modified":"2026-01-13T02:04:42","modified_gmt":"2026-01-12T18:04:42","slug":"batterie-lifepo4-12-v-20-ah-pour-scooters-de-mobilite-et-golf-vente-en-gros","status":"publish","type":"product","link":"https:\/\/www.balderpower.com\/fr\/12v-20ah-lifepo4-battery-mobility-scooter-golf-wholesale\/","title":{"rendered":"Batterie LiFePO4 12 V 20 Ah \u2013 Remplacement \u00e0 d\u00e9charge profonde pour scooters de mobilit\u00e9 et chariots de golf | Bornes M5 | Vente directe d&#039;usine"},"content":{"rendered":"<p data-path-to-node=\"12\"><b data-path-to-node=\"12\" data-index-in-node=\"0\">Le choix des professionnels\u00a0: mise \u00e0 niveau de la batterie au lithium 12\u00a0V 20\u00a0Ah<\/b><\/p>\n<p data-path-to-node=\"13\">Pour les applications o\u00f9 le poids et la fiabilit\u00e9 sont primordiaux, la batterie Balder Power 12 V 20 Ah LiFePO4 est la solution id\u00e9ale. Alors que les batteries plomb-acide scell\u00e9es traditionnelles sont lourdes et sujettes aux chutes de tension, notre technologie lithium offre une puissance constante tout en r\u00e9duisant le poids de pr\u00e8s de 601 \u00b5m.<\/p>\n<p data-path-to-node=\"14\"><b data-path-to-node=\"14\" data-index-in-node=\"0\">Con\u00e7u pour la mobilit\u00e9 et les activit\u00e9s de plein air<\/b> Contrairement aux batteries g\u00e9n\u00e9riques, notre mod\u00e8le 12 V 20 Ah est con\u00e7u avec <b data-path-to-node=\"14\" data-index-in-node=\"97\">Bornes \u00e0 boulon M5<\/b>. Il s&#039;agit d&#039;une caract\u00e9ristique essentielle pour les applications \u00e0 fortes vibrations comme <b data-path-to-node=\"14\" data-index-in-node=\"180\">fauteuils roulants \u00e9lectriques et chariots de golf<\/b>, assurant une connexion s\u00e9curis\u00e9e \u00e0 courant \u00e9lev\u00e9 qui ne se desserrera pas comme les languettes F2 standard.<\/p>\n<p data-path-to-node=\"15\"><b data-path-to-node=\"15\" data-index-in-node=\"0\">Pourquoi passer \u00e0 Balder Power 20Ah ?<\/b><\/p>\n<ul data-path-to-node=\"16\">\n<li>\n<p data-path-to-node=\"16,0,0\"><b data-path-to-node=\"16,0,0\" data-index-in-node=\"0\">Performances optimales en cycle profond :<\/b> Utilisez la batterie 100% de 20 Ah sans l&#039;endommager. Id\u00e9ale pour alimenter\u2026 <b data-path-to-node=\"16,0,0\" data-index-in-node=\"110\">Garmin LiveScope<\/b> des syst\u00e8mes pour une journ\u00e9e compl\u00e8te de p\u00eache ou pour jouer 36 trous sur un parcours de golf.<\/p>\n<\/li>\n<li>\n<p data-path-to-node=\"16,1,0\"><b data-path-to-node=\"16,1,0\" data-index-in-node=\"0\">Con\u00e7u pour durer (plus de 4000 cycles) :<\/b> Ne remplacez plus vos batteries \u00e0 chaque saison. Nos cellules LiFePO4 de qualit\u00e9 automobile ont une dur\u00e9e de vie de plus de 10 ans et sont garanties par une garantie. <b data-path-to-node=\"16,1,0\" data-index-in-node=\"161\">Garantie constructeur de 5 ans<\/b>.<\/p>\n<\/li>\n<li>\n<p data-path-to-node=\"16,2,0\"><b data-path-to-node=\"16,2,0\" data-index-in-node=\"0\">Avantage de la vente directe d&#039;usine\u00a0:<\/b> En tant que fabricant sp\u00e9cialis\u00e9, nous assurons un contr\u00f4le qualit\u00e9 rigoureux (tests de vieillissement, appariement des tensions) et proposons <b data-path-to-node=\"16,2,0\" data-index-in-node=\"130\">prix de gros<\/b> cela vous donne un avantage concurrentiel sur le march\u00e9.<\/p>\n<\/li>\n<\/ul>","protected":false},"excerpt":{"rendered":"<p>Am\u00e9liorez votre \u00e9quipement avec Balder Power. <b data-path-to-node=\"8\" data-index-in-node=\"43\">Batterie LiFePO4 12 V 20 Ah<\/b>. Con\u00e7ue pour remplacer directement les batteries plomb-acide standard 12 V 18 Ah-22 Ah, elle ne p\u00e8se que quelques grammes. <b data-path-to-node=\"8\" data-index-in-node=\"166\">2,8 kg<\/b> (par rapport \u00e0 6,5 kg SLA) et livre <b data-path-to-node=\"8\" data-index-in-node=\"201\">256 Wh<\/b> de puissance constante. Dot\u00e9 de robustesse <b data-path-to-node=\"8\" data-index-in-node=\"245\">Bornes \u00e0 vis M5<\/b> pour des connexions s\u00e9curis\u00e9es et r\u00e9sistantes aux vibrations, <b data-path-to-node=\"8\" data-index-in-node=\"304\">Plus de 4000 cycles<\/b>, et un <b data-path-to-node=\"8\" data-index-in-node=\"324\">Garantie de 5 ans<\/b>. Id\u00e9al pour <b data-path-to-node=\"8\" data-index-in-node=\"351\">scooters de mobilit\u00e9, chariots de golf \u00e9lectriques et grands d\u00e9tecteurs de poissons<\/b>. <b data-path-to-node=\"8\" data-index-in-node=\"418\">\u26a1 Tarifs d\u00e9gressifs disponibles pour les revendeurs et les \u00e9quipementiers.<\/b><\/p>","protected":false},"featured_media":9329,"template":"","meta":{"_acf_changed":false,"nf_dc_page":"","site-sidebar-layout":"default","site-content-layout":"","ast-site-content-layout":"default","site-content-style":"default","site-sidebar-style":"default","ast-global-header-display":"","ast-banner-title-visibility":"","ast-main-header-display":"","ast-hfb-above-header-display":"","ast-hfb-below-header-display":"","ast-hfb-mobile-header-display":"","site-post-title":"","ast-breadcrumbs-content":"","ast-featured-img":"","footer-sml-layout":"","ast-disable-related-posts":"","theme-transparent-header-meta":"default","adv-header-id-meta":"","stick-header-meta":"default","header-above-stick-meta":"","header-main-stick-meta":"","header-below-stick-meta":"","astra-migrate-meta-layouts":"set","ast-page-background-enabled":"default","ast-page-background-meta":{"desktop":{"background-color":"","background-image":"","background-repeat":"repeat","background-position":"center center","background-size":"auto","background-attachment":"scroll","background-type":"","background-media":"","overlay-type":"","overlay-color":"","overlay-opacity":"","overlay-gradient":""},"tablet":{"background-color":"","background-image":"","background-repeat":"repeat","background-position":"center center","background-size":"auto","background-attachment":"scroll","background-type":"","background-media":"","overlay-type":"","overlay-color":"","overlay-opacity":"","overlay-gradient":""},"mobile":{"background-color":"","background-image":"","background-repeat":"repeat","background-position":"center center","background-size":"auto","background-attachment":"scroll","background-type":"","background-media":"","overlay-type":"","overlay-color":"","overlay-opacity":"","overlay-gradient":""}},"ast-content-background-meta":{"desktop":{"background-color":"var(--ast-global-color-5)","background-image":"","background-repeat":"repeat","background-position":"center center","background-size":"auto","background-attachment":"scroll","background-type":"","background-media":"","overlay-type":"","overlay-color":"","overlay-opacity":"","overlay-gradient":""},"tablet":{"background-color":"var(--ast-global-color-5)","background-image":"","background-repeat":"repeat","background-position":"center center","background-size":"auto","background-attachment":"scroll","background-type":"","background-media":"","overlay-type":"","overlay-color":"","overlay-opacity":"","overlay-gradient":""},"mobile":{"background-color":"var(--ast-global-color-5)","background-image":"","background-repeat":"repeat","background-position":"center center","background-size":"auto","background-attachment":"scroll","background-type":"","background-media":"","overlay-type":"","overlay-color":"","overlay-opacity":"","overlay-gradient":""}},"_joinchat":[]},"product_brand":[],"product_cat":[781],"product_tag":[868,873,860,870,810,872,869,871],"class_list":{"0":"post-9333","1":"product","2":"type-product","3":"status-publish","4":"has-post-thumbnail","6":"product_cat-lead-acid-replacement-battery","7":"product_tag-12v-20ah","8":"product_tag-256wh","9":"product_tag-deep-cycle","10":"product_tag-golf-trolley-battery","11":"product_tag-lifepo4","12":"product_tag-m5-terminal","13":"product_tag-mobility-scooter-battery","14":"product_tag-wholesale","15":"desktop-align-left","16":"tablet-align-left","17":"mobile-align-left","18":"ast-product-gallery-layout-horizontal-slider","19":"ast-product-tabs-layout-horizontal","21":"first","22":"instock","23":"shipping-taxable","24":"product-type-simple"},"acf":[],"_links":{"self":[{"href":"https:\/\/www.balderpower.com\/fr\/wp-json\/wp\/v2\/product\/9333","targetHints":{"allow":["GET"]}}],"collection":[{"href":"https:\/\/www.balderpower.com\/fr\/wp-json\/wp\/v2\/product"}],"about":[{"href":"https:\/\/www.balderpower.com\/fr\/wp-json\/wp\/v2\/types\/product"}],"version-history":[{"count":0,"href":"https:\/\/www.balderpower.com\/fr\/wp-json\/wp\/v2\/product\/9333\/revisions"}],"wp:featuredmedia":[{"embeddable":true,"href":"https:\/\/www.balderpower.com\/fr\/wp-json\/wp\/v2\/media\/9329"}],"wp:attachment":[{"href":"https:\/\/www.balderpower.com\/fr\/wp-json\/wp\/v2\/media?parent=9333"}],"wp:term":[{"taxonomy":"product_brand","embeddable":true,"href":"https:\/\/www.balderpower.com\/fr\/wp-json\/wp\/v2\/product_brand?post=9333"},{"taxonomy":"product_cat","embeddable":true,"href":"https:\/\/www.balderpower.com\/fr\/wp-json\/wp\/v2\/product_cat?post=9333"},{"taxonomy":"product_tag","embeddable":true,"href":"https:\/\/www.balderpower.com\/fr\/wp-json\/wp\/v2\/product_tag?post=9333"}],"curies":[{"name":"wp","href":"https:\/\/api.w.org\/{rel}","templated":true}]}}