{"id":9285,"date":"2026-01-11T16:41:55","date_gmt":"2026-01-11T08:41:55","guid":{"rendered":"https:\/\/www.balderpower.com\/?post_type=product&#038;p=9285"},"modified":"2026-01-11T22:01:54","modified_gmt":"2026-01-11T14:01:54","slug":"remplacement-de-batterie-lifepo4-12-v-7-ah","status":"publish","type":"product","link":"https:\/\/www.balderpower.com\/fr\/12v-7ah-lifepo4-battery-replacement\/","title":{"rendered":"Batterie LiFePO4 12 V 7 Ah \u2013 Remplacement lithium \u00e0 d\u00e9charge profonde pour onduleurs, syst\u00e8mes d&#039;alarme et sondeurs de p\u00eache | Gestion de batterie int\u00e9gr\u00e9e | Vente directe d&#039;usine"},"content":{"rendered":"<p data-path-to-node=\"12\"><b data-path-to-node=\"12\" data-index-in-node=\"0\">Une alimentation fiable, red\u00e9finie\u00a0: la meilleure mise \u00e0 niveau vers une batterie au lithium 12\u00a0V 7\u00a0Ah<\/b><\/p>\n<p data-path-to-node=\"13\">En tant que fabricant professionnel de batteries au lithium, Balder Power pr\u00e9sente la batterie LiFePO4 12 V 7 Ah, con\u00e7ue pour remplacer directement les batteries SLA (plomb-acide scell\u00e9es) lourdes et \u00e0 courte dur\u00e9e de vie. Que vous soyez int\u00e9grateur de syst\u00e8mes de s\u00e9curit\u00e9 ou distributeur d&#039;\u00e9lectronique d&#039;ext\u00e9rieur, cette batterie offre des performances sup\u00e9rieures sans aucun entretien.<\/p>\n<p data-path-to-node=\"14\">Contrairement aux batteries au plomb dont la tension chute sous charge, notre technologie LiFePO4 assure une alimentation stable, garantissant ainsi une autonomie et une efficacit\u00e9 accrues de vos appareils. Con\u00e7ue avec une structure robuste <b data-path-to-node=\"14\" data-index-in-node=\"188\">Syst\u00e8me de gestion de batterie (BMS)<\/b>, Elle prot\u00e8ge contre la surcharge, la d\u00e9charge profonde et les courts-circuits, ce qui en fait le choix le plus s\u00fbr pour les applications critiques telles que l&#039;\u00e9clairage de secours et les \u00e9quipements m\u00e9dicaux.<\/p>\n<p data-path-to-node=\"15\"><b data-path-to-node=\"15\" data-index-in-node=\"0\">Pourquoi choisir Balder Power ?<\/b><\/p>\n<ul data-path-to-node=\"16\">\n<li>\n<p data-path-to-node=\"16,0,0\"><b data-path-to-node=\"16,0,0\" data-index-in-node=\"0\">Prix direct usine :<\/b> Supprimez les interm\u00e9diaires et b\u00e9n\u00e9ficiez de tarifs de gros comp\u00e9titifs.<\/p>\n<\/li>\n<li>\n<p data-path-to-node=\"16,1,0\"><b data-path-to-node=\"16,1,0\" data-index-in-node=\"0\">Personnalisation\u00a0:<\/b> Nous proposons l&#039;\u00e9tiquetage OEM, des couleurs de bo\u00eetier personnalis\u00e9es et des modifications de bornes (F1\/F2).<\/p>\n<\/li>\n<li>\n<p data-path-to-node=\"16,2,0\"><b data-path-to-node=\"16,2,0\" data-index-in-node=\"0\">Assurance qualit\u00e9:<\/b> Chaque unit\u00e9 est soumise \u00e0 des tests rigoureux de vieillissement et d&#039;adaptation de tension avant exp\u00e9dition.<\/p>\n<\/li>\n<\/ul>","protected":false},"excerpt":{"rendered":"<p>Augmentez votre puissance avec Balder Power <b data-path-to-node=\"8\" data-index-in-node=\"39\">Batterie LiFePO4 12 V 7 Ah<\/b>, la solution de remplacement id\u00e9ale et ultra-l\u00e9g\u00e8re pour les batteries plomb-acide traditionnelles. Con\u00e7ue avec des cellules de qualit\u00e9 sup\u00e9rieure de grade A et un syst\u00e8me de gestion de batterie intelligent, elle offre <b data-path-to-node=\"8\" data-index-in-node=\"213\">Plus de 4000 cycles<\/b> (contre 300 pour l&#039;AGM), ne p\u00e8se que <b data-path-to-node=\"8\" data-index-in-node=\"257\">1,1 kg<\/b>, et offre une sortie stable de 12,8 V. Parfait pour <b data-path-to-node=\"8\" data-index-in-node=\"308\">Syst\u00e8mes d&#039;alimentation sans coupure (UPS), alarmes de s\u00e9curit\u00e9, d\u00e9tecteurs de poissons et dispositifs m\u00e9dicaux<\/b>. Disponible pour le marquage OEM et les commandes en gros.<\/p>","protected":false},"featured_media":9295,"template":"","meta":{"_acf_changed":false,"nf_dc_page":"","site-sidebar-layout":"default","site-content-layout":"","ast-site-content-layout":"default","site-content-style":"default","site-sidebar-style":"default","ast-global-header-display":"","ast-banner-title-visibility":"","ast-main-header-display":"","ast-hfb-above-header-display":"","ast-hfb-below-header-display":"","ast-hfb-mobile-header-display":"","site-post-title":"","ast-breadcrumbs-content":"","ast-featured-img":"","footer-sml-layout":"","ast-disable-related-posts":"","theme-transparent-header-meta":"default","adv-header-id-meta":"","stick-header-meta":"default","header-above-stick-meta":"","header-main-stick-meta":"","header-below-stick-meta":"","astra-migrate-meta-layouts":"set","ast-page-background-enabled":"default","ast-page-background-meta":{"desktop":{"background-color":"","background-image":"","background-repeat":"repeat","background-position":"center center","background-size":"auto","background-attachment":"scroll","background-type":"","background-media":"","overlay-type":"","overlay-color":"","overlay-opacity":"","overlay-gradient":""},"tablet":{"background-color":"","background-image":"","background-repeat":"repeat","background-position":"center center","background-size":"auto","background-attachment":"scroll","background-type":"","background-media":"","overlay-type":"","overlay-color":"","overlay-opacity":"","overlay-gradient":""},"mobile":{"background-color":"","background-image":"","background-repeat":"repeat","background-position":"center center","background-size":"auto","background-attachment":"scroll","background-type":"","background-media":"","overlay-type":"","overlay-color":"","overlay-opacity":"","overlay-gradient":""}},"ast-content-background-meta":{"desktop":{"background-color":"var(--ast-global-color-5)","background-image":"","background-repeat":"repeat","background-position":"center center","background-size":"auto","background-attachment":"scroll","background-type":"","background-media":"","overlay-type":"","overlay-color":"","overlay-opacity":"","overlay-gradient":""},"tablet":{"background-color":"var(--ast-global-color-5)","background-image":"","background-repeat":"repeat","background-position":"center center","background-size":"auto","background-attachment":"scroll","background-type":"","background-media":"","overlay-type":"","overlay-color":"","overlay-opacity":"","overlay-gradient":""},"mobile":{"background-color":"var(--ast-global-color-5)","background-image":"","background-repeat":"repeat","background-position":"center center","background-size":"auto","background-attachment":"scroll","background-type":"","background-media":"","overlay-type":"","overlay-color":"","overlay-opacity":"","overlay-gradient":""}},"_joinchat":[]},"product_brand":[],"product_cat":[781],"product_tag":[856,857,859,860,810,863,861,858,862],"class_list":{"0":"post-9285","1":"product","2":"type-product","3":"status-publish","4":"has-post-thumbnail","6":"product_cat-lead-acid-replacement-battery","7":"product_tag-12v-battery","8":"product_tag-7ah","9":"product_tag-alarm-battery","10":"product_tag-deep-cycle","11":"product_tag-lifepo4","12":"product_tag-oem-battery12v-7ah-lifepo4","13":"product_tag-sla-replacement","14":"product_tag-ups-battery","15":"product_tag-wholesale-battery","16":"desktop-align-left","17":"tablet-align-left","18":"mobile-align-left","19":"ast-product-gallery-layout-horizontal-slider","20":"ast-product-tabs-layout-horizontal","22":"first","23":"instock","24":"shipping-taxable","25":"product-type-simple"},"acf":[],"_links":{"self":[{"href":"https:\/\/www.balderpower.com\/fr\/wp-json\/wp\/v2\/product\/9285","targetHints":{"allow":["GET"]}}],"collection":[{"href":"https:\/\/www.balderpower.com\/fr\/wp-json\/wp\/v2\/product"}],"about":[{"href":"https:\/\/www.balderpower.com\/fr\/wp-json\/wp\/v2\/types\/product"}],"version-history":[{"count":0,"href":"https:\/\/www.balderpower.com\/fr\/wp-json\/wp\/v2\/product\/9285\/revisions"}],"wp:featuredmedia":[{"embeddable":true,"href":"https:\/\/www.balderpower.com\/fr\/wp-json\/wp\/v2\/media\/9295"}],"wp:attachment":[{"href":"https:\/\/www.balderpower.com\/fr\/wp-json\/wp\/v2\/media?parent=9285"}],"wp:term":[{"taxonomy":"product_brand","embeddable":true,"href":"https:\/\/www.balderpower.com\/fr\/wp-json\/wp\/v2\/product_brand?post=9285"},{"taxonomy":"product_cat","embeddable":true,"href":"https:\/\/www.balderpower.com\/fr\/wp-json\/wp\/v2\/product_cat?post=9285"},{"taxonomy":"product_tag","embeddable":true,"href":"https:\/\/www.balderpower.com\/fr\/wp-json\/wp\/v2\/product_tag?post=9285"}],"curies":[{"name":"wp","href":"https:\/\/api.w.org\/{rel}","templated":true}]}}