{"id":9188,"date":"2026-01-09T02:16:08","date_gmt":"2026-01-08T18:16:08","guid":{"rendered":"https:\/\/www.balderpower.com\/?post_type=product&#038;p=9188"},"modified":"2026-01-09T02:32:14","modified_gmt":"2026-01-08T18:32:14","slug":"systeme-de-stockage-denergie-empile-haute-tension-20-kwh-204-kwh","status":"publish","type":"product","link":"https:\/\/www.balderpower.com\/fr\/high-voltage-stacked-energy-storage-system-20kwh-204kwh\/","title":{"rendered":"Syst\u00e8me de stockage d&#039;\u00e9nergie empil\u00e9 haute tension (20 kWh \u2013 204 kWh) s\u00e9rie BPE-HV-PRO"},"content":{"rendered":"<h2 data-path-to-node=\"14\"><strong>Stockage d&#039;\u00e9nergie de pr\u00e9cision : adapt\u00e9 \u00e0 chaque projet.<\/strong><\/h2>\n<p data-path-to-node=\"15\">La s\u00e9rie BPE-HV-PRO \u00e9limine la contrainte d&#039;une solution unique. Que vous alimentiez une grande maison de luxe ou une usine de production industrielle, notre syst\u00e8me haute tension \u00e0 modules superpos\u00e9s s&#039;adapte \u00e0 vos besoins sp\u00e9cifiques en tension et en capacit\u00e9.<\/p>\n<p><img fetchpriority=\"high\" decoding=\"async\" class=\"size-full wp-image-9220\" src=\"https:\/\/balderpower.com\/wp-content\/uploads\/2026\/01\/lifepo4-battery-module-stackable-design-parallel.webp\" alt=\"LiFePO4 battery module with stackable design, supporting max 5 units in parallel connection for scalable energy storage.\" width=\"800\" height=\"800\" srcset=\"https:\/\/www.balderpower.com\/wp-content\/uploads\/2026\/01\/lifepo4-battery-module-stackable-design-parallel.webp 800w, https:\/\/www.balderpower.com\/wp-content\/uploads\/2026\/01\/lifepo4-battery-module-stackable-design-parallel-150x150.webp 150w, https:\/\/www.balderpower.com\/wp-content\/uploads\/2026\/01\/lifepo4-battery-module-stackable-design-parallel-768x768.webp 768w, https:\/\/www.balderpower.com\/wp-content\/uploads\/2026\/01\/lifepo4-battery-module-stackable-design-parallel-12x12.webp 12w, https:\/\/www.balderpower.com\/wp-content\/uploads\/2026\/01\/lifepo4-battery-module-stackable-design-parallel-300x300.webp 300w, https:\/\/www.balderpower.com\/wp-content\/uploads\/2026\/01\/lifepo4-battery-module-stackable-design-parallel-600x600.webp 600w, https:\/\/www.balderpower.com\/wp-content\/uploads\/2026\/01\/lifepo4-battery-module-stackable-design-parallel-100x100.webp 100w, https:\/\/www.balderpower.com\/wp-content\/uploads\/2026\/01\/lifepo4-battery-module-stackable-design-parallel-64x64.webp 64w\" sizes=\"(max-width: 800px) 100vw, 800px\" data-no-translation=\"\" \/><\/p>\n<p style=\"text-align: left;\" data-path-to-node=\"16\"><b data-path-to-node=\"16\" data-index-in-node=\"0\">Flexibilit\u00e9 ultime : HV4 \u00e0 HV8<\/b><\/p>\n<ul style=\"text-align: left;\" data-path-to-node=\"17\">\n<li>\n<p data-path-to-node=\"17,0,0\"><b data-path-to-node=\"17,0,0\" data-index-in-node=\"0\">Niveau d&#039;entr\u00e9e (BPE-HV4-PRO)\u00a0:<\/b> Un 204,8V, <b data-path-to-node=\"17,0,0\" data-index-in-node=\"37\">20,48 kWh<\/b> Un syst\u00e8me id\u00e9al pour les grandes alimentations de secours r\u00e9sidentielles ou les petits bureaux commerciaux.<\/p>\n<\/li>\n<li>\n<p data-path-to-node=\"17,1,0\"><b data-path-to-node=\"17,1,0\" data-index-in-node=\"0\">Powerhouse (BPE-HV8-PRO) :<\/b> Un 409,6V, <b data-path-to-node=\"17,1,0\" data-index-in-node=\"36\">40,96 kWh<\/b> tour con\u00e7ue pour les applications intensives.<\/p>\n<\/li>\n<li>\n<p data-path-to-node=\"17,2,0\"><b data-path-to-node=\"17,2,0\" data-index-in-node=\"0\">R\u00e9seau industriel :<\/b> Besoin de plus de puissance\u00a0? Connectez jusqu\u2019\u00e0 5 unit\u00e9s du mod\u00e8le HV8 en parall\u00e8le pour cr\u00e9er un <b data-path-to-node=\"17,2,0\" data-index-in-node=\"98\">204,8 kWh<\/b> Centrale \u00e9nerg\u00e9tique enti\u00e8rement g\u00e9r\u00e9e par notre syst\u00e8me de gestion technique du b\u00e2timent (GTB) intelligent.<\/p>\n<\/li>\n<\/ul>\n<p style=\"text-align: left;\" data-path-to-node=\"18\"><b data-path-to-node=\"18\" data-index-in-node=\"0\">Pourquoi la haute tension ?<\/b> Disponibles de 204,8 V \u00e0 409,6 V, nos batteries offrent un rendement nettement sup\u00e9rieur aux batteries 48 V classiques. Leur conception haute tension permet un c\u00e2blage plus fin, un fonctionnement \u00e0 plus basse temp\u00e9rature et une compatibilit\u00e9 directe avec les onduleurs hybrides haute tension les plus performants.<\/p>","protected":false},"excerpt":{"rendered":"<h2 data-path-to-node=\"10,0\"><b data-path-to-node=\"10,0\" data-index-in-node=\"0\">Solution ESS haute tension flexible : \u00e9volutive de 20 kWh \u00e0 204 kWh.<\/b><\/h2>\n<p data-path-to-node=\"10,0\">La s\u00e9rie BPE-HV-PRO offre une flexibilit\u00e9 in\u00e9gal\u00e9e pour le stockage d&#039;\u00e9nergie commercial et r\u00e9sidentiel. \u00c0 commencer par le mod\u00e8le compact <b data-path-to-node=\"10,0\" data-index-in-node=\"191\">20,48 kWh \/ 204,8 V<\/b> (Mod\u00e8le HV4), le syst\u00e8me peut \u00e9voluer jusqu&#039;\u00e0 une taille massive <b data-path-to-node=\"10,0\" data-index-in-node=\"259\">204,8 kWh<\/b> en mettant en parall\u00e8le cinq unit\u00e9s HV8. Con\u00e7ue avec des cellules LiFePO4 de grade A et une architecture modulaire empilable, elle assure une int\u00e9gration parfaite pour les projets de toutes tailles, de l&#039;alimentation de secours d&#039;une villa \u00e0 l&#039;\u00e9cr\u00eatement des pics de consommation d&#039;une usine.<\/p>\n<ul data-path-to-node=\"10,1\">\n<li>\n<p data-path-to-node=\"10,1,0,0\"><b data-path-to-node=\"10,1,0,0\" data-index-in-node=\"0\">Plage de tension :<\/b> 204,8 V \u2013 409,6 V (selon le mod\u00e8le)<\/p>\n<\/li>\n<li>\n<p data-path-to-node=\"10,1,1,0\"><b data-path-to-node=\"10,1,1,0\" data-index-in-node=\"0\">Plage de capacit\u00e9 :<\/b> 20,48 kWh (simple) \u2013 204,8 kWh (en parall\u00e8le)<\/p>\n<\/li>\n<li>\n<p data-path-to-node=\"10,1,2,0\"><b data-path-to-node=\"10,1,2,0\" data-index-in-node=\"0\">Efficacit\u00e9:<\/b> Architecture haute tension pour des pertes r\u00e9duites<\/p>\n<\/li>\n<li>\n<p data-path-to-node=\"10,1,3,0\"><b data-path-to-node=\"10,1,3,0\" data-index-in-node=\"0\">Application:<\/b> R\u00e9sidentiel, Commercial, Micro-r\u00e9seau<\/p>\n<\/li>\n<\/ul>","protected":false},"featured_media":9196,"template":"","meta":{"_acf_changed":false,"nf_dc_page":"","site-sidebar-layout":"default","site-content-layout":"","ast-site-content-layout":"default","site-content-style":"default","site-sidebar-style":"default","ast-global-header-display":"","ast-banner-title-visibility":"","ast-main-header-display":"","ast-hfb-above-header-display":"","ast-hfb-below-header-display":"","ast-hfb-mobile-header-display":"","site-post-title":"","ast-breadcrumbs-content":"","ast-featured-img":"","footer-sml-layout":"","ast-disable-related-posts":"","theme-transparent-header-meta":"default","adv-header-id-meta":"","stick-header-meta":"default","header-above-stick-meta":"","header-main-stick-meta":"","header-below-stick-meta":"","astra-migrate-meta-layouts":"set","ast-page-background-enabled":"default","ast-page-background-meta":{"desktop":{"background-color":"","background-image":"","background-repeat":"repeat","background-position":"center center","background-size":"auto","background-attachment":"scroll","background-type":"","background-media":"","overlay-type":"","overlay-color":"","overlay-opacity":"","overlay-gradient":""},"tablet":{"background-color":"","background-image":"","background-repeat":"repeat","background-position":"center center","background-size":"auto","background-attachment":"scroll","background-type":"","background-media":"","overlay-type":"","overlay-color":"","overlay-opacity":"","overlay-gradient":""},"mobile":{"background-color":"","background-image":"","background-repeat":"repeat","background-position":"center center","background-size":"auto","background-attachment":"scroll","background-type":"","background-media":"","overlay-type":"","overlay-color":"","overlay-opacity":"","overlay-gradient":""}},"ast-content-background-meta":{"desktop":{"background-color":"var(--ast-global-color-5)","background-image":"","background-repeat":"repeat","background-position":"center center","background-size":"auto","background-attachment":"scroll","background-type":"","background-media":"","overlay-type":"","overlay-color":"","overlay-opacity":"","overlay-gradient":""},"tablet":{"background-color":"var(--ast-global-color-5)","background-image":"","background-repeat":"repeat","background-position":"center center","background-size":"auto","background-attachment":"scroll","background-type":"","background-media":"","overlay-type":"","overlay-color":"","overlay-opacity":"","overlay-gradient":""},"mobile":{"background-color":"var(--ast-global-color-5)","background-image":"","background-repeat":"repeat","background-position":"center center","background-size":"auto","background-attachment":"scroll","background-type":"","background-media":"","overlay-type":"","overlay-color":"","overlay-opacity":"","overlay-gradient":""}},"_joinchat":[]},"product_brand":[],"product_cat":[839],"product_tag":[852,830,849,853,851,855,854,850],"class_list":{"0":"post-9188","1":"product","2":"type-product","3":"status-publish","4":"has-post-thumbnail","6":"product_cat-high-voltage-stackable-battery","7":"product_tag-20kwh-battery","8":"product_tag-commercial-energy-storage","9":"product_tag-high-voltage-battery","10":"product_tag-industrial-battery-backup","11":"product_tag-lifepo4-high-voltage","12":"product_tag-oem-battery","13":"product_tag-solar-storage-system","14":"product_tag-stacked-ess","15":"desktop-align-left","16":"tablet-align-left","17":"mobile-align-left","18":"ast-product-gallery-layout-horizontal-slider","19":"ast-product-tabs-layout-horizontal","21":"first","22":"instock","23":"shipping-taxable","24":"product-type-simple"},"acf":[],"_links":{"self":[{"href":"https:\/\/www.balderpower.com\/fr\/wp-json\/wp\/v2\/product\/9188","targetHints":{"allow":["GET"]}}],"collection":[{"href":"https:\/\/www.balderpower.com\/fr\/wp-json\/wp\/v2\/product"}],"about":[{"href":"https:\/\/www.balderpower.com\/fr\/wp-json\/wp\/v2\/types\/product"}],"version-history":[{"count":0,"href":"https:\/\/www.balderpower.com\/fr\/wp-json\/wp\/v2\/product\/9188\/revisions"}],"wp:featuredmedia":[{"embeddable":true,"href":"https:\/\/www.balderpower.com\/fr\/wp-json\/wp\/v2\/media\/9196"}],"wp:attachment":[{"href":"https:\/\/www.balderpower.com\/fr\/wp-json\/wp\/v2\/media?parent=9188"}],"wp:term":[{"taxonomy":"product_brand","embeddable":true,"href":"https:\/\/www.balderpower.com\/fr\/wp-json\/wp\/v2\/product_brand?post=9188"},{"taxonomy":"product_cat","embeddable":true,"href":"https:\/\/www.balderpower.com\/fr\/wp-json\/wp\/v2\/product_cat?post=9188"},{"taxonomy":"product_tag","embeddable":true,"href":"https:\/\/www.balderpower.com\/fr\/wp-json\/wp\/v2\/product_tag?post=9188"}],"curies":[{"name":"wp","href":"https:\/\/api.w.org\/{rel}","templated":true}]}}