{"id":8764,"date":"2025-12-20T15:57:11","date_gmt":"2025-12-20T07:57:11","guid":{"rendered":"https:\/\/www.balderpower.com\/?post_type=product&#038;p=8764"},"modified":"2025-12-20T19:54:00","modified_gmt":"2025-12-20T11:54:00","slug":"batterie-serveur-rack-lifepo4-51-2v-200ah-10-kwh","status":"publish","type":"product","link":"https:\/\/www.balderpower.com\/fr\/51-2v-200ah-lifepo4-server-rack-battery-10kwh\/","title":{"rendered":"Batterie LiFePO4 51,2 V 200 Ah 10 kWh pour rack serveur \u2013 Syst\u00e8me de stockage d&#039;\u00e9nergie (ESS) \u00e9volutif pour applications solaires et de secours"},"content":{"rendered":"<p data-start=\"1155\" data-end=\"1230\"><strong data-start=\"1155\" data-end=\"1230\">Augmentez votre ind\u00e9pendance \u00e9nerg\u00e9tique gr\u00e2ce \u00e0 la batterie rackable de 10 kWh de Balder Power.<\/strong><\/p>\n<p data-start=\"1232\" data-end=\"1557\">La batterie Balder Power 51,2 V 200 Ah LiFePO4 pour rack serveur est la solution de stockage d&#039;\u00e9nergie id\u00e9ale pour les syst\u00e8mes solaires r\u00e9sidentiels, les onduleurs commerciaux et les installations hors r\u00e9seau. Con\u00e7ue pour s&#039;adapter aux baies serveur standard de 19 pouces, cette batterie de 10,24 kWh offre une solution d&#039;alimentation haute densit\u00e9 sans l&#039;encombrement des batteries au plomb traditionnelles.<\/p>\n<p><img fetchpriority=\"high\" decoding=\"async\" class=\"wp-image-8762 size-full\" src=\"https:\/\/balderpower.com\/wp-content\/uploads\/2025\/12\/hybrid-charging-modes-diagram-solar-grid-generator-compatible1.webp\" alt=\"Diagram of diverse charging modes for Balder Power 10kWh battery, showing compatibility with Grid, Diesel Generators, and Solar PV Micro-grids.\" width=\"1200\" height=\"1217\" srcset=\"https:\/\/www.balderpower.com\/wp-content\/uploads\/2025\/12\/hybrid-charging-modes-diagram-solar-grid-generator-compatible1.webp 1200w, https:\/\/www.balderpower.com\/wp-content\/uploads\/2025\/12\/hybrid-charging-modes-diagram-solar-grid-generator-compatible1-986x1000.webp 986w, https:\/\/www.balderpower.com\/wp-content\/uploads\/2025\/12\/hybrid-charging-modes-diagram-solar-grid-generator-compatible1-1010x1024.webp 1010w, https:\/\/www.balderpower.com\/wp-content\/uploads\/2025\/12\/hybrid-charging-modes-diagram-solar-grid-generator-compatible1-768x779.webp 768w, https:\/\/www.balderpower.com\/wp-content\/uploads\/2025\/12\/hybrid-charging-modes-diagram-solar-grid-generator-compatible1-12x12.webp 12w, https:\/\/www.balderpower.com\/wp-content\/uploads\/2025\/12\/hybrid-charging-modes-diagram-solar-grid-generator-compatible1-600x609.webp 600w, https:\/\/www.balderpower.com\/wp-content\/uploads\/2025\/12\/hybrid-charging-modes-diagram-solar-grid-generator-compatible1-100x100.webp 100w, https:\/\/www.balderpower.com\/wp-content\/uploads\/2025\/12\/hybrid-charging-modes-diagram-solar-grid-generator-compatible1-64x65.webp 64w\" sizes=\"(max-width: 1200px) 100vw, 1200px\" data-no-translation=\"\" \/><\/p>\n<p data-start=\"1559\" data-end=\"1879\"><strong data-start=\"1559\" data-end=\"1595\">Extension et \u00e9volutivit\u00e9 transparentes<\/strong><br \/>\nFaites \u00e9voluer votre capacit\u00e9 de stockage d&#039;\u00e9nergie au rythme de vos besoins. Notre conception \u00e9volutive permet de connecter jusqu&#039;\u00e0 15 modules de batterie en parall\u00e8le. Que vous ayez besoin d&#039;un syst\u00e8me de 10 kWh pour une maison connect\u00e9e ou d&#039;une batterie de 150 kWh pour une petite usine, cette batterie s&#039;adapte facilement, sans rec\u00e2blage complexe.<\/p>\n<p><img decoding=\"async\" class=\"size-full wp-image-8743\" src=\"https:\/\/balderpower.com\/wp-content\/uploads\/2025\/12\/10kwh-lifepo4-battery-key-features-smart-bms-6000-cycles.webp\" alt=\"Key features infographic of 51.2V 200Ah battery: Smart BMS, 6000+ cycles, ultra-thin compact size, plug-and-play installation, and CE\/UN38.3 certifications.\" width=\"1152\" height=\"928\" srcset=\"https:\/\/www.balderpower.com\/wp-content\/uploads\/2025\/12\/10kwh-lifepo4-battery-key-features-smart-bms-6000-cycles.webp 1152w, https:\/\/www.balderpower.com\/wp-content\/uploads\/2025\/12\/10kwh-lifepo4-battery-key-features-smart-bms-6000-cycles-1000x806.webp 1000w, https:\/\/www.balderpower.com\/wp-content\/uploads\/2025\/12\/10kwh-lifepo4-battery-key-features-smart-bms-6000-cycles-1024x825.webp 1024w, https:\/\/www.balderpower.com\/wp-content\/uploads\/2025\/12\/10kwh-lifepo4-battery-key-features-smart-bms-6000-cycles-768x619.webp 768w, https:\/\/www.balderpower.com\/wp-content\/uploads\/2025\/12\/10kwh-lifepo4-battery-key-features-smart-bms-6000-cycles-15x12.webp 15w, https:\/\/www.balderpower.com\/wp-content\/uploads\/2025\/12\/10kwh-lifepo4-battery-key-features-smart-bms-6000-cycles-600x483.webp 600w, https:\/\/www.balderpower.com\/wp-content\/uploads\/2025\/12\/10kwh-lifepo4-battery-key-features-smart-bms-6000-cycles-64x52.webp 64w\" sizes=\"(max-width: 1152px) 100vw, 1152px\" data-no-translation=\"\" \/><\/p>\n<p data-start=\"1881\" data-end=\"2246\"><strong data-start=\"1881\" data-end=\"1912\">La s\u00e9curit\u00e9 avant tout avec Smart BMS<\/strong><br \/>\nLa s\u00e9curit\u00e9 est primordiale. Chaque unit\u00e9 est \u00e9quip\u00e9e d&#039;un syst\u00e8me de gestion de batterie (BMS) avanc\u00e9 qui \u00e9quilibre activement les cellules et les prot\u00e8ge contre les surtensions, les sous-tensions, les courts-circuits et les temp\u00e9ratures extr\u00eames. L&#039;\u00e9cran int\u00e9gr\u00e9 en fa\u00e7ade affiche en temps r\u00e9el la tension, le courant et l&#039;\u00e9tat de charge (SOC).<\/p>\n<p data-start=\"2248\" data-end=\"2526\"><strong data-start=\"2248\" data-end=\"2276\">Pourquoi choisir Balder Power ?<\/strong><br \/>\nEn tant que fabricant sp\u00e9cialis\u00e9 de batteries au lithium, nous veillons \u00e0 ce que chaque unit\u00e9 subisse des tests de vieillissement rigoureux avant exp\u00e9dition. Nous proposons une personnalisation compl\u00e8te (OEM\/ODM), de la couleur du bo\u00eetier aux ajustements du protocole BMS, vous permettant ainsi de d\u00e9velopper votre propre marque sur le march\u00e9 local.<\/p>","protected":false},"excerpt":{"rendered":"<ul>\n<li data-start=\"557\" data-end=\"613\">\n<p data-start=\"561\" data-end=\"613\"><strong data-start=\"561\" data-end=\"571\">Mod\u00e8le:<\/strong> Module de montage en rack 51,2 V 200 Ah (10,24 kWh).<\/p>\n<\/li>\n<li data-start=\"614\" data-end=\"678\">\n<p data-start=\"618\" data-end=\"678\"><strong data-start=\"618\" data-end=\"638\">Technologie cellulaire :<\/strong> Cellules prismatiques LiFePO4 de niveau 1, grade A.<\/p>\n<\/li>\n<li data-start=\"679\" data-end=\"747\">\n<p data-start=\"683\" data-end=\"747\"><strong data-start=\"683\" data-end=\"698\">Cycle de vie :<\/strong> Plus de 6 000 cycles @ 80% DOD (dur\u00e9e de vie pr\u00e9vue &gt; 15 ans).<\/p>\n<\/li>\n<li data-start=\"748\" data-end=\"827\">\n<p data-start=\"752\" data-end=\"827\"><strong data-start=\"752\" data-end=\"773\">Renseignements BMS\u00a0:<\/strong> Syst\u00e8me de gestion de b\u00e2timents intelligent int\u00e9gr\u00e9 avec double communication CAN\/RS485.<\/p>\n<\/li>\n<li data-start=\"828\" data-end=\"896\">\n<p data-start=\"832\" data-end=\"896\"><strong data-start=\"832\" data-end=\"848\">\u00c9volutivit\u00e9 :<\/strong> Support en parall\u00e8le jusqu&#039;\u00e0 15 unit\u00e9s (Total 153 kWh).<\/p>\n<\/li>\n<li data-start=\"897\" data-end=\"1006\">\n<p data-start=\"901\" data-end=\"1006\"><strong data-start=\"901\" data-end=\"919\">Compatibilit\u00e9:<\/strong> Fonctionne parfaitement avec Victron, Growatt, Deye, Luxpower et la plupart des onduleurs hybrides 48V.<\/p>\n<\/li>\n<li data-start=\"1007\" data-end=\"1080\">\n<p data-start=\"1011\" data-end=\"1080\"><strong data-start=\"1011\" data-end=\"1024\">Garantie:<\/strong> Garantie standard de 5 ans (garantie \u00e9tendue disponible pour les \u00e9quipementiers).<\/p>\n<\/li>\n<\/ul>","protected":false},"featured_media":8753,"template":"","meta":{"_acf_changed":false,"nf_dc_page":"","site-sidebar-layout":"default","site-content-layout":"","ast-site-content-layout":"default","site-content-style":"default","site-sidebar-style":"default","ast-global-header-display":"","ast-banner-title-visibility":"","ast-main-header-display":"","ast-hfb-above-header-display":"","ast-hfb-below-header-display":"","ast-hfb-mobile-header-display":"","site-post-title":"","ast-breadcrumbs-content":"","ast-featured-img":"","footer-sml-layout":"","ast-disable-related-posts":"","theme-transparent-header-meta":"default","adv-header-id-meta":"","stick-header-meta":"default","header-above-stick-meta":"","header-main-stick-meta":"","header-below-stick-meta":"","astra-migrate-meta-layouts":"set","ast-page-background-enabled":"default","ast-page-background-meta":{"desktop":{"background-color":"","background-image":"","background-repeat":"repeat","background-position":"center center","background-size":"auto","background-attachment":"scroll","background-type":"","background-media":"","overlay-type":"","overlay-color":"","overlay-opacity":"","overlay-gradient":""},"tablet":{"background-color":"","background-image":"","background-repeat":"repeat","background-position":"center center","background-size":"auto","background-attachment":"scroll","background-type":"","background-media":"","overlay-type":"","overlay-color":"","overlay-opacity":"","overlay-gradient":""},"mobile":{"background-color":"","background-image":"","background-repeat":"repeat","background-position":"center center","background-size":"auto","background-attachment":"scroll","background-type":"","background-media":"","overlay-type":"","overlay-color":"","overlay-opacity":"","overlay-gradient":""}},"ast-content-background-meta":{"desktop":{"background-color":"var(--ast-global-color-5)","background-image":"","background-repeat":"repeat","background-position":"center center","background-size":"auto","background-attachment":"scroll","background-type":"","background-media":"","overlay-type":"","overlay-color":"","overlay-opacity":"","overlay-gradient":""},"tablet":{"background-color":"var(--ast-global-color-5)","background-image":"","background-repeat":"repeat","background-position":"center center","background-size":"auto","background-attachment":"scroll","background-type":"","background-media":"","overlay-type":"","overlay-color":"","overlay-opacity":"","overlay-gradient":""},"mobile":{"background-color":"var(--ast-global-color-5)","background-image":"","background-repeat":"repeat","background-position":"center center","background-size":"auto","background-attachment":"scroll","background-type":"","background-media":"","overlay-type":"","overlay-color":"","overlay-opacity":"","overlay-gradient":""}},"_joinchat":[]},"product_brand":[],"product_cat":[782],"product_tag":[819,806,805,810,835,829,787],"class_list":{"0":"post-8764","1":"product","2":"type-product","3":"status-publish","4":"has-post-thumbnail","6":"product_cat-server-rack-lifepo4-battery","7":"product_tag-10kwh-battery","8":"product_tag-48v-lithium-battery","9":"product_tag-51-2v-battery","10":"product_tag-lifepo4","11":"product_tag-rack-mount","12":"product_tag-server-rack-battery","13":"product_tag-solar-energy-storage","14":"desktop-align-left","15":"tablet-align-left","16":"mobile-align-left","17":"ast-product-gallery-layout-horizontal-slider","18":"ast-product-tabs-layout-horizontal","20":"first","21":"instock","22":"shipping-taxable","23":"product-type-simple"},"acf":[],"_links":{"self":[{"href":"https:\/\/www.balderpower.com\/fr\/wp-json\/wp\/v2\/product\/8764","targetHints":{"allow":["GET"]}}],"collection":[{"href":"https:\/\/www.balderpower.com\/fr\/wp-json\/wp\/v2\/product"}],"about":[{"href":"https:\/\/www.balderpower.com\/fr\/wp-json\/wp\/v2\/types\/product"}],"version-history":[{"count":0,"href":"https:\/\/www.balderpower.com\/fr\/wp-json\/wp\/v2\/product\/8764\/revisions"}],"wp:featuredmedia":[{"embeddable":true,"href":"https:\/\/www.balderpower.com\/fr\/wp-json\/wp\/v2\/media\/8753"}],"wp:attachment":[{"href":"https:\/\/www.balderpower.com\/fr\/wp-json\/wp\/v2\/media?parent=8764"}],"wp:term":[{"taxonomy":"product_brand","embeddable":true,"href":"https:\/\/www.balderpower.com\/fr\/wp-json\/wp\/v2\/product_brand?post=8764"},{"taxonomy":"product_cat","embeddable":true,"href":"https:\/\/www.balderpower.com\/fr\/wp-json\/wp\/v2\/product_cat?post=8764"},{"taxonomy":"product_tag","embeddable":true,"href":"https:\/\/www.balderpower.com\/fr\/wp-json\/wp\/v2\/product_tag?post=8764"}],"curies":[{"name":"wp","href":"https:\/\/api.w.org\/{rel}","templated":true}]}}