{"id":8706,"date":"2025-12-18T01:08:21","date_gmt":"2025-12-17T17:08:21","guid":{"rendered":"https:\/\/www.balderpower.com\/?post_type=product&#038;p=8706"},"modified":"2025-12-18T01:23:51","modified_gmt":"2025-12-17T17:23:51","slug":"batterie-lifepo4-51-2v-280ah-14-kwh-pour-rack-serveur","status":"publish","type":"product","link":"https:\/\/www.balderpower.com\/fr\/51-2v-280ah-server-rack-lifepo4-battery-14kwh\/","title":{"rendered":"Module de batterie serveur LiFePO4 51,2 V 280 Ah (14,3 kWh) | Stockage d&#039;\u00e9nergie de qualit\u00e9 commerciale"},"content":{"rendered":"<p data-start=\"1093\" data-end=\"1153\"><strong data-start=\"1093\" data-end=\"1153\">Optimisez votre stockage d&#039;\u00e9nergie avec la batterie de 14,3 kWh.<\/strong><\/p>\n<p data-start=\"1155\" data-end=\"1379\">Le <strong data-start=\"1159\" data-end=\"1207\">Batterie pour rack serveur Balder Power 51,2 V 280 Ah<\/strong> Ce module de 14,3 kWh repr\u00e9sente la nouvelle g\u00e9n\u00e9ration de stockage d&#039;\u00e9nergie au lithium. Con\u00e7u pour les applications commerciales et r\u00e9sidentielles \u00e0 forte demande, il red\u00e9finit la densit\u00e9 \u00e9nerg\u00e9tique.<\/p>\n<p data-start=\"1381\" data-end=\"1756\"><strong data-start=\"1381\" data-end=\"1406\">Pourquoi passer \u00e0 une batterie de 280 Ah ?<\/strong><br \/>\nLes configurations traditionnelles n\u00e9cessitent le raccordement de plusieurs batteries de 100 Ah pour obtenir une capacit\u00e9 \u00e9lev\u00e9e, ce qui engendre un c\u00e2blage complexe et des probl\u00e8mes d&#039;\u00e9quilibrage potentiels. Notre module de 280 Ah r\u00e9sout ce probl\u00e8me gr\u00e2ce \u00e0 son syst\u00e8me de stockage compact. <strong data-start=\"1590\" data-end=\"1620\">14,3 kWh dans une seule unit\u00e9<\/strong>. Vous pouvez construire un immense <strong data-start=\"1646\" data-end=\"1663\">Syst\u00e8me de 229 kWh<\/strong> En mettant en parall\u00e8le seulement 16 unit\u00e9s, on \u00e9conomise un espace pr\u00e9cieux dans les baies de serveurs et du temps de main-d&#039;\u0153uvre pour l&#039;installation.<\/p>\n<p data-start=\"1758\" data-end=\"2170\"><strong data-start=\"1758\" data-end=\"1790\">Fiabilit\u00e9 de niveau industriel<\/strong><br \/>\nAu fond, nous utilisons <strong data-start=\"1811\" data-end=\"1846\">Cellules prismatiques LiFePO4 de qualit\u00e9 A<\/strong>\u2014 la m\u00eame technologie que celle utilis\u00e9e dans les v\u00e9hicules \u00e9lectriques. Associ\u00e9e \u00e0 notre technologie exclusive <strong data-start=\"1925\" data-end=\"1966\">Syst\u00e8me de gestion de batterie intelligent (BMS)<\/strong>, La batterie est prot\u00e9g\u00e9e contre la surcharge, la d\u00e9charge excessive et les temp\u00e9ratures extr\u00eames. L&#039;\u00e9cran int\u00e9gr\u00e9 fournit des diagnostics en temps r\u00e9el, garantissant ainsi un fonctionnement optimal de votre syst\u00e8me.<\/p>\n<p data-start=\"2172\" data-end=\"2307\">Que ce soit pour l&#039;autoconsommation solaire, l&#039;\u00e9cr\u00eatement des pointes de consommation ou l&#039;alimentation de secours critique, cette batterie fournit une \u00e9nergie constante, s\u00fbre et \u00e9volutive.<\/p>","protected":false},"excerpt":{"rendered":"<ul>\n<li data-start=\"458\" data-end=\"572\">\n<p data-start=\"462\" data-end=\"572\"><strong data-start=\"462\" data-end=\"483\">Capacit\u00e9 massive :<\/strong> Un seul module fournit <strong data-start=\"507\" data-end=\"518\">14,3 kWh<\/strong> \u00e9nergie, \u00e9quivalente \u00e0 celle de trois batteries standard de 100 Ah.<\/p>\n<\/li>\n<li data-start=\"573\" data-end=\"676\">\n<p data-start=\"577\" data-end=\"676\"><strong data-start=\"577\" data-end=\"605\">Cellules prismatiques de qualit\u00e9 A\u00a0:<\/strong> Fabriqu\u00e9 avec des cellules LiFePO4 de 280 Ah de qualit\u00e9 automobile pour une stabilit\u00e9 maximale.<\/p>\n<\/li>\n<li data-start=\"677\" data-end=\"770\">\n<p data-start=\"681\" data-end=\"770\"><strong data-start=\"681\" data-end=\"701\">Longue dur\u00e9e de vie :<\/strong> <strong data-start=\"702\" data-end=\"718\">\u22656000 cycles<\/strong> \u00e0 80% DOD, con\u00e7u pour une dur\u00e9e de vie de plus de 15 ans.<\/p>\n<\/li>\n<li data-start=\"771\" data-end=\"901\">\n<p data-start=\"775\" data-end=\"901\"><strong data-start=\"775\" data-end=\"789\">Syst\u00e8me de gestion de b\u00e2timents intelligent\u00a0:<\/strong> Le BMS int\u00e9gr\u00e9 de 200 A prend en charge la communication CAN\/RS485\/RS232 avec les principaux onduleurs (Victron, Growatt, Deye, etc.).<\/p>\n<\/li>\n<li data-start=\"902\" data-end=\"1009\">\n<p data-start=\"906\" data-end=\"1009\"><strong data-start=\"906\" data-end=\"926\">Optimisation de l&#039;espace :<\/strong> Sa conception \u00e0 haute densit\u00e9 \u00e9nerg\u00e9tique permet de gagner de la place dans les baies de serveurs et de r\u00e9duire la complexit\u00e9 du c\u00e2blage.<\/p>\n<\/li>\n<\/ul>","protected":false},"featured_media":8710,"template":"","meta":{"_acf_changed":false,"nf_dc_page":"","site-sidebar-layout":"default","site-content-layout":"","ast-site-content-layout":"default","site-content-style":"default","site-sidebar-style":"default","ast-global-header-display":"","ast-banner-title-visibility":"","ast-main-header-display":"","ast-hfb-above-header-display":"","ast-hfb-below-header-display":"","ast-hfb-mobile-header-display":"","site-post-title":"","ast-breadcrumbs-content":"","ast-featured-img":"","footer-sml-layout":"","ast-disable-related-posts":"","theme-transparent-header-meta":"default","adv-header-id-meta":"","stick-header-meta":"default","header-above-stick-meta":"","header-main-stick-meta":"","header-below-stick-meta":"","astra-migrate-meta-layouts":"set","ast-page-background-enabled":"default","ast-page-background-meta":{"desktop":{"background-color":"","background-image":"","background-repeat":"repeat","background-position":"center center","background-size":"auto","background-attachment":"scroll","background-type":"","background-media":"","overlay-type":"","overlay-color":"","overlay-opacity":"","overlay-gradient":""},"tablet":{"background-color":"","background-image":"","background-repeat":"repeat","background-position":"center center","background-size":"auto","background-attachment":"scroll","background-type":"","background-media":"","overlay-type":"","overlay-color":"","overlay-opacity":"","overlay-gradient":""},"mobile":{"background-color":"","background-image":"","background-repeat":"repeat","background-position":"center center","background-size":"auto","background-attachment":"scroll","background-type":"","background-media":"","overlay-type":"","overlay-color":"","overlay-opacity":"","overlay-gradient":""}},"ast-content-background-meta":{"desktop":{"background-color":"var(--ast-global-color-5)","background-image":"","background-repeat":"repeat","background-position":"center center","background-size":"auto","background-attachment":"scroll","background-type":"","background-media":"","overlay-type":"","overlay-color":"","overlay-opacity":"","overlay-gradient":""},"tablet":{"background-color":"var(--ast-global-color-5)","background-image":"","background-repeat":"repeat","background-position":"center center","background-size":"auto","background-attachment":"scroll","background-type":"","background-media":"","overlay-type":"","overlay-color":"","overlay-opacity":"","overlay-gradient":""},"mobile":{"background-color":"var(--ast-global-color-5)","background-image":"","background-repeat":"repeat","background-position":"center center","background-size":"auto","background-attachment":"scroll","background-type":"","background-media":"","overlay-type":"","overlay-color":"","overlay-opacity":"","overlay-gradient":""}},"_joinchat":[]},"product_brand":[],"product_cat":[782],"product_tag":[831,828,830,810,829,816],"class_list":{"0":"post-8706","1":"product","2":"type-product","3":"status-publish","4":"has-post-thumbnail","6":"product_cat-server-rack-lifepo4-battery","7":"product_tag-14-3kwh","8":"product_tag-51-2v-280ah","9":"product_tag-commercial-energy-storage","10":"product_tag-lifepo4","11":"product_tag-server-rack-battery","12":"product_tag-solar-battery-backup","13":"desktop-align-left","14":"tablet-align-left","15":"mobile-align-left","16":"ast-product-gallery-layout-horizontal-slider","17":"ast-product-tabs-layout-horizontal","19":"first","20":"instock","21":"shipping-taxable","22":"product-type-simple"},"acf":[],"_links":{"self":[{"href":"https:\/\/www.balderpower.com\/fr\/wp-json\/wp\/v2\/product\/8706","targetHints":{"allow":["GET"]}}],"collection":[{"href":"https:\/\/www.balderpower.com\/fr\/wp-json\/wp\/v2\/product"}],"about":[{"href":"https:\/\/www.balderpower.com\/fr\/wp-json\/wp\/v2\/types\/product"}],"version-history":[{"count":0,"href":"https:\/\/www.balderpower.com\/fr\/wp-json\/wp\/v2\/product\/8706\/revisions"}],"wp:featuredmedia":[{"embeddable":true,"href":"https:\/\/www.balderpower.com\/fr\/wp-json\/wp\/v2\/media\/8710"}],"wp:attachment":[{"href":"https:\/\/www.balderpower.com\/fr\/wp-json\/wp\/v2\/media?parent=8706"}],"wp:term":[{"taxonomy":"product_brand","embeddable":true,"href":"https:\/\/www.balderpower.com\/fr\/wp-json\/wp\/v2\/product_brand?post=8706"},{"taxonomy":"product_cat","embeddable":true,"href":"https:\/\/www.balderpower.com\/fr\/wp-json\/wp\/v2\/product_cat?post=8706"},{"taxonomy":"product_tag","embeddable":true,"href":"https:\/\/www.balderpower.com\/fr\/wp-json\/wp\/v2\/product_tag?post=8706"}],"curies":[{"name":"wp","href":"https:\/\/api.w.org\/{rel}","templated":true}]}}