{"id":8656,"date":"2025-12-10T23:52:58","date_gmt":"2025-12-10T15:52:58","guid":{"rendered":"https:\/\/www.balderpower.com\/?post_type=product&#038;p=8656"},"modified":"2025-12-10T23:53:37","modified_gmt":"2025-12-10T15:53:37","slug":"batterie-lifepo4-murale-15-kwh-51-2-v-300-ah","status":"publish","type":"product","link":"https:\/\/www.balderpower.com\/fr\/15kwh-51-2v-300ah-wall-mounted-lifepo4-battery\/","title":{"rendered":"Batterie murale LiFePO4 15 kWh | Syst\u00e8me de stockage d&#039;\u00e9nergie domestique haute capacit\u00e9 51,2 V 300 Ah"},"content":{"rendered":"<p data-start=\"2600\" data-end=\"2649\"><strong data-start=\"2600\" data-end=\"2649\">La solution \u00e9nerg\u00e9tique ultime pour la vie moderne<\/strong><\/p>\n<p data-start=\"2654\" data-end=\"2947\">D\u00e9couvrez le fleuron du stockage d&#039;\u00e9nergie r\u00e9sidentiel : <strong data-start=\"2707\" data-end=\"2758\">Batterie murale LiFePO4 Balder Power 15 kWh<\/strong>. En tant que sp\u00e9cialiste <strong data-start=\"2777\" data-end=\"2809\">Fabricant de batteries au lithium<\/strong>, nous avons con\u00e7u ce syst\u00e8me 51,2 V 300 Ah pour r\u00e9pondre aux besoins \u00e9nerg\u00e9tiques croissants des maisons intelligentes modernes et aux besoins de recharge des v\u00e9hicules \u00e9lectriques (VE).<\/p>\n<p data-start=\"2952\" data-end=\"2981\"><strong data-start=\"2952\" data-end=\"2981\">Pourquoi choisir 15 kWh (300 Ah) ?<\/strong><\/p>\n<ul data-start=\"2984\" data-end=\"3437\">\n<li data-start=\"2984\" data-end=\"3136\">\n<p data-start=\"2988\" data-end=\"3136\"><strong data-start=\"2988\" data-end=\"3009\">Optimisation de l&#039;espace :<\/strong> Au lieu d&#039;accrocher plusieurs petites batteries au mur de votre garage, une seule unit\u00e9 de 15 kWh offre un aspect plus \u00e9pur\u00e9 et minimaliste.<\/p>\n<\/li>\n<li data-start=\"3139\" data-end=\"3244\">\n<p data-start=\"3143\" data-end=\"3244\"><strong data-start=\"3143\" data-end=\"3162\">Rentable :<\/strong> Co\u00fbt par kWh inf\u00e9rieur \u00e0 celui obtenu en achetant plusieurs bo\u00eetiers et unit\u00e9s BMS plus petits.<\/p>\n<\/li>\n<li data-start=\"3247\" data-end=\"3435\">\n<p data-start=\"3251\" data-end=\"3435\"><strong data-start=\"3251\" data-end=\"3273\">Puissance de sortie \u00e9lev\u00e9e\u00a0:<\/strong> Sa capacit\u00e9 de 300 Ah supporte des courants de d\u00e9charge continus plus \u00e9lev\u00e9s, vous permettant d&#039;alimenter sans effort des appareils lourds comme les climatiseurs centraux et les pompes de piscine.<\/p>\n<\/li>\n<\/ul>\n<p data-start=\"3440\" data-end=\"3670\"><strong data-start=\"3440\" data-end=\"3462\">Robuste et fiable :<\/strong><br \/>\nLog\u00e9e dans un bo\u00eetier m\u00e9tallique robuste, cette batterie est con\u00e7ue pour r\u00e9sister aux contraintes d&#039;une utilisation quotidienne. Elle est fournie avec un support mural renforc\u00e9 pour une fixation s\u00e9curis\u00e9e malgr\u00e9 son poids important.<\/p>","protected":false},"excerpt":{"rendered":"<ul>\n<li data-start=\"433\" data-end=\"484\">\n<p data-start=\"437\" data-end=\"484\"><strong data-start=\"437\" data-end=\"456\">\u00c9nergie nominale :<\/strong> 15,36 kWh (Capacit\u00e9 massive)<\/p>\n<\/li>\n<li data-start=\"485\" data-end=\"528\">\n<p data-start=\"489\" data-end=\"528\"><strong data-start=\"489\" data-end=\"508\">Tension du syst\u00e8me :<\/strong> 51,2 V (16S LiFePO4)<\/p>\n<\/li>\n<li data-start=\"529\" data-end=\"552\">\n<p data-start=\"533\" data-end=\"552\"><strong data-start=\"533\" data-end=\"546\">Capacit\u00e9:<\/strong> 300 Ah<\/p>\n<\/li>\n<li data-start=\"553\" data-end=\"606\">\n<p data-start=\"557\" data-end=\"606\"><strong data-start=\"557\" data-end=\"571\">Type de cellule :<\/strong> Cellules prismatiques de qualit\u00e9 automobile A<\/p>\n<\/li>\n<li data-start=\"607\" data-end=\"649\">\n<p data-start=\"611\" data-end=\"649\"><strong data-start=\"611\" data-end=\"626\">Cycle de vie :<\/strong> \u22656000 cycles @ 80% DOD<\/p>\n<\/li>\n<li data-start=\"650\" data-end=\"721\">\n<p data-start=\"654\" data-end=\"721\"><strong data-start=\"654\" data-end=\"672\">Communication:<\/strong> Double CAN\/RS485 (compatible Victron\/Deye\/Growatt)<\/p>\n<\/li>\n<li data-start=\"722\" data-end=\"779\">\n<p data-start=\"726\" data-end=\"779\"><strong data-start=\"726\" data-end=\"742\">\u00c9volutivit\u00e9 :<\/strong> En parall\u00e8le jusqu&#039;\u00e0 15 unit\u00e9s (Max 230 kWh)<\/p>\n<\/li>\n<li data-start=\"780\" data-end=\"829\">\n<p data-start=\"784\" data-end=\"829\"><strong data-start=\"784\" data-end=\"797\">Garantie:<\/strong> 5 ans (dur\u00e9e de vie du design\u00a0: plus de 10 ans)<\/p>\n<\/li>\n<\/ul>","protected":false},"featured_media":8637,"template":"","meta":{"_acf_changed":false,"nf_dc_page":"","site-sidebar-layout":"default","site-content-layout":"","ast-site-content-layout":"default","site-content-style":"default","site-sidebar-style":"default","ast-global-header-display":"","ast-banner-title-visibility":"","ast-main-header-display":"","ast-hfb-above-header-display":"","ast-hfb-below-header-display":"","ast-hfb-mobile-header-display":"","site-post-title":"","ast-breadcrumbs-content":"","ast-featured-img":"","footer-sml-layout":"","ast-disable-related-posts":"","theme-transparent-header-meta":"default","adv-header-id-meta":"","stick-header-meta":"default","header-above-stick-meta":"","header-main-stick-meta":"","header-below-stick-meta":"","astra-migrate-meta-layouts":"set","ast-page-background-enabled":"default","ast-page-background-meta":{"desktop":{"background-color":"","background-image":"","background-repeat":"repeat","background-position":"center center","background-size":"auto","background-attachment":"scroll","background-type":"","background-media":"","overlay-type":"","overlay-color":"","overlay-opacity":"","overlay-gradient":""},"tablet":{"background-color":"","background-image":"","background-repeat":"repeat","background-position":"center center","background-size":"auto","background-attachment":"scroll","background-type":"","background-media":"","overlay-type":"","overlay-color":"","overlay-opacity":"","overlay-gradient":""},"mobile":{"background-color":"","background-image":"","background-repeat":"repeat","background-position":"center center","background-size":"auto","background-attachment":"scroll","background-type":"","background-media":"","overlay-type":"","overlay-color":"","overlay-opacity":"","overlay-gradient":""}},"ast-content-background-meta":{"desktop":{"background-color":"var(--ast-global-color-5)","background-image":"","background-repeat":"repeat","background-position":"center center","background-size":"auto","background-attachment":"scroll","background-type":"","background-media":"","overlay-type":"","overlay-color":"","overlay-opacity":"","overlay-gradient":""},"tablet":{"background-color":"var(--ast-global-color-5)","background-image":"","background-repeat":"repeat","background-position":"center center","background-size":"auto","background-attachment":"scroll","background-type":"","background-media":"","overlay-type":"","overlay-color":"","overlay-opacity":"","overlay-gradient":""},"mobile":{"background-color":"var(--ast-global-color-5)","background-image":"","background-repeat":"repeat","background-position":"center center","background-size":"auto","background-attachment":"scroll","background-type":"","background-media":"","overlay-type":"","overlay-color":"","overlay-opacity":"","overlay-gradient":""}},"_joinchat":[]},"product_brand":[],"product_cat":[778],"product_tag":[823,806,824,827,812,825,814,811,810,826,817,815,816,794],"class_list":{"0":"post-8656","1":"product","2":"type-product","3":"status-publish","4":"has-post-thumbnail","6":"product_cat-wall-mounted-lifepo4-battery","7":"product_tag-15kwh-battery","8":"product_tag-48v-lithium-battery","9":"product_tag-51-2v-300ah","10":"product_tag-balder-power-electronic","11":"product_tag-deep-cycle-battery","12":"product_tag-high-capacity-ess","13":"product_tag-home-energy-storage","14":"product_tag-lfp-battery","15":"product_tag-lifepo4","16":"product_tag-luxury-home-battery","17":"product_tag-off-grid-system","18":"product_tag-residential-ess","19":"product_tag-solar-battery-backup","20":"product_tag-wall-mounted-battery","21":"desktop-align-left","22":"tablet-align-left","23":"mobile-align-left","24":"ast-product-gallery-layout-horizontal-slider","25":"ast-product-tabs-layout-horizontal","27":"first","28":"instock","29":"shipping-taxable","30":"product-type-simple"},"acf":[],"_links":{"self":[{"href":"https:\/\/www.balderpower.com\/fr\/wp-json\/wp\/v2\/product\/8656","targetHints":{"allow":["GET"]}}],"collection":[{"href":"https:\/\/www.balderpower.com\/fr\/wp-json\/wp\/v2\/product"}],"about":[{"href":"https:\/\/www.balderpower.com\/fr\/wp-json\/wp\/v2\/types\/product"}],"version-history":[{"count":0,"href":"https:\/\/www.balderpower.com\/fr\/wp-json\/wp\/v2\/product\/8656\/revisions"}],"wp:featuredmedia":[{"embeddable":true,"href":"https:\/\/www.balderpower.com\/fr\/wp-json\/wp\/v2\/media\/8637"}],"wp:attachment":[{"href":"https:\/\/www.balderpower.com\/fr\/wp-json\/wp\/v2\/media?parent=8656"}],"wp:term":[{"taxonomy":"product_brand","embeddable":true,"href":"https:\/\/www.balderpower.com\/fr\/wp-json\/wp\/v2\/product_brand?post=8656"},{"taxonomy":"product_cat","embeddable":true,"href":"https:\/\/www.balderpower.com\/fr\/wp-json\/wp\/v2\/product_cat?post=8656"},{"taxonomy":"product_tag","embeddable":true,"href":"https:\/\/www.balderpower.com\/fr\/wp-json\/wp\/v2\/product_tag?post=8656"}],"curies":[{"name":"wp","href":"https:\/\/api.w.org\/{rel}","templated":true}]}}