{"id":8620,"date":"2025-12-10T01:37:54","date_gmt":"2025-12-09T17:37:54","guid":{"rendered":"https:\/\/www.balderpower.com\/?post_type=product&#038;p=8620"},"modified":"2025-12-10T22:34:06","modified_gmt":"2025-12-10T14:34:06","slug":"batterie-lifepo4-murale-10-kwh-51-2-v-200-ah","status":"publish","type":"product","link":"https:\/\/www.balderpower.com\/fr\/10kwh-51-2v-200ah-wall-mounted-lifepo4-battery\/","title":{"rendered":"Batterie murale LiFePO4 10 kWh | Syst\u00e8me de stockage d&#039;\u00e9nergie domestique (ESS) 51,2 V 200 Ah"},"content":{"rendered":"<p data-start=\"2730\" data-end=\"2775\"><strong data-start=\"2730\" data-end=\"2775\">La solution ultime de batterie de secours pour la maison<\/strong><\/p>\n<p data-start=\"2780\" data-end=\"3039\">Le <strong data-start=\"2784\" data-end=\"2835\">Batterie murale LiFePO4 Balder Power 10 kWh<\/strong> est con\u00e7u pour les propri\u00e9taires exigeants. En tant que professionnel <strong data-start=\"2900\" data-end=\"2932\">Fabricant de batteries au lithium<\/strong>, Nous avons optimis\u00e9 ce syst\u00e8me 51,2 V 200 Ah pour le stockage d&#039;\u00e9nergie solaire r\u00e9sidentiel et les applications hors r\u00e9seau.<\/p>\n<p data-start=\"3044\" data-end=\"3256\"><strong data-start=\"3044\" data-end=\"3081\">Pourquoi choisir un module unique de 10 kWh ?<\/strong><br \/>\nL&#039;installation d&#039;une seule unit\u00e9 de 10 kWh est plus rapide et plus efficace que le raccordement en s\u00e9rie de deux unit\u00e9s de 5 kWh. Elle permet de gagner de la place au mur, de r\u00e9duire le nombre de points de connexion et de simplifier la surveillance du syst\u00e8me.<\/p>\n<p data-start=\"3261\" data-end=\"3278\"><strong data-start=\"3261\" data-end=\"3278\">Applications :<\/strong><\/p>\n<ul data-start=\"3281\" data-end=\"3566\">\n<li data-start=\"3281\" data-end=\"3375\">\n<p data-start=\"3285\" data-end=\"3375\"><strong data-start=\"3285\" data-end=\"3306\">Autoconsommation :<\/strong> Stockez le surplus d&#039;\u00e9nergie solaire produit pendant la journ\u00e9e pour alimenter votre maison la nuit.<\/p>\n<\/li>\n<li data-start=\"3378\" data-end=\"3477\">\n<p data-start=\"3382\" data-end=\"3477\"><strong data-start=\"3382\" data-end=\"3399\">Alimentation de secours :<\/strong> Maintenez le fonctionnement des appareils essentiels (lumi\u00e8res, r\u00e9frig\u00e9rateur, Wi-Fi) pendant les coupures de courant.<\/p>\n<\/li>\n<li data-start=\"3480\" data-end=\"3564\">\n<p data-start=\"3484\" data-end=\"3564\"><strong data-start=\"3484\" data-end=\"3501\">Rasage de pointe :<\/strong> D\u00e9chargez votre \u00e9lectricit\u00e9 pendant les heures de pointe pour r\u00e9duire vos factures.<\/p>\n<\/li>\n<\/ul>\n<p data-start=\"3569\" data-end=\"3679\">B\u00e9n\u00e9ficiant des certifications UN38.3, CE et MSDS, ce syst\u00e8me de stockage d&#039;\u00e9nergie robuste est pr\u00eat pour l&#039;exp\u00e9dition internationale.<\/p>","protected":false},"excerpt":{"rendered":"<ul>\n<li data-start=\"404\" data-end=\"456\">\n<p data-start=\"408\" data-end=\"456\"><strong data-start=\"408\" data-end=\"418\">Mod\u00e8le:<\/strong> 51,2 V 200 Ah (10,24 kWh d&#039;\u00e9nergie nominale)<\/p>\n<\/li>\n<li data-start=\"457\" data-end=\"515\">\n<p data-start=\"461\" data-end=\"515\"><strong data-start=\"461\" data-end=\"475\">Type de cellule :<\/strong> Cellules prismatiques LiFePO4 de qualit\u00e9 sup\u00e9rieure A<\/p>\n<\/li>\n<li data-start=\"516\" data-end=\"581\">\n<p data-start=\"520\" data-end=\"581\"><strong data-start=\"520\" data-end=\"535\">Cycle de vie :<\/strong> \u22656000 cycles @ 80% DOD (dur\u00e9e de vie nominale de plus de 15 ans)<\/p>\n<\/li>\n<li data-start=\"582\" data-end=\"685\">\n<p data-start=\"586\" data-end=\"685\"><strong data-start=\"586\" data-end=\"603\">Protocole BMS\u00a0:<\/strong> Syst\u00e8me de gestion de batterie intelligent int\u00e9gr\u00e9 (CAN\/RS485), compatible avec Victron, Deye, Growatt, SMA, etc.<\/p>\n<\/li>\n<li data-start=\"686\" data-end=\"754\">\n<p data-start=\"690\" data-end=\"754\"><strong data-start=\"690\" data-end=\"706\">\u00c9volutivit\u00e9 :<\/strong> Supporte jusqu&#039;\u00e0 15 unit\u00e9s en parall\u00e8le (Max 150 kWh)<\/p>\n<\/li>\n<li data-start=\"755\" data-end=\"833\">\n<p data-start=\"759\" data-end=\"833\"><strong data-start=\"759\" data-end=\"770\">Conception:<\/strong> Bo\u00eetier m\u00e9tallique robuste et r\u00e9sistant pour une gestion thermique sup\u00e9rieure<\/p>\n<\/li>\n<li data-start=\"834\" data-end=\"884\">\n<p data-start=\"838\" data-end=\"884\"><strong data-start=\"838\" data-end=\"851\">Garantie:<\/strong> 5 ans (extensible \u00e0 10 ans)<\/p>\n<\/li>\n<\/ul>","protected":false},"featured_media":8605,"template":"","meta":{"_acf_changed":false,"nf_dc_page":"","site-sidebar-layout":"default","site-content-layout":"","ast-site-content-layout":"default","site-content-style":"default","site-sidebar-style":"default","ast-global-header-display":"","ast-banner-title-visibility":"","ast-main-header-display":"","ast-hfb-above-header-display":"","ast-hfb-below-header-display":"","ast-hfb-mobile-header-display":"","site-post-title":"","ast-breadcrumbs-content":"","ast-featured-img":"","footer-sml-layout":"","ast-disable-related-posts":"","theme-transparent-header-meta":"default","adv-header-id-meta":"","stick-header-meta":"default","header-above-stick-meta":"","header-main-stick-meta":"","header-below-stick-meta":"","astra-migrate-meta-layouts":"set","ast-page-background-enabled":"default","ast-page-background-meta":{"desktop":{"background-color":"","background-image":"","background-repeat":"repeat","background-position":"center center","background-size":"auto","background-attachment":"scroll","background-type":"","background-media":"","overlay-type":"","overlay-color":"","overlay-opacity":"","overlay-gradient":""},"tablet":{"background-color":"","background-image":"","background-repeat":"repeat","background-position":"center center","background-size":"auto","background-attachment":"scroll","background-type":"","background-media":"","overlay-type":"","overlay-color":"","overlay-opacity":"","overlay-gradient":""},"mobile":{"background-color":"","background-image":"","background-repeat":"repeat","background-position":"center center","background-size":"auto","background-attachment":"scroll","background-type":"","background-media":"","overlay-type":"","overlay-color":"","overlay-opacity":"","overlay-gradient":""}},"ast-content-background-meta":{"desktop":{"background-color":"var(--ast-global-color-5)","background-image":"","background-repeat":"repeat","background-position":"center center","background-size":"auto","background-attachment":"scroll","background-type":"","background-media":"","overlay-type":"","overlay-color":"","overlay-opacity":"","overlay-gradient":""},"tablet":{"background-color":"var(--ast-global-color-5)","background-image":"","background-repeat":"repeat","background-position":"center center","background-size":"auto","background-attachment":"scroll","background-type":"","background-media":"","overlay-type":"","overlay-color":"","overlay-opacity":"","overlay-gradient":""},"mobile":{"background-color":"var(--ast-global-color-5)","background-image":"","background-repeat":"repeat","background-position":"center center","background-size":"auto","background-attachment":"scroll","background-type":"","background-media":"","overlay-type":"","overlay-color":"","overlay-opacity":"","overlay-gradient":""}},"_joinchat":[]},"product_brand":[],"product_cat":[778],"product_tag":[819,822,806,820,812,821,814,811,810,817,818,815,816,794],"class_list":{"0":"post-8620","1":"product","2":"type-product","3":"status-publish","4":"has-post-thumbnail","6":"product_cat-wall-mounted-lifepo4-battery","7":"product_tag-10kwh-battery","8":"product_tag-200ah-lithium-battery","9":"product_tag-48v-lithium-battery","10":"product_tag-51-2v-200ah","11":"product_tag-deep-cycle-battery","12":"product_tag-high-capacity-battery","13":"product_tag-home-energy-storage","14":"product_tag-lfp-battery","15":"product_tag-lifepo4","16":"product_tag-off-grid-system","17":"product_tag-powerwall-alternative","18":"product_tag-residential-ess","19":"product_tag-solar-battery-backup","20":"product_tag-wall-mounted-battery","21":"desktop-align-left","22":"tablet-align-left","23":"mobile-align-left","24":"ast-product-gallery-layout-horizontal-slider","25":"ast-product-tabs-layout-horizontal","27":"first","28":"instock","29":"shipping-taxable","30":"product-type-simple"},"acf":[],"_links":{"self":[{"href":"https:\/\/www.balderpower.com\/fr\/wp-json\/wp\/v2\/product\/8620","targetHints":{"allow":["GET"]}}],"collection":[{"href":"https:\/\/www.balderpower.com\/fr\/wp-json\/wp\/v2\/product"}],"about":[{"href":"https:\/\/www.balderpower.com\/fr\/wp-json\/wp\/v2\/types\/product"}],"version-history":[{"count":0,"href":"https:\/\/www.balderpower.com\/fr\/wp-json\/wp\/v2\/product\/8620\/revisions"}],"wp:featuredmedia":[{"embeddable":true,"href":"https:\/\/www.balderpower.com\/fr\/wp-json\/wp\/v2\/media\/8605"}],"wp:attachment":[{"href":"https:\/\/www.balderpower.com\/fr\/wp-json\/wp\/v2\/media?parent=8620"}],"wp:term":[{"taxonomy":"product_brand","embeddable":true,"href":"https:\/\/www.balderpower.com\/fr\/wp-json\/wp\/v2\/product_brand?post=8620"},{"taxonomy":"product_cat","embeddable":true,"href":"https:\/\/www.balderpower.com\/fr\/wp-json\/wp\/v2\/product_cat?post=8620"},{"taxonomy":"product_tag","embeddable":true,"href":"https:\/\/www.balderpower.com\/fr\/wp-json\/wp\/v2\/product_tag?post=8620"}],"curies":[{"name":"wp","href":"https:\/\/api.w.org\/{rel}","templated":true}]}}