{"id":4757,"date":"2022-11-17T15:39:06","date_gmt":"2022-11-17T07:39:06","guid":{"rendered":"https:\/\/gjt.lpf.mybluehost.me\/website_cd5134ed\/?post_type=product&#038;p=4757"},"modified":"2026-03-06T15:52:35","modified_gmt":"2026-03-06T07:52:35","slug":"batterie-de-remplacement-pour-macbook-air-13-a1237-a1304-modeles-a1245-et-a1304","status":"publish","type":"product","link":"https:\/\/www.balderpower.com\/fr\/a1245-battery-replacement-macbook-air-13-a1237-a1304\/","title":{"rendered":"Batterie de remplacement 37 Wh A1245 pour MacBook Air 13\u2033 A1237 A1304 (2008-2009) \u2013 Vente en gros d&#039;usine"},"content":{"rendered":"<p data-path-to-node=\"19\"><b data-path-to-node=\"19\" data-index-in-node=\"0\">Redonnez vie \u00e0 votre classique\u00a0: Batterie de remplacement A1245 de qualit\u00e9 sup\u00e9rieure pour MacBook Air de premi\u00e8re g\u00e9n\u00e9ration<\/b><\/p>\n<p data-path-to-node=\"20\">Le MacBook Air original (A1237\/A1304) a r\u00e9volutionn\u00e9 l&#039;industrie des ordinateurs portables. Cependant, trouver une source d&#039;alimentation fiable pour ces machines anciennes est un v\u00e9ritable d\u00e9fi. La plupart des options disponibles sur le march\u00e9 sont des batteries obsol\u00e8tes (fabriqu\u00e9es il y a des ann\u00e9es et ayant perdu leur activit\u00e9 chimique).<\/p>\n<p data-path-to-node=\"21\">\u00c0 <b data-path-to-node=\"21\" data-index-in-node=\"3\">Balder Power<\/b>, Nous r\u00e9solvons ce probl\u00e8me de cha\u00eene d&#039;approvisionnement. En tant que sp\u00e9cialiste <b data-path-to-node=\"21\" data-index-in-node=\"68\">Batterie A1245 en gros<\/b> En tant que fabricant, nous produisons ce mod\u00e8le par lots neufs pour approvisionner les ateliers de r\u00e9paration professionnels, les entreprises de reconditionnement informatique et les vendeurs eBay\/Amazon. <b data-path-to-node=\"21\" data-index-in-node=\"229\">Remplacement de la batterie A1245<\/b> Il ne s&#039;agit pas d&#039;un stock ancien ; il est de fabrication r\u00e9cente et utilise la technologie moderne Li-Polym\u00e8re pour garantir des performances optimales.<\/p>\n<p data-path-to-node=\"22\"><b data-path-to-node=\"22\" data-index-in-node=\"0\">Pourquoi la fra\u00eecheur est-elle importante pour A1245 ?<\/b> Les batteries lithium-polym\u00e8re se d\u00e9gradent avec le temps, m\u00eame lorsqu&#039;elles ne sont pas utilis\u00e9es. Notre production \u201c\u00a0Fresh-Cycle\u00a0\u201d garantit que les <b data-path-to-node=\"22\" data-index-in-node=\"148\">Batterie MacBook Air 13 A1237<\/b> Le mod\u00e8le que vous recevez poss\u00e8de une faible r\u00e9sistance interne et peut conserver une charge, tout comme le mod\u00e8le original en 2008.<\/p>\n<p data-path-to-node=\"23\"><b data-path-to-node=\"23\" data-index-in-node=\"0\">Note de compatibilit\u00e9\u00a0:<\/b> Cette batterie poss\u00e8de le connecteur et le format sp\u00e9cifiques pour la <b data-path-to-node=\"23\" data-index-in-node=\"89\">MacBook Air 13 pouces (d\u00e9but 2008, fin 2008 et mi-2009)<\/b> versions. C&#039;est essentiel pour maintenir en \u00e9tat de fonctionnement ces machines de collection classiques.<\/p>","protected":false},"excerpt":{"rendered":"<ul>\n<li>\n<p data-path-to-node=\"16,0,0\">Batterie de remplacement neuve A1245 pour MacBook Air 13\u2033 A1237 et A1304 (2008-2009). Cellules Li-Polym\u00e8re haute capacit\u00e9 37 Wh 5200 mAh certifi\u00e9es CE\/UL. Tarifs d\u00e9gressifs disponibles.<\/p>\n<\/li>\n<li>\n<p data-path-to-node=\"16,1,0\"><b data-path-to-node=\"16,1,0\" data-index-in-node=\"0\">Mod\u00e8les cibles\u00a0:<\/b> Con\u00e7u sp\u00e9cifiquement pour le MacBook Air de 1\u00e8re g\u00e9n\u00e9ration (mod\u00e8le original 2008 et mi-2009).<\/p>\n<\/li>\n<li>\n<p data-path-to-node=\"16,2,0\"><b data-path-to-node=\"16,2,0\" data-index-in-node=\"0\">Tension stable :<\/b> Une tension de sortie stable de 7,4 V garantit l&#039;absence d&#039;erreurs sur la carte logique.<\/p>\n<\/li>\n<li>\n<p data-path-to-node=\"16,3,0\"><b data-path-to-node=\"16,3,0\" data-index-in-node=\"0\">Technologies de s\u00e9curit\u00e9 :<\/b> Des circuits int\u00e9gr\u00e9s japonais de pointe emp\u00eachent la surchauffe du ch\u00e2ssis compact Air.<\/p>\n<\/li>\n<li>\n<p data-path-to-node=\"16,4,0\"><b data-path-to-node=\"16,4,0\" data-index-in-node=\"0\">Valeur commerciale :<\/b> L&#039;approvisionnement direct d&#039;usine garantit des dates de fabrication r\u00e9centes (pas de stock dormant).<\/p>\n<\/li>\n<\/ul>","protected":false},"featured_media":10889,"template":"","meta":{"_acf_changed":false,"nf_dc_page":"","site-sidebar-layout":"default","site-content-layout":"default","ast-site-content-layout":"default","site-content-style":"default","site-sidebar-style":"default","ast-global-header-display":"","ast-banner-title-visibility":"","ast-main-header-display":"","ast-hfb-above-header-display":"","ast-hfb-below-header-display":"","ast-hfb-mobile-header-display":"","site-post-title":"","ast-breadcrumbs-content":"","ast-featured-img":"","footer-sml-layout":"","ast-disable-related-posts":"","theme-transparent-header-meta":"default","adv-header-id-meta":"","stick-header-meta":"default","header-above-stick-meta":"","header-main-stick-meta":"","header-below-stick-meta":"","astra-migrate-meta-layouts":"set","ast-page-background-enabled":"default","ast-page-background-meta":{"desktop":{"background-color":"","background-image":"","background-repeat":"repeat","background-position":"center center","background-size":"auto","background-attachment":"scroll","background-type":"","background-media":"","overlay-type":"","overlay-color":"","overlay-opacity":"","overlay-gradient":""},"tablet":{"background-color":"","background-image":"","background-repeat":"repeat","background-position":"center center","background-size":"auto","background-attachment":"scroll","background-type":"","background-media":"","overlay-type":"","overlay-color":"","overlay-opacity":"","overlay-gradient":""},"mobile":{"background-color":"","background-image":"","background-repeat":"repeat","background-position":"center center","background-size":"auto","background-attachment":"scroll","background-type":"","background-media":"","overlay-type":"","overlay-color":"","overlay-opacity":"","overlay-gradient":""}},"ast-content-background-meta":{"desktop":{"background-color":"var(--ast-global-color-5)","background-image":"","background-repeat":"repeat","background-position":"center center","background-size":"auto","background-attachment":"scroll","background-type":"","background-media":"","overlay-type":"","overlay-color":"","overlay-opacity":"","overlay-gradient":""},"tablet":{"background-color":"var(--ast-global-color-5)","background-image":"","background-repeat":"repeat","background-position":"center center","background-size":"auto","background-attachment":"scroll","background-type":"","background-media":"","overlay-type":"","overlay-color":"","overlay-opacity":"","overlay-gradient":""},"mobile":{"background-color":"var(--ast-global-color-5)","background-image":"","background-repeat":"repeat","background-position":"center center","background-size":"auto","background-attachment":"scroll","background-type":"","background-media":"","overlay-type":"","overlay-color":"","overlay-opacity":"","overlay-gradient":""}},"_joinchat":[]},"product_brand":[],"product_cat":[125],"product_tag":[449,1051,1047,1050,448,1224,452,450,149,150,447,151,1048,1049,451,152,1021],"class_list":{"0":"post-4757","1":"product","2":"type-product","3":"status-publish","4":"has-post-thumbnail","6":"product_cat-macbook-battery-wholesale-china","7":"product_tag-7-4v-li-polymer-battery","8":"product_tag-a1245-37wh","9":"product_tag-a1245-battery","10":"product_tag-a1245-replacement","11":"product_tag-a1245-replacement-battery","12":"product_tag-apple","13":"product_tag-bulk-apple-battery-supplier","14":"product_tag-factory-wholesale-laptop-battery","15":"product_tag-factory-wholesale-li-polymer-laptop-battery-for-macbook-a1237-a1245","16":"product_tag-laptop-li-polymer-battery","17":"product_tag-macbook-a1237-battery","18":"product_tag-macbook-a1245-battery","19":"product_tag-macbook-air-a1237","20":"product_tag-macbook-air-a1304","21":"product_tag-no-moq-macbook-battery","22":"product_tag-repalce-macbook-1237-battery","23":"product_tag-wholesale-macbook-battery","24":"desktop-align-left","25":"tablet-align-left","26":"mobile-align-left","27":"ast-product-gallery-layout-horizontal-slider","28":"ast-product-tabs-layout-horizontal","30":"first","31":"instock","32":"shipping-taxable","33":"purchasable","34":"product-type-simple"},"acf":[],"_links":{"self":[{"href":"https:\/\/www.balderpower.com\/fr\/wp-json\/wp\/v2\/product\/4757","targetHints":{"allow":["GET"]}}],"collection":[{"href":"https:\/\/www.balderpower.com\/fr\/wp-json\/wp\/v2\/product"}],"about":[{"href":"https:\/\/www.balderpower.com\/fr\/wp-json\/wp\/v2\/types\/product"}],"version-history":[{"count":5,"href":"https:\/\/www.balderpower.com\/fr\/wp-json\/wp\/v2\/product\/4757\/revisions"}],"predecessor-version":[{"id":10899,"href":"https:\/\/www.balderpower.com\/fr\/wp-json\/wp\/v2\/product\/4757\/revisions\/10899"}],"wp:featuredmedia":[{"embeddable":true,"href":"https:\/\/www.balderpower.com\/fr\/wp-json\/wp\/v2\/media\/10889"}],"wp:attachment":[{"href":"https:\/\/www.balderpower.com\/fr\/wp-json\/wp\/v2\/media?parent=4757"}],"wp:term":[{"taxonomy":"product_brand","embeddable":true,"href":"https:\/\/www.balderpower.com\/fr\/wp-json\/wp\/v2\/product_brand?post=4757"},{"taxonomy":"product_cat","embeddable":true,"href":"https:\/\/www.balderpower.com\/fr\/wp-json\/wp\/v2\/product_cat?post=4757"},{"taxonomy":"product_tag","embeddable":true,"href":"https:\/\/www.balderpower.com\/fr\/wp-json\/wp\/v2\/product_tag?post=4757"}],"curies":[{"name":"wp","href":"https:\/\/api.w.org\/{rel}","templated":true}]}}