{"id":4750,"date":"2022-11-17T15:11:49","date_gmt":"2022-11-17T07:11:49","guid":{"rendered":"https:\/\/gjt.lpf.mybluehost.me\/website_cd5134ed\/?post_type=product&#038;p=4750"},"modified":"2026-03-06T15:52:37","modified_gmt":"2026-03-06T07:52:37","slug":"batterie-a1382-pour-macbook-pro-15-pouces-a1286-en-gros","status":"publish","type":"product","link":"https:\/\/www.balderpower.com\/fr\/a1382-battery-macbook-pro-15-inch-a1286-wholesale\/","title":{"rendered":"Batterie A1382 pour MacBook Pro 15\u2033 A1286 (2011-2012) | Vente en gros directe d&#039;usine"},"content":{"rendered":"<h2 data-start=\"2273\" data-end=\"2350\">Batterie de remplacement professionnelle A1382 pour MacBook Pro 15 pouces (2011-2012)<\/h2>\n<p data-start=\"2352\" data-end=\"2647\">Redonnez toute sa puissance \u00e0 votre station de travail monocoque classique gr\u00e2ce \u00e0 Balder Power. <strong data-start=\"2425\" data-end=\"2442\">Batterie A1382<\/strong>. Sp\u00e9cialement con\u00e7u pour <strong data-start=\"2476\" data-end=\"2550\">MacBook Pro 15 pouces A1286 (mod\u00e8les d\u00e9but 2011, fin 2011 et mi-2012)<\/strong>, Cette batterie est la solution id\u00e9ale pour r\u00e9soudre les probl\u00e8mes li\u00e9s aux messages d&#039;erreur \u201c\u00a0Batterie \u00e0 remplacer\u00a0\u201d et aux autonomies r\u00e9duites.<\/p>\n<p data-start=\"2649\" data-end=\"3053\">En tant que leader <strong data-start=\"2662\" data-end=\"2690\">Batteries pour ordinateurs portables en gros<\/strong> Fabriqu\u00e9 en Chine, nous privil\u00e9gions la stabilit\u00e9 et la long\u00e9vit\u00e9. Contrairement aux batteries de rechange bon march\u00e9 qui se d\u00e9gradent en quelques mois, notre batterie de remplacement A1382 utilise\u2026 <strong data-start=\"2848\" data-end=\"2881\">Cellules lithium-polym\u00e8re de qualit\u00e9 A<\/strong> pour correspondre aux sp\u00e9cifications d&#039;origine d&#039;Apple <strong data-start=\"2927\" data-end=\"2947\">77,5 Wh (7200 mAh)<\/strong>. Cela garantit \u00e0 vos clients l&#039;autonomie de batterie qu&#039;ils attendent pour le montage vid\u00e9o, le codage et les travaux de conception.<\/p>\n<h3 data-start=\"6529\" data-end=\"6578\">\ud83d\udcbb Liste de compatibilit\u00e9 (\u00e0 v\u00e9rifier avant de commander)<\/h3>\n<p data-start=\"6580\" data-end=\"6709\"><em data-start=\"6580\" data-end=\"6709\">Attention : Cette batterie convient <strong data-start=\"6610\" data-end=\"6629\">A1286 2011-2012<\/strong> Compatible uniquement avec les mod\u00e8les A1286. Ne convient PAS aux mod\u00e8les 2009\/2010 (qui utilisent une batterie A1321).<\/em><\/p>\n<p data-start=\"6711\" data-end=\"6753\"><strong data-start=\"6711\" data-end=\"6753\">Mod\u00e8les MacBook Pro 15 pouces compatibles\u00a0:<\/strong><\/p>\n<ul data-start=\"6754\" data-end=\"6925\">\n<li data-start=\"6754\" data-end=\"6794\">\n<p data-start=\"6758\" data-end=\"6794\"><strong data-start=\"6758\" data-end=\"6773\">D\u00e9but 2011 :<\/strong> MC721LL\/A, MC723LL\/A<\/p>\n<\/li>\n<li data-start=\"6795\" data-end=\"6834\">\n<p data-start=\"6799\" data-end=\"6834\"><strong data-start=\"6799\" data-end=\"6813\">Fin 2011 :<\/strong> MD318LL\/A, MD322LL\/A<\/p>\n<\/li>\n<li data-start=\"6835\" data-end=\"6873\">\n<p data-start=\"6839\" data-end=\"6873\"><strong data-start=\"6839\" data-end=\"6852\">Mi-2012 :<\/strong> MD103LL\/A, MD104LL\/A<\/p>\n<\/li>\n<li data-start=\"6874\" data-end=\"6925\">\n<p data-start=\"6878\" data-end=\"6925\"><strong data-start=\"6878\" data-end=\"6896\">Mod\u00e8le de machine :<\/strong> A1286 (CEM 2417, 2563, 2556)<\/p>\n<\/li>\n<\/ul>","protected":false},"excerpt":{"rendered":"<ul>\n<li data-start=\"1585\" data-end=\"1766\">\n<p data-start=\"1589\" data-end=\"1766\"><strong data-start=\"1589\" data-end=\"1766\">Batterie haute performance 77,5 Wh A1382 pour MacBook Pro 15\u2033 A1286 (2011-2012), dot\u00e9e de cellules polym\u00e8res de qualit\u00e9 sup\u00e9rieure. Prix de gros direct usine avec garantie de qualit\u00e9 ISO 9001.<\/strong><\/p>\n<\/li>\n<li data-start=\"1767\" data-end=\"1829\">\n<p data-start=\"1771\" data-end=\"1829\"><strong data-start=\"1771\" data-end=\"1789\">Capacit\u00e9 r\u00e9elle :<\/strong> 7200 mAh \/ 77,5 Wh (capacit\u00e9 nominale r\u00e9elle).<\/p>\n<\/li>\n<li data-start=\"1830\" data-end=\"1882\">\n<p data-start=\"1834\" data-end=\"1882\"><strong data-start=\"1834\" data-end=\"1846\">tension:<\/strong> 10,95 V (Sortie stable pour Core i7).<\/p>\n<\/li>\n<li data-start=\"1883\" data-end=\"1967\">\n<p data-start=\"1887\" data-end=\"1967\"><strong data-start=\"1887\" data-end=\"1905\">Compatibilit\u00e9:<\/strong> Compatible avec les MacBook Pro 15\u2033 Unibody d\u00e9but 2011, fin 2011 et mi-2012.<\/p>\n<\/li>\n<li data-start=\"1968\" data-end=\"2033\">\n<p data-start=\"1972\" data-end=\"2033\"><strong data-start=\"1972\" data-end=\"1986\">Type de cellule :<\/strong> Batterie Li-Polym\u00e8re Premium (cycle z\u00e9ro, \u00e0 base de cobalt).<\/p>\n<\/li>\n<li data-start=\"2034\" data-end=\"2111\">\n<p data-start=\"2038\" data-end=\"2111\"><strong data-start=\"2038\" data-end=\"2054\">Service B2B\u00a0:<\/strong> Faible quantit\u00e9 minimale de commande, \u00e9tiquetage OEM, exp\u00e9dition rapide (certifi\u00e9 UN38.3).<\/p>\n<\/li>\n<li data-start=\"2112\" data-end=\"2177\">\n<p data-start=\"2116\" data-end=\"2177\"><strong data-start=\"2116\" data-end=\"2129\">Garantie:<\/strong> Garantie de remplacement de 12 mois pour les grossistes.<\/p>\n<\/li>\n<\/ul>","protected":false},"featured_media":10796,"template":"","meta":{"_acf_changed":false,"nf_dc_page":"","site-sidebar-layout":"default","site-content-layout":"default","ast-site-content-layout":"default","site-content-style":"default","site-sidebar-style":"default","ast-global-header-display":"","ast-banner-title-visibility":"","ast-main-header-display":"","ast-hfb-above-header-display":"","ast-hfb-below-header-display":"","ast-hfb-mobile-header-display":"","site-post-title":"","ast-breadcrumbs-content":"","ast-featured-img":"","footer-sml-layout":"","ast-disable-related-posts":"","theme-transparent-header-meta":"default","adv-header-id-meta":"","stick-header-meta":"default","header-above-stick-meta":"","header-main-stick-meta":"","header-below-stick-meta":"","astra-migrate-meta-layouts":"set","ast-page-background-enabled":"default","ast-page-background-meta":{"desktop":{"background-color":"","background-image":"","background-repeat":"repeat","background-position":"center center","background-size":"auto","background-attachment":"scroll","background-type":"","background-media":"","overlay-type":"","overlay-color":"","overlay-opacity":"","overlay-gradient":""},"tablet":{"background-color":"","background-image":"","background-repeat":"repeat","background-position":"center center","background-size":"auto","background-attachment":"scroll","background-type":"","background-media":"","overlay-type":"","overlay-color":"","overlay-opacity":"","overlay-gradient":""},"mobile":{"background-color":"","background-image":"","background-repeat":"repeat","background-position":"center center","background-size":"auto","background-attachment":"scroll","background-type":"","background-media":"","overlay-type":"","overlay-color":"","overlay-opacity":"","overlay-gradient":""}},"ast-content-background-meta":{"desktop":{"background-color":"var(--ast-global-color-5)","background-image":"","background-repeat":"repeat","background-position":"center center","background-size":"auto","background-attachment":"scroll","background-type":"","background-media":"","overlay-type":"","overlay-color":"","overlay-opacity":"","overlay-gradient":""},"tablet":{"background-color":"var(--ast-global-color-5)","background-image":"","background-repeat":"repeat","background-position":"center center","background-size":"auto","background-attachment":"scroll","background-type":"","background-media":"","overlay-type":"","overlay-color":"","overlay-opacity":"","overlay-gradient":""},"mobile":{"background-color":"var(--ast-global-color-5)","background-image":"","background-repeat":"repeat","background-position":"center center","background-size":"auto","background-attachment":"scroll","background-type":"","background-media":"","overlay-type":"","overlay-color":"","overlay-opacity":"","overlay-gradient":""}},"_joinchat":[]},"product_brand":[],"product_cat":[125],"product_tag":[455,146,454,147,1030,1224,457,1032,456,1034,148,453,1033,451,1035,145,1031],"class_list":{"0":"post-4750","1":"product","2":"type-product","3":"status-publish","4":"has-post-thumbnail","6":"product_cat-macbook-battery-wholesale-china","7":"product_tag-10-95v-77-5wh-laptop-battery","8":"product_tag-10-95v-laptop-battery","9":"product_tag-a1286-replacement-battery","10":"product_tag-a1382-battery","11":"product_tag-a1382-manufacturer","12":"product_tag-apple","13":"product_tag-bulk-li-polymer-battery","14":"product_tag-factory-direct-price","15":"product_tag-factory-wholesale-apple-battery","16":"product_tag-it-repair-shop-supply","17":"product_tag-macbook-a1286-battery","18":"product_tag-macbook-a1382-battery","19":"product_tag-macbook-pro-refurbishing","20":"product_tag-no-moq-macbook-battery","21":"product_tag-school-laptop-maintenance","22":"product_tag-wholesale-10-95v-77-5wh-laptop-battery-for-macbook-a1382-a1286","23":"product_tag-wholesale-macbook-parts","24":"desktop-align-left","25":"tablet-align-left","26":"mobile-align-left","27":"ast-product-gallery-layout-horizontal-slider","28":"ast-product-tabs-layout-horizontal","30":"first","31":"instock","32":"shipping-taxable","33":"purchasable","34":"product-type-simple"},"acf":[],"_links":{"self":[{"href":"https:\/\/www.balderpower.com\/fr\/wp-json\/wp\/v2\/product\/4750","targetHints":{"allow":["GET"]}}],"collection":[{"href":"https:\/\/www.balderpower.com\/fr\/wp-json\/wp\/v2\/product"}],"about":[{"href":"https:\/\/www.balderpower.com\/fr\/wp-json\/wp\/v2\/types\/product"}],"version-history":[{"count":4,"href":"https:\/\/www.balderpower.com\/fr\/wp-json\/wp\/v2\/product\/4750\/revisions"}],"predecessor-version":[{"id":10805,"href":"https:\/\/www.balderpower.com\/fr\/wp-json\/wp\/v2\/product\/4750\/revisions\/10805"}],"wp:featuredmedia":[{"embeddable":true,"href":"https:\/\/www.balderpower.com\/fr\/wp-json\/wp\/v2\/media\/10796"}],"wp:attachment":[{"href":"https:\/\/www.balderpower.com\/fr\/wp-json\/wp\/v2\/media?parent=4750"}],"wp:term":[{"taxonomy":"product_brand","embeddable":true,"href":"https:\/\/www.balderpower.com\/fr\/wp-json\/wp\/v2\/product_brand?post=4750"},{"taxonomy":"product_cat","embeddable":true,"href":"https:\/\/www.balderpower.com\/fr\/wp-json\/wp\/v2\/product_cat?post=4750"},{"taxonomy":"product_tag","embeddable":true,"href":"https:\/\/www.balderpower.com\/fr\/wp-json\/wp\/v2\/product_tag?post=4750"}],"curies":[{"name":"wp","href":"https:\/\/api.w.org\/{rel}","templated":true}]}}