{"id":4724,"date":"2022-11-17T09:21:41","date_gmt":"2022-11-17T01:21:41","guid":{"rendered":"https:\/\/gjt.lpf.mybluehost.me\/website_cd5134ed\/?post_type=product&#038;p=4724"},"modified":"2026-03-06T15:52:42","modified_gmt":"2026-03-06T07:52:42","slug":"batterie-a1383-pour-macbook-pro-17-pouces-a1297-en-gros","status":"publish","type":"product","link":"https:\/\/www.balderpower.com\/fr\/a1383-battery-macbook-pro-17-inch-a1297-wholesale\/","title":{"rendered":"Batterie A1383 pour MacBook Pro 17\u2033 A1297 (d\u00e9but\/fin 2011) | Vente en gros directe d&#039;usine"},"content":{"rendered":"<h2 data-start=\"2241\" data-end=\"2308\">Batterie de remplacement Premium A1383 pour MacBook Pro 17 pouces (2011)<\/h2>\n<p data-start=\"2310\" data-end=\"2565\">Redonnez vie \u00e0 votre poste de travail classique de 17 pouces gr\u00e2ce \u00e0 Balder Power. <strong data-start=\"2373\" data-end=\"2390\">Batterie A1383<\/strong>. Con\u00e7u sp\u00e9cifiquement pour <strong data-start=\"2422\" data-end=\"2491\">MacBook Pro 17\u2033 Unibody A1297 (versions d\u00e9but 2011 et fin 2011)<\/strong>, Cette batterie restaure les performances d&#039;usine du plus grand ordinateur portable d&#039;Apple.<\/p>\n<p data-start=\"2567\" data-end=\"2919\">En tant que sp\u00e9cialiste <strong data-start=\"2584\" data-end=\"2612\">Batteries pour ordinateurs portables en gros<\/strong> En tant que fabricant, nous comprenons que les utilisateurs de l&#039;A1297 ont besoin d&#039;une alimentation stable pour le rendu et les traitements intensifs. Contrairement aux alternatives bon march\u00e9 qui se d\u00e9gradent rapidement, notre <strong data-start=\"2771\" data-end=\"2800\">Remplacement de la batterie A1383<\/strong> utilise des cellules polym\u00e8res haute densit\u00e9 pour correspondre \u00e0 l&#039;original <strong data-start=\"2855\" data-end=\"2863\">95 Wh<\/strong> sp\u00e9cifications garantissant une fiabilit\u00e9 de niveau professionnel.<\/p>\n<h3 data-start=\"6211\" data-end=\"6255\">\ud83d\udcbb Liste de compatibilit\u00e9 (V\u00e9rifiez votre mod\u00e8le)<\/h3>\n<p data-start=\"6257\" data-end=\"6365\"><em data-start=\"6257\" data-end=\"6365\">Important\u00a0: Cette batterie est UNIQUEMENT compatible avec les mod\u00e8les 2011. Elle n\u2019est PAS compatible avec les mod\u00e8les A1297 de 2009\/2010 (qui utilisent la batterie A1309).<\/em><\/p>\n<p data-start=\"6367\" data-end=\"6409\"><strong data-start=\"6367\" data-end=\"6409\">Mod\u00e8les MacBook Pro 17 pouces compatibles\u00a0:<\/strong><\/p>\n<ul data-start=\"6410\" data-end=\"6644\">\n<li data-start=\"6410\" data-end=\"6495\">\n<p data-start=\"6414\" data-end=\"6495\"><strong data-start=\"6414\" data-end=\"6445\">MacBook Pro 17\u2033 D\u00e9but 2011\u00a0:<\/strong> MC725LL\/A, MC725*\/A, MC725B\/A, MC725J\/A, MC725E\/A<\/p>\n<\/li>\n<li data-start=\"6496\" data-end=\"6580\">\n<p data-start=\"6500\" data-end=\"6580\"><strong data-start=\"6500\" data-end=\"6530\">MacBook Pro 17\u2033 Fin 2011\u00a0:<\/strong> MD311LL\/A, MD311*\/A, MD311B\/A, MD311J\/A, MD311E\/A<\/p>\n<\/li>\n<li data-start=\"6581\" data-end=\"6644\">\n<p data-start=\"6585\" data-end=\"6644\"><strong data-start=\"6585\" data-end=\"6609\">Num\u00e9ro de mod\u00e8le de l&#039;appareil\u00a0:<\/strong> A1297 (V\u00e9rifier EMC 2352-1, EMC 2564)<\/p>\n<\/li>\n<\/ul>","protected":false},"excerpt":{"rendered":"<ul>\n<li data-start=\"1551\" data-end=\"1730\">\n<p data-start=\"1555\" data-end=\"1730\"><strong data-start=\"1555\" data-end=\"1730\">Batterie haute capacit\u00e9 95 Wh A1383 pour MacBook Pro 17\u2033 A1297 (d\u00e9but\/fin 2011) avec cellules polym\u00e8res de premi\u00e8re qualit\u00e9. Prix de gros direct usine certifi\u00e9 ISO 9001 avec garantie de 12 mois.<\/strong><\/p>\n<\/li>\n<li data-start=\"1731\" data-end=\"1809\">\n<p data-start=\"1735\" data-end=\"1809\"><strong data-start=\"1735\" data-end=\"1748\">Capacit\u00e9:<\/strong> V\u00e9ritable 95 Wh \/ 8436 mAh (Haute performance pour stations de travail 17\u2033).<\/p>\n<\/li>\n<li data-start=\"1810\" data-end=\"1850\">\n<p data-start=\"1814\" data-end=\"1850\"><strong data-start=\"1814\" data-end=\"1826\">tension:<\/strong> 10,95 V (Sortie stable).<\/p>\n<\/li>\n<li data-start=\"1851\" data-end=\"1903\">\n<p data-start=\"1855\" data-end=\"1903\"><strong data-start=\"1855\" data-end=\"1870\">Qualit\u00e9 cellulaire :<\/strong> Lithium-polym\u00e8re de qualit\u00e9 A (cycle z\u00e9ro).<\/p>\n<\/li>\n<li data-start=\"1904\" data-end=\"2001\">\n<p data-start=\"1908\" data-end=\"2001\"><strong data-start=\"1908\" data-end=\"1926\">Compatibilit\u00e9:<\/strong> Exclusivit\u00e9 pour MacBook Pro 17 pouces Unibody <strong data-start=\"1969\" data-end=\"1984\">Mod\u00e8les 2011<\/strong> (MC725 \/ MD311).<\/p>\n<\/li>\n<li data-start=\"2002\" data-end=\"2066\">\n<p data-start=\"2006\" data-end=\"2066\"><strong data-start=\"2006\" data-end=\"2017\">S\u00e9curit\u00e9:<\/strong> Protection int\u00e9gr\u00e9e contre les surcharges et les courts-circuits.<\/p>\n<\/li>\n<li data-start=\"2067\" data-end=\"2145\">\n<p data-start=\"2071\" data-end=\"2145\"><strong data-start=\"2071\" data-end=\"2092\">Soutien aux entreprises :<\/strong> Prix de gros, exp\u00e9dition en vrac (certifi\u00e9 UN38.3).<\/p>\n<\/li>\n<\/ul>\n<p>&nbsp;<\/p>\n<div id=\"gtx-trans\" style=\"position: absolute; left: -166px; top: -3px;\">\n<div class=\"gtx-trans-icon\"><\/div>\n<\/div>","protected":false},"featured_media":10780,"template":"","meta":{"_acf_changed":false,"nf_dc_page":"","site-sidebar-layout":"default","site-content-layout":"default","ast-site-content-layout":"default","site-content-style":"default","site-sidebar-style":"default","ast-global-header-display":"","ast-banner-title-visibility":"","ast-main-header-display":"","ast-hfb-above-header-display":"","ast-hfb-below-header-display":"","ast-hfb-mobile-header-display":"","site-post-title":"","ast-breadcrumbs-content":"","ast-featured-img":"","footer-sml-layout":"","ast-disable-related-posts":"","theme-transparent-header-meta":"default","adv-header-id-meta":"","stick-header-meta":"default","header-above-stick-meta":"","header-main-stick-meta":"","header-below-stick-meta":"","astra-migrate-meta-layouts":"set","ast-page-background-enabled":"default","ast-page-background-meta":{"desktop":{"background-color":"","background-image":"","background-repeat":"repeat","background-position":"center center","background-size":"auto","background-attachment":"scroll","background-type":"","background-media":"","overlay-type":"","overlay-color":"","overlay-opacity":"","overlay-gradient":""},"tablet":{"background-color":"","background-image":"","background-repeat":"repeat","background-position":"center center","background-size":"auto","background-attachment":"scroll","background-type":"","background-media":"","overlay-type":"","overlay-color":"","overlay-opacity":"","overlay-gradient":""},"mobile":{"background-color":"","background-image":"","background-repeat":"repeat","background-position":"center center","background-size":"auto","background-attachment":"scroll","background-type":"","background-media":"","overlay-type":"","overlay-color":"","overlay-opacity":"","overlay-gradient":""}},"ast-content-background-meta":{"desktop":{"background-color":"var(--ast-global-color-5)","background-image":"","background-repeat":"repeat","background-position":"center center","background-size":"auto","background-attachment":"scroll","background-type":"","background-media":"","overlay-type":"","overlay-color":"","overlay-opacity":"","overlay-gradient":""},"tablet":{"background-color":"var(--ast-global-color-5)","background-image":"","background-repeat":"repeat","background-position":"center center","background-size":"auto","background-attachment":"scroll","background-type":"","background-media":"","overlay-type":"","overlay-color":"","overlay-opacity":"","overlay-gradient":""},"mobile":{"background-color":"var(--ast-global-color-5)","background-image":"","background-repeat":"repeat","background-position":"center center","background-size":"auto","background-attachment":"scroll","background-type":"","background-media":"","overlay-type":"","overlay-color":"","overlay-opacity":"","overlay-gradient":""}},"_joinchat":[]},"product_brand":[],"product_cat":[125],"product_tag":[470,142,467,1027,1224,256,141,466,1028,419,469,1029,367,468],"class_list":{"0":"post-4724","1":"product","2":"type-product","3":"status-publish","4":"has-post-thumbnail","6":"product_cat-macbook-battery-wholesale-china","7":"product_tag-8650mah-macbook-battery","8":"product_tag-a1383-battery","9":"product_tag-a1383-laptop-battery","10":"product_tag-a1383-wholesale","11":"product_tag-apple","12":"product_tag-bulk-laptop-batteries","13":"product_tag-laptop-battery-for-macbook-a1297-a1383","14":"product_tag-macbook-pro-a1297-battery","15":"product_tag-macbook-pro-battery-factory","16":"product_tag-no-moq-battery-supplier","17":"product_tag-oem-custom-battery","18":"product_tag-repair-parts-supplier","19":"product_tag-repair-shop-battery-supplier","20":"product_tag-wholesale-battery-factory-price","21":"desktop-align-left","22":"tablet-align-left","23":"mobile-align-left","24":"ast-product-gallery-layout-horizontal-slider","25":"ast-product-tabs-layout-horizontal","27":"first","28":"instock","29":"shipping-taxable","30":"purchasable","31":"product-type-simple"},"acf":[],"_links":{"self":[{"href":"https:\/\/www.balderpower.com\/fr\/wp-json\/wp\/v2\/product\/4724","targetHints":{"allow":["GET"]}}],"collection":[{"href":"https:\/\/www.balderpower.com\/fr\/wp-json\/wp\/v2\/product"}],"about":[{"href":"https:\/\/www.balderpower.com\/fr\/wp-json\/wp\/v2\/types\/product"}],"version-history":[{"count":4,"href":"https:\/\/www.balderpower.com\/fr\/wp-json\/wp\/v2\/product\/4724\/revisions"}],"predecessor-version":[{"id":10791,"href":"https:\/\/www.balderpower.com\/fr\/wp-json\/wp\/v2\/product\/4724\/revisions\/10791"}],"wp:featuredmedia":[{"embeddable":true,"href":"https:\/\/www.balderpower.com\/fr\/wp-json\/wp\/v2\/media\/10780"}],"wp:attachment":[{"href":"https:\/\/www.balderpower.com\/fr\/wp-json\/wp\/v2\/media?parent=4724"}],"wp:term":[{"taxonomy":"product_brand","embeddable":true,"href":"https:\/\/www.balderpower.com\/fr\/wp-json\/wp\/v2\/product_brand?post=4724"},{"taxonomy":"product_cat","embeddable":true,"href":"https:\/\/www.balderpower.com\/fr\/wp-json\/wp\/v2\/product_cat?post=4724"},{"taxonomy":"product_tag","embeddable":true,"href":"https:\/\/www.balderpower.com\/fr\/wp-json\/wp\/v2\/product_tag?post=4724"}],"curies":[{"name":"wp","href":"https:\/\/api.w.org\/{rel}","templated":true}]}}