{"id":4706,"date":"2022-11-15T21:16:55","date_gmt":"2022-11-15T13:16:55","guid":{"rendered":"https:\/\/gjt.lpf.mybluehost.me\/website_cd5134ed\/?post_type=product&#038;p=4706"},"modified":"2026-03-06T15:52:44","modified_gmt":"2026-03-06T07:52:44","slug":"batteries-macbook-air-11-pouces-a1406-et-a1495-en-gros","status":"publish","type":"product","link":"https:\/\/www.balderpower.com\/fr\/a1406-a1495-battery-macbook-air-11-inch-wholesale\/","title":{"rendered":"Batterie A1406 A1495 pour MacBook Air 11 pouces (A1370\/A1465) | Vente directe d&#039;usine"},"content":{"rendered":"<h2 data-start=\"2353\" data-end=\"2424\">Batterie de remplacement professionnelle pour MacBook Air 11 pouces (2011-2015)<\/h2>\n<p data-start=\"2426\" data-end=\"2753\">Je recherche une personne fiable <strong data-start=\"2449\" data-end=\"2479\">Fabricant de batteries A1370<\/strong> Ou fournisseur pour votre entreprise de r\u00e9paration\u00a0? Balder Power fournit des solutions hautes performances. <strong data-start=\"2557\" data-end=\"2598\">Batterie A1406 pour MacBook Air 11 pouces<\/strong> et le mod\u00e8le compatible A1495. Con\u00e7ues pour une longue dur\u00e9e de vie et une grande stabilit\u00e9, nos batteries sont le choix privil\u00e9gi\u00e9 des grossistes et des r\u00e9seaux de r\u00e9paration du monde entier.<\/p>\n<p data-start=\"2755\" data-end=\"2956\">Contrairement aux piles g\u00e9n\u00e9riques bon march\u00e9, nos produits utilisent <strong data-start=\"2808\" data-end=\"2833\">Cellules polym\u00e8res de qualit\u00e9 A<\/strong> et des puces de gestion TI import\u00e9es, assurant une compatibilit\u00e9 parfaite avec la derni\u00e8re version de macOS d&#039;Apple, sans avertissements ni arr\u00eats inopin\u00e9s.<\/p>\n<h3 data-start=\"6639\" data-end=\"6673\">\ud83d\udcbb Liste de compatibilit\u00e9 d\u00e9taill\u00e9e<\/h3>\n<p data-start=\"6674\" data-end=\"6750\"><em data-start=\"6674\" data-end=\"6750\">Veuillez v\u00e9rifier le num\u00e9ro de mod\u00e8le de votre appareil, qui se trouve sur le bo\u00eetier inf\u00e9rieur de votre MacBook.<\/em><\/p>\n<p data-start=\"6752\" data-end=\"6794\"><strong data-start=\"6752\" data-end=\"6794\">Mod\u00e8les de MacBook Air 11 pouces compatibles\u00a0:<\/strong><\/p>\n<ul data-start=\"6795\" data-end=\"7033\">\n<li data-start=\"6795\" data-end=\"6841\">\n<p data-start=\"6799\" data-end=\"6841\"><strong data-start=\"6799\" data-end=\"6820\">Mi-2011 (A1370) :<\/strong> MC968xx\/A, MC969xx\/A<\/p>\n<\/li>\n<li data-start=\"6842\" data-end=\"6888\">\n<p data-start=\"6846\" data-end=\"6888\"><strong data-start=\"6846\" data-end=\"6867\">Mi-2012 (A1465) :<\/strong> MD223xx\/A, MD224xx\/A<\/p>\n<\/li>\n<li data-start=\"6889\" data-end=\"6935\">\n<p data-start=\"6893\" data-end=\"6935\"><strong data-start=\"6893\" data-end=\"6914\">Mi-2013 (A1465) :<\/strong> MD711xx\/A, MD712xx\/A<\/p>\n<\/li>\n<li data-start=\"6936\" data-end=\"6984\">\n<p data-start=\"6940\" data-end=\"6984\"><strong data-start=\"6940\" data-end=\"6963\">D\u00e9but 2014 (A1465) :<\/strong> MD711xx\/B, MD712xx\/B<\/p>\n<\/li>\n<li data-start=\"6985\" data-end=\"7033\">\n<p data-start=\"6989\" data-end=\"7033\"><strong data-start=\"6989\" data-end=\"7012\">D\u00e9but 2015 (A1465) :<\/strong> MJVM2xx\/A, MJVP2xx\/A<\/p>\n<\/li>\n<\/ul>","protected":false},"excerpt":{"rendered":"<ul>\n<li data-start=\"1619\" data-end=\"1817\">\n<p data-start=\"1623\" data-end=\"1817\"><strong data-start=\"1623\" data-end=\"1817\">Batterie Premium A1406 A1495 pour MacBook Air 11 pouces (A1370\/A1465) avec cellules neuves et puces TI pour des performances optimales. Prix de gros direct usine, certifi\u00e9e ISO 9001.<\/strong><\/p>\n<\/li>\n<li data-start=\"1818\" data-end=\"1885\">\n<p data-start=\"1822\" data-end=\"1885\"><strong data-start=\"1822\" data-end=\"1835\">Capacit\u00e9:<\/strong> Capacit\u00e9 r\u00e9elle de 35 Wh \/ 4680 mAh (cellules polym\u00e8res haute densit\u00e9).<\/p>\n<\/li>\n<li data-start=\"1886\" data-end=\"1938\">\n<p data-start=\"1890\" data-end=\"1938\"><strong data-start=\"1890\" data-end=\"1902\">tension:<\/strong> Compatible 7,3 V \/ 7,6 V (BMS intelligent).<\/p>\n<\/li>\n<li data-start=\"1939\" data-end=\"2022\">\n<p data-start=\"1943\" data-end=\"2022\"><strong data-start=\"1943\" data-end=\"1961\">Compatibilit\u00e9:<\/strong> Convient aux MacBook Air 11\u2033 mi-2011 \u00e0 d\u00e9but 2015 (A1370 \/ A1465).<\/p>\n<\/li>\n<li data-start=\"2023\" data-end=\"2109\">\n<p data-start=\"2027\" data-end=\"2109\"><strong data-start=\"2027\" data-end=\"2045\">Niveau de qualit\u00e9 :<\/strong> Norme OEM avec circuit int\u00e9gr\u00e9 Texas Instruments (TI) pour le taux de d\u00e9fauts 0%.<\/p>\n<\/li>\n<li data-start=\"2110\" data-end=\"2204\">\n<p data-start=\"2114\" data-end=\"2204\"><strong data-start=\"2114\" data-end=\"2130\">Service B2B\u00a0:<\/strong> Faible quantit\u00e9 minimale de commande, \u00e9tiquetage personnalis\u00e9 disponible, exp\u00e9dition directe depuis l&#039;usine de Dongguan.<\/p>\n<\/li>\n<li data-start=\"2205\" data-end=\"2257\">\n<p data-start=\"2209\" data-end=\"2257\"><strong data-start=\"2209\" data-end=\"2228\">Certifications :<\/strong> CE, FCC, RoHS, UN38.3, FDS.<\/p>\n<\/li>\n<\/ul>\n<div id=\"gtx-trans\" style=\"position: absolute; left: 596px; top: 225.516px;\">\n<div class=\"gtx-trans-icon\"><\/div>\n<\/div>","protected":false},"featured_media":10762,"template":"","meta":{"_acf_changed":false,"nf_dc_page":"","site-sidebar-layout":"default","site-content-layout":"default","ast-site-content-layout":"default","site-content-style":"default","site-sidebar-style":"default","ast-global-header-display":"","ast-banner-title-visibility":"","ast-main-header-display":"","ast-hfb-above-header-display":"","ast-hfb-below-header-display":"","ast-hfb-mobile-header-display":"","site-post-title":"","ast-breadcrumbs-content":"","ast-featured-img":"","footer-sml-layout":"","ast-disable-related-posts":"","theme-transparent-header-meta":"default","adv-header-id-meta":"","stick-header-meta":"default","header-above-stick-meta":"","header-main-stick-meta":"","header-below-stick-meta":"","astra-migrate-meta-layouts":"set","ast-page-background-enabled":"default","ast-page-background-meta":{"desktop":{"background-color":"","background-image":"","background-repeat":"repeat","background-position":"center center","background-size":"auto","background-attachment":"scroll","background-type":"","background-media":"","overlay-type":"","overlay-color":"","overlay-opacity":"","overlay-gradient":""},"tablet":{"background-color":"","background-image":"","background-repeat":"repeat","background-position":"center center","background-size":"auto","background-attachment":"scroll","background-type":"","background-media":"","overlay-type":"","overlay-color":"","overlay-opacity":"","overlay-gradient":""},"mobile":{"background-color":"","background-image":"","background-repeat":"repeat","background-position":"center center","background-size":"auto","background-attachment":"scroll","background-type":"","background-media":"","overlay-type":"","overlay-color":"","overlay-opacity":"","overlay-gradient":""}},"ast-content-background-meta":{"desktop":{"background-color":"var(--ast-global-color-5)","background-image":"","background-repeat":"repeat","background-position":"center center","background-size":"auto","background-attachment":"scroll","background-type":"","background-media":"","overlay-type":"","overlay-color":"","overlay-opacity":"","overlay-gradient":""},"tablet":{"background-color":"var(--ast-global-color-5)","background-image":"","background-repeat":"repeat","background-position":"center center","background-size":"auto","background-attachment":"scroll","background-type":"","background-media":"","overlay-type":"","overlay-color":"","overlay-opacity":"","overlay-gradient":""},"mobile":{"background-color":"var(--ast-global-color-5)","background-image":"","background-repeat":"repeat","background-position":"center center","background-size":"auto","background-attachment":"scroll","background-type":"","background-media":"","overlay-type":"","overlay-color":"","overlay-opacity":"","overlay-gradient":""}},"_joinchat":[]},"product_brand":[],"product_cat":[125],"product_tag":[1224,139,866,1023,1026,462,1022,1025,140,1024,1021],"class_list":{"0":"post-4706","1":"product","2":"type-product","3":"status-publish","4":"has-post-thumbnail","6":"product_cat-macbook-battery-wholesale-china","7":"product_tag-apple","8":"product_tag-battery-for-a1406","9":"product_tag-bulk-order","10":"product_tag-computer-repair-shop","11":"product_tag-electronics-distributor","12":"product_tag-factory-direct","13":"product_tag-oem-available","14":"product_tag-refurbished-laptop-market","15":"product_tag-replacement-battery-for-macbook-a1465","16":"product_tag-school-education-deployment","17":"product_tag-wholesale-macbook-battery","18":"desktop-align-left","19":"tablet-align-left","20":"mobile-align-left","21":"ast-product-gallery-layout-horizontal-slider","22":"ast-product-tabs-layout-horizontal","24":"first","25":"instock","26":"shipping-taxable","27":"purchasable","28":"product-type-simple"},"acf":[],"_links":{"self":[{"href":"https:\/\/www.balderpower.com\/fr\/wp-json\/wp\/v2\/product\/4706","targetHints":{"allow":["GET"]}}],"collection":[{"href":"https:\/\/www.balderpower.com\/fr\/wp-json\/wp\/v2\/product"}],"about":[{"href":"https:\/\/www.balderpower.com\/fr\/wp-json\/wp\/v2\/types\/product"}],"version-history":[{"count":4,"href":"https:\/\/www.balderpower.com\/fr\/wp-json\/wp\/v2\/product\/4706\/revisions"}],"predecessor-version":[{"id":10761,"href":"https:\/\/www.balderpower.com\/fr\/wp-json\/wp\/v2\/product\/4706\/revisions\/10761"}],"wp:featuredmedia":[{"embeddable":true,"href":"https:\/\/www.balderpower.com\/fr\/wp-json\/wp\/v2\/media\/10762"}],"wp:attachment":[{"href":"https:\/\/www.balderpower.com\/fr\/wp-json\/wp\/v2\/media?parent=4706"}],"wp:term":[{"taxonomy":"product_brand","embeddable":true,"href":"https:\/\/www.balderpower.com\/fr\/wp-json\/wp\/v2\/product_brand?post=4706"},{"taxonomy":"product_cat","embeddable":true,"href":"https:\/\/www.balderpower.com\/fr\/wp-json\/wp\/v2\/product_cat?post=4706"},{"taxonomy":"product_tag","embeddable":true,"href":"https:\/\/www.balderpower.com\/fr\/wp-json\/wp\/v2\/product_tag?post=4706"}],"curies":[{"name":"wp","href":"https:\/\/api.w.org\/{rel}","templated":true}]}}