{"id":4644,"date":"2022-11-15T14:35:01","date_gmt":"2022-11-15T06:35:01","guid":{"rendered":"https:\/\/gjt.lpf.mybluehost.me\/website_cd5134ed\/?post_type=product&#038;p=4644"},"modified":"2026-03-06T15:52:52","modified_gmt":"2026-03-06T07:52:52","slug":"batterie-universelle-a1466-a1496-pour-macbook-air-13-pouces-vente-en-gros","status":"publish","type":"product","link":"https:\/\/www.balderpower.com\/fr\/universal-a1466-a1496-battery-macbook-air-13-wholesale\/","title":{"rendered":"Batterie universelle A1466 A1496 pour MacBook Air 13\u2033 (fin 2010-2017) | Vente en gros directe d&#039;usine"},"content":{"rendered":"<h2 data-start=\"2383\" data-end=\"2460\">Optimisez votre activit\u00e9 de r\u00e9paration gr\u00e2ce \u00e0 la batterie universelle pour MacBook Air 13 pouces.<\/h2>\n<p data-start=\"2462\" data-end=\"2786\">G\u00e9rer les stocks de plusieurs g\u00e9n\u00e9rations de MacBook peut s&#039;av\u00e9rer complexe. Balder Power simplifie votre cha\u00eene d&#039;approvisionnement gr\u00e2ce \u00e0 notre solution <strong data-start=\"2584\" data-end=\"2617\">Batterie universelle A1466 A1496<\/strong>. Con\u00e7u pour \u00eatre le nec plus ultra <strong data-start=\"2649\" data-end=\"2678\">Remplacement de la batterie A1466<\/strong>, cette seule unit\u00e9 alimente parfaitement toute la gamme Apple MacBook Air 13 pouces \u00e0 partir de <strong data-start=\"2764\" data-end=\"2785\">Fin 2010 \u00e0 2017<\/strong>.<\/p>\n<p data-start=\"2788\" data-end=\"3084\">Que votre client apporte un plus \u00e2g\u00e9 <strong data-start=\"2829\" data-end=\"2850\">A1369 (2010-2011)<\/strong> ou un plus r\u00e9cent <strong data-start=\"2862\" data-end=\"2883\">A1466 (2012-2017)<\/strong>, Cette batterie est une solution pr\u00eate \u00e0 l&#039;emploi. En regroupant les mod\u00e8les A1377, A1405 et A1496 en un seul produit haut de gamme, nous aidons les grossistes et les ateliers de r\u00e9paration \u00e0 r\u00e9duire leurs stocks dormants et \u00e0 optimiser leur rotation des stocks.<\/p>\n<h3 data-start=\"6593\" data-end=\"6633\">\ud83d\udcbb Guide de compatibilit\u00e9 complet<\/h3>\n<p data-start=\"6635\" data-end=\"6698\"><em data-start=\"6635\" data-end=\"6698\">Notre solution tout-en-un couvre 7 ans de sorties de MacBook Air.<\/em><\/p>\n<p data-start=\"6700\" data-end=\"6719\"><strong data-start=\"6700\" data-end=\"6719\">Mod\u00e8les de machines :<\/strong><\/p>\n<ul data-start=\"6720\" data-end=\"7116\">\n<li data-start=\"6720\" data-end=\"6775\">\n<p data-start=\"6724\" data-end=\"6775\"><strong data-start=\"6724\" data-end=\"6754\">MacBook Air 13\u2033 Fin 2010\u00a0:<\/strong> A1369 (MC503, MC504)<\/p>\n<\/li>\n<li data-start=\"6776\" data-end=\"6837\">\n<p data-start=\"6780\" data-end=\"6837\"><strong data-start=\"6780\" data-end=\"6809\">MacBook Air 13\u2033 mi-2011\u00a0:<\/strong> A1369 (MC965, MC966, MD508)<\/p>\n<\/li>\n<li data-start=\"6838\" data-end=\"6892\">\n<p data-start=\"6842\" data-end=\"6892\"><strong data-start=\"6842\" data-end=\"6871\">MacBook Air 13\u2033 mi-2012\u00a0:<\/strong> A1466 (MD231, MD232)<\/p>\n<\/li>\n<li data-start=\"6893\" data-end=\"6947\">\n<p data-start=\"6897\" data-end=\"6947\"><strong data-start=\"6897\" data-end=\"6926\">MacBook Air 13\u2033 mi-2013\u00a0:<\/strong> A1466 (MD760, MD761)<\/p>\n<\/li>\n<li data-start=\"6948\" data-end=\"7008\">\n<p data-start=\"6952\" data-end=\"7008\"><strong data-start=\"6952\" data-end=\"6983\">MacBook Air 13\u2033 D\u00e9but 2014\u00a0:<\/strong> A1466 (MD760\/B, MD761\/B)<\/p>\n<\/li>\n<li data-start=\"7009\" data-end=\"7065\">\n<p data-start=\"7013\" data-end=\"7065\"><strong data-start=\"7013\" data-end=\"7044\">MacBook Air 13\u2033 D\u00e9but 2015\u00a0:<\/strong> A1466 (MJVE2, MJVG2)<\/p>\n<\/li>\n<li data-start=\"7066\" data-end=\"7116\">\n<p data-start=\"7070\" data-end=\"7116\"><strong data-start=\"7070\" data-end=\"7095\">MacBook Air 13\u2033 2017\u00a0:<\/strong> A1466 (MQD32, MQD42)<\/p>\n<\/li>\n<\/ul>\n<p data-start=\"7118\" data-end=\"7152\"><strong data-start=\"7118\" data-end=\"7152\">Remplace les r\u00e9f\u00e9rences de batterie\u00a0:<\/strong><\/p>\n<ul data-start=\"7153\" data-end=\"7264\">\n<li data-start=\"7153\" data-end=\"7173\">\n<p data-start=\"7157\" data-end=\"7173\"><strong data-start=\"7157\" data-end=\"7166\">A1377<\/strong> (50Wh)<\/p>\n<\/li>\n<li data-start=\"7174\" data-end=\"7194\">\n<p data-start=\"7178\" data-end=\"7194\"><strong data-start=\"7178\" data-end=\"7187\">A1405<\/strong> (50Wh)<\/p>\n<\/li>\n<li data-start=\"7195\" data-end=\"7217\">\n<p data-start=\"7199\" data-end=\"7217\"><strong data-start=\"7199\" data-end=\"7208\">A1496<\/strong> (54,4 Wh)<\/p>\n<\/li>\n<li data-start=\"7218\" data-end=\"7264\">\n<p data-start=\"7222\" data-end=\"7264\">020-7379-A, 020-8143-A, 661-6055, 661-6639<\/p>\n<\/li>\n<\/ul>","protected":false},"excerpt":{"rendered":"<ul>\n<li data-start=\"1622\" data-end=\"1811\">\n<p data-start=\"1626\" data-end=\"1811\"><strong data-start=\"1626\" data-end=\"1811\">Am\u00e9liorez votre stock avec notre batterie universelle A1466\/A1496 pour MacBook Air 13\u2033. Haute capacit\u00e9 de 7\u00a0200\u00a0mAh, BMS intelligent compatible avec les mod\u00e8les 2010-2017. Prix de gros direct usine.<\/strong><\/p>\n<\/li>\n<li data-start=\"1812\" data-end=\"1891\">\n<p data-start=\"1816\" data-end=\"1891\"><strong data-start=\"1816\" data-end=\"1837\">Une seule r\u00e9f\u00e9rence pour tous :<\/strong> Compatible avec les mod\u00e8les A1377, A1405 et A1496.<\/p>\n<\/li>\n<li data-start=\"1892\" data-end=\"1964\">\n<p data-start=\"1896\" data-end=\"1964\"><strong data-start=\"1896\" data-end=\"1918\">Capacit\u00e9 \u00e9tendue\u00a0:<\/strong> 55 Wh \/ 7200 mAh (Am\u00e9lior\u00e9 par rapport \u00e0 la version originale de 50 Wh).<\/p>\n<\/li>\n<li data-start=\"1965\" data-end=\"2054\">\n<p data-start=\"1969\" data-end=\"2054\"><strong data-start=\"1969\" data-end=\"1992\">Synchronisation intelligente de la tension\u00a0:<\/strong> S&#039;adapte automatiquement aux exigences des cartes logiques 7,3 V \u2013 7,6 V.<\/p>\n<\/li>\n<li data-start=\"2055\" data-end=\"2135\">\n<p data-start=\"2059\" data-end=\"2135\"><strong data-start=\"2059\" data-end=\"2073\">Technologie cellulaire :<\/strong> Polym\u00e8re ternaire cobalt-lithium (courbe de d\u00e9charge plus stable).<\/p>\n<\/li>\n<li data-start=\"2136\" data-end=\"2214\">\n<p data-start=\"2140\" data-end=\"2214\"><strong data-start=\"2140\" data-end=\"2157\">Cha\u00eene d&#039;approvisionnement:<\/strong> Fabrication directe conforme aux normes d&#039;exportation UN38.3\/MSDS.<\/p>\n<\/li>\n<li data-start=\"2215\" data-end=\"2287\">\n<p data-start=\"2219\" data-end=\"2287\"><strong data-start=\"2219\" data-end=\"2238\">Clients cibles :<\/strong> Cha\u00eenes de r\u00e9paration, services informatiques de l&#039;\u00e9ducation, entreprises de reconditionnement.<\/p>\n<\/li>\n<\/ul>","protected":false},"featured_media":10810,"template":"","meta":{"_acf_changed":false,"nf_dc_page":"","site-sidebar-layout":"default","site-content-layout":"default","ast-site-content-layout":"default","site-content-style":"default","site-sidebar-style":"default","ast-global-header-display":"","ast-banner-title-visibility":"","ast-main-header-display":"","ast-hfb-above-header-display":"","ast-hfb-below-header-display":"","ast-hfb-mobile-header-display":"","site-post-title":"","ast-breadcrumbs-content":"","ast-featured-img":"","footer-sml-layout":"","ast-disable-related-posts":"","theme-transparent-header-meta":"default","adv-header-id-meta":"","stick-header-meta":"default","header-above-stick-meta":"","header-main-stick-meta":"","header-below-stick-meta":"","astra-migrate-meta-layouts":"set","ast-page-background-enabled":"default","ast-page-background-meta":{"desktop":{"background-color":"","background-image":"","background-repeat":"repeat","background-position":"center center","background-size":"auto","background-attachment":"scroll","background-type":"","background-media":"","overlay-type":"","overlay-color":"","overlay-opacity":"","overlay-gradient":""},"tablet":{"background-color":"","background-image":"","background-repeat":"repeat","background-position":"center center","background-size":"auto","background-attachment":"scroll","background-type":"","background-media":"","overlay-type":"","overlay-color":"","overlay-opacity":"","overlay-gradient":""},"mobile":{"background-color":"","background-image":"","background-repeat":"repeat","background-position":"center center","background-size":"auto","background-attachment":"scroll","background-type":"","background-media":"","overlay-type":"","overlay-color":"","overlay-opacity":"","overlay-gradient":""}},"ast-content-background-meta":{"desktop":{"background-color":"var(--ast-global-color-5)","background-image":"","background-repeat":"repeat","background-position":"center center","background-size":"auto","background-attachment":"scroll","background-type":"","background-media":"","overlay-type":"","overlay-color":"","overlay-opacity":"","overlay-gradient":""},"tablet":{"background-color":"var(--ast-global-color-5)","background-image":"","background-repeat":"repeat","background-position":"center center","background-size":"auto","background-attachment":"scroll","background-type":"","background-media":"","overlay-type":"","overlay-color":"","overlay-opacity":"","overlay-gradient":""},"mobile":{"background-color":"var(--ast-global-color-5)","background-image":"","background-repeat":"repeat","background-position":"center center","background-size":"auto","background-attachment":"scroll","background-type":"","background-media":"","overlay-type":"","overlay-color":"","overlay-opacity":"","overlay-gradient":""}},"_joinchat":[]},"product_brand":[],"product_cat":[125],"product_tag":[134,133,1037,135,1224,1036,1038,132],"class_list":{"0":"post-4644","1":"product","2":"type-product","3":"status-publish","4":"has-post-thumbnail","6":"product_cat-macbook-battery-wholesale-china","7":"product_tag-a1377-battery","8":"product_tag-a1405-battery","9":"product_tag-a1466-bulk-supplier","10":"product_tag-a1496-battery","11":"product_tag-apple","12":"product_tag-inventory-optimization","13":"product_tag-macbook-air-parts-wholesale","14":"product_tag-relacement-battery-for-mac-a1405-a1496-a1377","15":"desktop-align-left","16":"tablet-align-left","17":"mobile-align-left","18":"ast-product-gallery-layout-horizontal-slider","19":"ast-product-tabs-layout-horizontal","21":"first","22":"instock","23":"shipping-taxable","24":"purchasable","25":"product-type-simple"},"acf":[],"_links":{"self":[{"href":"https:\/\/www.balderpower.com\/fr\/wp-json\/wp\/v2\/product\/4644","targetHints":{"allow":["GET"]}}],"collection":[{"href":"https:\/\/www.balderpower.com\/fr\/wp-json\/wp\/v2\/product"}],"about":[{"href":"https:\/\/www.balderpower.com\/fr\/wp-json\/wp\/v2\/types\/product"}],"version-history":[{"count":4,"href":"https:\/\/www.balderpower.com\/fr\/wp-json\/wp\/v2\/product\/4644\/revisions"}],"predecessor-version":[{"id":10819,"href":"https:\/\/www.balderpower.com\/fr\/wp-json\/wp\/v2\/product\/4644\/revisions\/10819"}],"wp:featuredmedia":[{"embeddable":true,"href":"https:\/\/www.balderpower.com\/fr\/wp-json\/wp\/v2\/media\/10810"}],"wp:attachment":[{"href":"https:\/\/www.balderpower.com\/fr\/wp-json\/wp\/v2\/media?parent=4644"}],"wp:term":[{"taxonomy":"product_brand","embeddable":true,"href":"https:\/\/www.balderpower.com\/fr\/wp-json\/wp\/v2\/product_brand?post=4644"},{"taxonomy":"product_cat","embeddable":true,"href":"https:\/\/www.balderpower.com\/fr\/wp-json\/wp\/v2\/product_cat?post=4644"},{"taxonomy":"product_tag","embeddable":true,"href":"https:\/\/www.balderpower.com\/fr\/wp-json\/wp\/v2\/product_tag?post=4644"}],"curies":[{"name":"wp","href":"https:\/\/api.w.org\/{rel}","templated":true}]}}