{"id":4303,"date":"2022-10-29T23:06:11","date_gmt":"2022-10-29T15:06:11","guid":{"rendered":"https:\/\/gjt.lpf.mybluehost.me\/website_cd5134ed\/?post_type=product&#038;p=4303"},"modified":"2022-10-29T23:06:11","modified_gmt":"2022-10-29T15:06:11","slug":"3-cellules-de-batterie-lithium-ion-18650-de-7-v-et-3-000-mah","status":"publish","type":"product","link":"https:\/\/www.balderpower.com\/fr\/3-7v-3000mah-18650-li-ion-battery-cell\/","title":{"rendered":"Cellule de batterie Li-ion 18650 de 3,7 V et 3\u00a0000 mAh"},"content":{"rendered":"<table width=\"806\">\n<tbody>\n<tr>\n<td width=\"308\">Capacit\u00e9 nominale<\/td>\n<td width=\"498\">3000 mAh \u00e0 0,5 C<\/td>\n<\/tr>\n<tr>\n<td width=\"308\">Capacit\u00e9 minimale<\/td>\n<td width=\"498\">2900 mAh \u00e0 0,5C<\/td>\n<\/tr>\n<tr>\n<td width=\"308\">Tension nominale<\/td>\n<td width=\"498\">3,6 V<\/td>\n<\/tr>\n<tr>\n<td width=\"308\">Tension de charge<\/td>\n<td width=\"498\">4,20 V<\/td>\n<\/tr>\n<tr>\n<td width=\"308\">Tension de coupure de d\u00e9charge<\/td>\n<td width=\"498\">2,5 V<\/td>\n<\/tr>\n<tr>\n<td width=\"308\">Densit\u00e9 \u00e9nerg\u00e9tique<\/td>\n<td width=\"498\">222 Wh\/kg ( 1 \u00b0C min.)<\/td>\n<\/tr>\n<tr>\n<td width=\"308\">Courant de charge maximal<\/td>\n<td width=\"498\">1 C (2900 mA) 25 C (ne concerne pas la dur\u00e9e de vie du cycle)<\/td>\n<\/tr>\n<tr>\n<td width=\"308\">Courant de d\u00e9charge maximal<\/td>\n<td width=\"498\">3 C (8700 mA) 25 C (ne concerne pas la dur\u00e9e de vie du cycle)<\/td>\n<\/tr>\n<tr>\n<td width=\"308\">Plage d&#039;humidit\u00e9<\/td>\n<td width=\"498\">0 ~ 60 % HR (sans condensation)<\/td>\n<\/tr>\n<tr>\n<td width=\"308\">r\u00e9sistance interne<\/td>\n<td width=\"498\">\u2264 35 m\u03a9 (imp\u00e9dance AC, 1000 Hz)<\/td>\n<\/tr>\n<tr>\n<td width=\"308\">Dimensions de la batterie<\/td>\n<td width=\"498\">Hauteur : 64,85 \u00b1 0,25 mm<\/td>\n<\/tr>\n<tr>\n<td width=\"308\">capacit\u00e9 de d\u00e9charge du d\u00e9bit<\/td>\n<td width=\"498\">capacit\u00e9 de d\u00e9charge \u00e0 3C\/capacit\u00e9 de d\u00e9charge \u00e0 1C\u226590%<\/td>\n<\/tr>\n<tr>\n<td rowspan=\"2\" width=\"308\">Dur\u00e9e de vie du cycle RT<\/td>\n<td width=\"498\">Capacit\u00e9 de d\u00e9charge du 501e cycle \u226590% Capacit\u00e9 de d\u00e9charge d&#039;origine<\/td>\n<\/tr>\n<tr>\n<td width=\"498\">Capacit\u00e9 de d\u00e9charge du 1001e cycle \u2265 80% Capacit\u00e9 de d\u00e9charge initiale<\/td>\n<\/tr>\n<tr>\n<td rowspan=\"2\" width=\"308\">performances de d\u00e9charge \u00e0 haute et basse temp\u00e9rature<\/td>\n<td width=\"498\">capacit\u00e9 de d\u00e9charge \u00e0 \u2013 20\u2103\/capacit\u00e9 de d\u00e9charge \u00e0 25\u2103\u226570%<\/td>\n<\/tr>\n<tr>\n<td width=\"498\">capacit\u00e9 de d\u00e9charge \u00e0 60 \u2103\/capacit\u00e9 de d\u00e9charge \u00e0 25 \u2103 \u2265 90%<\/td>\n<\/tr>\n<tr>\n<td width=\"308\">Performances de stockage \u00e0 25 \u00b0C (SoC 100%)<\/td>\n<td width=\"498\">Capacit\u00e9 r\u00e9siduelle apr\u00e8s 28 jours de stockage \/ Capacit\u00e9 de d\u00e9charge initiale \u2265 851 TP3T<\/td>\n<\/tr>\n<\/tbody>\n<\/table>","protected":false},"excerpt":{"rendered":"<table width=\"806\">\n<tbody>\n<tr>\n<td width=\"308\">Capacit\u00e9 nominale<\/td>\n<td width=\"498\">3000 mAh \u00e0 0,5 C<\/td>\n<\/tr>\n<tr>\n<td width=\"308\">Capacit\u00e9 minimale<\/td>\n<td width=\"498\">2900 mAh \u00e0 0,5C<\/td>\n<\/tr>\n<tr>\n<td width=\"308\">Tension nominale<\/td>\n<td width=\"498\">3,6 V<\/td>\n<\/tr>\n<tr>\n<td width=\"308\">Tension de charge<\/td>\n<td width=\"498\">4,20 V<\/td>\n<\/tr>\n<tr>\n<td width=\"308\">Tension de coupure de d\u00e9charge<\/td>\n<td width=\"498\">2,5 V<\/td>\n<\/tr>\n<tr>\n<td width=\"308\">Densit\u00e9 \u00e9nerg\u00e9tique<\/td>\n<td width=\"498\">222 Wh\/kg ( 1 \u00b0C min.)<\/td>\n<\/tr>\n<tr>\n<td width=\"308\">Courant de charge maximal<\/td>\n<td width=\"498\">1 C (2900 mA) 25 C (ne concerne pas la dur\u00e9e de vie du cycle)<\/td>\n<\/tr>\n<tr>\n<td width=\"308\">Courant de d\u00e9charge maximal<\/td>\n<td width=\"498\">3 C (8700 mA) 25 C (ne concerne pas la dur\u00e9e de vie du cycle)<\/td>\n<\/tr>\n<\/tbody>\n<\/table>","protected":false},"featured_media":4304,"template":"","meta":{"_acf_changed":false,"nf_dc_page":"","site-sidebar-layout":"default","site-content-layout":"default","ast-site-content-layout":"default","site-content-style":"default","site-sidebar-style":"default","ast-global-header-display":"","ast-banner-title-visibility":"","ast-main-header-display":"","ast-hfb-above-header-display":"","ast-hfb-below-header-display":"","ast-hfb-mobile-header-display":"","site-post-title":"","ast-breadcrumbs-content":"","ast-featured-img":"","footer-sml-layout":"","ast-disable-related-posts":"","theme-transparent-header-meta":"default","adv-header-id-meta":"","stick-header-meta":"","header-above-stick-meta":"","header-main-stick-meta":"","header-below-stick-meta":"","astra-migrate-meta-layouts":"default","ast-page-background-enabled":"default","ast-page-background-meta":{"desktop":{"background-color":"","background-image":"","background-repeat":"repeat","background-position":"center center","background-size":"auto","background-attachment":"scroll","background-type":"","background-media":"","overlay-type":"","overlay-color":"","overlay-opacity":"","overlay-gradient":""},"tablet":{"background-color":"","background-image":"","background-repeat":"repeat","background-position":"center center","background-size":"auto","background-attachment":"scroll","background-type":"","background-media":"","overlay-type":"","overlay-color":"","overlay-opacity":"","overlay-gradient":""},"mobile":{"background-color":"","background-image":"","background-repeat":"repeat","background-position":"center center","background-size":"auto","background-attachment":"scroll","background-type":"","background-media":"","overlay-type":"","overlay-color":"","overlay-opacity":"","overlay-gradient":""}},"ast-content-background-meta":{"desktop":{"background-color":"var(--ast-global-color-5)","background-image":"","background-repeat":"repeat","background-position":"center center","background-size":"auto","background-attachment":"scroll","background-type":"","background-media":"","overlay-type":"","overlay-color":"","overlay-opacity":"","overlay-gradient":""},"tablet":{"background-color":"var(--ast-global-color-5)","background-image":"","background-repeat":"repeat","background-position":"center center","background-size":"auto","background-attachment":"scroll","background-type":"","background-media":"","overlay-type":"","overlay-color":"","overlay-opacity":"","overlay-gradient":""},"mobile":{"background-color":"var(--ast-global-color-5)","background-image":"","background-repeat":"repeat","background-position":"center center","background-size":"auto","background-attachment":"scroll","background-type":"","background-media":"","overlay-type":"","overlay-color":"","overlay-opacity":"","overlay-gradient":""}},"_joinchat":[]},"product_brand":[],"product_cat":[101],"product_tag":[],"class_list":{"0":"post-4303","1":"product","2":"type-product","3":"status-publish","4":"has-post-thumbnail","6":"product_cat-lithium-ion-battery-supplier-china","7":"desktop-align-left","8":"tablet-align-left","9":"mobile-align-left","10":"ast-product-gallery-layout-horizontal-slider","11":"ast-product-tabs-layout-horizontal","13":"first","14":"instock","15":"shipping-taxable","16":"product-type-simple"},"acf":[],"_links":{"self":[{"href":"https:\/\/www.balderpower.com\/fr\/wp-json\/wp\/v2\/product\/4303","targetHints":{"allow":["GET"]}}],"collection":[{"href":"https:\/\/www.balderpower.com\/fr\/wp-json\/wp\/v2\/product"}],"about":[{"href":"https:\/\/www.balderpower.com\/fr\/wp-json\/wp\/v2\/types\/product"}],"version-history":[{"count":0,"href":"https:\/\/www.balderpower.com\/fr\/wp-json\/wp\/v2\/product\/4303\/revisions"}],"wp:featuredmedia":[{"embeddable":true,"href":"https:\/\/www.balderpower.com\/fr\/wp-json\/wp\/v2\/media\/4304"}],"wp:attachment":[{"href":"https:\/\/www.balderpower.com\/fr\/wp-json\/wp\/v2\/media?parent=4303"}],"wp:term":[{"taxonomy":"product_brand","embeddable":true,"href":"https:\/\/www.balderpower.com\/fr\/wp-json\/wp\/v2\/product_brand?post=4303"},{"taxonomy":"product_cat","embeddable":true,"href":"https:\/\/www.balderpower.com\/fr\/wp-json\/wp\/v2\/product_cat?post=4303"},{"taxonomy":"product_tag","embeddable":true,"href":"https:\/\/www.balderpower.com\/fr\/wp-json\/wp\/v2\/product_tag?post=4303"}],"curies":[{"name":"wp","href":"https:\/\/api.w.org\/{rel}","templated":true}]}}