{"id":2414,"date":"2022-09-17T17:47:23","date_gmt":"2022-09-17T09:47:23","guid":{"rendered":"https:\/\/gjt.lpf.mybluehost.me\/website_cd5134ed\/?post_type=product&#038;p=2414"},"modified":"2022-09-17T23:31:35","modified_gmt":"2022-09-17T15:31:35","slug":"station-dalimentation-portable-500-w-31-000-mah","status":"publish","type":"product","link":"https:\/\/www.balderpower.com\/fr\/500w-31000mah-portable-power-station\/","title":{"rendered":"Station d&#039;alimentation portable 500 W 31\u00a0000 mAh pour \u00e9clairage ext\u00e9rieur et batterie externe pour ordinateur portable"},"content":{"rendered":"<table border=\"0\" width=\"843\" cellspacing=\"0\" cellpadding=\"0\">\n<tbody>\n<tr>\n<td width=\"227\" height=\"18\">Interface de sortie\u00a0:<\/td>\n<td width=\"616\">CC, USB\/CC, Quatre ports USB<\/td>\n<\/tr>\n<tr>\n<td width=\"227\" height=\"18\">Interface d&#039;entr\u00e9e :<\/td>\n<td>DC<\/td>\n<\/tr>\n<tr>\n<td width=\"227\" height=\"18\">Fonction:<\/td>\n<td>Support de charge rapide, charge solaire, affichage LED, support, charge pour appareils num\u00e9riques<\/td>\n<\/tr>\n<tr>\n<td width=\"227\" height=\"18\">Taper:<\/td>\n<td>\u00c9tanche, charge rapide, avec prise, haute capacit\u00e9, avec c\u00e2ble, portable, station d&#039;alimentation, affichage LED, pour l&#039;ext\u00e9rieur, batterie externe solaire<\/td>\n<\/tr>\n<tr>\n<td width=\"227\" height=\"18\">Type de batterie :<\/td>\n<td>Batterie au lithium 18650<\/td>\n<\/tr>\n<tr>\n<td width=\"227\" height=\"18\">Lieu d&#039;origine :<\/td>\n<td>Guangdong, Chine<\/td>\n<\/tr>\n<tr>\n<td width=\"227\" height=\"18\">Num\u00e9ro de mod\u00e8le\u00a0:<\/td>\n<td>UPS-500-BPL<\/td>\n<\/tr>\n<tr>\n<td width=\"227\" height=\"18\">Poids:<\/td>\n<td>3,15 kg<\/td>\n<\/tr>\n<tr>\n<td width=\"227\" height=\"18\">Norme de prise :<\/td>\n<td>Pour les \u00c9tats-Unis\/Canada, pour l&#039;UE, pour le Royaume-Uni, pour l&#039;Australie\/Nouvelle-Z\u00e9lande, pour l&#039;Italie, pour le Br\u00e9sil, pour le Japon, Universel, Autres<\/td>\n<\/tr>\n<tr>\n<td width=\"227\" height=\"18\">Protection:<\/td>\n<td>Protection contre la d\u00e9charge excessive, les courts-circuits, la surcharge et la basse tension<\/td>\n<\/tr>\n<tr>\n<td width=\"227\" height=\"18\">Puissance de sortie :<\/td>\n<td>500 W<\/td>\n<\/tr>\n<tr>\n<td width=\"227\" height=\"18\">Nom du produit :<\/td>\n<td>Batterie externe portable haute capacit\u00e9<\/td>\n<\/tr>\n<tr>\n<td width=\"227\" height=\"18\">Appareils compatibles\u00a0:<\/td>\n<td>T\u00e9l\u00e9phones portables \/ MP3 \/ Tablettes<\/td>\n<\/tr>\n<tr>\n<td width=\"227\" height=\"18\">Capacit\u00e9 de la batterie :<\/td>\n<td>31\u00a0000 mAh<\/td>\n<\/tr>\n<tr>\n<td width=\"227\" height=\"18\">Garantie:<\/td>\n<td>1 an<\/td>\n<\/tr>\n<tr>\n<td width=\"227\" height=\"18\">Couleurs:<\/td>\n<td>Couleur personnalis\u00e9e<\/td>\n<\/tr>\n<tr>\n<td width=\"227\" height=\"18\">Application:<\/td>\n<td>Ext\u00e9rieur Int\u00e9rieur<\/td>\n<\/tr>\n<tr>\n<td width=\"227\" height=\"18\">MOQ\u00a0:<\/td>\n<td>1 pi\u00e8ce<\/td>\n<\/tr>\n<tr>\n<td width=\"227\" height=\"18\">OEM :<\/td>\n<td>Acceptable<\/td>\n<\/tr>\n<\/tbody>\n<\/table>\n<p><img fetchpriority=\"high\" decoding=\"async\" class=\"wp-image-2438 alignleft\" src=\"https:\/\/gjt.lpf.mybluehost.me\/website_cd5134ed\/wp-content\/uploads\/2022\/09\/500w-31000mah-Portable-Power-Station-for-Outdoor-Lighting-Laptop-Powerbank-details-1.png\" alt=\"\" width=\"952\" height=\"856\" srcset=\"https:\/\/www.balderpower.com\/wp-content\/uploads\/2022\/09\/500w-31000mah-Portable-Power-Station-for-Outdoor-Lighting-Laptop-Powerbank-details-1.png 750w, https:\/\/www.balderpower.com\/wp-content\/uploads\/2022\/09\/500w-31000mah-Portable-Power-Station-for-Outdoor-Lighting-Laptop-Powerbank-details-1-600x539.png 600w, https:\/\/www.balderpower.com\/wp-content\/uploads\/2022\/09\/500w-31000mah-Portable-Power-Station-for-Outdoor-Lighting-Laptop-Powerbank-details-1-64x58.png 64w\" sizes=\"(max-width: 952px) 100vw, 952px\" data-no-translation=\"\" \/><\/p>\n<p>&nbsp;<\/p>\n<p>&nbsp;<\/p>\n<p>&nbsp;<\/p>\n<p>&nbsp;<\/p>\n<p>&nbsp;<\/p>\n<p>&nbsp;<\/p>\n<p>&nbsp;<\/p>\n<p>&nbsp;<\/p>\n<p>&nbsp;<\/p>\n<p>&nbsp;<\/p>\n<p>&nbsp;<\/p>\n<p>&nbsp;<\/p>\n<p><img decoding=\"async\" class=\"wp-image-2439 alignleft\" src=\"https:\/\/gjt.lpf.mybluehost.me\/website_cd5134ed\/wp-content\/uploads\/2022\/09\/500w-31000mah-Portable-Power-Station-for-Outdoor-Lighting-Laptop-Powerbank-details-2.png\" alt=\"\" width=\"990\" height=\"676\" srcset=\"https:\/\/www.balderpower.com\/wp-content\/uploads\/2022\/09\/500w-31000mah-Portable-Power-Station-for-Outdoor-Lighting-Laptop-Powerbank-details-2.png 750w, https:\/\/www.balderpower.com\/wp-content\/uploads\/2022\/09\/500w-31000mah-Portable-Power-Station-for-Outdoor-Lighting-Laptop-Powerbank-details-2-600x410.png 600w, https:\/\/www.balderpower.com\/wp-content\/uploads\/2022\/09\/500w-31000mah-Portable-Power-Station-for-Outdoor-Lighting-Laptop-Powerbank-details-2-64x44.png 64w\" sizes=\"(max-width: 990px) 100vw, 990px\" data-no-translation=\"\" \/><img decoding=\"async\" class=\"wp-image-2440 alignleft\" src=\"https:\/\/gjt.lpf.mybluehost.me\/website_cd5134ed\/wp-content\/uploads\/2022\/09\/500w-31000mah-Portable-Power-Station-for-Outdoor-Lighting-Laptop-Powerbank-details-3.png\" alt=\"\" width=\"993\" height=\"773\" srcset=\"https:\/\/www.balderpower.com\/wp-content\/uploads\/2022\/09\/500w-31000mah-Portable-Power-Station-for-Outdoor-Lighting-Laptop-Powerbank-details-3.png 750w, https:\/\/www.balderpower.com\/wp-content\/uploads\/2022\/09\/500w-31000mah-Portable-Power-Station-for-Outdoor-Lighting-Laptop-Powerbank-details-3-600x467.png 600w, https:\/\/www.balderpower.com\/wp-content\/uploads\/2022\/09\/500w-31000mah-Portable-Power-Station-for-Outdoor-Lighting-Laptop-Powerbank-details-3-64x50.png 64w\" sizes=\"(max-width: 993px) 100vw, 993px\" data-no-translation=\"\" \/><\/p>\n<p>&nbsp;<\/p>\n<p>&nbsp;<\/p>\n<p>&nbsp;<\/p>\n<p><img loading=\"lazy\" decoding=\"async\" class=\"wp-image-2441 alignleft\" src=\"https:\/\/gjt.lpf.mybluehost.me\/website_cd5134ed\/wp-content\/uploads\/2022\/09\/500w-31000mah-Portable-Power-Station-for-Outdoor-Lighting-Laptop-Powerbank-details-4-544x1000.png\" alt=\"\" width=\"952\" height=\"1750\" srcset=\"https:\/\/www.balderpower.com\/wp-content\/uploads\/2022\/09\/500w-31000mah-Portable-Power-Station-for-Outdoor-Lighting-Laptop-Powerbank-details-4-544x1000.png 544w, https:\/\/www.balderpower.com\/wp-content\/uploads\/2022\/09\/500w-31000mah-Portable-Power-Station-for-Outdoor-Lighting-Laptop-Powerbank-details-4-600x1102.png 600w, https:\/\/www.balderpower.com\/wp-content\/uploads\/2022\/09\/500w-31000mah-Portable-Power-Station-for-Outdoor-Lighting-Laptop-Powerbank-details-4-64x118.png 64w, https:\/\/www.balderpower.com\/wp-content\/uploads\/2022\/09\/500w-31000mah-Portable-Power-Station-for-Outdoor-Lighting-Laptop-Powerbank-details-4-557x1024.png 557w, https:\/\/www.balderpower.com\/wp-content\/uploads\/2022\/09\/500w-31000mah-Portable-Power-Station-for-Outdoor-Lighting-Laptop-Powerbank-details-4.png 750w\" sizes=\"(max-width: 952px) 100vw, 952px\" data-no-translation=\"\" \/> <img loading=\"lazy\" decoding=\"async\" class=\"wp-image-2442 alignleft\" src=\"https:\/\/gjt.lpf.mybluehost.me\/website_cd5134ed\/wp-content\/uploads\/2022\/09\/500w-31000mah-Portable-Power-Station-for-Outdoor-Lighting-Laptop-Powerbank-details-5.png\" alt=\"\" width=\"951\" height=\"1080\" srcset=\"https:\/\/www.balderpower.com\/wp-content\/uploads\/2022\/09\/500w-31000mah-Portable-Power-Station-for-Outdoor-Lighting-Laptop-Powerbank-details-5.png 750w, https:\/\/www.balderpower.com\/wp-content\/uploads\/2022\/09\/500w-31000mah-Portable-Power-Station-for-Outdoor-Lighting-Laptop-Powerbank-details-5-600x682.png 600w, https:\/\/www.balderpower.com\/wp-content\/uploads\/2022\/09\/500w-31000mah-Portable-Power-Station-for-Outdoor-Lighting-Laptop-Powerbank-details-5-64x73.png 64w\" sizes=\"(max-width: 951px) 100vw, 951px\" data-no-translation=\"\" \/> <img loading=\"lazy\" decoding=\"async\" class=\"wp-image-2443 alignleft\" src=\"https:\/\/gjt.lpf.mybluehost.me\/website_cd5134ed\/wp-content\/uploads\/2022\/09\/500w-31000mah-Portable-Power-Station-for-Outdoor-Lighting-Laptop-Powerbank-details-6.png\" alt=\"\" width=\"955\" height=\"1109\" srcset=\"https:\/\/www.balderpower.com\/wp-content\/uploads\/2022\/09\/500w-31000mah-Portable-Power-Station-for-Outdoor-Lighting-Laptop-Powerbank-details-6.png 750w, https:\/\/www.balderpower.com\/wp-content\/uploads\/2022\/09\/500w-31000mah-Portable-Power-Station-for-Outdoor-Lighting-Laptop-Powerbank-details-6-600x697.png 600w, https:\/\/www.balderpower.com\/wp-content\/uploads\/2022\/09\/500w-31000mah-Portable-Power-Station-for-Outdoor-Lighting-Laptop-Powerbank-details-6-64x74.png 64w\" sizes=\"(max-width: 955px) 100vw, 955px\" data-no-translation=\"\" \/> <img loading=\"lazy\" decoding=\"async\" class=\"wp-image-2444 alignleft\" src=\"https:\/\/gjt.lpf.mybluehost.me\/website_cd5134ed\/wp-content\/uploads\/2022\/09\/500w-31000mah-Portable-Power-Station-for-Outdoor-Lighting-Laptop-Powerbank-details-7.png\" alt=\"\" width=\"995\" height=\"556\" srcset=\"https:\/\/www.balderpower.com\/wp-content\/uploads\/2022\/09\/500w-31000mah-Portable-Power-Station-for-Outdoor-Lighting-Laptop-Powerbank-details-7.png 750w, https:\/\/www.balderpower.com\/wp-content\/uploads\/2022\/09\/500w-31000mah-Portable-Power-Station-for-Outdoor-Lighting-Laptop-Powerbank-details-7-600x335.png 600w, https:\/\/www.balderpower.com\/wp-content\/uploads\/2022\/09\/500w-31000mah-Portable-Power-Station-for-Outdoor-Lighting-Laptop-Powerbank-details-7-64x36.png 64w\" sizes=\"(max-width: 995px) 100vw, 995px\" data-no-translation=\"\" \/> <img loading=\"lazy\" decoding=\"async\" class=\"wp-image-2445 alignleft\" src=\"https:\/\/gjt.lpf.mybluehost.me\/website_cd5134ed\/wp-content\/uploads\/2022\/09\/500w-31000mah-Portable-Power-Station-for-Outdoor-Lighting-Laptop-Powerbank-details-8.png\" alt=\"\" width=\"1000\" height=\"1036\" srcset=\"https:\/\/www.balderpower.com\/wp-content\/uploads\/2022\/09\/500w-31000mah-Portable-Power-Station-for-Outdoor-Lighting-Laptop-Powerbank-details-8.png 750w, https:\/\/www.balderpower.com\/wp-content\/uploads\/2022\/09\/500w-31000mah-Portable-Power-Station-for-Outdoor-Lighting-Laptop-Powerbank-details-8-600x622.png 600w, https:\/\/www.balderpower.com\/wp-content\/uploads\/2022\/09\/500w-31000mah-Portable-Power-Station-for-Outdoor-Lighting-Laptop-Powerbank-details-8-64x66.png 64w\" sizes=\"(max-width: 1000px) 100vw, 1000px\" data-no-translation=\"\" \/><\/p>","protected":false},"excerpt":{"rendered":"<table border=\"0\" width=\"426\" cellspacing=\"0\" cellpadding=\"0\">\n<tbody>\n<tr>\n<td style=\"text-align: left;\" width=\"148\" height=\"18\">Interface de sortie<\/td>\n<td width=\"278\">CC, USB\/CC, Quatre ports USB<\/td>\n<\/tr>\n<tr>\n<td width=\"148\" height=\"18\">Interface d&#039;entr\u00e9e<\/td>\n<td>DC<\/td>\n<\/tr>\n<tr>\n<td height=\"18\">Puissance de sortie<\/td>\n<td>500 W<\/td>\n<\/tr>\n<tr>\n<td height=\"18\">Capacit\u00e9 de la batterie<\/td>\n<td>31\u00a0000 mAh<\/td>\n<\/tr>\n<tr>\n<td height=\"18\">Type de batterie<\/td>\n<td>Batterie au lithium 18650<\/td>\n<\/tr>\n<tr>\n<td width=\"148\" height=\"18\">Lieu d&#039;origine<\/td>\n<td>Guangdong, Chine<\/td>\n<\/tr>\n<tr>\n<td height=\"18\">Num\u00e9ro de mod\u00e8le<\/td>\n<td>UPS-500-BPL<\/td>\n<\/tr>\n<tr>\n<td width=\"148\" height=\"18\">OEM<\/td>\n<td width=\"278\">Acceptable<\/td>\n<\/tr>\n<\/tbody>\n<\/table>","protected":false},"featured_media":2433,"template":"","meta":{"_acf_changed":false,"nf_dc_page":"","site-sidebar-layout":"default","site-content-layout":"default","ast-site-content-layout":"default","site-content-style":"default","site-sidebar-style":"default","ast-global-header-display":"","ast-banner-title-visibility":"","ast-main-header-display":"","ast-hfb-above-header-display":"","ast-hfb-below-header-display":"","ast-hfb-mobile-header-display":"","site-post-title":"","ast-breadcrumbs-content":"","ast-featured-img":"","footer-sml-layout":"","ast-disable-related-posts":"","theme-transparent-header-meta":"default","adv-header-id-meta":"","stick-header-meta":"","header-above-stick-meta":"","header-main-stick-meta":"","header-below-stick-meta":"","astra-migrate-meta-layouts":"default","ast-page-background-enabled":"default","ast-page-background-meta":{"desktop":{"background-color":"","background-image":"","background-repeat":"repeat","background-position":"center center","background-size":"auto","background-attachment":"scroll","background-type":"","background-media":"","overlay-type":"","overlay-color":"","overlay-opacity":"","overlay-gradient":""},"tablet":{"background-color":"","background-image":"","background-repeat":"repeat","background-position":"center center","background-size":"auto","background-attachment":"scroll","background-type":"","background-media":"","overlay-type":"","overlay-color":"","overlay-opacity":"","overlay-gradient":""},"mobile":{"background-color":"","background-image":"","background-repeat":"repeat","background-position":"center center","background-size":"auto","background-attachment":"scroll","background-type":"","background-media":"","overlay-type":"","overlay-color":"","overlay-opacity":"","overlay-gradient":""}},"ast-content-background-meta":{"desktop":{"background-color":"var(--ast-global-color-5)","background-image":"","background-repeat":"repeat","background-position":"center center","background-size":"auto","background-attachment":"scroll","background-type":"","background-media":"","overlay-type":"","overlay-color":"","overlay-opacity":"","overlay-gradient":""},"tablet":{"background-color":"var(--ast-global-color-5)","background-image":"","background-repeat":"repeat","background-position":"center center","background-size":"auto","background-attachment":"scroll","background-type":"","background-media":"","overlay-type":"","overlay-color":"","overlay-opacity":"","overlay-gradient":""},"mobile":{"background-color":"var(--ast-global-color-5)","background-image":"","background-repeat":"repeat","background-position":"center center","background-size":"auto","background-attachment":"scroll","background-type":"","background-media":"","overlay-type":"","overlay-color":"","overlay-opacity":"","overlay-gradient":""}},"_joinchat":[]},"product_brand":[],"product_cat":[61],"product_tag":[],"class_list":{"0":"post-2414","1":"product","2":"type-product","3":"status-publish","4":"has-post-thumbnail","6":"product_cat-portable-power-station","7":"desktop-align-left","8":"tablet-align-left","9":"mobile-align-left","10":"ast-product-gallery-layout-horizontal-slider","11":"ast-product-tabs-layout-horizontal","13":"first","14":"instock","15":"shipping-taxable","16":"product-type-simple"},"acf":[],"_links":{"self":[{"href":"https:\/\/www.balderpower.com\/fr\/wp-json\/wp\/v2\/product\/2414","targetHints":{"allow":["GET"]}}],"collection":[{"href":"https:\/\/www.balderpower.com\/fr\/wp-json\/wp\/v2\/product"}],"about":[{"href":"https:\/\/www.balderpower.com\/fr\/wp-json\/wp\/v2\/types\/product"}],"version-history":[{"count":0,"href":"https:\/\/www.balderpower.com\/fr\/wp-json\/wp\/v2\/product\/2414\/revisions"}],"wp:featuredmedia":[{"embeddable":true,"href":"https:\/\/www.balderpower.com\/fr\/wp-json\/wp\/v2\/media\/2433"}],"wp:attachment":[{"href":"https:\/\/www.balderpower.com\/fr\/wp-json\/wp\/v2\/media?parent=2414"}],"wp:term":[{"taxonomy":"product_brand","embeddable":true,"href":"https:\/\/www.balderpower.com\/fr\/wp-json\/wp\/v2\/product_brand?post=2414"},{"taxonomy":"product_cat","embeddable":true,"href":"https:\/\/www.balderpower.com\/fr\/wp-json\/wp\/v2\/product_cat?post=2414"},{"taxonomy":"product_tag","embeddable":true,"href":"https:\/\/www.balderpower.com\/fr\/wp-json\/wp\/v2\/product_tag?post=2414"}],"curies":[{"name":"wp","href":"https:\/\/api.w.org\/{rel}","templated":true}]}}