{"id":11376,"date":"2026-03-04T01:13:21","date_gmt":"2026-03-03T17:13:21","guid":{"rendered":"https:\/\/www.balderpower.com\/?post_type=product&#038;p=11376"},"modified":"2026-03-04T01:28:13","modified_gmt":"2026-03-03T17:28:13","slug":"armoire-de-stockage-denergie-tout-en-un-de-230-kwh-refroidissement-liquide-de-120-kw-ip54","status":"publish","type":"product","link":"https:\/\/www.balderpower.com\/fr\/230kwh-all-in-one-energy-storage-cabinet-120kw-liquid-cooled-ip54\/","title":{"rendered":"Armoire de stockage d&#039;\u00e9nergie tout-en-un de 230 kWh (IP54) | Syst\u00e8me de stockage d&#039;\u00e9nergie haute tension LiFePO4 de 120 kW refroidi par liquide"},"content":{"rendered":"<h2>Armoire de stockage d&#039;\u00e9nergie ext\u00e9rieure tout-en-un de 230 kWh pour sites commerciaux et industriels<\/h2>\n<p>Le <strong>Armoire de stockage d&#039;\u00e9nergie tout-en-un de 230 kWh<\/strong> est con\u00e7u pour les clients commerciaux et industriels qui ont besoin d&#039;\u00e9conomies d&#039;\u00e9nergie pr\u00e9visibles et d&#039;une grande r\u00e9silience de leurs sites. Il est con\u00e7u pour des cas d&#039;utilisation concrets dans le secteur commercial et industriel, tels que\u00a0: <strong>Rasage de pointe<\/strong>, Ce syst\u00e8me offre une gestion de la demande, une optimisation de l&#039;autoconsommation solaire et une alimentation de secours fiable. En int\u00e9grant le syst\u00e8me de batteries et les composants de conversion\/contr\u00f4le de puissance dans une seule armoire ext\u00e9rieure, il simplifie l&#039;installation, minimise les risques li\u00e9s au c\u00e2blage sur site et permet aux \u00e9quipes d&#039;ing\u00e9nierie, d&#039;approvisionnement et de construction (EPC) de r\u00e9aliser les projets plus rapidement, tout en garantissant des performances constantes sur plusieurs sites.<\/p>\n<h2>Plateforme de batterie LiFePO4 haute tension \u00e0 haute capacit\u00e9 \u00e9nerg\u00e9tique utilisable<\/h2>\n<p>Ce syst\u00e8me adopte <strong>LiFePO4 (LFP)<\/strong> chimie avec <strong>3,2 V\/280 Ah<\/strong> cellules. L&#039;armoire est construite sur une plateforme haute tension avec <strong>tension nominale de 819,2 V<\/strong> et une plage de fonctionnement de <strong>665,6\u2013934,4 V<\/strong>. L&#039;\u00e9nergie nominale atteint <strong>229,376 kWh<\/strong>, et la profondeur de refoulement pr\u00e9vue peut atteindre <strong>0,95 DOD<\/strong> pour maximiser la capacit\u00e9 utilisable tout en pr\u00e9servant la sant\u00e9 de la batterie. Un taux de charge\/d\u00e9charge contr\u00f4l\u00e9 de <strong>\u22640,6\u00b0C<\/strong> favorise un comportement cyclique stable pour les variations quotidiennes de consommation d&#039;\u00e9nergie, notamment dans les sc\u00e9narios d&#039;\u00e9cr\u00eatement des pointes tarifaires.<\/p>\n<h3>Syst\u00e8me int\u00e9gr\u00e9 de 120 kW comprenant un PCS, un MPPT, un STS et un EMS pour un d\u00e9ploiement pr\u00eat \u00e0 l&#039;emploi<\/h3>\n<p>Le meuble int\u00e8gre un <strong>PCS 120 kW<\/strong> (tension CC nominale) <strong>800 V<\/strong>, courant continu maximal <strong>176A<\/strong>) et prend en charge la connexion au r\u00e9seau \u00e0 <strong>230\/400 V triphas\u00e9 + neutre + terre<\/strong> (50 Hz). Pour le couplage solaire, l&#039;entr\u00e9e PV supporte jusqu&#039;\u00e0 <strong>1000 V<\/strong> tension d&#039;entr\u00e9e photovolta\u00efque maximale avec une plage de fonctionnement MPPT de <strong>200\u2013850 V<\/strong> et courant d&#039;entr\u00e9e maximal <strong>200A<\/strong> (Selon la configuration). Gr\u00e2ce \u00e0 son architecture compatible STS et EMS, le syst\u00e8me peut \u00eatre d\u00e9ploy\u00e9 dans des projets solaires + stockage typiques pour les secteurs commercial et industriel, o\u00f9 les utilisateurs stockent le surplus d&#039;\u00e9nergie produit en journ\u00e9e et le restituent lors des pics de consommation en soir\u00e9e ou des pics de charge.<\/p>\n<h2>Fiabilit\u00e9 en ext\u00e9rieur gr\u00e2ce \u00e0 la protection IP54 et au refroidissement liquide<\/h2>\n<p>Le d\u00e9ploiement en ext\u00e9rieur implique souvent des variations de temp\u00e9rature ambiante plus importantes et des conditions d&#039;utilisation plus difficiles. Cette armoire est con\u00e7ue pour <strong>int\u00e9rieur\/ext\u00e9rieur<\/strong> installation avec <strong>IP54<\/strong> protection et large plage de temp\u00e9ratures de fonctionnement <strong>-20\u00b0C \u00e0 55\u00b0C<\/strong>. Le <strong>refroidissement liquide<\/strong> Ce syst\u00e8me contribue \u00e0 am\u00e9liorer l&#039;homog\u00e9n\u00e9it\u00e9 thermique entre les cellules, assurant ainsi des performances stables et r\u00e9duisant la d\u00e9gradation lors des p\u00e9riodes de forte charge ou de temp\u00e9ratures \u00e9lev\u00e9es \u2013 un avantage important pour les utilisateurs industriels recherchant une fiabilit\u00e9 \u00e0 long terme.<\/p>\n<h2>Conception de s\u00e9curit\u00e9 : Alarme incendie intelligente et extinction par a\u00e9rosol thermique<\/h2>\n<p>La s\u00e9curit\u00e9 est une priorit\u00e9 dans le stockage d&#039;\u00e9nergie commercial et industriel. Le syst\u00e8me est con\u00e7u avec un <strong>Syst\u00e8me intelligent d&#039;alarme et d&#039;extinction d&#039;incendie<\/strong> pour la surveillance en temps r\u00e9el, le positionnement pr\u00e9cis et l&#039;alerte pr\u00e9coce. <strong>syst\u00e8me d&#039;extinction d&#039;incendie par a\u00e9rosol thermique<\/strong> (tel que configur\u00e9) fournit une couche suppl\u00e9mentaire d&#039;att\u00e9nuation des risques au niveau de l&#039;armoire pour am\u00e9liorer la fiabilit\u00e9 op\u00e9rationnelle dans les environnements exigeants.<\/p>\n<h2>Assistance B2B\u00a0: Approvisionnement direct d\u2019usine pour les entreprises d\u2019ing\u00e9nierie, d\u2019approvisionnement et de construction (EPC) et les distributeurs<\/h2>\n<p>Pour les acheteurs professionnels, la documentation, la reproductibilit\u00e9 et le contr\u00f4le des livraisons sont aussi importants que les sp\u00e9cifications. En tant que fournisseur orient\u00e9 usine, nous accompagnons les commandes d&#039;essai et les achats en gros gr\u00e2ce \u00e0 des fiches techniques pr\u00eates \u00e0 l&#039;emploi, des conseils d&#039;emballage et une coordination logistique. Pour les exp\u00e9ditions internationales et les processus d&#039;approvisionnement, les documents suivants sont g\u00e9n\u00e9ralement utilis\u00e9s\u00a0: <strong>UN38.3<\/strong> et <strong>Fiches de donn\u00e9es de s\u00e9curit\u00e9<\/strong> Ces informations peuvent \u00eatre fournies sur demande. Cela permet aux int\u00e9grateurs de passer plus rapidement de l&#039;\u00e9valuation au d\u00e9ploiement, tout en garantissant la conformit\u00e9 et la coh\u00e9rence de la production.<\/p>\n<div id=\"gtx-trans\" style=\"position: absolute; left: -36px; top: 618.188px;\">\n<div class=\"gtx-trans-icon\"><\/div>\n<\/div>","protected":false},"excerpt":{"rendered":"<ul>\n<li data-start=\"1611\" data-end=\"1797\">\n<p data-start=\"1613\" data-end=\"1797\"><strong data-start=\"1613\" data-end=\"1795\">Armoire de stockage d&#039;\u00e9nergie tout-en-un ext\u00e9rieure IP54 de 230 kWh avec PCS de 120 kW, refroidissement liquide et batteries LiFePO4 pour l&#039;\u00e9cr\u00eatement des pointes C&amp;I, l&#039;autoconsommation solaire et une alimentation de secours fiable.<\/strong><\/p>\n<\/li>\n<li data-start=\"1798\" data-end=\"1931\">\n<p data-start=\"1800\" data-end=\"1931\">Le syst\u00e8me int\u00e9gr\u00e9 comprend <strong data-start=\"1827\" data-end=\"1873\">Batteries LiFePO4 + PCS + MPPT + STS + EMS<\/strong>, r\u00e9duisant ainsi le c\u00e2blage sur site et acc\u00e9l\u00e9rant la mise en service.<\/p>\n<\/li>\n<li data-start=\"1932\" data-end=\"2061\">\n<p data-start=\"1934\" data-end=\"2061\">Plateforme de batteries haute tension : <strong data-start=\"1965\" data-end=\"1981\">Tension nominale de 819,2 V<\/strong>, <strong data-start=\"1983\" data-end=\"1999\">665,6\u2013934,4 V<\/strong> Plage de fonctionnement con\u00e7ue pour une alimentation \u00e9lectrique efficace dans les secteurs commercial et industriel.<\/p>\n<\/li>\n<li data-start=\"2062\" data-end=\"2210\">\n<p data-start=\"2064\" data-end=\"2210\">Pr\u00eat pour la s\u00e9curit\u00e9 : syst\u00e8me intelligent d&#039;alarme incendie et d&#039;extinction <strong data-start=\"2128\" data-end=\"2164\">extinction d&#039;incendie par a\u00e9rosol thermique<\/strong> (tel que configur\u00e9) pour un contr\u00f4le proactif des risques.<\/p>\n<\/li>\n<li data-start=\"2211\" data-end=\"2338\">\n<p data-start=\"2213\" data-end=\"2338\">Le refroidissement liquide contribue \u00e0 maintenir une temp\u00e9rature cellulaire constante et assure un fonctionnement stable m\u00eame dans des environnements ext\u00e9rieurs exigeants.<\/p>\n<\/li>\n<li data-start=\"2339\" data-end=\"2494\">\n<p data-start=\"2341\" data-end=\"2494\">Fourniture B2B : prix direct usine, prise en charge des commandes d&#039;essai, approvisionnement en gros et documents d&#039;exp\u00e9dition\/de conformit\u00e9 (UN38.3\/FDS disponibles sur demande).<\/p>\n<\/li>\n<\/ul>","protected":false},"featured_media":11381,"template":"","meta":{"_acf_changed":false,"nf_dc_page":"","site-sidebar-layout":"default","site-content-layout":"","ast-site-content-layout":"default","site-content-style":"default","site-sidebar-style":"default","ast-global-header-display":"","ast-banner-title-visibility":"","ast-main-header-display":"","ast-hfb-above-header-display":"","ast-hfb-below-header-display":"","ast-hfb-mobile-header-display":"","site-post-title":"","ast-breadcrumbs-content":"","ast-featured-img":"","footer-sml-layout":"","ast-disable-related-posts":"","theme-transparent-header-meta":"default","adv-header-id-meta":"","stick-header-meta":"default","header-above-stick-meta":"","header-main-stick-meta":"","header-below-stick-meta":"","astra-migrate-meta-layouts":"set","ast-page-background-enabled":"default","ast-page-background-meta":{"desktop":{"background-color":"","background-image":"","background-repeat":"repeat","background-position":"center center","background-size":"auto","background-attachment":"scroll","background-type":"","background-media":"","overlay-type":"","overlay-color":"","overlay-opacity":"","overlay-gradient":""},"tablet":{"background-color":"","background-image":"","background-repeat":"repeat","background-position":"center center","background-size":"auto","background-attachment":"scroll","background-type":"","background-media":"","overlay-type":"","overlay-color":"","overlay-opacity":"","overlay-gradient":""},"mobile":{"background-color":"","background-image":"","background-repeat":"repeat","background-position":"center center","background-size":"auto","background-attachment":"scroll","background-type":"","background-media":"","overlay-type":"","overlay-color":"","overlay-opacity":"","overlay-gradient":""}},"ast-content-background-meta":{"desktop":{"background-color":"var(--ast-global-color-5)","background-image":"","background-repeat":"repeat","background-position":"center center","background-size":"auto","background-attachment":"scroll","background-type":"","background-media":"","overlay-type":"","overlay-color":"","overlay-opacity":"","overlay-gradient":""},"tablet":{"background-color":"var(--ast-global-color-5)","background-image":"","background-repeat":"repeat","background-position":"center center","background-size":"auto","background-attachment":"scroll","background-type":"","background-media":"","overlay-type":"","overlay-color":"","overlay-opacity":"","overlay-gradient":""},"mobile":{"background-color":"var(--ast-global-color-5)","background-image":"","background-repeat":"repeat","background-position":"center center","background-size":"auto","background-attachment":"scroll","background-type":"","background-media":"","overlay-type":"","overlay-color":"","overlay-opacity":"","overlay-gradient":""}},"_joinchat":[]},"product_brand":[],"product_cat":[845],"product_tag":[1195,1211,1210,1216,1215,1214,1205,1181,1178,1220,1186,1208,1222,1213,1221,1206,1212,1209,1196,1203,1218,1177,1179,1219,1217,1204,1207,1223],"class_list":{"0":"post-11376","1":"product","2":"type-product","3":"status-publish","4":"has-post-thumbnail","6":"product_cat-commercial-industrial-bess","7":"product_tag-1000v-pv-input-ess","8":"product_tag-120kw-liquid-cooled-ess-cabinet","9":"product_tag-230kwh-all-in-one-energy-storage-cabinet","10":"product_tag-280ah-lfp-cell","11":"product_tag-665-6-934-4v-voltage-range","12":"product_tag-819-2v-battery-system","13":"product_tag-bulk-pricing","14":"product_tag-commercial-backup-power","15":"product_tag-demand-charge-management","16":"product_tag-ems-ready-lan-monitoring","17":"product_tag-epc-integrator-ready","18":"product_tag-ev-charging-station-buffering","19":"product_tag-factory-direct-ess-supplier","20":"product_tag-high-voltage-lifepo4-battery-cabinet","21":"product_tag-industrial-energy-storage-container","22":"product_tag-industrial-park-energy-storage","23":"product_tag-ip54-outdoor-commercial-energy-storage-system","24":"product_tag-microgrid-ready-ess","25":"product_tag-mppt-200-850v","26":"product_tag-oem-odm-support","27":"product_tag-pcs-integrated-cabinet","28":"product_tag-peak-shaving-energy-storage","29":"product_tag-solar-self-consumption-storage","30":"product_tag-sts-integrated-energy-storage","31":"product_tag-thermal-aerosol-fire-extinguishing-system","32":"product_tag-trial-order-available","33":"product_tag-warehouse-energy-storage","34":"product_tag-wholesale-ess-cabinet","35":"desktop-align-left","36":"tablet-align-left","37":"mobile-align-left","38":"ast-product-gallery-layout-horizontal-slider","39":"ast-product-tabs-layout-horizontal","41":"first","42":"instock","43":"shipping-taxable","44":"purchasable","45":"product-type-simple"},"acf":[],"_links":{"self":[{"href":"https:\/\/www.balderpower.com\/fr\/wp-json\/wp\/v2\/product\/11376","targetHints":{"allow":["GET"]}}],"collection":[{"href":"https:\/\/www.balderpower.com\/fr\/wp-json\/wp\/v2\/product"}],"about":[{"href":"https:\/\/www.balderpower.com\/fr\/wp-json\/wp\/v2\/types\/product"}],"version-history":[{"count":0,"href":"https:\/\/www.balderpower.com\/fr\/wp-json\/wp\/v2\/product\/11376\/revisions"}],"wp:featuredmedia":[{"embeddable":true,"href":"https:\/\/www.balderpower.com\/fr\/wp-json\/wp\/v2\/media\/11381"}],"wp:attachment":[{"href":"https:\/\/www.balderpower.com\/fr\/wp-json\/wp\/v2\/media?parent=11376"}],"wp:term":[{"taxonomy":"product_brand","embeddable":true,"href":"https:\/\/www.balderpower.com\/fr\/wp-json\/wp\/v2\/product_brand?post=11376"},{"taxonomy":"product_cat","embeddable":true,"href":"https:\/\/www.balderpower.com\/fr\/wp-json\/wp\/v2\/product_cat?post=11376"},{"taxonomy":"product_tag","embeddable":true,"href":"https:\/\/www.balderpower.com\/fr\/wp-json\/wp\/v2\/product_tag?post=11376"}],"curies":[{"name":"wp","href":"https:\/\/api.w.org\/{rel}","templated":true}]}}