{"id":11365,"date":"2026-03-04T00:55:49","date_gmt":"2026-03-03T16:55:49","guid":{"rendered":"https:\/\/www.balderpower.com\/?post_type=product&#038;p=11365"},"modified":"2026-03-06T03:07:46","modified_gmt":"2026-03-05T19:07:46","slug":"armoire-de-stockage-denergie-tout-en-un-de-114-kwh-60-kw-ip54-lifepo4","status":"publish","type":"product","link":"https:\/\/www.balderpower.com\/fr\/114kwh-all-in-one-energy-storage-cabinet-60kw-ip54-lifepo4\/","title":{"rendered":"Armoire de stockage d&#039;\u00e9nergie tout-en-un de 114 kWh (IP54) | Syst\u00e8me de stockage d&#039;\u00e9nergie haute tension LiFePO4 \u00e0 onduleur hybride de 60 kW"},"content":{"rendered":"<h2>Armoire ESS ext\u00e9rieure tout-en-un de 114 kWh pour projets solaires commerciaux et industriels<\/h2>\n<p>Le <strong>Armoire de stockage d&#039;\u00e9nergie tout-en-un de 114 kWh<\/strong> est con\u00e7u pour les utilisateurs commerciaux et industriels qui ont besoin d&#039;une solution compacte et adapt\u00e9e aux projets. <strong>Rasage de pointe<\/strong>, Ce syst\u00e8me offre une gestion de la demande, une optimisation de l&#039;autoconsommation photovolta\u00efque et une alimentation de secours fiable. En int\u00e9grant un syst\u00e8me de batteries LiFePO4 et un onduleur\/PCS hybride dans une seule armoire ext\u00e9rieure, il permet aux entreprises d&#039;ing\u00e9nierie, d&#039;approvisionnement et de construction (EPC), aux installateurs et aux distributeurs de r\u00e9duire le c\u00e2blage sur site, d&#039;acc\u00e9l\u00e9rer la mise en service et d&#039;homog\u00e9n\u00e9iser le d\u00e9ploiement sur plusieurs sites. Il est id\u00e9al pour les usines, les entrep\u00f4ts, les parcs d&#039;activit\u00e9s, les exploitations agricoles, les sites de t\u00e9l\u00e9communications, les salles informatiques et les stations de recharge pour v\u00e9hicules \u00e9lectriques, o\u00f9 la stabilit\u00e9 de l&#039;alimentation et la ma\u00eetrise des co\u00fbts \u00e9nerg\u00e9tiques sont essentielles.<\/p>\n<h2>Plateforme de batterie LiFePO4 haute tension \u00e0 haute capacit\u00e9 \u00e9nerg\u00e9tique utilisable<\/h2>\n<p>Ce meuble utilise <strong>LiFePO4 (LFP)<\/strong> chimie avec <strong>3,2 V\/135 Ah<\/strong> des cellules et une plateforme de batterie haute tension d&#039;une capacit\u00e9 de 100 000 eV <strong>844,8 V<\/strong> avec une plage de fonctionnement de <strong>660,0\u2013963,6 V<\/strong>. L&#039;\u00e9nergie nominale atteint <strong>114,048 kWh<\/strong>, avec une profondeur de refoulement pr\u00e9vue jusqu&#039;\u00e0 <strong>0,95 DOD<\/strong> pour maximiser la capacit\u00e9 utilisable tout en pr\u00e9servant la sant\u00e9 de la batterie \u00e0 long terme. Avec un taux de charge et de d\u00e9charge contr\u00f4l\u00e9 de <strong>\u22640,6\u00b0C<\/strong> et un objectif de cycle de vie de <strong>&gt;6000 cycles<\/strong>, le syst\u00e8me est adapt\u00e9 aux cycles quotidiens fr\u00e9quents g\u00e9n\u00e9ralement requis dans les sc\u00e9narios d&#039;\u00e9cr\u00eatement des pointes de consommation et de d\u00e9calage solaire pour les entreprises et les industries.<\/p>\n<h3>Onduleur\/PCS hybride int\u00e9gr\u00e9 de 60 kW + entr\u00e9e MPPT PV<\/h3>\n<p>C\u00f4t\u00e9 conversion de puissance, l&#039;onduleur hybride\/PCS int\u00e9gr\u00e9 est dimensionn\u00e9 pour\u00a0: <strong>60 kW<\/strong> (tension CC nominale) <strong>800 V<\/strong>, courant continu maximal <strong>88A<\/strong>) et prend en charge la connexion au r\u00e9seau \u00e0 <strong>230\/400 V triphas\u00e9 + neutre + terre<\/strong> (50 Hz). Pour le couplage solaire, l&#039;entr\u00e9e PV supporte jusqu&#039;\u00e0 <strong>1000 V<\/strong> tension d&#039;entr\u00e9e photovolta\u00efque maximale, puissance PV maximale <strong>60 kW<\/strong>, plage de fonctionnement MPPT <strong>200\u2013850 V<\/strong>, et courant d&#039;entr\u00e9e maximal <strong>200A<\/strong>. Cette configuration permet une charge efficace du syst\u00e8me de stockage solaire pendant la journ\u00e9e et une d\u00e9charge programm\u00e9e pendant les heures de pointe ou les pics de consommation.<\/p>\n<h2>Fiabilit\u00e9 en ext\u00e9rieur\u00a0: protection IP54, refroidissement et s\u00e9curit\u00e9 incendie intelligente<\/h2>\n<p>Le meuble est construit pour <strong>int\u00e9rieur\/ext\u00e9rieur<\/strong> installation avec <strong>IP54<\/strong> protection et large plage de temp\u00e9ratures de fonctionnement <strong>-20\u00b0C \u00e0 55\u00b0C<\/strong>. Pour une stabilit\u00e9 thermique optimale, il prend en charge un refroidissement efficace (refroidissement par air\/climatisation selon la configuration) afin de r\u00e9duire la d\u00e9gradation du rendement en cas de temp\u00e9ratures ambiantes \u00e9lev\u00e9es. La s\u00e9curit\u00e9 est renforc\u00e9e par un <strong>Syst\u00e8me int\u00e9gr\u00e9 intelligent d&#039;alarme et d&#039;extinction d&#039;incendie<\/strong> Pour la surveillance en temps r\u00e9el, le positionnement pr\u00e9cis, l&#039;alerte pr\u00e9coce et une intervention rapide (par exemple, un syst\u00e8me d&#039;extinction d&#039;incendie \u00e0 a\u00e9rosol thermique selon la configuration), ces mesures contribuent \u00e0 am\u00e9liorer la fiabilit\u00e9 op\u00e9rationnelle et \u00e0 r\u00e9duire les risques dans les environnements commerciaux et industriels r\u00e9els.<\/p>\n<h2>Assistance \u00e0 l&#039;approvisionnement B2B direct d&#039;usine<\/h2>\n<p>Pour les int\u00e9grateurs et les distributeurs, la documentation et la coh\u00e9rence des livraisons sont essentielles. En tant que fournisseur orient\u00e9 usine, nous prenons en charge les dossiers de devis, les fiches techniques, la coordination de l&#039;emballage et de l&#039;exp\u00e9dition, ainsi que la documentation de transport couramment demand\u00e9e, telle que\u00a0: <strong>UN38.3<\/strong> et <strong>Fiches de donn\u00e9es de s\u00e9curit\u00e9<\/strong> Sur demande. Nous prenons \u00e9galement en charge les commandes d&#039;essai pour \u00e9valuation, l&#039;approvisionnement en gros et la planification \u00e9volutive des extensions futures du syst\u00e8me. Cette approche permet aux acheteurs de passer plus rapidement de l&#039;\u00e9valuation au d\u00e9ploiement, tout en garantissant un contr\u00f4le qualit\u00e9 optimal et la conformit\u00e9 r\u00e9glementaire.<\/p>","protected":false},"excerpt":{"rendered":"<ul>\n<li data-start=\"1605\" data-end=\"1771\">\n<p data-start=\"1607\" data-end=\"1771\"><strong data-start=\"1607\" data-end=\"1769\">Armoire de stockage d&#039;\u00e9nergie tout-en-un ext\u00e9rieure IP54 de 114 kWh avec onduleur hybride de 60 kW, con\u00e7ue pour l&#039;\u00e9cr\u00eatement des pointes de consommation C&amp;I, l&#039;autoconsommation solaire et une alimentation de secours fiable.<\/strong><\/p>\n<\/li>\n<li data-start=\"1772\" data-end=\"1905\">\n<p data-start=\"1774\" data-end=\"1905\">Solution int\u00e9gr\u00e9e : batterie LiFePO4 + onduleur\/PCS hybride + MPPT PV + surveillance compatible EMS dans une seule armoire pour un d\u00e9ploiement plus rapide.<\/p>\n<\/li>\n<li data-start=\"1906\" data-end=\"2033\">\n<p data-start=\"1908\" data-end=\"2033\">Plateforme de batterie haute tension\u00a0: nominale <strong data-start=\"1945\" data-end=\"1955\">844,8 V<\/strong>, plage de fonctionnement <strong data-start=\"1973\" data-end=\"1987\">660\u2013963,6 V<\/strong>, con\u00e7u pour une alimentation \u00e9lectrique efficace dans les secteurs commercial et industriel.<\/p>\n<\/li>\n<li data-start=\"2034\" data-end=\"2179\">\n<p data-start=\"2036\" data-end=\"2179\">Conception ax\u00e9e sur la s\u00e9curit\u00e9\u00a0: syst\u00e8me d\u2019alarme incendie intelligent + syst\u00e8me d\u2019extinction, suppression par a\u00e9rosol thermique (configurable) et protection multicouche.<\/p>\n<\/li>\n<li data-start=\"2180\" data-end=\"2320\">\n<p data-start=\"2182\" data-end=\"2320\">Pr\u00eat pour l&#039;ext\u00e9rieur : <strong data-start=\"2197\" data-end=\"2205\">IP54<\/strong> enceinte, large plage de temp\u00e9ratures <strong data-start=\"2240\" data-end=\"2257\">-20\u00b0C \u00e0 55\u00b0C<\/strong>, et un refroidissement efficace gr\u00e2ce \u00e0 la climatisation (telle que configur\u00e9e).<\/p>\n<\/li>\n<li data-start=\"2321\" data-end=\"2469\">\n<p data-start=\"2323\" data-end=\"2469\">Fourniture B2B : prix direct usine, prise en charge des commandes d&#039;essai, des achats en gros et de la documentation pour l&#039;exp\u00e9dition\/la conformit\u00e9 (UN38.3\/FDS sur demande).<\/p>\n<\/li>\n<\/ul>","protected":false},"featured_media":11366,"template":"","meta":{"_acf_changed":false,"nf_dc_page":"","site-sidebar-layout":"default","site-content-layout":"","ast-site-content-layout":"default","site-content-style":"default","site-sidebar-style":"default","ast-global-header-display":"","ast-banner-title-visibility":"","ast-main-header-display":"","ast-hfb-above-header-display":"","ast-hfb-below-header-display":"","ast-hfb-mobile-header-display":"","site-post-title":"","ast-breadcrumbs-content":"","ast-featured-img":"","footer-sml-layout":"","ast-disable-related-posts":"","theme-transparent-header-meta":"default","adv-header-id-meta":"","stick-header-meta":"default","header-above-stick-meta":"","header-main-stick-meta":"","header-below-stick-meta":"","astra-migrate-meta-layouts":"set","ast-page-background-enabled":"default","ast-page-background-meta":{"desktop":{"background-color":"","background-image":"","background-repeat":"repeat","background-position":"center center","background-size":"auto","background-attachment":"scroll","background-type":"","background-media":"","overlay-type":"","overlay-color":"","overlay-opacity":"","overlay-gradient":""},"tablet":{"background-color":"","background-image":"","background-repeat":"repeat","background-position":"center center","background-size":"auto","background-attachment":"scroll","background-type":"","background-media":"","overlay-type":"","overlay-color":"","overlay-opacity":"","overlay-gradient":""},"mobile":{"background-color":"","background-image":"","background-repeat":"repeat","background-position":"center center","background-size":"auto","background-attachment":"scroll","background-type":"","background-media":"","overlay-type":"","overlay-color":"","overlay-opacity":"","overlay-gradient":""}},"ast-content-background-meta":{"desktop":{"background-color":"var(--ast-global-color-5)","background-image":"","background-repeat":"repeat","background-position":"center center","background-size":"auto","background-attachment":"scroll","background-type":"","background-media":"","overlay-type":"","overlay-color":"","overlay-opacity":"","overlay-gradient":""},"tablet":{"background-color":"var(--ast-global-color-5)","background-image":"","background-repeat":"repeat","background-position":"center center","background-size":"auto","background-attachment":"scroll","background-type":"","background-media":"","overlay-type":"","overlay-color":"","overlay-opacity":"","overlay-gradient":""},"mobile":{"background-color":"var(--ast-global-color-5)","background-image":"","background-repeat":"repeat","background-position":"center center","background-size":"auto","background-attachment":"scroll","background-type":"","background-media":"","overlay-type":"","overlay-color":"","overlay-opacity":"","overlay-gradient":""}},"_joinchat":[]},"product_brand":[],"product_cat":[845],"product_tag":[1195,1190,1191,1200,1205,1197,1193,1178,1186,1208,1201,1194,1206,1199,1198,1209,1196,1203,1192,1177,1179,1175,1204,1207,1202],"class_list":{"0":"post-11365","1":"product","2":"type-product","3":"status-publish","4":"has-post-thumbnail","6":"product_cat-commercial-industrial-bess","7":"product_tag-1000v-pv-input-ess","8":"product_tag-114kwh-all-in-one-energy-storage-cabinet","9":"product_tag-60kw-hybrid-inverter-ess","10":"product_tag-air-conditioner-cooling-ess","11":"product_tag-bulk-pricing","12":"product_tag-ci-backup-power","13":"product_tag-commercial-industrial-energy-storage","14":"product_tag-demand-charge-management","15":"product_tag-epc-integrator-ready","16":"product_tag-ev-charging-station-buffering","17":"product_tag-factory-direct-energy-storage-cabinet","18":"product_tag-high-voltage-solar-power-system","19":"product_tag-industrial-park-energy-storage","20":"product_tag-intelligent-fire-alarm-system","21":"product_tag-lan-ems-monitoring","22":"product_tag-microgrid-ready-ess","23":"product_tag-mppt-200-850v","24":"product_tag-oem-odm-support","25":"product_tag-outdoor-ip54-lifepo4-cabinet","26":"product_tag-peak-shaving-energy-storage","27":"product_tag-solar-self-consumption-storage","28":"product_tag-thermal-aerosol-fire-suppression","29":"product_tag-trial-order-available","30":"product_tag-warehouse-energy-storage","31":"product_tag-wholesale-ess-supplier","32":"desktop-align-left","33":"tablet-align-left","34":"mobile-align-left","35":"ast-product-gallery-layout-horizontal-slider","36":"ast-product-tabs-layout-horizontal","38":"first","39":"instock","40":"shipping-taxable","41":"purchasable","42":"product-type-simple"},"acf":[],"_links":{"self":[{"href":"https:\/\/www.balderpower.com\/fr\/wp-json\/wp\/v2\/product\/11365","targetHints":{"allow":["GET"]}}],"collection":[{"href":"https:\/\/www.balderpower.com\/fr\/wp-json\/wp\/v2\/product"}],"about":[{"href":"https:\/\/www.balderpower.com\/fr\/wp-json\/wp\/v2\/types\/product"}],"version-history":[{"count":0,"href":"https:\/\/www.balderpower.com\/fr\/wp-json\/wp\/v2\/product\/11365\/revisions"}],"wp:featuredmedia":[{"embeddable":true,"href":"https:\/\/www.balderpower.com\/fr\/wp-json\/wp\/v2\/media\/11366"}],"wp:attachment":[{"href":"https:\/\/www.balderpower.com\/fr\/wp-json\/wp\/v2\/media?parent=11365"}],"wp:term":[{"taxonomy":"product_brand","embeddable":true,"href":"https:\/\/www.balderpower.com\/fr\/wp-json\/wp\/v2\/product_brand?post=11365"},{"taxonomy":"product_cat","embeddable":true,"href":"https:\/\/www.balderpower.com\/fr\/wp-json\/wp\/v2\/product_cat?post=11365"},{"taxonomy":"product_tag","embeddable":true,"href":"https:\/\/www.balderpower.com\/fr\/wp-json\/wp\/v2\/product_tag?post=11365"}],"curies":[{"name":"wp","href":"https:\/\/api.w.org\/{rel}","templated":true}]}}