{"id":11358,"date":"2026-03-04T00:23:08","date_gmt":"2026-03-03T16:23:08","guid":{"rendered":"https:\/\/www.balderpower.com\/?post_type=product&#038;p=11358"},"modified":"2026-03-06T03:08:45","modified_gmt":"2026-03-05T19:08:45","slug":"armoire-de-stockage-denergie-241-kwh-onduleur-hybride-100-kw-768-v","status":"publish","type":"product","link":"https:\/\/www.balderpower.com\/fr\/241kwh-energy-storage-cabinet-100kw-hybrid-inverter-768v\/","title":{"rendered":"Armoire de stockage d&#039;\u00e9nergie 241 kWh (768 V, 314 Ah) | Onduleur hybride 100 kW pour syst\u00e8mes de stockage d&#039;\u00e9nergie par batterie (BESS) commerciaux et industriels"},"content":{"rendered":"<h2>Armoire de stockage d&#039;\u00e9nergie de 241 kWh pour projets commerciaux et industriels<\/h2>\n<p>Ce <strong>Armoire de stockage d&#039;\u00e9nergie de 241 kWh<\/strong> Con\u00e7u pour les utilisateurs commerciaux et industriels exigeant des \u00e9conomies pr\u00e9visibles et une fiabilit\u00e9 d&#039;alimentation accrue, ce produit aide les int\u00e9grateurs et les utilisateurs finaux \u00e0 atteindre leurs objectifs. <strong>Rasage de pointe<\/strong>, R\u00e9duction des co\u00fbts li\u00e9s \u00e0 la demande, am\u00e9lioration de l&#039;autoconsommation photovolta\u00efque et alimentation de secours stable dans les usines, entrep\u00f4ts, parcs de bureaux, exploitations agricoles, stations de recharge pour v\u00e9hicules \u00e9lectriques et installations compatibles avec les micro-r\u00e9seaux. L&#039;armoire est livr\u00e9e dans une conception standardis\u00e9e et compacte afin de r\u00e9duire la main-d&#039;\u0153uvre sur site et le temps de mise en service\u00a0\u2014 id\u00e9al pour les projets EPC o\u00f9 le respect des d\u00e9lais et la s\u00e9curit\u00e9 sont primordiaux.<\/p>\n<h2>Plateforme LiFePO4 haute tension 768 V avec cellules de 314 Ah<\/h2>\n<p>Construit sur un <strong>LiFePO4 haute tension 768V<\/strong> Gr\u00e2ce \u00e0 son architecture, le syst\u00e8me assure une alimentation \u00e9lectrique efficace pour les charges commerciales et industrielles. La conception haute tension permet g\u00e9n\u00e9ralement de r\u00e9duire le courant pour un m\u00eame niveau de puissance, ce qui contribue \u00e0 diminuer les pertes dans les c\u00e2bles et \u00e0 am\u00e9liorer l&#039;efficacit\u00e9 globale du syst\u00e8me lors de d\u00e9ploiements r\u00e9els. L&#039;armoire utilise <strong>Cellules LFP 3,2 V\/314 Ah<\/strong> et une configuration de module robuste pour assurer un rendement constant et une longue dur\u00e9e de vie, m\u00eame en cas de cycles fr\u00e9quents. Avec une recommandation <strong>Onduleur hybride de 100 kW<\/strong> Cette solution, une fois configur\u00e9e, s&#039;adapte \u00e0 de nombreux sc\u00e9narios commerciaux courants tels que le d\u00e9calage de charge, l&#039;optimisation PV + stockage et le remplacement\/l&#039;assistance des g\u00e9n\u00e9rateurs.<\/p>\n<h3>Protection BMS intelligente pour un cyclisme quotidien plus s\u00fbr<\/h3>\n<p>Les performances de la batterie d\u00e9pendent de l&#039;homog\u00e9n\u00e9it\u00e9 des cellules et de la pr\u00e9cision du contr\u00f4le. Le syst\u00e8me de gestion de batterie (BMS) intelligent int\u00e9gr\u00e9 offre une protection multicouche avec <strong>surveillance cellulaire en temps r\u00e9el<\/strong>, <strong>ajustement dynamique du courant<\/strong>, et <strong>\u00e9quilibrage automatique<\/strong>. Ces fonctions contribuent \u00e0 r\u00e9duire les variations anormales des cellules au fil du temps et assurent un fonctionnement stable lors des cycles de charge\/d\u00e9charge quotidiens. Pour les entreprises, cela se traduit par une r\u00e9duction des interventions de maintenance, une disponibilit\u00e9 accrue du syst\u00e8me et une meilleure rentabilit\u00e9 des projets, notamment pour les applications n\u00e9cessitant une r\u00e9duction des pics de consommation, o\u00f9 le syst\u00e8me est soumis \u00e0 des cycles r\u00e9guliers.<\/p>\n<h2>Gestion thermique et s\u00e9curit\u00e9 incendie pour les d\u00e9ploiements en ext\u00e9rieur<\/h2>\n<p>Pour une installation ext\u00e9rieure et semi-ext\u00e9rieure, l&#039;armoire pr\u00e9sente les caract\u00e9ristiques suivantes : <strong>refroidissement de l&#039;air avec un climatiseur<\/strong> afin de maintenir une temp\u00e9rature interne stable et d&#039;assurer les performances malgr\u00e9 les variations des conditions ambiantes. Pour renforcer la s\u00e9curit\u00e9 de fonctionnement, le syst\u00e8me comprend un <strong>syst\u00e8me de protection incendie par a\u00e9rosol thermique<\/strong>, assurant une att\u00e9nuation proactive des risques au niveau de l&#039;armoire. L&#039;enceinte r\u00e9pond aux normes <strong>IP55<\/strong> protection, soutien au d\u00e9ploiement dans les environnements industriels o\u00f9 la r\u00e9sistance \u00e0 la poussi\u00e8re et \u00e0 l&#039;humidit\u00e9 est essentielle.<\/p>\n<h2>Conception d&#039;armoires \u00e9volutives pour r\u00e9pondre \u00e0 la demande \u00e9nerg\u00e9tique croissante<\/h2>\n<p>Les exigences d&#039;un projet s&#039;\u00e9tendent souvent apr\u00e8s la premi\u00e8re phase. <strong>Armoire BESS commerciale et industrielle<\/strong> prend en charge la connexion parall\u00e8le jusqu&#039;\u00e0 <strong>10 unit\u00e9s<\/strong>, permettant une extension de capacit\u00e9 jusqu&#039;\u00e0 <strong>2,41 MWh<\/strong> sans repenser l&#039;ensemble du syst\u00e8me de stockage d&#039;\u00e9nergie. Des options de communication telles que <strong>CAN\/RS485<\/strong> Il prend en charge les flux de travail d&#039;int\u00e9gration courants avec les plateformes d&#039;onduleurs et de syst\u00e8mes de gestion de l&#039;\u00e9nergie (EMS). Parmi les marques d&#039;onduleurs compatibles couramment utilis\u00e9es sur le march\u00e9, on retrouve Growatt, Deye, Sofar, Solis, Megarevo et Invt (la compatibilit\u00e9 finale d\u00e9pend du mappage des protocoles et de la configuration du projet).<\/p>\n<h3>Assistance \u00e0 l&#039;approvisionnement B2B direct d&#039;usine<\/h3>\n<p>En tant que fournisseur B2B orient\u00e9 vers les fabricants, nous accompagnons les entreprises d&#039;ing\u00e9nierie, d&#039;approvisionnement et de construction (EPC), les distributeurs et les fournisseurs de solutions \u00e9nerg\u00e9tiques gr\u00e2ce \u00e0 une documentation claire et une coordination technique r\u00e9active. L&#039;armoire est fournie avec les documents de conformit\u00e9 les plus fr\u00e9quemment demand\u00e9s, tels que\u00a0: <strong>UN38.3<\/strong>, <strong>Fiches de donn\u00e9es de s\u00e9curit\u00e9<\/strong>, et les r\u00e9f\u00e9rences de conformit\u00e9 applicables (par exemple, <strong>CE\/IEC\/UKCA<\/strong> Nous pouvons \u00e9galement fournir, le cas \u00e9ch\u00e9ant, des fiches techniques, des sch\u00e9mas de c\u00e2blage et une assistance \u00e0 l&#039;\u00e9tablissement de devis afin de simplifier les achats. Pour les acheteurs, cela se traduit par une \u00e9valuation plus rapide, des op\u00e9rations d&#039;import\/export facilit\u00e9es et un processus de livraison plus fiable, le tout gr\u00e2ce \u00e0 une approche qualit\u00e9 ax\u00e9e sur la production.<\/p>","protected":false},"excerpt":{"rendered":"<ul>\n<li data-start=\"1501\" data-end=\"1676\">\n<p data-start=\"1503\" data-end=\"1676\"><strong data-start=\"1503\" data-end=\"1674\">Armoire de stockage d&#039;\u00e9nergie ext\u00e9rieure refroidie par air de 241 kWh avec onduleur hybride de 100 kW pour l&#039;\u00e9cr\u00eatement des pointes commerciales et industrielles, l&#039;autoconsommation solaire et une alimentation de secours fiable.<\/strong><\/p>\n<\/li>\n<li data-start=\"1677\" data-end=\"1796\">\n<p data-start=\"1679\" data-end=\"1796\">Haute tension <strong data-start=\"1692\" data-end=\"1714\">768V LiFePO4 (LFP)<\/strong> architecture avec <strong data-start=\"1733\" data-end=\"1748\">Cellules de 314 Ah<\/strong> pour des performances stables et une longue dur\u00e9e de vie.<\/p>\n<\/li>\n<li data-start=\"1797\" data-end=\"1905\">\n<p data-start=\"1799\" data-end=\"1905\">Conception d&#039;armoire pr\u00e9-assembl\u00e9e et standardis\u00e9e pour raccourcir le temps d&#039;installation et r\u00e9duire les risques li\u00e9s au c\u00e2blage sur site.<\/p>\n<\/li>\n<li data-start=\"1906\" data-end=\"2021\">\n<p data-start=\"1908\" data-end=\"2021\">Syst\u00e8me de gestion de batterie intelligent avec surveillance des cellules en temps r\u00e9el, contr\u00f4le dynamique du courant et \u00e9quilibrage automatique pour un fonctionnement plus s\u00fbr.<\/p>\n<\/li>\n<li data-start=\"2022\" data-end=\"2134\">\n<p data-start=\"2024\" data-end=\"2134\">Gestion thermique int\u00e9gr\u00e9e (refroidissement par air + climatisation) et <strong data-start=\"2076\" data-end=\"2111\">protection incendie par a\u00e9rosol thermique<\/strong> pour une s\u00e9curit\u00e9 accrue.<\/p>\n<\/li>\n<li data-start=\"2135\" data-end=\"2233\">\n<p data-start=\"2137\" data-end=\"2233\">Supports <strong data-start=\"2146\" data-end=\"2183\">extension parall\u00e8le jusqu&#039;\u00e0 10 unit\u00e9s<\/strong> pour les projets BESS C&amp;I \u00e9volutifs (jusqu&#039;\u00e0 2,41 MWh).<\/p>\n<\/li>\n<li data-start=\"2234\" data-end=\"2349\">\n<p data-start=\"2236\" data-end=\"2349\">Fourniture directe d&#039;usine pour les projets B2B\u00a0: prise en charge des commandes d&#039;essai, tarifs de gros et documentation OEM sur demande.<\/p>\n<\/li>\n<\/ul>","protected":false},"featured_media":11360,"template":"","meta":{"_acf_changed":false,"nf_dc_page":"","site-sidebar-layout":"default","site-content-layout":"","ast-site-content-layout":"default","site-content-style":"default","site-sidebar-style":"default","ast-global-header-display":"","ast-banner-title-visibility":"","ast-main-header-display":"","ast-hfb-above-header-display":"","ast-hfb-below-header-display":"","ast-hfb-mobile-header-display":"","site-post-title":"","ast-breadcrumbs-content":"","ast-featured-img":"","footer-sml-layout":"","ast-disable-related-posts":"","theme-transparent-header-meta":"default","adv-header-id-meta":"","stick-header-meta":"default","header-above-stick-meta":"","header-main-stick-meta":"","header-below-stick-meta":"","astra-migrate-meta-layouts":"set","ast-page-background-enabled":"default","ast-page-background-meta":{"desktop":{"background-color":"","background-image":"","background-repeat":"repeat","background-position":"center center","background-size":"auto","background-attachment":"scroll","background-type":"","background-media":"","overlay-type":"","overlay-color":"","overlay-opacity":"","overlay-gradient":""},"tablet":{"background-color":"","background-image":"","background-repeat":"repeat","background-position":"center center","background-size":"auto","background-attachment":"scroll","background-type":"","background-media":"","overlay-type":"","overlay-color":"","overlay-opacity":"","overlay-gradient":""},"mobile":{"background-color":"","background-image":"","background-repeat":"repeat","background-position":"center center","background-size":"auto","background-attachment":"scroll","background-type":"","background-media":"","overlay-type":"","overlay-color":"","overlay-opacity":"","overlay-gradient":""}},"ast-content-background-meta":{"desktop":{"background-color":"var(--ast-global-color-5)","background-image":"","background-repeat":"repeat","background-position":"center center","background-size":"auto","background-attachment":"scroll","background-type":"","background-media":"","overlay-type":"","overlay-color":"","overlay-opacity":"","overlay-gradient":""},"tablet":{"background-color":"var(--ast-global-color-5)","background-image":"","background-repeat":"repeat","background-position":"center center","background-size":"auto","background-attachment":"scroll","background-type":"","background-media":"","overlay-type":"","overlay-color":"","overlay-opacity":"","overlay-gradient":""},"mobile":{"background-color":"var(--ast-global-color-5)","background-image":"","background-repeat":"repeat","background-position":"center center","background-size":"auto","background-attachment":"scroll","background-type":"","background-media":"","overlay-type":"","overlay-color":"","overlay-opacity":"","overlay-gradient":""}},"_joinchat":[]},"product_brand":[],"product_cat":[845],"product_tag":[1169,1168,1172,1171,1173,1189,1176,1170,1181,1178,1186,1183,1184,1182,1174,1180,1187,1177,1179,1175,1188,1185],"class_list":{"0":"post-11358","1":"product","2":"type-product","3":"status-publish","4":"has-post-thumbnail","6":"product_cat-commercial-industrial-bess","7":"product_tag-100kw-hybrid-inverter-energy-storage-system","8":"product_tag-241kwh-energy-storage-cabinet","9":"product_tag-314ah-lfp-battery-module","10":"product_tag-768v-high-voltage-lifepo4-battery-cabinet","11":"product_tag-air-cooled-outdoor-ess-cabinet","12":"product_tag-bulk-pricing-available","13":"product_tag-can-rs485-communication","14":"product_tag-commercial-industrial-bess-cabinet","15":"product_tag-commercial-backup-power","16":"product_tag-demand-charge-management","17":"product_tag-epc-integrator-ready","18":"product_tag-ev-charging-station-energy-buffering","19":"product_tag-factory-direct-bess-supplier","20":"product_tag-industrial-park-bess","21":"product_tag-ip55-energy-storage-cabinet","22":"product_tag-microgrid-energy-storage","23":"product_tag-oem-odm-supported","24":"product_tag-peak-shaving-energy-storage","25":"product_tag-solar-self-consumption-storage","26":"product_tag-thermal-aerosol-fire-suppression","27":"product_tag-trial-order-supported","28":"product_tag-wholesale-energy-storage-cabinet","29":"desktop-align-left","30":"tablet-align-left","31":"mobile-align-left","32":"ast-product-gallery-layout-horizontal-slider","33":"ast-product-tabs-layout-horizontal","35":"first","36":"instock","37":"shipping-taxable","38":"purchasable","39":"product-type-simple"},"acf":[],"_links":{"self":[{"href":"https:\/\/www.balderpower.com\/fr\/wp-json\/wp\/v2\/product\/11358","targetHints":{"allow":["GET"]}}],"collection":[{"href":"https:\/\/www.balderpower.com\/fr\/wp-json\/wp\/v2\/product"}],"about":[{"href":"https:\/\/www.balderpower.com\/fr\/wp-json\/wp\/v2\/types\/product"}],"version-history":[{"count":0,"href":"https:\/\/www.balderpower.com\/fr\/wp-json\/wp\/v2\/product\/11358\/revisions"}],"wp:featuredmedia":[{"embeddable":true,"href":"https:\/\/www.balderpower.com\/fr\/wp-json\/wp\/v2\/media\/11360"}],"wp:attachment":[{"href":"https:\/\/www.balderpower.com\/fr\/wp-json\/wp\/v2\/media?parent=11358"}],"wp:term":[{"taxonomy":"product_brand","embeddable":true,"href":"https:\/\/www.balderpower.com\/fr\/wp-json\/wp\/v2\/product_brand?post=11358"},{"taxonomy":"product_cat","embeddable":true,"href":"https:\/\/www.balderpower.com\/fr\/wp-json\/wp\/v2\/product_cat?post=11358"},{"taxonomy":"product_tag","embeddable":true,"href":"https:\/\/www.balderpower.com\/fr\/wp-json\/wp\/v2\/product_tag?post=11358"}],"curies":[{"name":"wp","href":"https:\/\/api.w.org\/{rel}","templated":true}]}}